{"id":560,"date":"2025-08-18T10:33:35","date_gmt":"2025-08-18T10:33:35","guid":{"rendered":"https:\/\/www.fsyougel.com\/?post_type=product&#038;p=560"},"modified":"2025-08-18T10:33:35","modified_gmt":"2025-08-18T10:33:35","slug":"custom-gel-polish-color-supplier","status":"publish","type":"product","link":"https:\/\/www.fsyougel.com\/de\/produkt\/custom-gel-polish-color-supplier\/","title":{"rendered":"Custom Gel Polish Farbe 15ml, Private Label Gel Nagellack Soak-Off UV Gel Hersteller"},"content":{"rendered":"<div class=\"wp-block-columns is-layout-flex wp-container-core-columns-is-layout-9d6595d7 wp-block-columns-is-layout-flex\">\n<div class=\"wp-block-column is-layout-flow wp-block-column-is-layout-flow\">\n<h2 class=\"wp-block-heading\">Benutzerdefinierte Gel-Polierfarbe Merkmale:<\/h2>\n\n\n\n<ul class=\"wp-block-list\">\n<li><strong>Lebendige Farbpalette<\/strong> - Erh\u00e4ltlich in verschiedenen Farbt\u00f6nen, unser <strong>benutzerdefinierte Gel-Lackfarbe<\/strong> liefert satte, gleichm\u00e4\u00dfige Deckkraft f\u00fcr professionelle Ergebnisse.<\/li>\n\n\n\n<li><strong>Eigenmarke bereit<\/strong> - Perfekt f\u00fcr Salons und Vertriebsh\u00e4ndler, die Folgendes suchen <strong>Eigenmarken-Gel-Nagellack<\/strong>Unterst\u00fctzung von OEM- und Low-MOQ-Bestellungen.<\/li>\n\n\n\n<li><strong>Langlebig und widerstandsf\u00e4hig<\/strong> - Die Soak-off-UV-Formel sorgt f\u00fcr dauerhafte, blassere N\u00e4gel bis zu 3 Wochen.<\/li>\n\n\n\n<li><strong>Einfache Anwendung und Entfernung<\/strong> - Das geschmeidige, hochviskose Gel l\u00e4sst sich gleichm\u00e4\u00dfig auftragen und leicht abwaschen, ohne die Naturn\u00e4gel zu besch\u00e4digen.<\/li>\n\n\n\n<li><strong>Sicher &amp; HEMA-frei<\/strong> - Sanft zu den N\u00e4geln, ungiftige Formel, geeignet f\u00fcr alle Nageltypen, verbessert Ihre <strong>benutzerdefinierte Gel-Lackfarbe<\/strong> Angebote.<\/li>\n\n\n\n<li><strong>Professionelle Qualit\u00e4t<\/strong> - Hochwertige Pigmente und eine gleichm\u00e4\u00dfige Textur sorgen f\u00fcr ein makelloses Finish in Salonqualit\u00e4t, ideal f\u00fcr <strong>Eigenmarken-Gel-Nagellack<\/strong>.<\/li>\n<\/ul>\n<\/div>\n\n\n\n<div class=\"wp-block-column is-layout-flow wp-block-column-is-layout-flow\">\n<figure class=\"wp-block-image size-full\"><img decoding=\"async\" width=\"1500\" height=\"1500\" src=\"https:\/\/www.fsyougel.com\/wp-content\/uploads\/2025\/08\/15ml-Custom-Gel-Polish-Color-Private-Label.webp\" alt=\"15ml benutzerdefinierte Gel Polish Farbe Private Label\" class=\"wp-image-561\" srcset=\"https:\/\/www.fsyougel.com\/wp-content\/uploads\/2025\/08\/15ml-Custom-Gel-Polish-Color-Private-Label.webp 1500w, https:\/\/www.fsyougel.com\/wp-content\/uploads\/2025\/08\/15ml-Custom-Gel-Polish-Color-Private-Label-300x300.webp 300w, https:\/\/www.fsyougel.com\/wp-content\/uploads\/2025\/08\/15ml-Custom-Gel-Polish-Color-Private-Label-150x150.webp 150w, https:\/\/www.fsyougel.com\/wp-content\/uploads\/2025\/08\/15ml-Custom-Gel-Polish-Color-Private-Label-768x768.webp 768w, https:\/\/www.fsyougel.com\/wp-content\/uploads\/2025\/08\/15ml-Custom-Gel-Polish-Color-Private-Label-1200x1200.webp 1200w, https:\/\/www.fsyougel.com\/wp-content\/uploads\/2025\/08\/15ml-Custom-Gel-Polish-Color-Private-Label-600x600.webp 600w, https:\/\/www.fsyougel.com\/wp-content\/uploads\/2025\/08\/15ml-Custom-Gel-Polish-Color-Private-Label-100x100.webp 100w\" sizes=\"(max-width: 1500px) 100vw, 1500px\" \/><\/figure>\n<\/div>\n<\/div>","protected":false},"excerpt":{"rendered":"<p>Benutzerdefinierte Gelpolierfarbe, HEMA-freies Soak-Off-UV-Gel, leuchtend und lang anhaltend. Perfekt f\u00fcr Salons und Private-Label-Gel-Nagellack, OEM &amp; Gro\u00dfbestellungen m\u00f6glich. Willkommen, uns zu kontaktieren!<\/p>\n<table style=\"border-collapse: collapse; width: 320.27pt;\" border=\"0\" width=\"854\" cellspacing=\"0\" cellpadding=\"0\">\n<tbody>\n<tr style=\"height: 16.85pt;\">\n<td class=\"et3\" style=\"height: 16.85pt; width: 96.65pt;\" width=\"257\" height=\"44\">Marke<\/td>\n<td class=\"et3\" style=\"width: 223.90pt;\" width=\"597\">YouGel<\/td>\n<\/tr>\n<tr style=\"height: 16.85pt;\">\n<td class=\"et4\" style=\"height: 16.85pt; width: 96.65pt;\" width=\"257\" height=\"44\">Modellnummer<\/td>\n<td class=\"et4\" style=\"width: 223.90pt;\" width=\"597\">S202<\/td>\n<\/tr>\n<tr style=\"height: 16.85pt;\">\n<td class=\"et4\" style=\"height: 16.85pt; width: 96.65pt;\" width=\"257\" height=\"44\">Produkttyp<\/td>\n<td class=\"et4\" style=\"width: 223.90pt;\" width=\"597\">Eintauchende UV\/LED<\/td>\n<\/tr>\n<tr style=\"height: 16.85pt;\">\n<td class=\"et4\" style=\"height: 16.85pt; width: 96.65pt;\" width=\"257\" height=\"44\">Material<\/td>\n<td class=\"et4\" style=\"width: 223.90pt;\" width=\"597\">Harz<\/td>\n<\/tr>\n<tr style=\"height: 16.85pt;\">\n<td class=\"et4\" style=\"height: 16.85pt; width: 96.65pt;\" width=\"257\" height=\"44\">Farbe<\/td>\n<td class=\"et4\" style=\"width: 223.90pt;\" width=\"597\">3000 Farben Optional<\/td>\n<\/tr>\n<tr style=\"height: 16.85pt;\">\n<td class=\"et4\" style=\"height: 16.85pt; width: 96.65pt;\" width=\"257\" height=\"44\">Band<\/td>\n<td class=\"et4\" style=\"width: 223.90pt;\" width=\"597\">15ml, 1kg<\/td>\n<\/tr>\n<tr style=\"height: 16.85pt;\">\n<td class=\"et4\" style=\"height: 16.85pt; width: 96.65pt;\" width=\"257\" height=\"44\">Sicherheit<\/td>\n<td class=\"et4\" style=\"width: 223.90pt;\" width=\"597\">HEMA-frei, ungiftig, MSDS verf\u00fcgbar<\/td>\n<\/tr>\n<tr style=\"height: 16.85pt;\">\n<td class=\"et4\" style=\"height: 16.85pt; width: 96.65pt;\" width=\"257\" height=\"44\">MOQ<\/td>\n<td class=\"et4\" style=\"width: 223.90pt;\" width=\"597\">Niedriges MOQ<\/td>\n<\/tr>\n<tr style=\"height: 16.85pt;\">\n<td class=\"et4\" style=\"height: 16.85pt; width: 96.65pt;\" width=\"257\" height=\"44\">Kostenlose Probe<\/td>\n<td class=\"et4\" style=\"width: 223.90pt;\" width=\"597\">Verf\u00fcgbar<\/td>\n<\/tr>\n<tr style=\"height: 30.75pt;\">\n<td class=\"et4\" style=\"height: 30.75pt; width: 96.65pt;\" width=\"257\" height=\"82\">Kundenspezifische Option<\/td>\n<td class=\"et4\" style=\"width: 223.90pt;\" width=\"597\">OEM\/ODM-Dienste, kundenspezifische Logos, Etiketten und Verpackungen werden unterst\u00fctzt<\/td>\n<\/tr>\n<\/tbody>\n<\/table>\n<h2 class=\"brxe-heading\">Vom Gel Polish Hersteller<\/h2>\n<p>YouGel ist ein vertrauensw\u00fcrdiger Hersteller von Gellacken, der hochwertige Gel-Basislacke anbietet, die f\u00fcr UV\/LED-N\u00e4gel geeignet sind. Unsere Produkte sind so konzipiert, dass sie sich problemlos auftragen lassen, lange halten und leicht einziehen.<\/p>","protected":false},"featured_media":564,"comment_status":"closed","ping_status":"closed","template":"","meta":{"_acf_changed":false},"product_brand":[],"product_cat":[19],"product_tag":[],"class_list":{"0":"post-560","1":"product","2":"type-product","3":"status-publish","4":"has-post-thumbnail","6":"product_cat-gel-polish-color-wholesale","8":"first","9":"instock","10":"shipping-taxable","11":"product-type-simple"},"acf":[],"_links":{"self":[{"href":"https:\/\/www.fsyougel.com\/de\/wp-json\/wp\/v2\/product\/560","targetHints":{"allow":["GET"]}}],"collection":[{"href":"https:\/\/www.fsyougel.com\/de\/wp-json\/wp\/v2\/product"}],"about":[{"href":"https:\/\/www.fsyougel.com\/de\/wp-json\/wp\/v2\/types\/product"}],"replies":[{"embeddable":true,"href":"https:\/\/www.fsyougel.com\/de\/wp-json\/wp\/v2\/comments?post=560"}],"wp:featuredmedia":[{"embeddable":true,"href":"https:\/\/www.fsyougel.com\/de\/wp-json\/wp\/v2\/media\/564"}],"wp:attachment":[{"href":"https:\/\/www.fsyougel.com\/de\/wp-json\/wp\/v2\/media?parent=560"}],"wp:term":[{"taxonomy":"product_brand","embeddable":true,"href":"https:\/\/www.fsyougel.com\/de\/wp-json\/wp\/v2\/product_brand?post=560"},{"taxonomy":"product_cat","embeddable":true,"href":"https:\/\/www.fsyougel.com\/de\/wp-json\/wp\/v2\/product_cat?post=560"},{"taxonomy":"product_tag","embeddable":true,"href":"https:\/\/www.fsyougel.com\/de\/wp-json\/wp\/v2\/product_tag?post=560"}],"curies":[{"name":"wp","href":"https:\/\/api.w.org\/{rel}","templated":true}]}}