{"id":766,"date":"2025-08-21T09:46:41","date_gmt":"2025-08-21T09:46:41","guid":{"rendered":"https:\/\/www.fsyougel.com\/?post_type=product&#038;p=766"},"modified":"2025-08-21T16:16:14","modified_gmt":"2025-08-21T16:16:14","slug":"wholesale-spider-gel-for-nail-art","status":"publish","type":"product","link":"https:\/\/www.fsyougel.com\/de\/produkt\/wholesale-spider-gel-for-nail-art\/","title":{"rendered":"Gro\u00dfhandel Spider Gel f\u00fcr Nagelkunst | DIY Painted Gel Polish"},"content":{"rendered":"<div class=\"wp-block-columns is-layout-flex wp-container-core-columns-is-layout-9d6595d7 wp-block-columns-is-layout-flex\">\n<div class=\"wp-block-column is-layout-flow wp-block-column-is-layout-flow\">\n<h2 class=\"wp-block-heading\">Gro\u00dfhandel Spinne Gel Eigenschaften:<\/h2>\n\n\n\n<ul class=\"wp-block-list\">\n<li><strong>\u00dcberlegene Elastizit\u00e4t<\/strong>: Unser Spider-Gel f\u00fcr den Gro\u00dfhandel zeichnet sich durch eine au\u00dfergew\u00f6hnliche Elastizit\u00e4t aus, die ein glattes, ununterbrochenes Auff\u00e4deln und die m\u00fchelose Ausf\u00fchrung komplizierter Nailart-Designs erm\u00f6glicht.<\/li>\n\n\n\n<li><strong>Non-Breaking<\/strong>: Dank seiner hochviskosen Formel bricht es beim Auftragen nicht, was Zeit spart und die Effizienz sowohl f\u00fcr Salons als auch f\u00fcr Gro\u00dfhandelskunden erh\u00f6ht.<\/li>\n\n\n\n<li><strong>Hochgradig pigmentiert<\/strong>: Mit seiner hohen Farbs\u00e4ttigung und starken Deckkraft sorgt unser Gro\u00dfhandels-Spinnengel f\u00fcr mehr Attraktivit\u00e4t im Einzelhandel und auf professionellen M\u00e4rkten.<\/li>\n\n\n\n<li><strong>Einfache Kontrolle und stabile Qualit\u00e4t<\/strong>: M\u00e4\u00dfige Flie\u00dff\u00e4higkeit f\u00fcr eine einfache Kontrolle, die eine gleichbleibende Qualit\u00e4t in der Gro\u00dfproduktion gew\u00e4hrleistet und die K\u00e4ufer beruhigt.<\/li>\n\n\n\n<li><strong>OEM\/ODM-Anpassung<\/strong>: Unterst\u00fctzt die individuelle Anpassung von Flaschendesign, Logo, Rezeptur und Farbe, damit K\u00e4ufer ihre eigene Marke kreieren k\u00f6nnen.<\/li>\n\n\n\n<li><strong>Bulk-Liefergarantie<\/strong>: Die automatisierte Produktion im Werk gew\u00e4hrleistet eine stabile Versorgung, kontrollierbare Lieferzeiten und erf\u00fcllt die Anforderungen von Gro\u00dfauftr\u00e4gen.<\/li>\n<\/ul>\n<\/div>\n\n\n\n<div class=\"wp-block-column is-layout-flow wp-block-column-is-layout-flow\">\n<figure class=\"wp-block-image size-full\"><img decoding=\"async\" width=\"1500\" height=\"1500\" src=\"https:\/\/www.fsyougel.com\/wp-content\/uploads\/2025\/08\/Wholesale-Spider-Gel-for-Nail-Art-4.webp\" alt=\"Gro\u00dfhandel Spider Gel f\u00fcr Nagelkunst (4)\" class=\"wp-image-777\" srcset=\"https:\/\/www.fsyougel.com\/wp-content\/uploads\/2025\/08\/Wholesale-Spider-Gel-for-Nail-Art-4.webp 1500w, https:\/\/www.fsyougel.com\/wp-content\/uploads\/2025\/08\/Wholesale-Spider-Gel-for-Nail-Art-4-300x300.webp 300w, https:\/\/www.fsyougel.com\/wp-content\/uploads\/2025\/08\/Wholesale-Spider-Gel-for-Nail-Art-4-150x150.webp 150w, https:\/\/www.fsyougel.com\/wp-content\/uploads\/2025\/08\/Wholesale-Spider-Gel-for-Nail-Art-4-768x768.webp 768w, https:\/\/www.fsyougel.com\/wp-content\/uploads\/2025\/08\/Wholesale-Spider-Gel-for-Nail-Art-4-1200x1200.webp 1200w, https:\/\/www.fsyougel.com\/wp-content\/uploads\/2025\/08\/Wholesale-Spider-Gel-for-Nail-Art-4-600x600.webp 600w, https:\/\/www.fsyougel.com\/wp-content\/uploads\/2025\/08\/Wholesale-Spider-Gel-for-Nail-Art-4-100x100.webp 100w\" sizes=\"(max-width: 1500px) 100vw, 1500px\" \/><\/figure>\n<\/div>\n<\/div>\n\n\n\n<div class=\"wp-block-columns is-layout-flex wp-container-core-columns-is-layout-9d6595d7 wp-block-columns-is-layout-flex\">\n<div class=\"wp-block-column is-layout-flow wp-block-column-is-layout-flow\">\n<figure class=\"wp-block-image size-full\"><img decoding=\"async\" width=\"1500\" height=\"1500\" src=\"https:\/\/www.fsyougel.com\/wp-content\/uploads\/2025\/08\/Wholesale-Spider-Gel-for-Nail-Art-8.webp\" alt=\"Gro\u00dfhandel Spider Gel f\u00fcr Nagelkunst (8)\" class=\"wp-image-781\" srcset=\"https:\/\/www.fsyougel.com\/wp-content\/uploads\/2025\/08\/Wholesale-Spider-Gel-for-Nail-Art-8.webp 1500w, https:\/\/www.fsyougel.com\/wp-content\/uploads\/2025\/08\/Wholesale-Spider-Gel-for-Nail-Art-8-300x300.webp 300w, https:\/\/www.fsyougel.com\/wp-content\/uploads\/2025\/08\/Wholesale-Spider-Gel-for-Nail-Art-8-150x150.webp 150w, https:\/\/www.fsyougel.com\/wp-content\/uploads\/2025\/08\/Wholesale-Spider-Gel-for-Nail-Art-8-768x768.webp 768w, https:\/\/www.fsyougel.com\/wp-content\/uploads\/2025\/08\/Wholesale-Spider-Gel-for-Nail-Art-8-1200x1200.webp 1200w, https:\/\/www.fsyougel.com\/wp-content\/uploads\/2025\/08\/Wholesale-Spider-Gel-for-Nail-Art-8-600x600.webp 600w, https:\/\/www.fsyougel.com\/wp-content\/uploads\/2025\/08\/Wholesale-Spider-Gel-for-Nail-Art-8-100x100.webp 100w\" sizes=\"(max-width: 1500px) 100vw, 1500px\" \/><\/figure>\n<\/div>\n\n\n\n<div class=\"wp-block-column is-layout-flow wp-block-column-is-layout-flow\">\n<figure class=\"wp-block-image size-full\"><img decoding=\"async\" width=\"1500\" height=\"1500\" src=\"https:\/\/www.fsyougel.com\/wp-content\/uploads\/2025\/08\/Wholesale-Spider-Gel-for-Nail-Art-5.webp\" alt=\"Gro\u00dfhandel Spider Gel f\u00fcr Nagelkunst (5)\" class=\"wp-image-778\" srcset=\"https:\/\/www.fsyougel.com\/wp-content\/uploads\/2025\/08\/Wholesale-Spider-Gel-for-Nail-Art-5.webp 1500w, https:\/\/www.fsyougel.com\/wp-content\/uploads\/2025\/08\/Wholesale-Spider-Gel-for-Nail-Art-5-300x300.webp 300w, https:\/\/www.fsyougel.com\/wp-content\/uploads\/2025\/08\/Wholesale-Spider-Gel-for-Nail-Art-5-150x150.webp 150w, https:\/\/www.fsyougel.com\/wp-content\/uploads\/2025\/08\/Wholesale-Spider-Gel-for-Nail-Art-5-768x768.webp 768w, https:\/\/www.fsyougel.com\/wp-content\/uploads\/2025\/08\/Wholesale-Spider-Gel-for-Nail-Art-5-1200x1200.webp 1200w, https:\/\/www.fsyougel.com\/wp-content\/uploads\/2025\/08\/Wholesale-Spider-Gel-for-Nail-Art-5-600x600.webp 600w, https:\/\/www.fsyougel.com\/wp-content\/uploads\/2025\/08\/Wholesale-Spider-Gel-for-Nail-Art-5-100x100.webp 100w\" sizes=\"(max-width: 1500px) 100vw, 1500px\" \/><\/figure>\n<\/div>\n<\/div>\n\n\n\n<p><\/p>","protected":false},"excerpt":{"rendered":"<p>Gro\u00dfhandel Spinne Gel Nagelkunst, DIY Malerei Pull-Faden-Gel, reiche Farben, und einfach zu bedienen, unterst\u00fctzt kundenspezifische Logos und Formeln, so dass Sie schnell Ihre Nagel-Kunst-Markt zu erweitern.<\/p>\n<table border=\"0\" width=\"854\" cellspacing=\"0\" cellpadding=\"0\">\n<tbody>\n<tr>\n<td width=\"257\" height=\"44\">Marke<\/td>\n<td width=\"597\">YouGel<\/td>\n<\/tr>\n<tr>\n<td width=\"257\" height=\"44\">Modellnummer<\/td>\n<td width=\"597\">SP01<\/td>\n<\/tr>\n<tr>\n<td width=\"257\" height=\"44\">Produkttyp<\/td>\n<td width=\"597\">Eintauchende UV\/LED<\/td>\n<\/tr>\n<tr>\n<td width=\"257\" height=\"44\">Material<\/td>\n<td width=\"597\">Harz<\/td>\n<\/tr>\n<tr>\n<td width=\"257\" height=\"44\">Farbe<\/td>\n<td width=\"597\">4 Farben<\/td>\n<\/tr>\n<tr>\n<td width=\"257\" height=\"44\">Band<\/td>\n<td width=\"597\">15ml\/Kunde<\/td>\n<\/tr>\n<tr>\n<td width=\"257\" height=\"44\">Sicherheit<\/td>\n<td width=\"597\">HEMA-frei, ungiftig, MSDS verf\u00fcgbar<\/td>\n<\/tr>\n<tr>\n<td width=\"257\" height=\"44\">MOQ<\/td>\n<td width=\"597\">Niedriges MOQ<\/td>\n<\/tr>\n<tr>\n<td width=\"257\" height=\"44\">Kostenlose Probe<\/td>\n<td width=\"597\">Verf\u00fcgbar<\/td>\n<\/tr>\n<tr>\n<td width=\"257\" height=\"82\">Kundenspezifische Option<\/td>\n<td width=\"597\">OEM\/ODM-Dienste, kundenspezifische Logos, Etiketten und Verpackungen werden unterst\u00fctzt<\/td>\n<\/tr>\n<\/tbody>\n<\/table>\n<h3 class=\"brxe-heading\">Vom Nagellackhersteller<\/h3>\n<p><a href=\"https:\/\/www.fsyougel.com\/de\/\"><strong>YouGel<\/strong><\/a> ist ein Hightech-Nagellackhersteller, der Gro\u00dfhandel, Eigenmarken und OEM\/ODM-Dienstleistungen anbietet. Mehr als 10.000 HEMA-freie, vegane und tierversuchsfreie Farben, die sich leicht auftragen lassen, lange halten und leicht abwischen.<\/p>","protected":false},"featured_media":779,"comment_status":"closed","ping_status":"closed","template":"","meta":{"_acf_changed":false},"product_brand":[],"product_cat":[24,27],"product_tag":[],"class_list":{"0":"post-766","1":"product","2":"type-product","3":"status-publish","4":"has-post-thumbnail","6":"product_cat-wholesale-nail-art-gel","7":"product_cat-new-gel-polish-collection","9":"first","10":"instock","11":"shipping-taxable","12":"product-type-simple"},"acf":[],"_links":{"self":[{"href":"https:\/\/www.fsyougel.com\/de\/wp-json\/wp\/v2\/product\/766","targetHints":{"allow":["GET"]}}],"collection":[{"href":"https:\/\/www.fsyougel.com\/de\/wp-json\/wp\/v2\/product"}],"about":[{"href":"https:\/\/www.fsyougel.com\/de\/wp-json\/wp\/v2\/types\/product"}],"replies":[{"embeddable":true,"href":"https:\/\/www.fsyougel.com\/de\/wp-json\/wp\/v2\/comments?post=766"}],"wp:featuredmedia":[{"embeddable":true,"href":"https:\/\/www.fsyougel.com\/de\/wp-json\/wp\/v2\/media\/779"}],"wp:attachment":[{"href":"https:\/\/www.fsyougel.com\/de\/wp-json\/wp\/v2\/media?parent=766"}],"wp:term":[{"taxonomy":"product_brand","embeddable":true,"href":"https:\/\/www.fsyougel.com\/de\/wp-json\/wp\/v2\/product_brand?post=766"},{"taxonomy":"product_cat","embeddable":true,"href":"https:\/\/www.fsyougel.com\/de\/wp-json\/wp\/v2\/product_cat?post=766"},{"taxonomy":"product_tag","embeddable":true,"href":"https:\/\/www.fsyougel.com\/de\/wp-json\/wp\/v2\/product_tag?post=766"}],"curies":[{"name":"wp","href":"https:\/\/api.w.org\/{rel}","templated":true}]}}