{"id":788,"date":"2025-08-21T17:08:40","date_gmt":"2025-08-21T17:08:40","guid":{"rendered":"https:\/\/www.fsyougel.com\/?post_type=product&#038;p=788"},"modified":"2025-08-21T17:58:26","modified_gmt":"2025-08-21T17:58:26","slug":"private-label-builder-gel","status":"publish","type":"product","link":"https:\/\/www.fsyougel.com\/de\/produkt\/private-label-builder-gel\/","title":{"rendered":"Private Label Builder Gel 36 Farben UV\/LED-Nagelverl\u00e4ngerungsgel"},"content":{"rendered":"<div class=\"wp-block-columns is-layout-flex wp-container-core-columns-is-layout-9d6595d7 wp-block-columns-is-layout-flex\">\n<div class=\"wp-block-column is-layout-flow wp-block-column-is-layout-flow\">\n<h2 class=\"wp-block-heading\">Private Label Builder Gel Eigenschaften:<\/h2>\n\n\n\n<ul class=\"wp-block-list\">\n<li><strong>Hochpigmentiert<\/strong>: Private Label Builder Gel bietet eine hohe Farbs\u00e4ttigung und eine starke Farbwiedergabe und liefert bei jeder Anwendung professionelle Nailart-Ergebnisse.<\/li>\n\n\n\n<li><strong>\u00dcberlegene Elastizit\u00e4t<\/strong>: Die au\u00dfergew\u00f6hnliche Elastizit\u00e4t sorgt daf\u00fcr, dass sich das Gel dehnt, ohne zu brechen, und macht es so ideal f\u00fcr die Gestaltung von ausgedehnten und 3D-Nageldesigns.<\/li>\n\n\n\n<li><strong>Nicht brechend<\/strong>: Das Gel bleibt stabil und bruchfest, was Material spart, die Verarbeitungszeit verk\u00fcrzt und die Effizienz erh\u00f6ht.<\/li>\n\n\n\n<li><strong>Einfache Kontrolle und stabile Qualit\u00e4t<\/strong>: Ein gleichm\u00e4\u00dfiger Fluss sorgt f\u00fcr einfache Handhabung und gleichbleibende Qualit\u00e4t bei der Massenproduktion.<\/li>\n\n\n\n<li><strong>Selbstnivellierung mit mittlerer Konsistenz<\/strong>: Das selbstnivellierende Design mit mittlerer Konsistenz schafft eine glatte Nageloberfl\u00e4che und spart Zeit und M\u00fche.<\/li>\n\n\n\n<li><strong>Dekoration &amp; Strass<\/strong>: Ideal f\u00fcr das Einbetten von Strasssteinen und Ziern\u00e4geln, was kreative Designs mit Leichtigkeit erm\u00f6glicht.<\/li>\n\n\n\n<li><strong>Reparatur &amp; Erweiterung<\/strong>: Geeignet f\u00fcr die Reparatur besch\u00e4digter N\u00e4gel oder die Verl\u00e4ngerung der N\u00e4gel, mit vielseitiger Funktionalit\u00e4t f\u00fcr die Bed\u00fcrfnisse des Salons.<\/li>\n\n\n\n<li><strong>Franz\u00f6sische Manik\u00fcre<\/strong>: Einfaches Erstellen von French Manicures mit sanften Linien und nat\u00fcrlichen Farb\u00fcberg\u00e4ngen<\/li>\n\n\n\n<li><strong>Eigenmarke &amp; OEM\/ODM-Anpassung<\/strong>: Individuelle Gestaltung von Flaschendesign, Logo, Rezeptur und Farbe f\u00fcr den Aufbau einer einzigartigen Marke<\/li>\n\n\n\n<li><strong>Bulk Supply f\u00fcr Fachleute<\/strong>: Als Gro\u00dfh\u00e4ndler f\u00fcr Nagelaufbau-Gel verwendet die Fabrik eine automatisierte Produktion f\u00fcr eine stabile Versorgung, kontrollierbare Lieferzeiten und erf\u00fcllt die Anforderungen von Gro\u00dfbestellungen.<\/li>\n<\/ul>\n<\/div>\n\n\n\n<div class=\"wp-block-column is-layout-flow wp-block-column-is-layout-flow\">\n<figure class=\"wp-block-image size-full\"><img decoding=\"async\" width=\"1500\" height=\"1500\" src=\"https:\/\/www.fsyougel.com\/wp-content\/uploads\/2025\/08\/Private-Label-Builder-Gel-2.webp\" alt=\"Eigenmarke Builder Gel (2)\" class=\"wp-image-790\" srcset=\"https:\/\/www.fsyougel.com\/wp-content\/uploads\/2025\/08\/Private-Label-Builder-Gel-2.webp 1500w, https:\/\/www.fsyougel.com\/wp-content\/uploads\/2025\/08\/Private-Label-Builder-Gel-2-300x300.webp 300w, https:\/\/www.fsyougel.com\/wp-content\/uploads\/2025\/08\/Private-Label-Builder-Gel-2-150x150.webp 150w, https:\/\/www.fsyougel.com\/wp-content\/uploads\/2025\/08\/Private-Label-Builder-Gel-2-768x768.webp 768w, https:\/\/www.fsyougel.com\/wp-content\/uploads\/2025\/08\/Private-Label-Builder-Gel-2-1200x1200.webp 1200w, https:\/\/www.fsyougel.com\/wp-content\/uploads\/2025\/08\/Private-Label-Builder-Gel-2-600x600.webp 600w, https:\/\/www.fsyougel.com\/wp-content\/uploads\/2025\/08\/Private-Label-Builder-Gel-2-100x100.webp 100w\" sizes=\"(max-width: 1500px) 100vw, 1500px\" \/><\/figure>\n<\/div>\n<\/div>\n\n\n\n<div class=\"wp-block-columns is-layout-flex wp-container-core-columns-is-layout-9d6595d7 wp-block-columns-is-layout-flex\">\n<div class=\"wp-block-column is-layout-flow wp-block-column-is-layout-flow\">\n<figure class=\"wp-block-image size-full\"><img decoding=\"async\" width=\"1500\" height=\"1500\" src=\"https:\/\/www.fsyougel.com\/wp-content\/uploads\/2025\/08\/Private-Label-Builder-Gel-Wholesaler-4.webp\" alt=\"Private Label Builder Gel Gro\u00dfh\u00e4ndler (4)\" class=\"wp-image-796\" srcset=\"https:\/\/www.fsyougel.com\/wp-content\/uploads\/2025\/08\/Private-Label-Builder-Gel-Wholesaler-4.webp 1500w, https:\/\/www.fsyougel.com\/wp-content\/uploads\/2025\/08\/Private-Label-Builder-Gel-Wholesaler-4-300x300.webp 300w, https:\/\/www.fsyougel.com\/wp-content\/uploads\/2025\/08\/Private-Label-Builder-Gel-Wholesaler-4-150x150.webp 150w, https:\/\/www.fsyougel.com\/wp-content\/uploads\/2025\/08\/Private-Label-Builder-Gel-Wholesaler-4-768x768.webp 768w, https:\/\/www.fsyougel.com\/wp-content\/uploads\/2025\/08\/Private-Label-Builder-Gel-Wholesaler-4-1200x1200.webp 1200w, https:\/\/www.fsyougel.com\/wp-content\/uploads\/2025\/08\/Private-Label-Builder-Gel-Wholesaler-4-600x600.webp 600w, https:\/\/www.fsyougel.com\/wp-content\/uploads\/2025\/08\/Private-Label-Builder-Gel-Wholesaler-4-100x100.webp 100w\" sizes=\"(max-width: 1500px) 100vw, 1500px\" \/><\/figure>\n<\/div>\n\n\n\n<div class=\"wp-block-column is-layout-flow wp-block-column-is-layout-flow\">\n<figure class=\"wp-block-image size-full\"><img decoding=\"async\" width=\"1500\" height=\"1500\" src=\"https:\/\/www.fsyougel.com\/wp-content\/uploads\/2025\/08\/Private-Label-Builder-Gel-Wholesaler-2.webp\" alt=\"Private Label Builder Gel Gro\u00dfh\u00e4ndler (2)\" class=\"wp-image-794\" srcset=\"https:\/\/www.fsyougel.com\/wp-content\/uploads\/2025\/08\/Private-Label-Builder-Gel-Wholesaler-2.webp 1500w, https:\/\/www.fsyougel.com\/wp-content\/uploads\/2025\/08\/Private-Label-Builder-Gel-Wholesaler-2-300x300.webp 300w, https:\/\/www.fsyougel.com\/wp-content\/uploads\/2025\/08\/Private-Label-Builder-Gel-Wholesaler-2-150x150.webp 150w, https:\/\/www.fsyougel.com\/wp-content\/uploads\/2025\/08\/Private-Label-Builder-Gel-Wholesaler-2-768x768.webp 768w, https:\/\/www.fsyougel.com\/wp-content\/uploads\/2025\/08\/Private-Label-Builder-Gel-Wholesaler-2-1200x1200.webp 1200w, https:\/\/www.fsyougel.com\/wp-content\/uploads\/2025\/08\/Private-Label-Builder-Gel-Wholesaler-2-600x600.webp 600w, https:\/\/www.fsyougel.com\/wp-content\/uploads\/2025\/08\/Private-Label-Builder-Gel-Wholesaler-2-100x100.webp 100w\" sizes=\"(max-width: 1500px) 100vw, 1500px\" \/><\/figure>\n<\/div>\n<\/div>\n\n\n\n<div class=\"wp-block-columns is-layout-flex wp-container-core-columns-is-layout-9d6595d7 wp-block-columns-is-layout-flex\">\n<div class=\"wp-block-column is-layout-flow wp-block-column-is-layout-flow\">\n<figure class=\"wp-block-image size-full\"><img decoding=\"async\" width=\"1500\" height=\"1500\" src=\"https:\/\/www.fsyougel.com\/wp-content\/uploads\/2025\/08\/Private-Label-Builder-Gel.webp\" alt=\"Private Label Builder Gel\" class=\"wp-image-798\" srcset=\"https:\/\/www.fsyougel.com\/wp-content\/uploads\/2025\/08\/Private-Label-Builder-Gel.webp 1500w, https:\/\/www.fsyougel.com\/wp-content\/uploads\/2025\/08\/Private-Label-Builder-Gel-300x300.webp 300w, https:\/\/www.fsyougel.com\/wp-content\/uploads\/2025\/08\/Private-Label-Builder-Gel-150x150.webp 150w, https:\/\/www.fsyougel.com\/wp-content\/uploads\/2025\/08\/Private-Label-Builder-Gel-768x768.webp 768w, https:\/\/www.fsyougel.com\/wp-content\/uploads\/2025\/08\/Private-Label-Builder-Gel-1200x1200.webp 1200w, https:\/\/www.fsyougel.com\/wp-content\/uploads\/2025\/08\/Private-Label-Builder-Gel-600x600.webp 600w, https:\/\/www.fsyougel.com\/wp-content\/uploads\/2025\/08\/Private-Label-Builder-Gel-100x100.webp 100w\" sizes=\"(max-width: 1500px) 100vw, 1500px\" \/><\/figure>\n<\/div>\n\n\n\n<div class=\"wp-block-column is-layout-flow wp-block-column-is-layout-flow\">\n<figure class=\"wp-block-image size-full\"><img decoding=\"async\" width=\"1500\" height=\"1500\" src=\"https:\/\/www.fsyougel.com\/wp-content\/uploads\/2025\/08\/Private-Label-36-Colors-Builder-Gel.webp\" alt=\"Private Label 36 Farben Builder Gel\" class=\"wp-image-789\" srcset=\"https:\/\/www.fsyougel.com\/wp-content\/uploads\/2025\/08\/Private-Label-36-Colors-Builder-Gel.webp 1500w, https:\/\/www.fsyougel.com\/wp-content\/uploads\/2025\/08\/Private-Label-36-Colors-Builder-Gel-300x300.webp 300w, https:\/\/www.fsyougel.com\/wp-content\/uploads\/2025\/08\/Private-Label-36-Colors-Builder-Gel-150x150.webp 150w, https:\/\/www.fsyougel.com\/wp-content\/uploads\/2025\/08\/Private-Label-36-Colors-Builder-Gel-768x768.webp 768w, https:\/\/www.fsyougel.com\/wp-content\/uploads\/2025\/08\/Private-Label-36-Colors-Builder-Gel-1200x1200.webp 1200w, https:\/\/www.fsyougel.com\/wp-content\/uploads\/2025\/08\/Private-Label-36-Colors-Builder-Gel-600x600.webp 600w, https:\/\/www.fsyougel.com\/wp-content\/uploads\/2025\/08\/Private-Label-36-Colors-Builder-Gel-100x100.webp 100w\" sizes=\"(max-width: 1500px) 100vw, 1500px\" \/><\/figure>\n<\/div>\n<\/div>\n\n\n\n<p><\/p>","protected":false},"excerpt":{"rendered":"<p>Willkommen bei unserem hochwertigen Private Label Builder Gel, das 36 Farben von UV\/LED-Nagelverl\u00e4ngerungsgel anbietet, Gro\u00dfhandelsangebot, Unterst\u00fctzung von OEM\/ODM-Anpassung, reiche Farben und einfache Anwendung, geeignet f\u00fcr Salon und Einzelhandel.<\/p>\n<table border=\"0\" width=\"854\" cellspacing=\"0\" cellpadding=\"0\">\n<tbody>\n<tr>\n<td width=\"257\" height=\"44\">Marke<\/td>\n<td width=\"597\">YouGel<\/td>\n<\/tr>\n<tr>\n<td width=\"257\" height=\"44\">Modellnummer<\/td>\n<td width=\"597\">BG01<\/td>\n<\/tr>\n<tr>\n<td width=\"257\" height=\"44\">Produkttyp<\/td>\n<td width=\"597\">Eintauchende UV\/LED<\/td>\n<\/tr>\n<tr>\n<td width=\"257\" height=\"44\">Material<\/td>\n<td width=\"597\">Harz<\/td>\n<\/tr>\n<tr>\n<td width=\"257\" height=\"44\">Farbe<\/td>\n<td width=\"597\">36 Farben<\/td>\n<\/tr>\n<tr>\n<td width=\"257\" height=\"44\">Band<\/td>\n<td width=\"597\">30ml\/50ml<\/td>\n<\/tr>\n<tr>\n<td width=\"257\" height=\"44\">Sicherheit<\/td>\n<td width=\"597\">HEMA-frei, ungiftig, MSDS verf\u00fcgbar<\/td>\n<\/tr>\n<tr>\n<td width=\"257\" height=\"44\">MOQ<\/td>\n<td width=\"597\">Niedriges MOQ<\/td>\n<\/tr>\n<tr>\n<td width=\"257\" height=\"44\">Kostenlose Probe<\/td>\n<td width=\"597\">Verf\u00fcgbar<\/td>\n<\/tr>\n<tr>\n<td width=\"257\" height=\"82\">Kundenspezifische Option<\/td>\n<td width=\"597\">OEM\/ODM-Dienste, kundenspezifische Logos, Etiketten und Verpackungen werden unterst\u00fctzt<\/td>\n<\/tr>\n<\/tbody>\n<\/table>\n<h3 class=\"brxe-heading\">Vom Nagellackhersteller<\/h3>\n<p><a href=\"https:\/\/www.fsyougel.com\/de\/\"><strong>YouGel<\/strong><\/a>\u00a0ist ein Hightech-Nagellackhersteller, der Gro\u00dfhandel, Eigenmarken und OEM\/ODM-Dienstleistungen anbietet. Mehr als 10.000 HEMA-freie, vegane und tierversuchsfreie Farben, die sich leicht auftragen lassen, lange halten und leicht abwischen.<\/p>","protected":false},"featured_media":797,"comment_status":"closed","ping_status":"closed","template":"","meta":{"_acf_changed":false},"product_brand":[],"product_cat":[20],"product_tag":[],"class_list":{"0":"post-788","1":"product","2":"type-product","3":"status-publish","4":"has-post-thumbnail","6":"product_cat-nail-extension-gel-wholesale","8":"first","9":"instock","10":"shipping-taxable","11":"product-type-simple"},"acf":[],"_links":{"self":[{"href":"https:\/\/www.fsyougel.com\/de\/wp-json\/wp\/v2\/product\/788","targetHints":{"allow":["GET"]}}],"collection":[{"href":"https:\/\/www.fsyougel.com\/de\/wp-json\/wp\/v2\/product"}],"about":[{"href":"https:\/\/www.fsyougel.com\/de\/wp-json\/wp\/v2\/types\/product"}],"replies":[{"embeddable":true,"href":"https:\/\/www.fsyougel.com\/de\/wp-json\/wp\/v2\/comments?post=788"}],"wp:featuredmedia":[{"embeddable":true,"href":"https:\/\/www.fsyougel.com\/de\/wp-json\/wp\/v2\/media\/797"}],"wp:attachment":[{"href":"https:\/\/www.fsyougel.com\/de\/wp-json\/wp\/v2\/media?parent=788"}],"wp:term":[{"taxonomy":"product_brand","embeddable":true,"href":"https:\/\/www.fsyougel.com\/de\/wp-json\/wp\/v2\/product_brand?post=788"},{"taxonomy":"product_cat","embeddable":true,"href":"https:\/\/www.fsyougel.com\/de\/wp-json\/wp\/v2\/product_cat?post=788"},{"taxonomy":"product_tag","embeddable":true,"href":"https:\/\/www.fsyougel.com\/de\/wp-json\/wp\/v2\/product_tag?post=788"}],"curies":[{"name":"wp","href":"https:\/\/api.w.org\/{rel}","templated":true}]}}