{"id":799,"date":"2025-08-21T17:48:24","date_gmt":"2025-08-21T17:48:24","guid":{"rendered":"https:\/\/www.fsyougel.com\/?post_type=product&#038;p=799"},"modified":"2025-08-21T17:48:27","modified_gmt":"2025-08-21T17:48:27","slug":"wholesale-builder-nail-gel-48-colors","status":"publish","type":"product","link":"https:\/\/www.fsyougel.com\/de\/produkt\/wholesale-builder-nail-gel-48-colors\/","title":{"rendered":"Gro\u00dfhandel Builder Nail Gel 48 Farben Soak Off UV Verl\u00e4ngerung Gel"},"content":{"rendered":"<div class=\"wp-block-columns is-layout-flex wp-container-core-columns-is-layout-9d6595d7 wp-block-columns-is-layout-flex\">\n<div class=\"wp-block-column is-layout-flow wp-block-column-is-layout-flow\">\n<h2 class=\"wp-block-heading\">Gro\u00dfhandel Builder Nail Gel Features:<\/h2>\n\n\n\n<ul class=\"wp-block-list\">\n<li><strong>Hochpigmentiert<\/strong>: Hohe Farbs\u00e4ttigung und starke Farbabgabe, die bei jeder Anwendung professionelle Nailart-Ergebnisse liefert.<\/li>\n\n\n\n<li><strong>\u00dcberlegene Elastizit\u00e4t<\/strong>: Au\u00dfergew\u00f6hnliche Elastizit\u00e4t, dehnt sich aus, ohne zu brechen, ideal f\u00fcr Verl\u00e4ngerungen und 3D-Nageldesigns.<\/li>\n\n\n\n<li><strong>Non-Breaking<\/strong>: Stabile Gelformel, die nicht bricht, spart Material und Zeit und erh\u00f6ht die Effizienz.<\/li>\n\n\n\n<li><strong>Einfache Kontrolle und stabile Qualit\u00e4t<\/strong>: Gleichm\u00e4\u00dfiger Fluss, einfache Handhabung, gleichbleibende Qualit\u00e4t in der Massenproduktion.<\/li>\n\n\n\n<li><strong>Selbstnivellierung mit mittlerer Konsistenz<\/strong>: Das selbstnivellierende Design mit mittlerer Konsistenz schafft eine glatte Nageloberfl\u00e4che und spart Zeit und M\u00fche.<\/li>\n\n\n\n<li><strong>Dekoration &amp; Strass<\/strong>: Unsere Gro\u00dfhandel Builder Nagelgel ist geeignet f\u00fcr die Einbettung Strass und dekorative Nagelkunst, leicht zu erreichen kreative Designs.<\/li>\n\n\n\n<li><strong>Reparatur &amp; Erweiterung<\/strong>: Geeignet f\u00fcr die Reparatur besch\u00e4digter N\u00e4gel oder f\u00fcr die Verl\u00e4ngerung der N\u00e4gel und erf\u00fcllt die multifunktionalen Bed\u00fcrfnisse von Salons.<\/li>\n\n\n\n<li><strong>Franz\u00f6sische Manik\u00fcre:<\/strong> Einfaches Erstellen von French Manicures mit glatten, nat\u00fcrlichen Linien.<\/li>\n\n\n\n<li><strong>Private Label &amp; OEM\/ODM-Anpassung:<\/strong> Unterst\u00fctzt die Anpassung von Flaschendesign, Logo, Rezeptur und Farbe, um den Aufbau Ihrer eigenen Marke zu unterst\u00fctzen.<\/li>\n\n\n\n<li><strong>Bulk Supply f\u00fcr Fachleute<\/strong>: Als Lieferant von Nagelgelen f\u00fcr den Gro\u00dfhandel verwendet unsere Fabrik eine automatisierte Produktion, um eine stabile Versorgung und kontrollierbare Lieferzeiten zu gew\u00e4hrleisten und die Anforderungen von Gro\u00dfauftr\u00e4gen zu erf\u00fcllen.<\/li>\n<\/ul>\n<\/div>\n\n\n\n<div class=\"wp-block-column is-layout-flow wp-block-column-is-layout-flow\">\n<figure class=\"wp-block-image size-full\"><img decoding=\"async\" width=\"1500\" height=\"1500\" src=\"https:\/\/www.fsyougel.com\/wp-content\/uploads\/2025\/08\/Wholesale-Builder-Nail-Gel-48-Colors-2.webp\" alt=\"Gro\u00dfhandel Builder Nail Gel 48 Farben (2)\" class=\"wp-image-803\" srcset=\"https:\/\/www.fsyougel.com\/wp-content\/uploads\/2025\/08\/Wholesale-Builder-Nail-Gel-48-Colors-2.webp 1500w, https:\/\/www.fsyougel.com\/wp-content\/uploads\/2025\/08\/Wholesale-Builder-Nail-Gel-48-Colors-2-300x300.webp 300w, https:\/\/www.fsyougel.com\/wp-content\/uploads\/2025\/08\/Wholesale-Builder-Nail-Gel-48-Colors-2-150x150.webp 150w, https:\/\/www.fsyougel.com\/wp-content\/uploads\/2025\/08\/Wholesale-Builder-Nail-Gel-48-Colors-2-768x768.webp 768w, https:\/\/www.fsyougel.com\/wp-content\/uploads\/2025\/08\/Wholesale-Builder-Nail-Gel-48-Colors-2-1200x1200.webp 1200w, https:\/\/www.fsyougel.com\/wp-content\/uploads\/2025\/08\/Wholesale-Builder-Nail-Gel-48-Colors-2-600x600.webp 600w, https:\/\/www.fsyougel.com\/wp-content\/uploads\/2025\/08\/Wholesale-Builder-Nail-Gel-48-Colors-2-100x100.webp 100w\" sizes=\"(max-width: 1500px) 100vw, 1500px\" \/><\/figure>\n<\/div>\n<\/div>\n\n\n\n<div class=\"wp-block-columns is-layout-flex wp-container-core-columns-is-layout-9d6595d7 wp-block-columns-is-layout-flex\">\n<div class=\"wp-block-column is-layout-flow wp-block-column-is-layout-flow\">\n<figure class=\"wp-block-image size-full\"><img decoding=\"async\" width=\"3500\" height=\"3500\" src=\"https:\/\/www.fsyougel.com\/wp-content\/uploads\/2025\/08\/Wholesale-Builder-Nail-Gel-48-Colors.webp\" alt=\"Gro\u00dfhandel Builder Nail Gel 48 Farben\" class=\"wp-image-805\" srcset=\"https:\/\/www.fsyougel.com\/wp-content\/uploads\/2025\/08\/Wholesale-Builder-Nail-Gel-48-Colors.webp 3500w, https:\/\/www.fsyougel.com\/wp-content\/uploads\/2025\/08\/Wholesale-Builder-Nail-Gel-48-Colors-300x300.webp 300w, https:\/\/www.fsyougel.com\/wp-content\/uploads\/2025\/08\/Wholesale-Builder-Nail-Gel-48-Colors-150x150.webp 150w, https:\/\/www.fsyougel.com\/wp-content\/uploads\/2025\/08\/Wholesale-Builder-Nail-Gel-48-Colors-768x768.webp 768w, https:\/\/www.fsyougel.com\/wp-content\/uploads\/2025\/08\/Wholesale-Builder-Nail-Gel-48-Colors-1200x1200.webp 1200w, https:\/\/www.fsyougel.com\/wp-content\/uploads\/2025\/08\/Wholesale-Builder-Nail-Gel-48-Colors-600x600.webp 600w, https:\/\/www.fsyougel.com\/wp-content\/uploads\/2025\/08\/Wholesale-Builder-Nail-Gel-48-Colors-100x100.webp 100w\" sizes=\"(max-width: 3500px) 100vw, 3500px\" \/><\/figure>\n<\/div>\n\n\n\n<div class=\"wp-block-column is-layout-flow wp-block-column-is-layout-flow\">\n<figure class=\"wp-block-image size-full\"><img decoding=\"async\" width=\"1500\" height=\"1500\" src=\"https:\/\/www.fsyougel.com\/wp-content\/uploads\/2025\/08\/Custom-Builder-Nail-Gel-Wholesale.webp\" alt=\"Custom Builder Nail Gel Gro\u00dfhandelCustom Builder Nail Gel Gro\u00dfhandel\" class=\"wp-image-802\" srcset=\"https:\/\/www.fsyougel.com\/wp-content\/uploads\/2025\/08\/Custom-Builder-Nail-Gel-Wholesale.webp 1500w, https:\/\/www.fsyougel.com\/wp-content\/uploads\/2025\/08\/Custom-Builder-Nail-Gel-Wholesale-300x300.webp 300w, https:\/\/www.fsyougel.com\/wp-content\/uploads\/2025\/08\/Custom-Builder-Nail-Gel-Wholesale-150x150.webp 150w, https:\/\/www.fsyougel.com\/wp-content\/uploads\/2025\/08\/Custom-Builder-Nail-Gel-Wholesale-768x768.webp 768w, https:\/\/www.fsyougel.com\/wp-content\/uploads\/2025\/08\/Custom-Builder-Nail-Gel-Wholesale-1200x1200.webp 1200w, https:\/\/www.fsyougel.com\/wp-content\/uploads\/2025\/08\/Custom-Builder-Nail-Gel-Wholesale-600x600.webp 600w, https:\/\/www.fsyougel.com\/wp-content\/uploads\/2025\/08\/Custom-Builder-Nail-Gel-Wholesale-100x100.webp 100w\" sizes=\"(max-width: 1500px) 100vw, 1500px\" \/><\/figure>\n<\/div>\n<\/div>\n\n\n\n<p><\/p>","protected":false},"excerpt":{"rendered":"<p>Willkommen zum Kauf Gro\u00dfhandel Builder Nagelgel, hochwertige 48-Farben UV\/Soak Off Nagelverl\u00e4ngerung Gel, mit lebendigen Farbs\u00e4ttigung und stabile Anwendung. Unterst\u00fctzt OEM\/ODM-Anpassung, Gro\u00dfhandel Lieferung, die Erf\u00fcllung der Bed\u00fcrfnisse der Salon und Einzelhandel M\u00e4rkte.<\/p>\n<table border=\"0\" width=\"854\" cellspacing=\"0\" cellpadding=\"0\">\n<tbody>\n<tr>\n<td width=\"257\" height=\"44\">Marke<\/td>\n<td width=\"597\">YouGel<\/td>\n<\/tr>\n<tr>\n<td width=\"257\" height=\"44\">Modellnummer<\/td>\n<td width=\"597\">BG01<\/td>\n<\/tr>\n<tr>\n<td width=\"257\" height=\"44\">Produkttyp<\/td>\n<td width=\"597\">Eintauchende UV\/LED<\/td>\n<\/tr>\n<tr>\n<td width=\"257\" height=\"44\">Material<\/td>\n<td width=\"597\">Harz<\/td>\n<\/tr>\n<tr>\n<td width=\"257\" height=\"44\">Farbe<\/td>\n<td width=\"597\">48 Farben<\/td>\n<\/tr>\n<tr>\n<td width=\"257\" height=\"44\">Band<\/td>\n<td width=\"597\">15ml\/Kunde<\/td>\n<\/tr>\n<tr>\n<td width=\"257\" height=\"44\">Sicherheit<\/td>\n<td width=\"597\">HEMA-frei, ungiftig, MSDS verf\u00fcgbar<\/td>\n<\/tr>\n<tr>\n<td width=\"257\" height=\"44\">MOQ<\/td>\n<td width=\"597\">Niedriges MOQ<\/td>\n<\/tr>\n<tr>\n<td width=\"257\" height=\"44\">Kostenlose Probe<\/td>\n<td width=\"597\">Verf\u00fcgbar<\/td>\n<\/tr>\n<tr>\n<td width=\"257\" height=\"82\">Kundenspezifische Option<\/td>\n<td width=\"597\">OEM\/ODM-Dienste, kundenspezifische Logos, Etiketten und Verpackungen werden unterst\u00fctzt<\/td>\n<\/tr>\n<\/tbody>\n<\/table>\n<h3 class=\"brxe-heading\">Vom Nagellackhersteller<\/h3>\n<p><a href=\"https:\/\/www.fsyougel.com\/de\/\"><strong>YouGel<\/strong><\/a>\u00a0ist ein Hightech-Nagellackhersteller, der Gro\u00dfhandel, Eigenmarken und OEM\/ODM-Dienstleistungen anbietet. Mehr als 10.000 HEMA-freie, vegane und tierversuchsfreie Farben, die sich leicht auftragen lassen, lange halten und leicht abwischen.<\/p>","protected":false},"featured_media":807,"comment_status":"closed","ping_status":"closed","template":"","meta":{"_acf_changed":false},"product_brand":[],"product_cat":[20],"product_tag":[],"class_list":{"0":"post-799","1":"product","2":"type-product","3":"status-publish","4":"has-post-thumbnail","6":"product_cat-nail-extension-gel-wholesale","8":"first","9":"instock","10":"shipping-taxable","11":"product-type-simple"},"acf":[],"_links":{"self":[{"href":"https:\/\/www.fsyougel.com\/de\/wp-json\/wp\/v2\/product\/799","targetHints":{"allow":["GET"]}}],"collection":[{"href":"https:\/\/www.fsyougel.com\/de\/wp-json\/wp\/v2\/product"}],"about":[{"href":"https:\/\/www.fsyougel.com\/de\/wp-json\/wp\/v2\/types\/product"}],"replies":[{"embeddable":true,"href":"https:\/\/www.fsyougel.com\/de\/wp-json\/wp\/v2\/comments?post=799"}],"wp:featuredmedia":[{"embeddable":true,"href":"https:\/\/www.fsyougel.com\/de\/wp-json\/wp\/v2\/media\/807"}],"wp:attachment":[{"href":"https:\/\/www.fsyougel.com\/de\/wp-json\/wp\/v2\/media?parent=799"}],"wp:term":[{"taxonomy":"product_brand","embeddable":true,"href":"https:\/\/www.fsyougel.com\/de\/wp-json\/wp\/v2\/product_brand?post=799"},{"taxonomy":"product_cat","embeddable":true,"href":"https:\/\/www.fsyougel.com\/de\/wp-json\/wp\/v2\/product_cat?post=799"},{"taxonomy":"product_tag","embeddable":true,"href":"https:\/\/www.fsyougel.com\/de\/wp-json\/wp\/v2\/product_tag?post=799"}],"curies":[{"name":"wp","href":"https:\/\/api.w.org\/{rel}","templated":true}]}}