{"id":810,"date":"2025-08-22T02:49:47","date_gmt":"2025-08-22T02:49:47","guid":{"rendered":"https:\/\/www.fsyougel.com\/?post_type=product&#038;p=810"},"modified":"2025-08-22T02:50:02","modified_gmt":"2025-08-22T02:50:02","slug":"wholesale-biab-gel-oem-factory","status":"publish","type":"product","link":"https:\/\/www.fsyougel.com\/de\/produkt\/wholesale-biab-gel-oem-factory\/","title":{"rendered":"Gro\u00dfhandel BIAB Gel, OEM Fl\u00fcssigkeit Builder in einer Flasche Gel Fabrik"},"content":{"rendered":"<div class=\"wp-block-columns is-layout-flex wp-container-core-columns-is-layout-9d6595d7 wp-block-columns-is-layout-flex\">\n<div class=\"wp-block-column is-layout-flow wp-block-column-is-layout-flow\">\n<h2 class=\"wp-block-heading\">\u00a0Gro\u00dfhandel BIAB Gel Eigenschaften:<\/h2>\n\n\n\n<ul class=\"wp-block-list\">\n<li><strong>42 Farboptionen<\/strong>: Unser BIAB-Gel f\u00fcr den Gro\u00dfhandel bietet eine breite Palette an Farben, die zu verschiedenen Nailart-Stilen und Trends passen.<\/li>\n\n\n\n<li><strong>Verst\u00e4rkung und Verl\u00e4ngerung der N\u00e4gel<\/strong>: Das fl\u00fcssige Gel mit hochwertigen Inhaltsstoffen st\u00e4rkt, verl\u00e4ngert und repariert schwache N\u00e4gel und verbessert ihre Haltbarkeit.<\/li>\n\n\n\n<li><strong>Geeignet f\u00fcr Menschen mit schwachen, br\u00fcchigen N\u00e4geln<\/strong>: Speziell f\u00fcr Kunden mit schwachen, br\u00fcchigen N\u00e4geln entwickelt, sorgt es f\u00fcr ein nat\u00fcrliches Aussehen und st\u00e4rkt gleichzeitig die N\u00e4gel.<\/li>\n\n\n\n<li><strong>Leicht und einfach aufzutragen<\/strong>: Mit seiner leichten Textur und einfachen Anwendung ist es ideal f\u00fcr Nageltechniker, um schnell zu arbeiten und ein glattes und professionelles Finish zu gew\u00e4hrleisten.<\/li>\n\n\n\n<li><strong>Nat\u00fcrlicher Nageleffekt: <\/strong>Das Fl\u00fcssiggel in der Flasche hilft den Kunden, einen nat\u00fcrlichen Nageleffekt zu erzielen und bietet gleichzeitig eine Verst\u00e4rkung, so dass es die ideale Wahl f\u00fcr alle ist, die sowohl \u00c4sthetik als auch Funktionalit\u00e4t suchen.<\/li>\n\n\n\n<li><strong>Unterscheidet sich von herk\u00f6mmlichem Bauherrengel:<\/strong> Im Vergleich zu herk\u00f6mmlichem Builder-Gel ist das BIAB-Gro\u00dfhandelsgel leichter, einfacher zu formen, haltbarer und weniger bruchanf\u00e4llig.<\/li>\n\n\n\n<li><strong>Geeignet f\u00fcr Gro\u00dfhandel und OEM\/ODM:<\/strong> Ob f\u00fcr Gro\u00dfeink\u00e4ufe von Sch\u00f6nheitssalons oder Markenanpassung, Gro\u00dfhandel BIAB Gel und fl\u00fcssige Builder in einer Flasche Gel erf\u00fcllen professionelle Bed\u00fcrfnisse.<\/li>\n<\/ul>\n<\/div>\n\n\n\n<div class=\"wp-block-column is-layout-flow wp-block-column-is-layout-flow\">\n<figure class=\"wp-block-image size-full\"><img decoding=\"async\" width=\"1500\" height=\"1500\" src=\"https:\/\/www.fsyougel.com\/wp-content\/uploads\/2025\/08\/Wholesale-BIAB-Gel-Liquid-Builder-In-A-Bottle-Gel-3.webp\" alt=\"Gro\u00dfhandel BIAB Gel - Fl\u00fcssige Builder in einer Flasche Gel (3)\" class=\"wp-image-813\" srcset=\"https:\/\/www.fsyougel.com\/wp-content\/uploads\/2025\/08\/Wholesale-BIAB-Gel-Liquid-Builder-In-A-Bottle-Gel-3.webp 1500w, https:\/\/www.fsyougel.com\/wp-content\/uploads\/2025\/08\/Wholesale-BIAB-Gel-Liquid-Builder-In-A-Bottle-Gel-3-300x300.webp 300w, https:\/\/www.fsyougel.com\/wp-content\/uploads\/2025\/08\/Wholesale-BIAB-Gel-Liquid-Builder-In-A-Bottle-Gel-3-150x150.webp 150w, https:\/\/www.fsyougel.com\/wp-content\/uploads\/2025\/08\/Wholesale-BIAB-Gel-Liquid-Builder-In-A-Bottle-Gel-3-768x768.webp 768w, https:\/\/www.fsyougel.com\/wp-content\/uploads\/2025\/08\/Wholesale-BIAB-Gel-Liquid-Builder-In-A-Bottle-Gel-3-1200x1200.webp 1200w, https:\/\/www.fsyougel.com\/wp-content\/uploads\/2025\/08\/Wholesale-BIAB-Gel-Liquid-Builder-In-A-Bottle-Gel-3-600x600.webp 600w, https:\/\/www.fsyougel.com\/wp-content\/uploads\/2025\/08\/Wholesale-BIAB-Gel-Liquid-Builder-In-A-Bottle-Gel-3-100x100.webp 100w\" sizes=\"(max-width: 1500px) 100vw, 1500px\" \/><\/figure>\n<\/div>\n<\/div>\n\n\n\n<div class=\"wp-block-columns is-layout-flex wp-container-core-columns-is-layout-9d6595d7 wp-block-columns-is-layout-flex\">\n<div class=\"wp-block-column is-layout-flow wp-block-column-is-layout-flow\">\n<figure class=\"wp-block-image size-full\"><img decoding=\"async\" width=\"1500\" height=\"1500\" src=\"https:\/\/www.fsyougel.com\/wp-content\/uploads\/2025\/08\/Wholesale-BIAB-Gel-Liquid-Builder-In-A-Bottle-Gel-2.webp\" alt=\"Gro\u00dfhandel BIAB Gel - Fl\u00fcssiger Builder in einer Flasche Gel (2)\" class=\"wp-image-812\" srcset=\"https:\/\/www.fsyougel.com\/wp-content\/uploads\/2025\/08\/Wholesale-BIAB-Gel-Liquid-Builder-In-A-Bottle-Gel-2.webp 1500w, https:\/\/www.fsyougel.com\/wp-content\/uploads\/2025\/08\/Wholesale-BIAB-Gel-Liquid-Builder-In-A-Bottle-Gel-2-300x300.webp 300w, https:\/\/www.fsyougel.com\/wp-content\/uploads\/2025\/08\/Wholesale-BIAB-Gel-Liquid-Builder-In-A-Bottle-Gel-2-150x150.webp 150w, https:\/\/www.fsyougel.com\/wp-content\/uploads\/2025\/08\/Wholesale-BIAB-Gel-Liquid-Builder-In-A-Bottle-Gel-2-768x768.webp 768w, https:\/\/www.fsyougel.com\/wp-content\/uploads\/2025\/08\/Wholesale-BIAB-Gel-Liquid-Builder-In-A-Bottle-Gel-2-1200x1200.webp 1200w, https:\/\/www.fsyougel.com\/wp-content\/uploads\/2025\/08\/Wholesale-BIAB-Gel-Liquid-Builder-In-A-Bottle-Gel-2-600x600.webp 600w, https:\/\/www.fsyougel.com\/wp-content\/uploads\/2025\/08\/Wholesale-BIAB-Gel-Liquid-Builder-In-A-Bottle-Gel-2-100x100.webp 100w\" sizes=\"(max-width: 1500px) 100vw, 1500px\" \/><\/figure>\n<\/div>\n\n\n\n<div class=\"wp-block-column is-layout-flow wp-block-column-is-layout-flow\">\n<figure class=\"wp-block-image size-full\"><img decoding=\"async\" width=\"1500\" height=\"1500\" src=\"https:\/\/www.fsyougel.com\/wp-content\/uploads\/2025\/08\/Custom-Wholesale-BIAB-Gel.webp\" alt=\"Benutzerdefinierte Gro\u00dfhandel BIAB Gel\" class=\"wp-image-819\" srcset=\"https:\/\/www.fsyougel.com\/wp-content\/uploads\/2025\/08\/Custom-Wholesale-BIAB-Gel.webp 1500w, https:\/\/www.fsyougel.com\/wp-content\/uploads\/2025\/08\/Custom-Wholesale-BIAB-Gel-300x300.webp 300w, https:\/\/www.fsyougel.com\/wp-content\/uploads\/2025\/08\/Custom-Wholesale-BIAB-Gel-150x150.webp 150w, https:\/\/www.fsyougel.com\/wp-content\/uploads\/2025\/08\/Custom-Wholesale-BIAB-Gel-768x768.webp 768w, https:\/\/www.fsyougel.com\/wp-content\/uploads\/2025\/08\/Custom-Wholesale-BIAB-Gel-1200x1200.webp 1200w, https:\/\/www.fsyougel.com\/wp-content\/uploads\/2025\/08\/Custom-Wholesale-BIAB-Gel-600x600.webp 600w, https:\/\/www.fsyougel.com\/wp-content\/uploads\/2025\/08\/Custom-Wholesale-BIAB-Gel-100x100.webp 100w\" sizes=\"(max-width: 1500px) 100vw, 1500px\" \/><\/figure>\n<\/div>\n<\/div>","protected":false},"excerpt":{"rendered":"<p>Willkommen beim Kauf unseres BIAB-Gels f\u00fcr den Gro\u00dfhandel, das von einem vertrauensw\u00fcrdigen Hersteller von Fl\u00fcssiggel in einer Flaschengelfabrik hergestellt wird. Entwickelt f\u00fcr Langlebigkeit, einfache Anwendung und gesundes Nagelwachstum, ist es die perfekte Wahl f\u00fcr Salons, Nagelk\u00fcnstler und globale Distributoren.<\/p>\n<table border=\"0\" width=\"854\" cellspacing=\"0\" cellpadding=\"0\">\n<tbody>\n<tr>\n<td width=\"257\" height=\"44\">Marke<\/td>\n<td width=\"597\">YouGel<\/td>\n<\/tr>\n<tr>\n<td width=\"257\" height=\"44\">Modellnummer<\/td>\n<td width=\"597\">LG01<\/td>\n<\/tr>\n<tr>\n<td width=\"257\" height=\"44\">Produkttyp<\/td>\n<td width=\"597\">Eintauchende UV\/LED<\/td>\n<\/tr>\n<tr>\n<td width=\"257\" height=\"44\">Material<\/td>\n<td width=\"597\">Harz<\/td>\n<\/tr>\n<tr>\n<td width=\"257\" height=\"44\">Farbe<\/td>\n<td width=\"597\">42 Farben<\/td>\n<\/tr>\n<tr>\n<td width=\"257\" height=\"44\">Band<\/td>\n<td width=\"597\">15ml<\/td>\n<\/tr>\n<tr>\n<td width=\"257\" height=\"44\">Sicherheit<\/td>\n<td width=\"597\">HEMA-frei, ungiftig, MSDS verf\u00fcgbar<\/td>\n<\/tr>\n<tr>\n<td width=\"257\" height=\"44\">MOQ<\/td>\n<td width=\"597\">Niedriges MOQ<\/td>\n<\/tr>\n<tr>\n<td width=\"257\" height=\"44\">Kostenlose Probe<\/td>\n<td width=\"597\">Verf\u00fcgbar<\/td>\n<\/tr>\n<tr>\n<td width=\"257\" height=\"82\">Kundenspezifische Option<\/td>\n<td width=\"597\">OEM\/ODM-Dienste, kundenspezifische Logos, Etiketten und Verpackungen werden unterst\u00fctzt<\/td>\n<\/tr>\n<\/tbody>\n<\/table>\n<h3 class=\"brxe-heading\">Vom Nagellackhersteller<\/h3>\n<p><a href=\"https:\/\/www.fsyougel.com\/de\/\"><strong>YouGel<\/strong><\/a>\u00a0ist ein Hightech-Nagellackhersteller, der Gro\u00dfhandel, Eigenmarken und OEM\/ODM-Dienstleistungen anbietet. Mehr als 10.000 HEMA-freie, vegane und tierversuchsfreie Farben, die sich leicht auftragen lassen, lange halten und leicht abwischen.<\/p>","protected":false},"featured_media":816,"comment_status":"closed","ping_status":"closed","template":"","meta":{"_acf_changed":false},"product_brand":[],"product_cat":[20],"product_tag":[],"class_list":{"0":"post-810","1":"product","2":"type-product","3":"status-publish","4":"has-post-thumbnail","6":"product_cat-nail-extension-gel-wholesale","8":"first","9":"instock","10":"shipping-taxable","11":"product-type-simple"},"acf":[],"_links":{"self":[{"href":"https:\/\/www.fsyougel.com\/de\/wp-json\/wp\/v2\/product\/810","targetHints":{"allow":["GET"]}}],"collection":[{"href":"https:\/\/www.fsyougel.com\/de\/wp-json\/wp\/v2\/product"}],"about":[{"href":"https:\/\/www.fsyougel.com\/de\/wp-json\/wp\/v2\/types\/product"}],"replies":[{"embeddable":true,"href":"https:\/\/www.fsyougel.com\/de\/wp-json\/wp\/v2\/comments?post=810"}],"wp:featuredmedia":[{"embeddable":true,"href":"https:\/\/www.fsyougel.com\/de\/wp-json\/wp\/v2\/media\/816"}],"wp:attachment":[{"href":"https:\/\/www.fsyougel.com\/de\/wp-json\/wp\/v2\/media?parent=810"}],"wp:term":[{"taxonomy":"product_brand","embeddable":true,"href":"https:\/\/www.fsyougel.com\/de\/wp-json\/wp\/v2\/product_brand?post=810"},{"taxonomy":"product_cat","embeddable":true,"href":"https:\/\/www.fsyougel.com\/de\/wp-json\/wp\/v2\/product_cat?post=810"},{"taxonomy":"product_tag","embeddable":true,"href":"https:\/\/www.fsyougel.com\/de\/wp-json\/wp\/v2\/product_tag?post=810"}],"curies":[{"name":"wp","href":"https:\/\/api.w.org\/{rel}","templated":true}]}}