{"id":821,"date":"2025-08-22T06:22:23","date_gmt":"2025-08-22T06:22:23","guid":{"rendered":"https:\/\/www.fsyougel.com\/?post_type=product&#038;p=821"},"modified":"2025-09-16T07:34:46","modified_gmt":"2025-09-16T07:34:46","slug":"cream-jelly-builder-gel-wholesale","status":"publish","type":"product","link":"https:\/\/www.fsyougel.com\/de\/produkt\/cream-jelly-builder-gel-wholesale\/","title":{"rendered":"Creme Gelee Builder Gel Gro\u00dfhandel Thixotropie Nagelverl\u00e4ngerung Gel Hersteller"},"content":{"rendered":"<div class=\"wp-block-columns is-layout-flex wp-container-core-columns-is-layout-9d6595d7 wp-block-columns-is-layout-flex\">\n<div class=\"wp-block-column is-layout-flow wp-block-column-is-layout-flow\">\n<div class=\"wp-block-columns is-layout-flex wp-container-core-columns-is-layout-9d6595d7 wp-block-columns-is-layout-flex\">\n<div class=\"wp-block-column is-layout-flow wp-block-column-is-layout-flow\">\n<h2 class=\"wp-block-heading\">Gro\u00dfhandel Thixotropie Gelee Builder Gel Merkmale:<\/h2>\n\n\n\n<ul class=\"wp-block-list\">\n<li><strong>Hochwertige Erweiterung und Verst\u00e4rkung<\/strong>: Bietet eine wirksame Nagelverl\u00e4ngerung und -verst\u00e4rkung bei schwachen N\u00e4geln und sorgt gleichzeitig f\u00fcr einen nat\u00fcrlichen Nageleffekt, der \u00c4sthetik und Funktionalit\u00e4t in Einklang bringt.<\/li>\n\n\n\n<li><strong>Reparaturfunktion der N\u00e4gel:<\/strong> Repariert gebrochene und besch\u00e4digte N\u00e4gel, stellt eine gesunde Nagelform wieder her, macht die N\u00e4gel haltbar und verleiht ihnen einen nat\u00fcrlichen Glanz.<\/li>\n\n\n\n<li><strong>Geeignet f\u00fcr Personen mit br\u00fcchigen und leicht zerbrechlichen N\u00e4geln<\/strong>: Gro\u00dfhandel Jelly Builder Gel ist speziell f\u00fcr Kunden mit zerbrechlichen und leicht gebrochenen N\u00e4geln entwickelt, bietet Verst\u00e4rkung und Schutz, so dass die N\u00e4gel sowohl nat\u00fcrlich als auch widerstandsf\u00e4hig.<\/li>\n\n\n\n<li><strong>Leicht und einfach aufzutragen:<\/strong> Mit seiner glatten Textur und seinem nat\u00fcrlichen Glanz l\u00e4sst er sich leicht auftragen und formen, so dass Nageltechniker schnell professionelle Ergebnisse erzielen k\u00f6nnen.<\/li>\n\n\n\n<li><strong>Thixotropie und einfachere Bedienung:<\/strong> Dank seiner thixotropen Eigenschaften erm\u00f6glicht das Gel eine gleichm\u00e4\u00dfigere Flie\u00dfkontrolle, ein einfacheres Auftragen und eine bessere Formgebung, wodurch Nageltechniker Zeit sparen und gleichzeitig pr\u00e4zise Ergebnisse erzielen k\u00f6nnen.<\/li>\n\n\n\n<li><strong>Vielseitige Farboptionen<\/strong>: Bietet eine Vielzahl von transparenten und halbtransparenten Farbt\u00f6nen, um sowohl kreative als auch nat\u00fcrliche Nailart-Bed\u00fcrfnisse zu erf\u00fcllen und gleichzeitig ein modisches Aussehen zu bewahren.<\/li>\n\n\n\n<li><strong>Unterscheidet sich vom traditionellen Builder-Gel:<\/strong> Im Vergleich zu herk\u00f6mmlichem Builder-Gel ist es leichter, einfacher zu formen und haltbarer, was die betriebliche Effizienz steigert und die Kundenzufriedenheit erh\u00f6ht.<\/li>\n\n\n\n<li><strong>Gro\u00dfhandel und OEM\/ODM freundlich:<\/strong> Ob f\u00fcr den Gro\u00dfhandel Eink\u00e4ufe oder Markenanpassung, die Gro\u00dfhandel Jelly Builder Gel und fl\u00fcssige Builder in einer Flasche Gel kann Ihren Bed\u00fcrfnissen gerecht zu werden, bietet flexible OEM \/ ODM-L\u00f6sungen, um die Entwicklung der Nagelkunst Marken zu unterst\u00fctzen.<\/li>\n<\/ul>\n<\/div>\n\n\n\n<div class=\"wp-block-column is-layout-flow wp-block-column-is-layout-flow\">\n<figure class=\"wp-block-image size-full\"><img decoding=\"async\" width=\"1500\" height=\"1500\" src=\"https:\/\/www.fsyougel.com\/wp-content\/uploads\/2025\/08\/Jelly-Builder-Gel-Wholesale-3.webp\" alt=\"Jelly Builder Gel Gro\u00dfhandel (3)\" class=\"wp-image-827\" srcset=\"https:\/\/www.fsyougel.com\/wp-content\/uploads\/2025\/08\/Jelly-Builder-Gel-Wholesale-3.webp 1500w, https:\/\/www.fsyougel.com\/wp-content\/uploads\/2025\/08\/Jelly-Builder-Gel-Wholesale-3-300x300.webp 300w, https:\/\/www.fsyougel.com\/wp-content\/uploads\/2025\/08\/Jelly-Builder-Gel-Wholesale-3-150x150.webp 150w, https:\/\/www.fsyougel.com\/wp-content\/uploads\/2025\/08\/Jelly-Builder-Gel-Wholesale-3-768x768.webp 768w, https:\/\/www.fsyougel.com\/wp-content\/uploads\/2025\/08\/Jelly-Builder-Gel-Wholesale-3-1200x1200.webp 1200w, https:\/\/www.fsyougel.com\/wp-content\/uploads\/2025\/08\/Jelly-Builder-Gel-Wholesale-3-600x600.webp 600w, https:\/\/www.fsyougel.com\/wp-content\/uploads\/2025\/08\/Jelly-Builder-Gel-Wholesale-3-100x100.webp 100w\" sizes=\"(max-width: 1500px) 100vw, 1500px\" \/><\/figure>\n<\/div>\n<\/div>\n<\/div>\n<\/div>\n\n\n\n<figure class=\"wp-block-image size-full\"><img decoding=\"async\" width=\"5200\" height=\"3000\" src=\"https:\/\/www.fsyougel.com\/wp-content\/uploads\/2025\/08\/Custom-Jelly-Builder-Gel-Wholesale.webp\" alt=\"Custom Jelly Builder Gel Gro\u00dfhandel\" class=\"wp-image-823\" srcset=\"https:\/\/www.fsyougel.com\/wp-content\/uploads\/2025\/08\/Custom-Jelly-Builder-Gel-Wholesale.webp 5200w, https:\/\/www.fsyougel.com\/wp-content\/uploads\/2025\/08\/Custom-Jelly-Builder-Gel-Wholesale-300x173.webp 300w, https:\/\/www.fsyougel.com\/wp-content\/uploads\/2025\/08\/Custom-Jelly-Builder-Gel-Wholesale-768x443.webp 768w, https:\/\/www.fsyougel.com\/wp-content\/uploads\/2025\/08\/Custom-Jelly-Builder-Gel-Wholesale-1200x692.webp 1200w, https:\/\/www.fsyougel.com\/wp-content\/uploads\/2025\/08\/Custom-Jelly-Builder-Gel-Wholesale-600x346.webp 600w\" sizes=\"(max-width: 5200px) 100vw, 5200px\" \/><\/figure>\n\n\n\n<div class=\"wp-block-columns is-layout-flex wp-container-core-columns-is-layout-9d6595d7 wp-block-columns-is-layout-flex\">\n<div class=\"wp-block-column is-layout-flow wp-block-column-is-layout-flow\">\n<figure class=\"wp-block-image size-full\"><img decoding=\"async\" width=\"1500\" height=\"1500\" src=\"https:\/\/www.fsyougel.com\/wp-content\/uploads\/2025\/08\/Jelly-Builder-Gel-Wholesale-6.webp\" alt=\"Jelly Builder Gel Gro\u00dfhandel (6)\" class=\"wp-image-830\" srcset=\"https:\/\/www.fsyougel.com\/wp-content\/uploads\/2025\/08\/Jelly-Builder-Gel-Wholesale-6.webp 1500w, https:\/\/www.fsyougel.com\/wp-content\/uploads\/2025\/08\/Jelly-Builder-Gel-Wholesale-6-300x300.webp 300w, https:\/\/www.fsyougel.com\/wp-content\/uploads\/2025\/08\/Jelly-Builder-Gel-Wholesale-6-150x150.webp 150w, https:\/\/www.fsyougel.com\/wp-content\/uploads\/2025\/08\/Jelly-Builder-Gel-Wholesale-6-768x768.webp 768w, https:\/\/www.fsyougel.com\/wp-content\/uploads\/2025\/08\/Jelly-Builder-Gel-Wholesale-6-1200x1200.webp 1200w, https:\/\/www.fsyougel.com\/wp-content\/uploads\/2025\/08\/Jelly-Builder-Gel-Wholesale-6-600x600.webp 600w, https:\/\/www.fsyougel.com\/wp-content\/uploads\/2025\/08\/Jelly-Builder-Gel-Wholesale-6-100x100.webp 100w\" sizes=\"(max-width: 1500px) 100vw, 1500px\" \/><\/figure>\n<\/div>\n\n\n\n<div class=\"wp-block-column is-layout-flow wp-block-column-is-layout-flow\">\n<figure class=\"wp-block-image size-full\"><img decoding=\"async\" width=\"1500\" height=\"1500\" src=\"https:\/\/www.fsyougel.com\/wp-content\/uploads\/2025\/08\/Jelly-Builder-Gel-Wholesale-5.webp\" alt=\"Jelly Builder Gel Gro\u00dfhandel (5)\" class=\"wp-image-829\" srcset=\"https:\/\/www.fsyougel.com\/wp-content\/uploads\/2025\/08\/Jelly-Builder-Gel-Wholesale-5.webp 1500w, https:\/\/www.fsyougel.com\/wp-content\/uploads\/2025\/08\/Jelly-Builder-Gel-Wholesale-5-300x300.webp 300w, https:\/\/www.fsyougel.com\/wp-content\/uploads\/2025\/08\/Jelly-Builder-Gel-Wholesale-5-150x150.webp 150w, https:\/\/www.fsyougel.com\/wp-content\/uploads\/2025\/08\/Jelly-Builder-Gel-Wholesale-5-768x768.webp 768w, https:\/\/www.fsyougel.com\/wp-content\/uploads\/2025\/08\/Jelly-Builder-Gel-Wholesale-5-1200x1200.webp 1200w, https:\/\/www.fsyougel.com\/wp-content\/uploads\/2025\/08\/Jelly-Builder-Gel-Wholesale-5-600x600.webp 600w, https:\/\/www.fsyougel.com\/wp-content\/uploads\/2025\/08\/Jelly-Builder-Gel-Wholesale-5-100x100.webp 100w\" sizes=\"(max-width: 1500px) 100vw, 1500px\" \/><\/figure>\n<\/div>\n<\/div>\n\n\n\n<p><\/p>","protected":false},"excerpt":{"rendered":"<p>Willkommen im Gro\u00dfhandel Jelly Builder Gel zu kaufen, f\u00fcr eine einfachere Bedienung und professionelle Ergebnisse entwickelt. Mit Thixotropie-Eigenschaften unterst\u00fctzt es Nagelverl\u00e4ngerung, -verst\u00e4rkung und -reparatur, OEM\/ODM-Optionen und gew\u00e4hrleistet nat\u00fcrliche, lang anhaltende Haltbarkeit.<\/p>\n<table border=\"0\" width=\"854\" cellspacing=\"0\" cellpadding=\"0\">\n<tbody>\n<tr>\n<td width=\"257\" height=\"44\">Marke<\/td>\n<td width=\"597\">YouGel<\/td>\n<\/tr>\n<tr>\n<td width=\"257\" height=\"44\">Modellnummer<\/td>\n<td width=\"597\">BG01<\/td>\n<\/tr>\n<tr>\n<td width=\"257\" height=\"44\">Produkttyp<\/td>\n<td width=\"597\">Eintauchende UV\/LED<\/td>\n<\/tr>\n<tr>\n<td width=\"257\" height=\"44\">Material<\/td>\n<td width=\"597\">Harz<\/td>\n<\/tr>\n<tr>\n<td width=\"257\" height=\"44\">Farbe<\/td>\n<td width=\"597\">24 Farben<\/td>\n<\/tr>\n<tr>\n<td width=\"257\" height=\"44\">Band<\/td>\n<td width=\"597\">30ml\/50ml<\/td>\n<\/tr>\n<tr>\n<td width=\"257\" height=\"44\">Sicherheit<\/td>\n<td width=\"597\">HEMA-frei, ungiftig, MSDS verf\u00fcgbar<\/td>\n<\/tr>\n<tr>\n<td width=\"257\" height=\"44\">MOQ<\/td>\n<td width=\"597\">Niedriges MOQ<\/td>\n<\/tr>\n<tr>\n<td width=\"257\" height=\"44\">Kostenlose Probe<\/td>\n<td width=\"597\">Verf\u00fcgbar<\/td>\n<\/tr>\n<tr>\n<td width=\"257\" height=\"82\">Kundenspezifische Option<\/td>\n<td width=\"597\">OEM\/ODM-Dienste, kundenspezifische Logos, Etiketten und Verpackungen werden unterst\u00fctzt<\/td>\n<\/tr>\n<\/tbody>\n<\/table>\n<h3 class=\"brxe-heading\">Vom Nagellackhersteller<\/h3>\n<p><a href=\"https:\/\/www.fsyougel.com\/de\/\"><strong>YouGel<\/strong><\/a>\u00a0ist ein Hightech-Nagellackhersteller, der Gro\u00dfhandel, Eigenmarken und OEM\/ODM-Dienstleistungen anbietet. Mehr als 10.000 HEMA-freie, vegane und tierversuchsfreie Farben, die sich leicht auftragen lassen, lange halten und leicht abwischen.<\/p>","protected":false},"featured_media":826,"comment_status":"closed","ping_status":"closed","template":"","meta":{"_acf_changed":false},"product_brand":[],"product_cat":[20],"product_tag":[],"class_list":{"0":"post-821","1":"product","2":"type-product","3":"status-publish","4":"has-post-thumbnail","6":"product_cat-nail-extension-gel-wholesale","8":"first","9":"instock","10":"shipping-taxable","11":"product-type-external"},"acf":[],"_links":{"self":[{"href":"https:\/\/www.fsyougel.com\/de\/wp-json\/wp\/v2\/product\/821","targetHints":{"allow":["GET"]}}],"collection":[{"href":"https:\/\/www.fsyougel.com\/de\/wp-json\/wp\/v2\/product"}],"about":[{"href":"https:\/\/www.fsyougel.com\/de\/wp-json\/wp\/v2\/types\/product"}],"replies":[{"embeddable":true,"href":"https:\/\/www.fsyougel.com\/de\/wp-json\/wp\/v2\/comments?post=821"}],"wp:featuredmedia":[{"embeddable":true,"href":"https:\/\/www.fsyougel.com\/de\/wp-json\/wp\/v2\/media\/826"}],"wp:attachment":[{"href":"https:\/\/www.fsyougel.com\/de\/wp-json\/wp\/v2\/media?parent=821"}],"wp:term":[{"taxonomy":"product_brand","embeddable":true,"href":"https:\/\/www.fsyougel.com\/de\/wp-json\/wp\/v2\/product_brand?post=821"},{"taxonomy":"product_cat","embeddable":true,"href":"https:\/\/www.fsyougel.com\/de\/wp-json\/wp\/v2\/product_cat?post=821"},{"taxonomy":"product_tag","embeddable":true,"href":"https:\/\/www.fsyougel.com\/de\/wp-json\/wp\/v2\/product_tag?post=821"}],"curies":[{"name":"wp","href":"https:\/\/api.w.org\/{rel}","templated":true}]}}