{"id":966,"date":"2025-08-28T07:05:28","date_gmt":"2025-08-28T07:05:28","guid":{"rendered":"https:\/\/www.fsyougel.com\/?post_type=product&#038;p=966"},"modified":"2025-10-24T09:16:11","modified_gmt":"2025-10-24T09:16:11","slug":"wholesale-acrylic-gel-for-nails","status":"publish","type":"product","link":"https:\/\/www.fsyougel.com\/de\/produkt\/wholesale-acrylic-gel-for-nails\/","title":{"rendered":"Gro\u00dfhandel Acryl Gel f\u00fcr N\u00e4gel, 36 Farben lang anhaltende Poly Gel Lieferant"},"content":{"rendered":"<div class=\"wp-block-columns is-layout-flex wp-container-core-columns-is-layout-9d6595d7 wp-block-columns-is-layout-flex\">\n<div class=\"wp-block-column is-layout-flow wp-block-column-is-layout-flow\">\n<h2 class=\"wp-block-heading\">Gro\u00dfhandel Acryl Gel f\u00fcr N\u00e4gel Merkmale:<\/h2>\n\n\n\n<ul class=\"wp-block-list\">\n<li><strong>36 Farboptionen:<\/strong> Von klassischen Transparenzen bis hin zu trendigen Glitzert\u00f6nen bietet der Acrylgel-Gro\u00dfhandel 36 atemberaubende Farben, die den unterschiedlichsten Kundenw\u00fcnschen gerecht werden. Kreieren Sie einzigartige Nagelkunst, die Ihren individuellen Stil unterstreicht.<\/li>\n\n\n\n<li><strong>Nachhaltige Ergebnisse<\/strong>: Das Langzeit-Polygel sorgt f\u00fcr eine lange Haltbarkeit und bleibt auch bei l\u00e4ngerem Tragen und im Alltag in perfektem Zustand. Seine einzigartige Formel st\u00e4rkt die N\u00e4gel f\u00fcr zus\u00e4tzliche Festigkeit, minimiert das Brechen und verhindert das Absplittern.<\/li>\n\n\n\n<li><strong>Schnelle Anwendung, zeitsparend<\/strong>: Die einfache und reibungslose Verarbeitung erm\u00f6glicht eine schnelle Nagelmodellage mit Acryl-Gel in gro\u00dfen Mengen, was M\u00fche und Zeit spart. Ideal f\u00fcr vielbesch\u00e4ftigte Salons und Nagelk\u00fcnstler, macht es Nagelkunstwerke einfach. Genie\u00dfen Sie makellose N\u00e4gel ohne langwierige mehrstufige Verfahren.<\/li>\n\n\n\n<li><strong>Hochwertig, sicher und zuverl\u00e4ssig<\/strong>: Als Gro\u00dfh\u00e4ndler f\u00fcr Acrylgel verwenden alle unsere Produkte ungiftige, sichere und umweltfreundliche Inhaltsstoffe, damit jeder Kunde die Nagelkunst mit der besten Gesundheit erleben kann. Die Produktionsprozesse folgen globalen Standards f\u00fcr die Verwendung ohne jedes Problem.<\/li>\n\n\n\n<li><strong>Anpassungsdienste f\u00fcr unterschiedliche Bed\u00fcrfnisse<\/strong>: Gro\u00dfhandel Acryl-Gel Anpassung Dienstleistungen wie Farbe, Verpackung und Kennzeichnung auf einer pers\u00f6nlichen Ebene werden von uns angeboten, bietet jedem Kunden ma\u00dfgeschneiderte Produkte wie pro Marke Anforderungen f\u00fcr eine gr\u00f6\u00dfere Wettbewerbsf\u00e4higkeit des Marktes.<\/li>\n\n\n\n<li><strong>Sicher und umweltfreundlich:<\/strong> Es ist frei von giftigen Chemikalien und erf\u00fcllt die Anforderungen an die Umweltfreundlichkeit, so dass es auch bei l\u00e4ngerem Gebrauch sicher ist. Wir konzentrieren uns auf die Bereitstellung hochwertiger, umweltfreundlicher und sicherer Nagelprodukte, damit sich jede Manik\u00fcre noch angenehmer anf\u00fchlt.<\/li>\n\n\n\n<li><strong>Mehrzweck-Funktionen:<\/strong> Es ist ideal f\u00fcr Nagelkunstsalons, Nagelstudios, Nagelschulen und Nagelstudios. Ob f\u00fcr regelm\u00e4\u00dfige Nagelarbeiten oder professionelle Schulungen, es ist die ideale Wahl.<\/li>\n\n\n\n<li><strong>Individuelle Verpackungsgr\u00f6\u00dfen f\u00fcr verschiedene Zwecke<\/strong><br>Wir bieten verschiedene Verpackungsgr\u00f6\u00dfen an, um den unterschiedlichen Kundenanforderungen gerecht zu werden. Egal, ob es sich um kleine Packungen f\u00fcr den einmaligen Gebrauch oder um gro\u00dfe Mengen handelt, wir haben passende L\u00f6sungen f\u00fcr Nagelstudios, Salons und Vertriebsh\u00e4ndler. Unsere Verpackungsgr\u00f6\u00dfen umfassen 15g, 30g, 50g und 100g und viele mehr, um unterschiedlichen Bed\u00fcrfnissen gerecht zu werden.<\/li>\n<\/ul>\n<\/div>\n\n\n\n<div class=\"wp-block-column is-layout-flow wp-block-column-is-layout-flow\">\n<figure class=\"wp-block-image size-full\"><img decoding=\"async\" width=\"1500\" height=\"1500\" src=\"https:\/\/www.fsyougel.com\/wp-content\/uploads\/2025\/08\/Wholesale-Acrylic-Gel-for-Nails-36-Colors.webp\" alt=\"Gro\u00dfhandel Acryl Gel f\u00fcr N\u00e4gel 36 Farben\" class=\"wp-image-970\" srcset=\"https:\/\/www.fsyougel.com\/wp-content\/uploads\/2025\/08\/Wholesale-Acrylic-Gel-for-Nails-36-Colors.webp 1500w, https:\/\/www.fsyougel.com\/wp-content\/uploads\/2025\/08\/Wholesale-Acrylic-Gel-for-Nails-36-Colors-300x300.webp 300w, https:\/\/www.fsyougel.com\/wp-content\/uploads\/2025\/08\/Wholesale-Acrylic-Gel-for-Nails-36-Colors-150x150.webp 150w, https:\/\/www.fsyougel.com\/wp-content\/uploads\/2025\/08\/Wholesale-Acrylic-Gel-for-Nails-36-Colors-768x768.webp 768w, https:\/\/www.fsyougel.com\/wp-content\/uploads\/2025\/08\/Wholesale-Acrylic-Gel-for-Nails-36-Colors-1200x1200.webp 1200w, https:\/\/www.fsyougel.com\/wp-content\/uploads\/2025\/08\/Wholesale-Acrylic-Gel-for-Nails-36-Colors-600x600.webp 600w, https:\/\/www.fsyougel.com\/wp-content\/uploads\/2025\/08\/Wholesale-Acrylic-Gel-for-Nails-36-Colors-100x100.webp 100w\" sizes=\"(max-width: 1500px) 100vw, 1500px\" \/><\/figure>\n<\/div>\n<\/div>\n\n\n\n<div class=\"wp-block-columns is-layout-flex wp-container-core-columns-is-layout-9d6595d7 wp-block-columns-is-layout-flex\">\n<div class=\"wp-block-column is-layout-flow wp-block-column-is-layout-flow\">\n<figure class=\"wp-block-image size-full\"><img decoding=\"async\" width=\"1500\" height=\"1500\" src=\"https:\/\/www.fsyougel.com\/wp-content\/uploads\/2025\/08\/Wholesale-Acrylic-Gel-Long-Lasting-Poly-Gel-Supplier.webp\" alt=\"Gro\u00dfhandel Acryl Gel Langlebige Poly Gel Lieferant\" class=\"wp-image-972\" srcset=\"https:\/\/www.fsyougel.com\/wp-content\/uploads\/2025\/08\/Wholesale-Acrylic-Gel-Long-Lasting-Poly-Gel-Supplier.webp 1500w, https:\/\/www.fsyougel.com\/wp-content\/uploads\/2025\/08\/Wholesale-Acrylic-Gel-Long-Lasting-Poly-Gel-Supplier-300x300.webp 300w, https:\/\/www.fsyougel.com\/wp-content\/uploads\/2025\/08\/Wholesale-Acrylic-Gel-Long-Lasting-Poly-Gel-Supplier-150x150.webp 150w, https:\/\/www.fsyougel.com\/wp-content\/uploads\/2025\/08\/Wholesale-Acrylic-Gel-Long-Lasting-Poly-Gel-Supplier-768x768.webp 768w, https:\/\/www.fsyougel.com\/wp-content\/uploads\/2025\/08\/Wholesale-Acrylic-Gel-Long-Lasting-Poly-Gel-Supplier-1200x1200.webp 1200w, https:\/\/www.fsyougel.com\/wp-content\/uploads\/2025\/08\/Wholesale-Acrylic-Gel-Long-Lasting-Poly-Gel-Supplier-600x600.webp 600w, https:\/\/www.fsyougel.com\/wp-content\/uploads\/2025\/08\/Wholesale-Acrylic-Gel-Long-Lasting-Poly-Gel-Supplier-100x100.webp 100w\" sizes=\"(max-width: 1500px) 100vw, 1500px\" \/><\/figure>\n<\/div>\n\n\n\n<div class=\"wp-block-column is-layout-flow wp-block-column-is-layout-flow\">\n<figure class=\"wp-block-image size-full\"><img decoding=\"async\" width=\"1500\" height=\"1500\" src=\"https:\/\/www.fsyougel.com\/wp-content\/uploads\/2025\/08\/Wholesale-Acrylic-Gel-for-Nails-1.webp\" alt=\"Gro\u00dfhandel Acrylgel f\u00fcr N\u00e4gel (1)\" class=\"wp-image-967\" srcset=\"https:\/\/www.fsyougel.com\/wp-content\/uploads\/2025\/08\/Wholesale-Acrylic-Gel-for-Nails-1.webp 1500w, https:\/\/www.fsyougel.com\/wp-content\/uploads\/2025\/08\/Wholesale-Acrylic-Gel-for-Nails-1-300x300.webp 300w, https:\/\/www.fsyougel.com\/wp-content\/uploads\/2025\/08\/Wholesale-Acrylic-Gel-for-Nails-1-150x150.webp 150w, https:\/\/www.fsyougel.com\/wp-content\/uploads\/2025\/08\/Wholesale-Acrylic-Gel-for-Nails-1-768x768.webp 768w, https:\/\/www.fsyougel.com\/wp-content\/uploads\/2025\/08\/Wholesale-Acrylic-Gel-for-Nails-1-1200x1200.webp 1200w, https:\/\/www.fsyougel.com\/wp-content\/uploads\/2025\/08\/Wholesale-Acrylic-Gel-for-Nails-1-600x600.webp 600w, https:\/\/www.fsyougel.com\/wp-content\/uploads\/2025\/08\/Wholesale-Acrylic-Gel-for-Nails-1-100x100.webp 100w\" sizes=\"(max-width: 1500px) 100vw, 1500px\" \/><\/figure>\n<\/div>\n<\/div>","protected":false},"excerpt":{"rendered":"<p>Willkommen im Gro\u00dfhandel Acrylgel f\u00fcr N\u00e4gel von einem vertrauensw\u00fcrdigen Lieferanten zu kaufen. Unsere 36 lebendigen Farben, lang anhaltende Poly-Gel gew\u00e4hrleisten professionelle Nagelverl\u00e4ngerung Ergebnisse mit \u00fcberlegener St\u00e4rke und nat\u00fcrliches Finish. Als zuverl\u00e4ssiger Poly-Gel-Lieferant bieten wir OEM \/ ODM-Dienstleistungen f\u00fcr kundenspezifische Auftr\u00e4ge.<\/p>\n<table border=\"0\" width=\"854\" cellspacing=\"0\" cellpadding=\"0\">\n<tbody>\n<tr>\n<td width=\"257\" height=\"44\">Marke<\/td>\n<td width=\"597\">YouGel<\/td>\n<\/tr>\n<tr>\n<td width=\"257\" height=\"44\">Modellnummer<\/td>\n<td width=\"597\">AG01<\/td>\n<\/tr>\n<tr>\n<td width=\"257\" height=\"44\">Produkttyp<\/td>\n<td width=\"597\">Eintauchende UV\/LED<\/td>\n<\/tr>\n<tr>\n<td width=\"257\" height=\"44\">Material<\/td>\n<td width=\"597\">Harz<\/td>\n<\/tr>\n<tr>\n<td width=\"257\" height=\"44\">Farbe<\/td>\n<td width=\"597\">36 Farben<\/td>\n<\/tr>\n<tr>\n<td width=\"257\" height=\"44\">Band<\/td>\n<td width=\"597\">30ml\/60ml<\/td>\n<\/tr>\n<tr>\n<td width=\"257\" height=\"44\">Sicherheit<\/td>\n<td width=\"597\">HEMA-frei, TPO-frei, ungiftig, MSDS verf\u00fcgbar<\/td>\n<\/tr>\n<tr>\n<td width=\"257\" height=\"44\">MOQ<\/td>\n<td width=\"597\">Niedriges MOQ<\/td>\n<\/tr>\n<tr>\n<td width=\"257\" height=\"44\">Kostenlose Probe<\/td>\n<td width=\"597\">Verf\u00fcgbar<\/td>\n<\/tr>\n<tr>\n<td width=\"257\" height=\"82\">Kundenspezifische Option<\/td>\n<td width=\"597\">OEM\/ODM-Dienste, kundenspezifische Logos, Etiketten und Verpackungen werden unterst\u00fctzt<\/td>\n<\/tr>\n<\/tbody>\n<\/table>\n<h3 class=\"brxe-heading\">Vom Nagellackhersteller<\/h3>\n<p><a href=\"https:\/\/www.fsyougel.com\/de\/\"><strong>YouGel<\/strong><\/a>\u00a0ist ein Hightech-Nagellackhersteller, der Gro\u00dfhandel, Eigenmarken und OEM\/ODM-Dienstleistungen anbietet. Mehr als 10.000 HEMA-freie, vegane und tierversuchsfreie Farben, die sich leicht auftragen lassen, lange halten und leicht abwischen.<\/p>","protected":false},"featured_media":971,"comment_status":"closed","ping_status":"closed","template":"","meta":{"_acf_changed":false},"product_brand":[],"product_cat":[21],"product_tag":[],"class_list":{"0":"post-966","1":"product","2":"type-product","3":"status-publish","4":"has-post-thumbnail","6":"product_cat-wholesale-acryl-gel","8":"first","9":"instock","10":"shipping-taxable","11":"product-type-simple"},"acf":[],"_links":{"self":[{"href":"https:\/\/www.fsyougel.com\/de\/wp-json\/wp\/v2\/product\/966","targetHints":{"allow":["GET"]}}],"collection":[{"href":"https:\/\/www.fsyougel.com\/de\/wp-json\/wp\/v2\/product"}],"about":[{"href":"https:\/\/www.fsyougel.com\/de\/wp-json\/wp\/v2\/types\/product"}],"replies":[{"embeddable":true,"href":"https:\/\/www.fsyougel.com\/de\/wp-json\/wp\/v2\/comments?post=966"}],"wp:featuredmedia":[{"embeddable":true,"href":"https:\/\/www.fsyougel.com\/de\/wp-json\/wp\/v2\/media\/971"}],"wp:attachment":[{"href":"https:\/\/www.fsyougel.com\/de\/wp-json\/wp\/v2\/media?parent=966"}],"wp:term":[{"taxonomy":"product_brand","embeddable":true,"href":"https:\/\/www.fsyougel.com\/de\/wp-json\/wp\/v2\/product_brand?post=966"},{"taxonomy":"product_cat","embeddable":true,"href":"https:\/\/www.fsyougel.com\/de\/wp-json\/wp\/v2\/product_cat?post=966"},{"taxonomy":"product_tag","embeddable":true,"href":"https:\/\/www.fsyougel.com\/de\/wp-json\/wp\/v2\/product_tag?post=966"}],"curies":[{"name":"wp","href":"https:\/\/api.w.org\/{rel}","templated":true}]}}