{"id":987,"date":"2025-08-28T08:56:23","date_gmt":"2025-08-28T08:56:23","guid":{"rendered":"https:\/\/www.fsyougel.com\/?post_type=product&#038;p=987"},"modified":"2025-10-24T09:14:55","modified_gmt":"2025-10-24T09:14:55","slug":"private-label-poly-gel-for-nails","status":"publish","type":"product","link":"https:\/\/www.fsyougel.com\/de\/produkt\/private-label-poly-gel-for-nails\/","title":{"rendered":"Eigenmarke Poly Gel UV\/LED Soak Off Gro\u00dfhandel 30g\/60g Acryl Gel f\u00fcr Nagelverl\u00e4ngerung"},"content":{"rendered":"<div class=\"wp-block-columns is-layout-flex wp-container-core-columns-is-layout-9d6595d7 wp-block-columns-is-layout-flex\">\n<div class=\"wp-block-column is-layout-flow wp-block-column-is-layout-flow\">\n<h2 class=\"wp-block-heading\">Eigenmarke Poly Gel Eigenschaften:<\/h2>\n\n\n\n<ul class=\"wp-block-list\">\n<li><strong>Private Label-Anpassung f\u00fcr individuelle Bed\u00fcrfnisse:<\/strong> Wir bieten Private Label Poly Gel L\u00f6sungen an, indem wir Verpackungen und Etiketten entsprechend Ihren Markenanforderungen anpassen, um Ihnen den Markteintritt zu erleichtern und Ihr Markenbewusstsein zu st\u00e4rken. Ob Farbe, Design oder Verpackung, alles kann nach Ihrem Bedarf angepasst werden.<\/li>\n\n\n\n<li><strong>Hochwertiges Polygel f\u00fcr m\u00fchelose Nagelverl\u00e4ngerungen<\/strong>:<br>Private Label Poly Gel ist ein hochwertiges Acrylgel, das f\u00fcr Nagelverl\u00e4ngerungen, Reparaturen und Styling verwendet werden kann. Mit UV\/LED-Licht geh\u00e4rtet, liefert es lang anhaltende, hochresistente Ergebnisse, die sich perfekt f\u00fcr den Salon und den Gebrauch zu Hause eignen.<\/li>\n\n\n\n<li><strong>Geruchsneutral und einfach in der Anwendung<\/strong>: Dieses Gro\u00dfhandels-Acrylgel ist geruchsarm und frei von giftigen Substanzen, so dass die Kunden es bequem und sicher verwenden k\u00f6nnen. Es hat eine leichte Textur, die einfach zu verarbeiten und zu formen ist, so dass es auch f\u00fcr neue Benutzer geeignet ist.<\/li>\n\n\n\n<li><strong>Gro\u00dfhandelspreise mit Mengenrabatten<\/strong>: Als professioneller Lieferant von Acrylgelen im Gro\u00dfhandel bieten wir wettbewerbsf\u00e4hige Gro\u00dfhandelspreise f\u00fcr Gro\u00dfauftr\u00e4ge an, so dass die Kunden qualitativ hochwertige Produkte zum wettbewerbsf\u00e4higsten Preis erhalten, um das Gesch\u00e4ft voranzutreiben.<\/li>\n\n\n\n<li><strong>Flexible Verpackungsgr\u00f6\u00dfen:<\/strong> Unser Eigenmarken-Polygel ist in einer Vielzahl von Gr\u00f6\u00dfen erh\u00e4ltlich, darunter 30 g und 60 g, was eine flexible Anpassung an die Bed\u00fcrfnisse des Kunden erm\u00f6glicht. Egal, ob Sie Einzelverbraucher oder Gro\u00dfh\u00e4ndler sind, es gibt die perfekte Verpackungsgr\u00f6\u00dfe f\u00fcr Sie.<\/li>\n\n\n\n<li><strong>Professioneller Service &amp; prompte Lieferung<\/strong>: Unser Ziel ist es, einen schnellen und effizienten Service zu bieten. Als Gro\u00dfhandels-Acrylgel-Lieferant sorgen wir f\u00fcr eine prompte Lieferung der Produkte, um die zeitkritischen Anforderungen Ihres Unternehmens zu erf\u00fcllen.<\/li>\n<\/ul>\n<\/div>\n\n\n\n<div class=\"wp-block-column is-layout-flow wp-block-column-is-layout-flow\">\n<figure class=\"wp-block-image size-full\"><img decoding=\"async\" width=\"1500\" height=\"1500\" src=\"https:\/\/www.fsyougel.com\/wp-content\/uploads\/2025\/08\/Private-label-Poly-Gel-3.webp\" alt=\"Eigenmarke Poly Gel (3)\" class=\"wp-image-989\" srcset=\"https:\/\/www.fsyougel.com\/wp-content\/uploads\/2025\/08\/Private-label-Poly-Gel-3.webp 1500w, https:\/\/www.fsyougel.com\/wp-content\/uploads\/2025\/08\/Private-label-Poly-Gel-3-300x300.webp 300w, https:\/\/www.fsyougel.com\/wp-content\/uploads\/2025\/08\/Private-label-Poly-Gel-3-150x150.webp 150w, https:\/\/www.fsyougel.com\/wp-content\/uploads\/2025\/08\/Private-label-Poly-Gel-3-768x768.webp 768w, https:\/\/www.fsyougel.com\/wp-content\/uploads\/2025\/08\/Private-label-Poly-Gel-3-1200x1200.webp 1200w, https:\/\/www.fsyougel.com\/wp-content\/uploads\/2025\/08\/Private-label-Poly-Gel-3-600x600.webp 600w, https:\/\/www.fsyougel.com\/wp-content\/uploads\/2025\/08\/Private-label-Poly-Gel-3-100x100.webp 100w\" sizes=\"(max-width: 1500px) 100vw, 1500px\" \/><\/figure>\n<\/div>\n<\/div>\n\n\n\n<div class=\"wp-block-columns is-layout-flex wp-container-core-columns-is-layout-9d6595d7 wp-block-columns-is-layout-flex\">\n<div class=\"wp-block-column is-layout-flow wp-block-column-is-layout-flow\">\n<figure class=\"wp-block-image size-full\"><img decoding=\"async\" width=\"1500\" height=\"1500\" src=\"https:\/\/www.fsyougel.com\/wp-content\/uploads\/2025\/08\/Private-label-Poly-Gel-UVLED.webp\" alt=\"Eigenmarke Poly Gel UVLED\" class=\"wp-image-992\" srcset=\"https:\/\/www.fsyougel.com\/wp-content\/uploads\/2025\/08\/Private-label-Poly-Gel-UVLED.webp 1500w, https:\/\/www.fsyougel.com\/wp-content\/uploads\/2025\/08\/Private-label-Poly-Gel-UVLED-300x300.webp 300w, https:\/\/www.fsyougel.com\/wp-content\/uploads\/2025\/08\/Private-label-Poly-Gel-UVLED-150x150.webp 150w, https:\/\/www.fsyougel.com\/wp-content\/uploads\/2025\/08\/Private-label-Poly-Gel-UVLED-768x768.webp 768w, https:\/\/www.fsyougel.com\/wp-content\/uploads\/2025\/08\/Private-label-Poly-Gel-UVLED-1200x1200.webp 1200w, https:\/\/www.fsyougel.com\/wp-content\/uploads\/2025\/08\/Private-label-Poly-Gel-UVLED-600x600.webp 600w, https:\/\/www.fsyougel.com\/wp-content\/uploads\/2025\/08\/Private-label-Poly-Gel-UVLED-100x100.webp 100w\" sizes=\"(max-width: 1500px) 100vw, 1500px\" \/><\/figure>\n<\/div>\n\n\n\n<div class=\"wp-block-column is-layout-flow wp-block-column-is-layout-flow\">\n<figure class=\"wp-block-image size-full\"><img decoding=\"async\" width=\"1500\" height=\"1500\" src=\"https:\/\/www.fsyougel.com\/wp-content\/uploads\/2025\/08\/Private-label-Poly-Gel-1.webp\" alt=\"Eigenmarke Poly Gel (1)\" class=\"wp-image-988\" srcset=\"https:\/\/www.fsyougel.com\/wp-content\/uploads\/2025\/08\/Private-label-Poly-Gel-1.webp 1500w, https:\/\/www.fsyougel.com\/wp-content\/uploads\/2025\/08\/Private-label-Poly-Gel-1-300x300.webp 300w, https:\/\/www.fsyougel.com\/wp-content\/uploads\/2025\/08\/Private-label-Poly-Gel-1-150x150.webp 150w, https:\/\/www.fsyougel.com\/wp-content\/uploads\/2025\/08\/Private-label-Poly-Gel-1-768x768.webp 768w, https:\/\/www.fsyougel.com\/wp-content\/uploads\/2025\/08\/Private-label-Poly-Gel-1-1200x1200.webp 1200w, https:\/\/www.fsyougel.com\/wp-content\/uploads\/2025\/08\/Private-label-Poly-Gel-1-600x600.webp 600w, https:\/\/www.fsyougel.com\/wp-content\/uploads\/2025\/08\/Private-label-Poly-Gel-1-100x100.webp 100w\" sizes=\"(max-width: 1500px) 100vw, 1500px\" \/><\/figure>\n<\/div>\n<\/div>","protected":false},"excerpt":{"rendered":"<p>Willkommen zum Kauf der Eigenmarke Poly Gel UV\/LED soak off in 30g\/60g. Perfekt f\u00fcr die Nagelverl\u00e4ngerung und den professionellen Einsatz, bietet unser hochwertiges Poly Gel Haltbarkeit und einfache Anwendung.<\/p>\n<table border=\"0\" width=\"854\" cellspacing=\"0\" cellpadding=\"0\">\n<tbody>\n<tr>\n<td width=\"257\" height=\"44\">Marke<\/td>\n<td width=\"597\">YouGel<\/td>\n<\/tr>\n<tr>\n<td width=\"257\" height=\"44\">Modellnummer<\/td>\n<td width=\"597\">AG01<\/td>\n<\/tr>\n<tr>\n<td width=\"257\" height=\"44\">Produkttyp<\/td>\n<td width=\"597\">Eintauchende UV\/LED<\/td>\n<\/tr>\n<tr>\n<td width=\"257\" height=\"44\">Material<\/td>\n<td width=\"597\">Harz<\/td>\n<\/tr>\n<tr>\n<td width=\"257\" height=\"44\">Farbe<\/td>\n<td width=\"597\">36 Farben<\/td>\n<\/tr>\n<tr>\n<td width=\"257\" height=\"44\">Band<\/td>\n<td width=\"597\">30ml\/60ml<\/td>\n<\/tr>\n<tr>\n<td width=\"257\" height=\"44\">Sicherheit<\/td>\n<td width=\"597\">HEMA-frei, TPO-frei, ungiftig, MSDS verf\u00fcgbar<\/td>\n<\/tr>\n<tr>\n<td width=\"257\" height=\"44\">MOQ<\/td>\n<td width=\"597\">Niedriges MOQ<\/td>\n<\/tr>\n<tr>\n<td width=\"257\" height=\"44\">Kostenlose Probe<\/td>\n<td width=\"597\">Verf\u00fcgbar<\/td>\n<\/tr>\n<tr>\n<td width=\"257\" height=\"82\">Kundenspezifische Option<\/td>\n<td width=\"597\">OEM\/ODM-Dienste, kundenspezifische Logos, Etiketten und Verpackungen werden unterst\u00fctzt<\/td>\n<\/tr>\n<\/tbody>\n<\/table>\n<h3 class=\"brxe-heading\">Vom Nagellackhersteller<\/h3>\n<p><a href=\"https:\/\/www.fsyougel.com\/de\/\"><strong>YouGel<\/strong><\/a>\u00a0ist ein Hightech-Nagellackhersteller, der Gro\u00dfhandel, Eigenmarken und OEM\/ODM-Dienstleistungen anbietet. Mehr als 10.000 HEMA-freie, vegane und tierversuchsfreie Farben, die sich leicht auftragen lassen, lange halten und leicht abwischen.<\/p>","protected":false},"featured_media":991,"comment_status":"closed","ping_status":"closed","template":"","meta":{"_acf_changed":false},"product_brand":[],"product_cat":[21],"product_tag":[],"class_list":{"0":"post-987","1":"product","2":"type-product","3":"status-publish","4":"has-post-thumbnail","6":"product_cat-wholesale-acryl-gel","8":"first","9":"instock","10":"shipping-taxable","11":"product-type-simple"},"acf":[],"_links":{"self":[{"href":"https:\/\/www.fsyougel.com\/de\/wp-json\/wp\/v2\/product\/987","targetHints":{"allow":["GET"]}}],"collection":[{"href":"https:\/\/www.fsyougel.com\/de\/wp-json\/wp\/v2\/product"}],"about":[{"href":"https:\/\/www.fsyougel.com\/de\/wp-json\/wp\/v2\/types\/product"}],"replies":[{"embeddable":true,"href":"https:\/\/www.fsyougel.com\/de\/wp-json\/wp\/v2\/comments?post=987"}],"wp:featuredmedia":[{"embeddable":true,"href":"https:\/\/www.fsyougel.com\/de\/wp-json\/wp\/v2\/media\/991"}],"wp:attachment":[{"href":"https:\/\/www.fsyougel.com\/de\/wp-json\/wp\/v2\/media?parent=987"}],"wp:term":[{"taxonomy":"product_brand","embeddable":true,"href":"https:\/\/www.fsyougel.com\/de\/wp-json\/wp\/v2\/product_brand?post=987"},{"taxonomy":"product_cat","embeddable":true,"href":"https:\/\/www.fsyougel.com\/de\/wp-json\/wp\/v2\/product_cat?post=987"},{"taxonomy":"product_tag","embeddable":true,"href":"https:\/\/www.fsyougel.com\/de\/wp-json\/wp\/v2\/product_tag?post=987"}],"curies":[{"name":"wp","href":"https:\/\/api.w.org\/{rel}","templated":true}]}}