{"id":1005,"date":"2025-08-28T17:55:00","date_gmt":"2025-08-28T17:55:00","guid":{"rendered":"https:\/\/www.fsyougel.com\/"},"modified":"2025-08-28T17:55:06","modified_gmt":"2025-08-28T17:55:06","slug":"wholesale-cuticle-oil-15ml","status":"publish","type":"product","link":"https:\/\/www.fsyougel.com\/es\/producto\/wholesale-cuticle-oil-15ml\/","title":{"rendered":"Venta al por mayor Aceite para cut\u00edculas 15ml Organic Nail Care Nutrition Oil Proveedor"},"content":{"rendered":"<div class=\"wp-block-columns is-layout-flex wp-container-core-columns-is-layout-9d6595d7 wp-block-columns-is-layout-flex\">\n<div class=\"wp-block-column is-layout-flow wp-block-column-is-layout-flow\">\n<h2 class=\"wp-block-heading\">Aceite de cut\u00edcula al por mayor Caracter\u00edsticas:<\/h2>\n\n\n\n<ul class=\"wp-block-list\">\n<li><strong>Ingredientes nutritivos naturales<\/strong>: Formulado con extractos de plantas org\u00e1nicas, hidrata profundamente la capa de la cut\u00edcula, promoviendo u\u00f1as sanas y brillantes. El aceite para cut\u00edculas al por mayor es ideal para salones de manicura profesionales y para el cuidado diario.<\/li>\n\n\n\n<li><strong>Reparaci\u00f3n y protecci\u00f3n<\/strong>: El aceite nutritivo de marca blanca para el cuidado de las u\u00f1as contiene m\u00faltiples ingredientes nutritivos que reparan eficazmente las cut\u00edculas secas y agrietadas, previenen los da\u00f1os en la superficie de las u\u00f1as y mantienen unas manos cuidadas y bonitas.<\/li>\n\n\n\n<li><strong>Soporte de personalizaci\u00f3n:<\/strong> Ofrecemos servicios OEM\/ODM para la venta al por mayor de aceite para cut\u00edculas, lo que permite personalizar el dise\u00f1o de la botella, el volumen, la fragancia y el logotipo para ayudar a las marcas a establecer una identidad \u00fanica.<\/li>\n\n\n\n<li><strong>Seguro y fiable<\/strong>: Certificado a trav\u00e9s de m\u00faltiples normas de calidad, nuestro aceite nutritivo de marca blanca para el cuidado de las u\u00f1as no contiene ingredientes nocivos, es suave y seguro para su uso a largo plazo.<\/li>\n\n\n\n<li><strong>Capacidad de suministro global:<\/strong> Gran capacidad de suministro a granel con entregas r\u00e1pidas para satisfacer la demanda mayorista en diversos mercados.<\/li>\n<\/ul>\n<\/div>\n\n\n\n<div class=\"wp-block-column is-layout-flow wp-block-column-is-layout-flow\">\n<figure class=\"wp-block-image size-full\"><img decoding=\"async\" width=\"1500\" height=\"1500\" src=\"https:\/\/www.fsyougel.com\/wp-content\/uploads\/2025\/08\/Wholesale-Cuticle-Oil-15ml-Organic-Nail-Care.webp\" alt=\"Mayorista Aceite para cut\u00edculas 15ml Organic Nail Care\" class=\"wp-image-1007\" srcset=\"https:\/\/www.fsyougel.com\/wp-content\/uploads\/2025\/08\/Wholesale-Cuticle-Oil-15ml-Organic-Nail-Care.webp 1500w, https:\/\/www.fsyougel.com\/wp-content\/uploads\/2025\/08\/Wholesale-Cuticle-Oil-15ml-Organic-Nail-Care-300x300.webp 300w, https:\/\/www.fsyougel.com\/wp-content\/uploads\/2025\/08\/Wholesale-Cuticle-Oil-15ml-Organic-Nail-Care-150x150.webp 150w, https:\/\/www.fsyougel.com\/wp-content\/uploads\/2025\/08\/Wholesale-Cuticle-Oil-15ml-Organic-Nail-Care-768x768.webp 768w, https:\/\/www.fsyougel.com\/wp-content\/uploads\/2025\/08\/Wholesale-Cuticle-Oil-15ml-Organic-Nail-Care-12x12.webp 12w, https:\/\/www.fsyougel.com\/wp-content\/uploads\/2025\/08\/Wholesale-Cuticle-Oil-15ml-Organic-Nail-Care-1200x1200.webp 1200w, https:\/\/www.fsyougel.com\/wp-content\/uploads\/2025\/08\/Wholesale-Cuticle-Oil-15ml-Organic-Nail-Care-600x600.webp 600w, https:\/\/www.fsyougel.com\/wp-content\/uploads\/2025\/08\/Wholesale-Cuticle-Oil-15ml-Organic-Nail-Care-100x100.webp 100w\" sizes=\"(max-width: 1500px) 100vw, 1500px\" \/><\/figure>\n<\/div>\n<\/div>\n\n\n\n<div class=\"wp-block-columns is-layout-flex wp-container-core-columns-is-layout-9d6595d7 wp-block-columns-is-layout-flex\">\n<div class=\"wp-block-column is-layout-flow wp-block-column-is-layout-flow\">\n<figure class=\"wp-block-image size-full\"><img decoding=\"async\" width=\"1500\" height=\"1500\" src=\"https:\/\/www.fsyougel.com\/wp-content\/uploads\/2025\/08\/Wholesale-Cuticle-Oil-15ml-Organic-Nail-Care-2.webp\" alt=\"Mayorista Aceite para cut\u00edculas 15ml Organic Nail Care (2)\" class=\"wp-image-1006\" srcset=\"https:\/\/www.fsyougel.com\/wp-content\/uploads\/2025\/08\/Wholesale-Cuticle-Oil-15ml-Organic-Nail-Care-2.webp 1500w, https:\/\/www.fsyougel.com\/wp-content\/uploads\/2025\/08\/Wholesale-Cuticle-Oil-15ml-Organic-Nail-Care-2-300x300.webp 300w, https:\/\/www.fsyougel.com\/wp-content\/uploads\/2025\/08\/Wholesale-Cuticle-Oil-15ml-Organic-Nail-Care-2-150x150.webp 150w, https:\/\/www.fsyougel.com\/wp-content\/uploads\/2025\/08\/Wholesale-Cuticle-Oil-15ml-Organic-Nail-Care-2-768x768.webp 768w, https:\/\/www.fsyougel.com\/wp-content\/uploads\/2025\/08\/Wholesale-Cuticle-Oil-15ml-Organic-Nail-Care-2-12x12.webp 12w, https:\/\/www.fsyougel.com\/wp-content\/uploads\/2025\/08\/Wholesale-Cuticle-Oil-15ml-Organic-Nail-Care-2-1200x1200.webp 1200w, https:\/\/www.fsyougel.com\/wp-content\/uploads\/2025\/08\/Wholesale-Cuticle-Oil-15ml-Organic-Nail-Care-2-600x600.webp 600w, https:\/\/www.fsyougel.com\/wp-content\/uploads\/2025\/08\/Wholesale-Cuticle-Oil-15ml-Organic-Nail-Care-2-100x100.webp 100w\" sizes=\"(max-width: 1500px) 100vw, 1500px\" \/><\/figure>\n<\/div>\n\n\n\n<div class=\"wp-block-column is-layout-flow wp-block-column-is-layout-flow\">\n<figure class=\"wp-block-image size-full\"><img decoding=\"async\" width=\"1000\" height=\"1000\" src=\"https:\/\/www.fsyougel.com\/wp-content\/uploads\/2025\/08\/Wholesale-Cuticle-Oil.webp\" alt=\"Aceite para cut\u00edculas al por mayor\" class=\"wp-image-1012\" srcset=\"https:\/\/www.fsyougel.com\/wp-content\/uploads\/2025\/08\/Wholesale-Cuticle-Oil.webp 1000w, https:\/\/www.fsyougel.com\/wp-content\/uploads\/2025\/08\/Wholesale-Cuticle-Oil-300x300.webp 300w, https:\/\/www.fsyougel.com\/wp-content\/uploads\/2025\/08\/Wholesale-Cuticle-Oil-150x150.webp 150w, https:\/\/www.fsyougel.com\/wp-content\/uploads\/2025\/08\/Wholesale-Cuticle-Oil-768x768.webp 768w, https:\/\/www.fsyougel.com\/wp-content\/uploads\/2025\/08\/Wholesale-Cuticle-Oil-12x12.webp 12w, https:\/\/www.fsyougel.com\/wp-content\/uploads\/2025\/08\/Wholesale-Cuticle-Oil-600x600.webp 600w, https:\/\/www.fsyougel.com\/wp-content\/uploads\/2025\/08\/Wholesale-Cuticle-Oil-100x100.webp 100w\" sizes=\"(max-width: 1000px) 100vw, 1000px\" \/><\/figure>\n<\/div>\n<\/div>","protected":false},"excerpt":{"rendered":"<p>Bienvenido a comprar, nuestro aceite de cut\u00edcula al por mayor nutre y protege las u\u00f1as con extractos naturales. Aceite nutritivo para el cuidado de las u\u00f1as de etiqueta privada disponible para OEM\/ODM. Apoye las muestras libres, el empaquetado de encargo, y la fuente global para su marca.<\/p>\n<table border=\"0\" width=\"854\" cellspacing=\"0\" cellpadding=\"0\">\n<tbody>\n<tr>\n<td width=\"257\" height=\"44\">Marca<\/td>\n<td width=\"597\">YouGel<\/td>\n<\/tr>\n<tr>\n<td width=\"257\" height=\"44\">N\u00famero de modelo<\/td>\n<td width=\"597\">FP01<\/td>\n<\/tr>\n<tr>\n<td width=\"257\" height=\"44\">Tipo de producto<\/td>\n<td width=\"597\">Secado al aire<\/td>\n<\/tr>\n<tr>\n<td width=\"257\" height=\"44\">Material<\/td>\n<td width=\"597\">Vitamina E, aceite de semillas de frutas<\/td>\n<\/tr>\n<tr>\n<td width=\"257\" height=\"44\">Color<\/td>\n<td width=\"597\">Claro<\/td>\n<\/tr>\n<tr>\n<td width=\"257\" height=\"44\">Volumen<\/td>\n<td width=\"597\">15 ml\/Personalizado<\/td>\n<\/tr>\n<tr>\n<td width=\"257\" height=\"44\">Seguridad<\/td>\n<td width=\"597\">Sin HEMA, no t\u00f3xico, MSDS disponible<\/td>\n<\/tr>\n<tr>\n<td width=\"257\" height=\"44\">MOQ<\/td>\n<td width=\"597\">MOQ bajo<\/td>\n<\/tr>\n<tr>\n<td width=\"257\" height=\"44\">Muestra gratuita<\/td>\n<td width=\"597\">Disponible<\/td>\n<\/tr>\n<tr>\n<td width=\"257\" height=\"82\">Opci\u00f3n personalizada<\/td>\n<td width=\"597\">Servicios OEM\/ODM, logotipos, etiquetas y embalajes personalizados<\/td>\n<\/tr>\n<\/tbody>\n<\/table>\n<h3 class=\"brxe-heading\">Del fabricante de esmalte de gel para u\u00f1as<\/h3>\n<p><a href=\"https:\/\/www.fsyougel.com\/es\/\"><strong>YouGel<\/strong><\/a>\u00a0es un fabricante de esmaltes de gel de u\u00f1as de alta tecnolog\u00eda que ofrece servicios de venta al por mayor, marca blanca y OEM\/ODM. M\u00e1s de 10.000 colores sin HEMA, veganos y sin crueldad, de aplicaci\u00f3n suave, larga duraci\u00f3n y f\u00e1cil remojo.<\/p>","protected":false},"featured_media":1011,"comment_status":"closed","ping_status":"closed","template":"","meta":{"_acf_changed":false},"product_brand":[],"product_cat":[26],"product_tag":[],"class_list":{"0":"post-1005","1":"product","2":"type-product","3":"status-publish","4":"has-post-thumbnail","6":"product_cat-wholesale-nail-care-treatment","8":"first","9":"instock","10":"shipping-taxable","11":"product-type-simple"},"acf":[],"_links":{"self":[{"href":"https:\/\/www.fsyougel.com\/es\/wp-json\/wp\/v2\/product\/1005","targetHints":{"allow":["GET"]}}],"collection":[{"href":"https:\/\/www.fsyougel.com\/es\/wp-json\/wp\/v2\/product"}],"about":[{"href":"https:\/\/www.fsyougel.com\/es\/wp-json\/wp\/v2\/types\/product"}],"replies":[{"embeddable":true,"href":"https:\/\/www.fsyougel.com\/es\/wp-json\/wp\/v2\/comments?post=1005"}],"wp:featuredmedia":[{"embeddable":true,"href":"https:\/\/www.fsyougel.com\/es\/wp-json\/wp\/v2\/media\/1011"}],"wp:attachment":[{"href":"https:\/\/www.fsyougel.com\/es\/wp-json\/wp\/v2\/media?parent=1005"}],"wp:term":[{"taxonomy":"product_brand","embeddable":true,"href":"https:\/\/www.fsyougel.com\/es\/wp-json\/wp\/v2\/product_brand?post=1005"},{"taxonomy":"product_cat","embeddable":true,"href":"https:\/\/www.fsyougel.com\/es\/wp-json\/wp\/v2\/product_cat?post=1005"},{"taxonomy":"product_tag","embeddable":true,"href":"https:\/\/www.fsyougel.com\/es\/wp-json\/wp\/v2\/product_tag?post=1005"}],"curies":[{"name":"wp","href":"https:\/\/api.w.org\/{rel}","templated":true}]}}