{"id":1013,"date":"2025-08-29T01:35:47","date_gmt":"2025-08-29T01:35:47","guid":{"rendered":"https:\/\/www.fsyougel.com\/"},"modified":"2025-10-24T09:12:44","modified_gmt":"2025-10-24T09:12:44","slug":"oem-self-leveling-gel-polish-wholesale","status":"publish","type":"product","link":"https:\/\/www.fsyougel.com\/es\/producto\/oem-self-leveling-gel-polish-wholesale\/","title":{"rendered":"Esmalte de Gel Autonivelante OEM al por mayor, 6 en 1 Builder Gel Base Coat"},"content":{"rendered":"<div class=\"wp-block-columns is-layout-flex wp-container-core-columns-is-layout-9d6595d7 wp-block-columns-is-layout-flex\">\n<div class=\"wp-block-column is-layout-flow wp-block-column-is-layout-flow\">\n<h2 class=\"wp-block-heading\">OEM Gel Polish Autonivelante Caracter\u00edsticas:<\/h2>\n\n\n\n<ul class=\"wp-block-list\">\n<li><strong>Acabado liso autonivelante<\/strong>: Este esmalte en gel autonivelante masivo cuenta con incre\u00edbles propiedades autonivelantes, alisando r\u00e1pidamente la superficie de la u\u00f1a en la aplicaci\u00f3n para minimizar las pinceladas y proporcionar un acabado suave y brillante.<\/li>\n\n\n\n<li><strong>Ingredientes naturales<\/strong>: Formulados con ingredientes naturales de primera calidad, seguros y suaves, no da\u00f1an la superficie de las u\u00f1as, proporcionando una experiencia de manicura m\u00e1s saludable.<\/li>\n\n\n\n<li><strong>Olor bajo:<\/strong> Su f\u00f3rmula mejorada reduce significativamente los olores penetrantes, haciendo que el proceso de manicura sea m\u00e1s c\u00f3modo.<\/li>\n\n\n\n<li><strong>Inofensivo para las u\u00f1as<\/strong>: Su f\u00f3rmula suave no da\u00f1a las u\u00f1as naturales incluso con un uso prolongado, manteniendo la salud de las u\u00f1as.<\/li>\n\n\n\n<li><strong>Dise\u00f1o 6 en 1<\/strong>: Ahorra tiempo y dinero a los t\u00e9cnicos de u\u00f1as con capa base, longitud, fortalecimiento, reparaci\u00f3n, alisado y protecci\u00f3n todo en uno, esta capa base de gel constructor 6 en 1 es un ahorro de tiempo.<\/li>\n\n\n\n<li><strong>Durabilidad de larga duraci\u00f3n:<\/strong> Su potente f\u00f3rmula aporta dureza y flexibilidad a la superficie de la u\u00f1a para resistir la rotura y el desgaste durante mucho tiempo.<\/li>\n\n\n\n<li><strong>Uso polivalente<\/strong>: Para uso en salones y uso personal, este esmalte en gel autonivelante al por mayor es sencillo para obtener resultados de calidad profesional.<\/li>\n\n\n\n<li><strong>M\u00e1s seguro y ecol\u00f3gico<\/strong>: Con ingredientes de alta calidad sin incluir productos qu\u00edmicos fuertes, ofreciendo tranquilidad con f\u00f3rmulas suaves y seguras para las u\u00f1as.<\/li>\n\n\n\n<li><strong>Capacidad de suministro mundial<\/strong>: La entrega r\u00e1pida y la producci\u00f3n en masa se mezclan con los requisitos de compra al por mayor para m\u00faltiples mercados, lo que ayuda a las marcas a expandirse por todo el mundo.<\/li>\n<\/ul>\n<\/div>\n\n\n\n<div class=\"wp-block-column is-layout-flow wp-block-column-is-layout-flow\">\n<figure class=\"wp-block-image size-full\"><img decoding=\"async\" width=\"1500\" height=\"1500\" src=\"https:\/\/www.fsyougel.com\/wp-content\/uploads\/2025\/08\/OEM-Self-Leveling-Gel-Polish-Wholesale.webp\" alt=\"Gel Polish Autonivelante OEM al por mayor\" class=\"wp-image-1017\" srcset=\"https:\/\/www.fsyougel.com\/wp-content\/uploads\/2025\/08\/OEM-Self-Leveling-Gel-Polish-Wholesale.webp 1500w, https:\/\/www.fsyougel.com\/wp-content\/uploads\/2025\/08\/OEM-Self-Leveling-Gel-Polish-Wholesale-300x300.webp 300w, https:\/\/www.fsyougel.com\/wp-content\/uploads\/2025\/08\/OEM-Self-Leveling-Gel-Polish-Wholesale-150x150.webp 150w, https:\/\/www.fsyougel.com\/wp-content\/uploads\/2025\/08\/OEM-Self-Leveling-Gel-Polish-Wholesale-768x768.webp 768w, https:\/\/www.fsyougel.com\/wp-content\/uploads\/2025\/08\/OEM-Self-Leveling-Gel-Polish-Wholesale-12x12.webp 12w, https:\/\/www.fsyougel.com\/wp-content\/uploads\/2025\/08\/OEM-Self-Leveling-Gel-Polish-Wholesale-1200x1200.webp 1200w, https:\/\/www.fsyougel.com\/wp-content\/uploads\/2025\/08\/OEM-Self-Leveling-Gel-Polish-Wholesale-600x600.webp 600w, https:\/\/www.fsyougel.com\/wp-content\/uploads\/2025\/08\/OEM-Self-Leveling-Gel-Polish-Wholesale-100x100.webp 100w\" sizes=\"(max-width: 1500px) 100vw, 1500px\" \/><\/figure>\n<\/div>\n<\/div>\n\n\n\n<div class=\"wp-block-columns is-layout-flex wp-container-core-columns-is-layout-9d6595d7 wp-block-columns-is-layout-flex\">\n<div class=\"wp-block-column is-layout-flow wp-block-column-is-layout-flow\">\n<figure class=\"wp-block-image size-full\"><img decoding=\"async\" width=\"3125\" height=\"3125\" src=\"https:\/\/www.fsyougel.com\/wp-content\/uploads\/2025\/08\/Custom-Self-Leveling-Gel-Polish-6-in-1-Builder-Gel-Base-Coat-2.webp\" alt=\"Custom Self Leveling Gel Polish 6 en 1 Builder Gel Base Coat (2)\" class=\"wp-image-1014\" srcset=\"https:\/\/www.fsyougel.com\/wp-content\/uploads\/2025\/08\/Custom-Self-Leveling-Gel-Polish-6-in-1-Builder-Gel-Base-Coat-2.webp 3125w, https:\/\/www.fsyougel.com\/wp-content\/uploads\/2025\/08\/Custom-Self-Leveling-Gel-Polish-6-in-1-Builder-Gel-Base-Coat-2-300x300.webp 300w, https:\/\/www.fsyougel.com\/wp-content\/uploads\/2025\/08\/Custom-Self-Leveling-Gel-Polish-6-in-1-Builder-Gel-Base-Coat-2-150x150.webp 150w, https:\/\/www.fsyougel.com\/wp-content\/uploads\/2025\/08\/Custom-Self-Leveling-Gel-Polish-6-in-1-Builder-Gel-Base-Coat-2-768x768.webp 768w, https:\/\/www.fsyougel.com\/wp-content\/uploads\/2025\/08\/Custom-Self-Leveling-Gel-Polish-6-in-1-Builder-Gel-Base-Coat-2-12x12.webp 12w, https:\/\/www.fsyougel.com\/wp-content\/uploads\/2025\/08\/Custom-Self-Leveling-Gel-Polish-6-in-1-Builder-Gel-Base-Coat-2-1200x1200.webp 1200w, https:\/\/www.fsyougel.com\/wp-content\/uploads\/2025\/08\/Custom-Self-Leveling-Gel-Polish-6-in-1-Builder-Gel-Base-Coat-2-600x600.webp 600w, https:\/\/www.fsyougel.com\/wp-content\/uploads\/2025\/08\/Custom-Self-Leveling-Gel-Polish-6-in-1-Builder-Gel-Base-Coat-2-100x100.webp 100w\" sizes=\"(max-width: 3125px) 100vw, 3125px\" \/><\/figure>\n<\/div>\n\n\n\n<div class=\"wp-block-column is-layout-flow wp-block-column-is-layout-flow\">\n<figure class=\"wp-block-image size-full\"><img decoding=\"async\" width=\"3125\" height=\"3125\" src=\"https:\/\/www.fsyougel.com\/wp-content\/uploads\/2025\/08\/Custom-Self-Leveling-Gel-Polish.webp\" alt=\"Esmalte en gel autonivelante personalizado\" class=\"wp-image-1015\" srcset=\"https:\/\/www.fsyougel.com\/wp-content\/uploads\/2025\/08\/Custom-Self-Leveling-Gel-Polish.webp 3125w, https:\/\/www.fsyougel.com\/wp-content\/uploads\/2025\/08\/Custom-Self-Leveling-Gel-Polish-300x300.webp 300w, https:\/\/www.fsyougel.com\/wp-content\/uploads\/2025\/08\/Custom-Self-Leveling-Gel-Polish-150x150.webp 150w, https:\/\/www.fsyougel.com\/wp-content\/uploads\/2025\/08\/Custom-Self-Leveling-Gel-Polish-768x768.webp 768w, https:\/\/www.fsyougel.com\/wp-content\/uploads\/2025\/08\/Custom-Self-Leveling-Gel-Polish-12x12.webp 12w, https:\/\/www.fsyougel.com\/wp-content\/uploads\/2025\/08\/Custom-Self-Leveling-Gel-Polish-1200x1200.webp 1200w, https:\/\/www.fsyougel.com\/wp-content\/uploads\/2025\/08\/Custom-Self-Leveling-Gel-Polish-600x600.webp 600w, https:\/\/www.fsyougel.com\/wp-content\/uploads\/2025\/08\/Custom-Self-Leveling-Gel-Polish-100x100.webp 100w\" sizes=\"(max-width: 3125px) 100vw, 3125px\" \/><\/figure>\n<\/div>\n<\/div>","protected":false},"excerpt":{"rendered":"<p data-start=\"339\" data-end=\"623\">Bienvenido a comprar, esmalte de gel autonivelante al por mayor OEM con capa base de gel constructor 6 en 1, ingredientes naturales, bajo olor e inofensivo para el cuidado de las u\u00f1as. Perfecto para salones y marcas privadas, venta por mayor auto nivelaci\u00f3n esmalte de gel asegura nivelaci\u00f3n suave, durabilidad y aplicaci\u00f3n segura.<\/p>\n<table border=\"0\" width=\"854\" cellspacing=\"0\" cellpadding=\"0\">\n<tbody>\n<tr>\n<td width=\"257\" height=\"44\">Marca<\/td>\n<td width=\"597\">YouGel<\/td>\n<\/tr>\n<tr>\n<td width=\"257\" height=\"44\">N\u00famero de modelo<\/td>\n<td width=\"597\">LP01<\/td>\n<\/tr>\n<tr>\n<td width=\"257\" height=\"44\">Tipo de producto<\/td>\n<td width=\"597\">Esmalte en gel UV\/LED remojable<\/td>\n<\/tr>\n<tr>\n<td width=\"257\" height=\"44\">Material<\/td>\n<td width=\"597\">Resina<\/td>\n<\/tr>\n<tr>\n<td width=\"257\" height=\"44\">Color<\/td>\n<td width=\"597\">Claro<\/td>\n<\/tr>\n<tr>\n<td width=\"257\" height=\"44\">Volumen<\/td>\n<td width=\"597\">15 ml<\/td>\n<\/tr>\n<tr>\n<td width=\"257\" height=\"44\">Seguridad<\/td>\n<td width=\"597\">Sin HEMA, sin TPO, no t\u00f3xico, MSDS disponible<\/td>\n<\/tr>\n<tr>\n<td width=\"257\" height=\"44\">MOQ<\/td>\n<td width=\"597\">MOQ bajo<\/td>\n<\/tr>\n<tr>\n<td width=\"257\" height=\"44\">Muestra gratuita<\/td>\n<td width=\"597\">Disponible<\/td>\n<\/tr>\n<tr>\n<td width=\"257\" height=\"82\">Opci\u00f3n personalizada<\/td>\n<td width=\"597\">Servicios OEM\/ODM, logotipos, etiquetas y embalajes personalizados<\/td>\n<\/tr>\n<\/tbody>\n<\/table>\n<h3 class=\"brxe-heading\">Del fabricante de esmalte de gel para u\u00f1as<\/h3>\n<p><a href=\"https:\/\/www.fsyougel.com\/es\/\"><strong>YouGel<\/strong><\/a>\u00a0es un fabricante de esmaltes de gel de u\u00f1as de alta tecnolog\u00eda que ofrece servicios de venta al por mayor, marca blanca y OEM\/ODM. M\u00e1s de 10.000 colores sin HEMA, veganos y sin crueldad, de aplicaci\u00f3n suave, larga duraci\u00f3n y f\u00e1cil remojo.<\/p>","protected":false},"featured_media":1021,"comment_status":"closed","ping_status":"closed","template":"","meta":{"_acf_changed":false},"product_brand":[],"product_cat":[25],"product_tag":[],"class_list":{"0":"post-1013","1":"product","2":"type-product","3":"status-publish","4":"has-post-thumbnail","6":"product_cat-wholesale-function-gel","8":"first","9":"instock","10":"shipping-taxable","11":"product-type-simple"},"acf":[],"_links":{"self":[{"href":"https:\/\/www.fsyougel.com\/es\/wp-json\/wp\/v2\/product\/1013","targetHints":{"allow":["GET"]}}],"collection":[{"href":"https:\/\/www.fsyougel.com\/es\/wp-json\/wp\/v2\/product"}],"about":[{"href":"https:\/\/www.fsyougel.com\/es\/wp-json\/wp\/v2\/types\/product"}],"replies":[{"embeddable":true,"href":"https:\/\/www.fsyougel.com\/es\/wp-json\/wp\/v2\/comments?post=1013"}],"wp:featuredmedia":[{"embeddable":true,"href":"https:\/\/www.fsyougel.com\/es\/wp-json\/wp\/v2\/media\/1021"}],"wp:attachment":[{"href":"https:\/\/www.fsyougel.com\/es\/wp-json\/wp\/v2\/media?parent=1013"}],"wp:term":[{"taxonomy":"product_brand","embeddable":true,"href":"https:\/\/www.fsyougel.com\/es\/wp-json\/wp\/v2\/product_brand?post=1013"},{"taxonomy":"product_cat","embeddable":true,"href":"https:\/\/www.fsyougel.com\/es\/wp-json\/wp\/v2\/product_cat?post=1013"},{"taxonomy":"product_tag","embeddable":true,"href":"https:\/\/www.fsyougel.com\/es\/wp-json\/wp\/v2\/product_tag?post=1013"}],"curies":[{"name":"wp","href":"https:\/\/api.w.org\/{rel}","templated":true}]}}