{"id":1024,"date":"2025-08-29T02:37:39","date_gmt":"2025-08-29T02:37:39","guid":{"rendered":"https:\/\/www.fsyougel.com\/"},"modified":"2025-12-31T09:18:11","modified_gmt":"2025-12-31T09:18:11","slug":"fruit-cat-eye-gel-polish-wholesale","status":"publish","type":"product","link":"https:\/\/www.fsyougel.com\/es\/producto\/fruit-cat-eye-gel-polish-wholesale\/","title":{"rendered":"Fruit Cat Eye Gel Polish Mayorista Esmalte de u\u00f1as magn\u00e9tico Proveedor"},"content":{"rendered":"<div class=\"wp-block-columns is-layout-flex wp-container-core-columns-is-layout-9d6595d7 wp-block-columns-is-layout-flex\">\n<div class=\"wp-block-column is-layout-flow wp-block-column-is-layout-flow\">\n<h2 class=\"wp-block-heading\">Venta al por mayor de frutas Cat Eye Gel Polish Caracter\u00edsticas:<\/h2>\n\n\n\n<ul class=\"wp-block-list\">\n<li><strong>Colores inspirados en frutas<\/strong>: Wholesale Fruit Cat Eye Gel Polish presenta tonos vibrantes inspirados en una colecci\u00f3n de frutas, incluyendo tonos tropicales como el esmalte de u\u00f1as de guayaba, creando una est\u00e9tica de u\u00f1as en\u00e9rgica y refrescante.<\/li>\n\n\n\n<li><strong>Efecto brillo magn\u00e9tico<\/strong>: Utilizando una avanzada f\u00f3rmula de polvo magn\u00e9tico, consigue sin esfuerzo un efecto de luz dimensional en el esmalte de u\u00f1as magn\u00e9tico. Las yemas de los dedos se transforman con la luz, revelando un encanto \u00fanico de ojos de gato.<\/li>\n\n\n\n<li><strong>Seis ventajas en una<\/strong>: Fruit Fantasia Cat Eye Gel Polish - A Juicy Twist on Nail Art polish ofrece un color intenso a la vez que prolonga, fortalece, repara y da brillo, perfecto para salones de belleza y uso personal.<\/li>\n\n\n\n<li><strong>Seguro y respetuoso con el medio ambiente<\/strong>: La f\u00f3rmula HEMA &amp; TPO FREE es suave con las u\u00f1as, garantizando una aplicaci\u00f3n sin preocupaciones para el cuidado de las u\u00f1as a largo plazo.<\/li>\n\n\n\n<li><strong>Duradero y resistente a los ara\u00f1azos:<\/strong> Este esmalte en gel para ojos de gato al por mayor presenta una textura resistente con una fuerte adherencia, manteniendo un brillo prolongado y resistiendo el desconchado.<\/li>\n\n\n\n<li><strong>Personalizaci\u00f3n OEM\/ODM<\/strong>: Apoya el etiquetado privado y el envasado personalizado, lo que permite a las marcas desarrollar l\u00edneas de productos diferenciadas y satisfacer las demandas internacionales de compra al por mayor.<\/li>\n\n\n\n<li><strong>Capacidad de suministro mundial<\/strong>: La producci\u00f3n en serie y la entrega r\u00e1pida satisfacen diversas necesidades del mercado mayorista de u\u00f1as.<\/li>\n<\/ul>\n<\/div>\n\n\n\n<div class=\"wp-block-column is-layout-flow wp-block-column-is-layout-flow\">\n<figure class=\"wp-block-image size-full\"><img decoding=\"async\" width=\"1500\" height=\"1500\" src=\"https:\/\/www.fsyougel.com\/wp-content\/uploads\/2025\/08\/Fruit-Cat-Eye-Gel-Polish-Wholesale-2.webp\" alt=\"Fruit Cat Eye Gel Polish al por mayor (2)\" class=\"wp-image-1029\" srcset=\"https:\/\/www.fsyougel.com\/wp-content\/uploads\/2025\/08\/Fruit-Cat-Eye-Gel-Polish-Wholesale-2.webp 1500w, https:\/\/www.fsyougel.com\/wp-content\/uploads\/2025\/08\/Fruit-Cat-Eye-Gel-Polish-Wholesale-2-300x300.webp 300w, https:\/\/www.fsyougel.com\/wp-content\/uploads\/2025\/08\/Fruit-Cat-Eye-Gel-Polish-Wholesale-2-150x150.webp 150w, https:\/\/www.fsyougel.com\/wp-content\/uploads\/2025\/08\/Fruit-Cat-Eye-Gel-Polish-Wholesale-2-768x768.webp 768w, https:\/\/www.fsyougel.com\/wp-content\/uploads\/2025\/08\/Fruit-Cat-Eye-Gel-Polish-Wholesale-2-12x12.webp 12w, https:\/\/www.fsyougel.com\/wp-content\/uploads\/2025\/08\/Fruit-Cat-Eye-Gel-Polish-Wholesale-2-1200x1200.webp 1200w, https:\/\/www.fsyougel.com\/wp-content\/uploads\/2025\/08\/Fruit-Cat-Eye-Gel-Polish-Wholesale-2-600x600.webp 600w, https:\/\/www.fsyougel.com\/wp-content\/uploads\/2025\/08\/Fruit-Cat-Eye-Gel-Polish-Wholesale-2-100x100.webp 100w\" sizes=\"(max-width: 1500px) 100vw, 1500px\" \/><\/figure>\n<\/div>\n<\/div>\n\n\n\n<div class=\"wp-block-columns is-layout-flex wp-container-core-columns-is-layout-9d6595d7 wp-block-columns-is-layout-flex\">\n<div class=\"wp-block-column is-layout-flow wp-block-column-is-layout-flow\">\n<figure class=\"wp-block-image size-full\"><img decoding=\"async\" width=\"1500\" height=\"1789\" src=\"https:\/\/www.fsyougel.com\/wp-content\/uploads\/2025\/08\/Fruit-Fantasia-Cat-Eye-Gel-Polish.webp\" alt=\"Esmalte en gel Fruit Fantasia Cat Eye\" class=\"wp-image-1036\" srcset=\"https:\/\/www.fsyougel.com\/wp-content\/uploads\/2025\/08\/Fruit-Fantasia-Cat-Eye-Gel-Polish.webp 1500w, https:\/\/www.fsyougel.com\/wp-content\/uploads\/2025\/08\/Fruit-Fantasia-Cat-Eye-Gel-Polish-252x300.webp 252w, https:\/\/www.fsyougel.com\/wp-content\/uploads\/2025\/08\/Fruit-Fantasia-Cat-Eye-Gel-Polish-768x916.webp 768w, https:\/\/www.fsyougel.com\/wp-content\/uploads\/2025\/08\/Fruit-Fantasia-Cat-Eye-Gel-Polish-10x12.webp 10w, https:\/\/www.fsyougel.com\/wp-content\/uploads\/2025\/08\/Fruit-Fantasia-Cat-Eye-Gel-Polish-1200x1431.webp 1200w, https:\/\/www.fsyougel.com\/wp-content\/uploads\/2025\/08\/Fruit-Fantasia-Cat-Eye-Gel-Polish-600x716.webp 600w\" sizes=\"(max-width: 1500px) 100vw, 1500px\" \/><\/figure>\n<\/div>\n\n\n\n<div class=\"wp-block-column is-layout-flow wp-block-column-is-layout-flow\">\n<figure class=\"wp-block-image size-full\"><img decoding=\"async\" width=\"1500\" height=\"1789\" src=\"https:\/\/www.fsyougel.com\/wp-content\/uploads\/2025\/08\/Fruit-Cat-Eye-Gel-Polish-Color.webp\" alt=\"Esmalte de Gel Color Fruit Cat Eye\" class=\"wp-image-1035\" srcset=\"https:\/\/www.fsyougel.com\/wp-content\/uploads\/2025\/08\/Fruit-Cat-Eye-Gel-Polish-Color.webp 1500w, https:\/\/www.fsyougel.com\/wp-content\/uploads\/2025\/08\/Fruit-Cat-Eye-Gel-Polish-Color-252x300.webp 252w, https:\/\/www.fsyougel.com\/wp-content\/uploads\/2025\/08\/Fruit-Cat-Eye-Gel-Polish-Color-768x916.webp 768w, https:\/\/www.fsyougel.com\/wp-content\/uploads\/2025\/08\/Fruit-Cat-Eye-Gel-Polish-Color-10x12.webp 10w, https:\/\/www.fsyougel.com\/wp-content\/uploads\/2025\/08\/Fruit-Cat-Eye-Gel-Polish-Color-1200x1431.webp 1200w, https:\/\/www.fsyougel.com\/wp-content\/uploads\/2025\/08\/Fruit-Cat-Eye-Gel-Polish-Color-600x716.webp 600w\" sizes=\"(max-width: 1500px) 100vw, 1500px\" \/><\/figure>\n<\/div>\n<\/div>","protected":false},"excerpt":{"rendered":"<p>Bienvenido a comprar al por mayor esmalte de gel de ojos de gato de fruta profesional con tonos vibrantes inspirados en la fruta, efecto de esmalte de u\u00f1as magn\u00e9tico y servicio de etiqueta privada OEM\/ODM.<\/p>\n<table border=\"0\" width=\"854\" cellspacing=\"0\" cellpadding=\"0\">\n<tbody>\n<tr>\n<td class=\"et3\" width=\"257\" height=\"44\">Marca<\/td>\n<td class=\"et3\" width=\"597\">YouGel<\/td>\n<\/tr>\n<tr>\n<td class=\"et4\" width=\"257\" height=\"44\">N\u00famero de modelo<\/td>\n<td class=\"et4\" width=\"597\">25CG01<\/td>\n<\/tr>\n<tr>\n<td class=\"et4\" width=\"257\" height=\"44\">Tipo de producto<\/td>\n<td class=\"et4\" width=\"597\">Esmalte en gel UV\/LED remojable<\/td>\n<\/tr>\n<tr>\n<td class=\"et4\" width=\"257\" height=\"44\">Material<\/td>\n<td class=\"et4\" width=\"597\">Resina<\/td>\n<\/tr>\n<tr>\n<td class=\"et4\" width=\"257\" height=\"44\">Color<\/td>\n<td class=\"et4\" width=\"597\">16 Colores<\/td>\n<\/tr>\n<tr>\n<td class=\"et4\" width=\"257\" height=\"44\">Volumen<\/td>\n<td class=\"et4\" width=\"597\">8 ml<\/td>\n<\/tr>\n<tr>\n<td class=\"et4\" width=\"257\" height=\"44\">Seguridad<\/td>\n<td class=\"et4\" width=\"597\">Sin HEMA, sin TPO, no t\u00f3xico, MSDS disponible<\/td>\n<\/tr>\n<tr>\n<td class=\"et4\" width=\"257\" height=\"44\">MOQ<\/td>\n<td class=\"et4\" width=\"597\">MOQ bajo<\/td>\n<\/tr>\n<tr>\n<td class=\"et4\" width=\"257\" height=\"44\">Muestra gratuita<\/td>\n<td class=\"et4\" width=\"597\">Disponible<\/td>\n<\/tr>\n<tr>\n<td class=\"et4\" width=\"257\" height=\"82\">Opci\u00f3n personalizada<\/td>\n<td class=\"et4\" width=\"597\">Servicios OEM\/ODM, logotipos, etiquetas y embalajes personalizados<\/td>\n<\/tr>\n<\/tbody>\n<\/table>\n<h2 class=\"brxe-heading\">Del fabricante del esmalte en gel<\/h2>\n<p><a href=\"https:\/\/www.fsyougel.com\/es\/\"><strong>YouGel<\/strong><\/a> es un fabricante de esmaltes de gel de confianza que ofrece bases de gel de alta calidad adecuadas para u\u00f1as UV\/LED. Nuestros productos est\u00e1n dise\u00f1ados para garantizar una aplicaci\u00f3n suave, una larga duraci\u00f3n y un f\u00e1cil secado.<\/p>","protected":false},"featured_media":1033,"comment_status":"closed","ping_status":"closed","template":"","meta":{"_acf_changed":false},"product_brand":[],"product_cat":[19,28],"product_tag":[],"class_list":{"0":"post-1024","1":"product","2":"type-product","3":"status-publish","4":"has-post-thumbnail","6":"product_cat-gel-polish-color-wholesale","7":"product_cat-cat-eye-gel-supplier","9":"first","10":"instock","11":"shipping-taxable","12":"product-type-simple"},"acf":[],"_links":{"self":[{"href":"https:\/\/www.fsyougel.com\/es\/wp-json\/wp\/v2\/product\/1024","targetHints":{"allow":["GET"]}}],"collection":[{"href":"https:\/\/www.fsyougel.com\/es\/wp-json\/wp\/v2\/product"}],"about":[{"href":"https:\/\/www.fsyougel.com\/es\/wp-json\/wp\/v2\/types\/product"}],"replies":[{"embeddable":true,"href":"https:\/\/www.fsyougel.com\/es\/wp-json\/wp\/v2\/comments?post=1024"}],"wp:featuredmedia":[{"embeddable":true,"href":"https:\/\/www.fsyougel.com\/es\/wp-json\/wp\/v2\/media\/1033"}],"wp:attachment":[{"href":"https:\/\/www.fsyougel.com\/es\/wp-json\/wp\/v2\/media?parent=1024"}],"wp:term":[{"taxonomy":"product_brand","embeddable":true,"href":"https:\/\/www.fsyougel.com\/es\/wp-json\/wp\/v2\/product_brand?post=1024"},{"taxonomy":"product_cat","embeddable":true,"href":"https:\/\/www.fsyougel.com\/es\/wp-json\/wp\/v2\/product_cat?post=1024"},{"taxonomy":"product_tag","embeddable":true,"href":"https:\/\/www.fsyougel.com\/es\/wp-json\/wp\/v2\/product_tag?post=1024"}],"curies":[{"name":"wp","href":"https:\/\/api.w.org\/{rel}","templated":true}]}}