{"id":1037,"date":"2025-08-29T07:24:18","date_gmt":"2025-08-29T07:24:18","guid":{"rendered":"https:\/\/www.fsyougel.com\/"},"modified":"2025-10-24T08:48:51","modified_gmt":"2025-10-24T08:48:51","slug":"wholesale-crack-gel-polish-8-colors","status":"publish","type":"product","link":"https:\/\/www.fsyougel.com\/es\/producto\/wholesale-crack-gel-polish-8-colors\/","title":{"rendered":"Mayorista Crack Gel Polish 8 Colores, Esmalte de U\u00f1as de Gel Personalizado para Nails Art Salon"},"content":{"rendered":"<div class=\"wp-block-columns is-layout-flex wp-container-core-columns-is-layout-9d6595d7 wp-block-columns-is-layout-flex\">\n<div class=\"wp-block-column is-layout-flow wp-block-column-is-layout-flow\">\n<h2 class=\"wp-block-heading\">Venta al por mayor Crack Gel Polish Caracter\u00edsticas:<\/h2>\n\n\n\n<ul class=\"wp-block-list\">\n<li><strong>Efecto craquelado \u00fanico:<\/strong> El esmalte de gel craquelado de 8 colores al por mayor proporciona un efecto craquelado \u00fanico, consiguiendo dise\u00f1os de u\u00f1as personalizados f\u00e1cilmente. Es muy deseado por fashionistas y salones de belleza.<\/li>\n\n\n\n<li><strong>Gama de opciones de color:<\/strong> En 8 colores de estilo para satisfacer diversas demandas de dise\u00f1o de u\u00f1as. La mezcla con otros tonos proporciona profundidad y efectos de capas.<\/li>\n\n\n\n<li><strong>Duradero y resistente al desgaste:<\/strong> Con su f\u00f3rmula de fuerte adherencia, no se astilla ni se desvanece para ofrecer efectos craquelados duraderos y audaces.<\/li>\n\n\n\n<li><strong>Seguro y respetuoso con el medio ambiente: <\/strong>Fabricado con productos qu\u00edmicos suaves y no t\u00f3xicos para evitar da\u00f1ar las u\u00f1as naturales y garantizar una aplicaci\u00f3n segura a largo plazo.<\/li>\n\n\n\n<li><strong>Esencial para el nail art creativo<\/strong>: Ideal para salones profesionales y aficionados por igual, con sencillez para conseguir efectos de craquelado profesionales.<\/li>\n\n\n\n<li><strong>Personalizaci\u00f3n OEM\/ODM<\/strong>: Personalice las formas de las botellas, los logotipos, el envase y la f\u00f3rmula seg\u00fan los pedidos de los clientes, lo que permite una identificaci\u00f3n \u00fanica de la marca.<\/li>\n\n\n\n<li><strong>Suministro mayorista y global:<\/strong> Ofrece capacidad de producci\u00f3n en serie con env\u00edo r\u00e1pido para satisfacer los requisitos de aprovisionamiento internacional.<\/li>\n<\/ul>\n<\/div>\n\n\n\n<div class=\"wp-block-column is-layout-flow wp-block-column-is-layout-flow\">\n<figure class=\"wp-block-image size-full\"><img decoding=\"async\" width=\"1500\" height=\"1500\" src=\"https:\/\/www.fsyougel.com\/wp-content\/uploads\/2025\/08\/8-Colors-Crack-Gel-Polish-Wholeslaer.webp\" alt=\"8 Colores Crack Gel Polish Wholeslaer\" class=\"wp-image-1039\" srcset=\"https:\/\/www.fsyougel.com\/wp-content\/uploads\/2025\/08\/8-Colors-Crack-Gel-Polish-Wholeslaer.webp 1500w, https:\/\/www.fsyougel.com\/wp-content\/uploads\/2025\/08\/8-Colors-Crack-Gel-Polish-Wholeslaer-300x300.webp 300w, https:\/\/www.fsyougel.com\/wp-content\/uploads\/2025\/08\/8-Colors-Crack-Gel-Polish-Wholeslaer-150x150.webp 150w, https:\/\/www.fsyougel.com\/wp-content\/uploads\/2025\/08\/8-Colors-Crack-Gel-Polish-Wholeslaer-768x768.webp 768w, https:\/\/www.fsyougel.com\/wp-content\/uploads\/2025\/08\/8-Colors-Crack-Gel-Polish-Wholeslaer-12x12.webp 12w, https:\/\/www.fsyougel.com\/wp-content\/uploads\/2025\/08\/8-Colors-Crack-Gel-Polish-Wholeslaer-1200x1200.webp 1200w, https:\/\/www.fsyougel.com\/wp-content\/uploads\/2025\/08\/8-Colors-Crack-Gel-Polish-Wholeslaer-600x600.webp 600w, https:\/\/www.fsyougel.com\/wp-content\/uploads\/2025\/08\/8-Colors-Crack-Gel-Polish-Wholeslaer-100x100.webp 100w\" sizes=\"(max-width: 1500px) 100vw, 1500px\" \/><\/figure>\n<\/div>\n<\/div>\n\n\n\n<div class=\"wp-block-columns is-layout-flex wp-container-core-columns-is-layout-9d6595d7 wp-block-columns-is-layout-flex\">\n<div class=\"wp-block-column is-layout-flow wp-block-column-is-layout-flow\">\n<figure class=\"wp-block-image size-full\"><img decoding=\"async\" width=\"1500\" height=\"1500\" src=\"https:\/\/www.fsyougel.com\/wp-content\/uploads\/2025\/08\/Wholesale-Crack-Gel-Polish-8-Colors-3.webp\" alt=\"Mayorista Crack Gel Polish 8 Colores (3)\" class=\"wp-image-1047\" srcset=\"https:\/\/www.fsyougel.com\/wp-content\/uploads\/2025\/08\/Wholesale-Crack-Gel-Polish-8-Colors-3.webp 1500w, https:\/\/www.fsyougel.com\/wp-content\/uploads\/2025\/08\/Wholesale-Crack-Gel-Polish-8-Colors-3-300x300.webp 300w, https:\/\/www.fsyougel.com\/wp-content\/uploads\/2025\/08\/Wholesale-Crack-Gel-Polish-8-Colors-3-150x150.webp 150w, https:\/\/www.fsyougel.com\/wp-content\/uploads\/2025\/08\/Wholesale-Crack-Gel-Polish-8-Colors-3-768x768.webp 768w, https:\/\/www.fsyougel.com\/wp-content\/uploads\/2025\/08\/Wholesale-Crack-Gel-Polish-8-Colors-3-12x12.webp 12w, https:\/\/www.fsyougel.com\/wp-content\/uploads\/2025\/08\/Wholesale-Crack-Gel-Polish-8-Colors-3-1200x1200.webp 1200w, https:\/\/www.fsyougel.com\/wp-content\/uploads\/2025\/08\/Wholesale-Crack-Gel-Polish-8-Colors-3-600x600.webp 600w, https:\/\/www.fsyougel.com\/wp-content\/uploads\/2025\/08\/Wholesale-Crack-Gel-Polish-8-Colors-3-100x100.webp 100w\" sizes=\"(max-width: 1500px) 100vw, 1500px\" \/><\/figure>\n<\/div>\n\n\n\n<div class=\"wp-block-column is-layout-flow wp-block-column-is-layout-flow\">\n<figure class=\"wp-block-image size-full\"><img decoding=\"async\" width=\"1500\" height=\"1500\" src=\"https:\/\/www.fsyougel.com\/wp-content\/uploads\/2025\/08\/Crack-Gel-Polish-Operation-steps.webp\" alt=\"Crack Gel Polish Pasos de la operaci\u00f3n\" class=\"wp-image-1041\" srcset=\"https:\/\/www.fsyougel.com\/wp-content\/uploads\/2025\/08\/Crack-Gel-Polish-Operation-steps.webp 1500w, https:\/\/www.fsyougel.com\/wp-content\/uploads\/2025\/08\/Crack-Gel-Polish-Operation-steps-300x300.webp 300w, https:\/\/www.fsyougel.com\/wp-content\/uploads\/2025\/08\/Crack-Gel-Polish-Operation-steps-150x150.webp 150w, https:\/\/www.fsyougel.com\/wp-content\/uploads\/2025\/08\/Crack-Gel-Polish-Operation-steps-768x768.webp 768w, https:\/\/www.fsyougel.com\/wp-content\/uploads\/2025\/08\/Crack-Gel-Polish-Operation-steps-12x12.webp 12w, https:\/\/www.fsyougel.com\/wp-content\/uploads\/2025\/08\/Crack-Gel-Polish-Operation-steps-1200x1200.webp 1200w, https:\/\/www.fsyougel.com\/wp-content\/uploads\/2025\/08\/Crack-Gel-Polish-Operation-steps-600x600.webp 600w, https:\/\/www.fsyougel.com\/wp-content\/uploads\/2025\/08\/Crack-Gel-Polish-Operation-steps-100x100.webp 100w\" sizes=\"(max-width: 1500px) 100vw, 1500px\" \/><\/figure>\n<\/div>\n<\/div>\n\n\n\n<figure class=\"wp-block-image size-full\"><img decoding=\"async\" width=\"1500\" height=\"1002\" src=\"https:\/\/www.fsyougel.com\/wp-content\/uploads\/2025\/08\/Crack-Gel-Polish-8-Colors-Wholesale.webp\" alt=\"Crack Gel Polish 8 Colores al por mayor\" class=\"wp-image-1040\" srcset=\"https:\/\/www.fsyougel.com\/wp-content\/uploads\/2025\/08\/Crack-Gel-Polish-8-Colors-Wholesale.webp 1500w, https:\/\/www.fsyougel.com\/wp-content\/uploads\/2025\/08\/Crack-Gel-Polish-8-Colors-Wholesale-300x200.webp 300w, https:\/\/www.fsyougel.com\/wp-content\/uploads\/2025\/08\/Crack-Gel-Polish-8-Colors-Wholesale-768x513.webp 768w, https:\/\/www.fsyougel.com\/wp-content\/uploads\/2025\/08\/Crack-Gel-Polish-8-Colors-Wholesale-18x12.webp 18w, https:\/\/www.fsyougel.com\/wp-content\/uploads\/2025\/08\/Crack-Gel-Polish-8-Colors-Wholesale-1200x802.webp 1200w, https:\/\/www.fsyougel.com\/wp-content\/uploads\/2025\/08\/Crack-Gel-Polish-8-Colors-Wholesale-600x401.webp 600w\" sizes=\"(max-width: 1500px) 100vw, 1500px\" \/><\/figure>\n\n\n\n<p><\/p>","protected":false},"excerpt":{"rendered":"<p>Bienvenido a comprar al por mayor profesional crack gel polish 8 colores con efecto creativo cracked nail art, ingredientes seguros, y personalizaci\u00f3n OEM\/ODM.<\/p>\n<table border=\"0\" width=\"854\" cellspacing=\"0\" cellpadding=\"0\">\n<tbody>\n<tr>\n<td width=\"257\" height=\"44\">Marca<\/td>\n<td width=\"597\">YouGel<\/td>\n<\/tr>\n<tr>\n<td width=\"257\" height=\"44\">N\u00famero de modelo<\/td>\n<td width=\"597\">24CG01<\/td>\n<\/tr>\n<tr>\n<td width=\"257\" height=\"44\">Tipo de producto<\/td>\n<td width=\"597\">Secado al aire<\/td>\n<\/tr>\n<tr>\n<td width=\"257\" height=\"44\">Material<\/td>\n<td width=\"597\">Resina<\/td>\n<\/tr>\n<tr>\n<td width=\"257\" height=\"44\">Color<\/td>\n<td width=\"597\">8 Colores<\/td>\n<\/tr>\n<tr>\n<td width=\"257\" height=\"44\">Volumen<\/td>\n<td width=\"597\">8 ml<\/td>\n<\/tr>\n<tr>\n<td width=\"257\" height=\"44\">Seguridad<\/td>\n<td width=\"597\">Sin HEMA, sin TPO, no t\u00f3xico, MSDS disponible<\/td>\n<\/tr>\n<tr>\n<td width=\"257\" height=\"44\">MOQ<\/td>\n<td width=\"597\">MOQ bajo<\/td>\n<\/tr>\n<tr>\n<td width=\"257\" height=\"44\">Muestra gratuita<\/td>\n<td width=\"597\">Disponible<\/td>\n<\/tr>\n<tr>\n<td width=\"257\" height=\"82\">Opci\u00f3n personalizada<\/td>\n<td width=\"597\">Servicios OEM\/ODM, logotipos, etiquetas y embalajes personalizados<\/td>\n<\/tr>\n<\/tbody>\n<\/table>\n<h3 class=\"brxe-heading\">Del fabricante de esmalte de gel para u\u00f1as<\/h3>\n<p><a href=\"https:\/\/www.fsyougel.com\/es\/\"><strong>YouGel<\/strong><\/a>\u00a0es un fabricante de esmaltes de gel de u\u00f1as de alta tecnolog\u00eda que ofrece servicios de venta al por mayor, marca blanca y OEM\/ODM. M\u00e1s de 10.000 colores sin HEMA, veganos y sin crueldad, de aplicaci\u00f3n suave, larga duraci\u00f3n y f\u00e1cil remojo.<\/p>","protected":false},"featured_media":1038,"comment_status":"closed","ping_status":"closed","template":"","meta":{"_acf_changed":false},"product_brand":[],"product_cat":[19],"product_tag":[],"class_list":{"0":"post-1037","1":"product","2":"type-product","3":"status-publish","4":"has-post-thumbnail","6":"product_cat-gel-polish-color-wholesale","8":"first","9":"instock","10":"shipping-taxable","11":"product-type-simple"},"acf":[],"_links":{"self":[{"href":"https:\/\/www.fsyougel.com\/es\/wp-json\/wp\/v2\/product\/1037","targetHints":{"allow":["GET"]}}],"collection":[{"href":"https:\/\/www.fsyougel.com\/es\/wp-json\/wp\/v2\/product"}],"about":[{"href":"https:\/\/www.fsyougel.com\/es\/wp-json\/wp\/v2\/types\/product"}],"replies":[{"embeddable":true,"href":"https:\/\/www.fsyougel.com\/es\/wp-json\/wp\/v2\/comments?post=1037"}],"wp:featuredmedia":[{"embeddable":true,"href":"https:\/\/www.fsyougel.com\/es\/wp-json\/wp\/v2\/media\/1038"}],"wp:attachment":[{"href":"https:\/\/www.fsyougel.com\/es\/wp-json\/wp\/v2\/media?parent=1037"}],"wp:term":[{"taxonomy":"product_brand","embeddable":true,"href":"https:\/\/www.fsyougel.com\/es\/wp-json\/wp\/v2\/product_brand?post=1037"},{"taxonomy":"product_cat","embeddable":true,"href":"https:\/\/www.fsyougel.com\/es\/wp-json\/wp\/v2\/product_cat?post=1037"},{"taxonomy":"product_tag","embeddable":true,"href":"https:\/\/www.fsyougel.com\/es\/wp-json\/wp\/v2\/product_tag?post=1037"}],"curies":[{"name":"wp","href":"https:\/\/api.w.org\/{rel}","templated":true}]}}