{"id":1083,"date":"2025-09-12T08:40:10","date_gmt":"2025-09-12T08:40:10","guid":{"rendered":"https:\/\/www.fsyougel.com\/"},"modified":"2025-10-24T08:51:13","modified_gmt":"2025-10-24T08:51:13","slug":"galaxy-flash-gel-polish-manufacturer","status":"publish","type":"product","link":"https:\/\/www.fsyougel.com\/es\/producto\/galaxy-flash-gel-polish-manufacturer\/","title":{"rendered":"China Galaxy Flash Gel Polish Fabricante, Diamond Disco Flash UV Gel Nail Polish Private Label"},"content":{"rendered":"<div class=\"wp-block-columns is-layout-flex wp-container-core-columns-is-layout-9d6595d7 wp-block-columns-is-layout-flex\">\n<div class=\"wp-block-column is-layout-flow wp-block-column-is-layout-flow\">\n<h2 class=\"wp-block-heading\">Mayorista Galaxy Flash Gel Polish Caracter\u00edsticas:<\/h2>\n\n\n\n<ul class=\"wp-block-list\">\n<li><strong>Efecto Diamante Brillante: <\/strong>Mayorista Galaxy Flash Gel Polish tiene part\u00edculas de diamante que, al aplicarlo, dan un brillo \u00fanico de luz de estrellas y un aspecto incre\u00edble para fiestas nocturnas y celebraciones.<\/li>\n\n\n\n<li><strong>Acabado liso:<\/strong> El producto proporciona una experiencia de aplicaci\u00f3n suave como la seda, cubriendo las u\u00f1as inmediatamente para proporcionar un acabado brillante impecable. El esmalte de gel al por mayor Galaxy Flash Flash es el mejor para diferentes dise\u00f1os de nail art.<\/li>\n\n\n\n<li><strong>Efecto de curado UV:<\/strong> Gracias a la tecnolog\u00eda de luz ultravioleta, se cura con un acabado brillante y duradero que nunca se desvanece, dejando las yemas de los dedos radiantes.<\/li>\n\n\n\n<li><strong>Personalizaci\u00f3n de marcas blancas:<\/strong> Al ofrecer la posibilidad de etiquetado privado, el esmalte en gel galaxy flash al por mayor puede envasarse, formularse y colorearse para satisfacer las necesidades del cliente, individualizando su marca.<\/li>\n\n\n\n<li><strong>F\u00f3rmula segura y ecol\u00f3gica: <\/strong>Sin productos qu\u00edmicos agresivos, esta f\u00f3rmula suave y no irritante puede utilizarse de forma prolongada, preservando la salud de las u\u00f1as.<\/li>\n\n\n\n<li><strong>Elecci\u00f3n de sal\u00f3n<\/strong>: Su excelente brillo y durabilidad hacen de este esmalte de gel flash galaxy de 14 colores una elecci\u00f3n ideal para el sal\u00f3n, ofreciendo una experiencia \u00fanica de luz de estrellas a los clientes.<\/li>\n\n\n\n<li><strong>Suministro global al por mayor:<\/strong> Como fabricante mayorista de esmalte en gel galaxy flash de confianza, ofrecemos la compra al por mayor a trav\u00e9s de una red mundial de suministro para satisfacer las diversas necesidades del mercado.<\/li>\n<\/ul>\n<\/div>\n\n\n\n<div class=\"wp-block-column is-layout-flow wp-block-column-is-layout-flow\">\n<figure class=\"wp-block-image size-full\"><img decoding=\"async\" width=\"1500\" height=\"1500\" src=\"https:\/\/www.fsyougel.com\/wp-content\/uploads\/2025\/09\/Galaxy-Flash-Gel-Polish-Manufacturer-3.webp\" alt=\"Galaxy Flash Gel Polish Fabricantes (3)\" class=\"wp-image-1089\" srcset=\"https:\/\/www.fsyougel.com\/wp-content\/uploads\/2025\/09\/Galaxy-Flash-Gel-Polish-Manufacturer-3.webp 1500w, https:\/\/www.fsyougel.com\/wp-content\/uploads\/2025\/09\/Galaxy-Flash-Gel-Polish-Manufacturer-3-300x300.webp 300w, https:\/\/www.fsyougel.com\/wp-content\/uploads\/2025\/09\/Galaxy-Flash-Gel-Polish-Manufacturer-3-150x150.webp 150w, https:\/\/www.fsyougel.com\/wp-content\/uploads\/2025\/09\/Galaxy-Flash-Gel-Polish-Manufacturer-3-768x768.webp 768w, https:\/\/www.fsyougel.com\/wp-content\/uploads\/2025\/09\/Galaxy-Flash-Gel-Polish-Manufacturer-3-12x12.webp 12w, https:\/\/www.fsyougel.com\/wp-content\/uploads\/2025\/09\/Galaxy-Flash-Gel-Polish-Manufacturer-3-1200x1200.webp 1200w, https:\/\/www.fsyougel.com\/wp-content\/uploads\/2025\/09\/Galaxy-Flash-Gel-Polish-Manufacturer-3-600x600.webp 600w, https:\/\/www.fsyougel.com\/wp-content\/uploads\/2025\/09\/Galaxy-Flash-Gel-Polish-Manufacturer-3-100x100.webp 100w\" sizes=\"(max-width: 1500px) 100vw, 1500px\" \/><\/figure>\n<\/div>\n<\/div>\n\n\n\n<div class=\"wp-block-columns is-layout-flex wp-container-core-columns-is-layout-9d6595d7 wp-block-columns-is-layout-flex\">\n<div class=\"wp-block-column is-layout-flow wp-block-column-is-layout-flow\">\n<figure class=\"wp-block-image size-full\"><img decoding=\"async\" width=\"1500\" height=\"625\" src=\"https:\/\/www.fsyougel.com\/wp-content\/uploads\/2025\/09\/Galaxy-Flash-Gel-Polish-Wholesale-Supplier-3.webp\" alt=\"Proveedor al por mayor de esmalte en gel Galaxy Flash (3)\" class=\"wp-image-1093\" srcset=\"https:\/\/www.fsyougel.com\/wp-content\/uploads\/2025\/09\/Galaxy-Flash-Gel-Polish-Wholesale-Supplier-3.webp 1500w, https:\/\/www.fsyougel.com\/wp-content\/uploads\/2025\/09\/Galaxy-Flash-Gel-Polish-Wholesale-Supplier-3-300x125.webp 300w, https:\/\/www.fsyougel.com\/wp-content\/uploads\/2025\/09\/Galaxy-Flash-Gel-Polish-Wholesale-Supplier-3-768x320.webp 768w, https:\/\/www.fsyougel.com\/wp-content\/uploads\/2025\/09\/Galaxy-Flash-Gel-Polish-Wholesale-Supplier-3-18x8.webp 18w, https:\/\/www.fsyougel.com\/wp-content\/uploads\/2025\/09\/Galaxy-Flash-Gel-Polish-Wholesale-Supplier-3-1200x500.webp 1200w, https:\/\/www.fsyougel.com\/wp-content\/uploads\/2025\/09\/Galaxy-Flash-Gel-Polish-Wholesale-Supplier-3-600x250.webp 600w\" sizes=\"(max-width: 1500px) 100vw, 1500px\" \/><\/figure>\n<\/div>\n<\/div>\n\n\n\n<figure class=\"wp-block-image size-full\"><img decoding=\"async\" width=\"1500\" height=\"500\" src=\"https:\/\/www.fsyougel.com\/wp-content\/uploads\/2025\/09\/Galaxy-Flash-Gel-Polish-Wholesale-Supplier-2.webp\" alt=\"Proveedor al por mayor de esmalte en gel Galaxy Flash (2)\" class=\"wp-image-1092\" srcset=\"https:\/\/www.fsyougel.com\/wp-content\/uploads\/2025\/09\/Galaxy-Flash-Gel-Polish-Wholesale-Supplier-2.webp 1500w, https:\/\/www.fsyougel.com\/wp-content\/uploads\/2025\/09\/Galaxy-Flash-Gel-Polish-Wholesale-Supplier-2-300x100.webp 300w, https:\/\/www.fsyougel.com\/wp-content\/uploads\/2025\/09\/Galaxy-Flash-Gel-Polish-Wholesale-Supplier-2-768x256.webp 768w, https:\/\/www.fsyougel.com\/wp-content\/uploads\/2025\/09\/Galaxy-Flash-Gel-Polish-Wholesale-Supplier-2-18x6.webp 18w, https:\/\/www.fsyougel.com\/wp-content\/uploads\/2025\/09\/Galaxy-Flash-Gel-Polish-Wholesale-Supplier-2-1200x400.webp 1200w, https:\/\/www.fsyougel.com\/wp-content\/uploads\/2025\/09\/Galaxy-Flash-Gel-Polish-Wholesale-Supplier-2-600x200.webp 600w\" sizes=\"(max-width: 1500px) 100vw, 1500px\" \/><\/figure>\n\n\n\n<p><\/p>","protected":false},"excerpt":{"rendered":"<p>Bienvenido a nuestra compra y venta al por mayor galaxy flash gel polish fabricante, ofreciendo diamante disco flash UV esmalte de gel de u\u00f1as. Perfecto para salones de u\u00f1as y marcas, con opciones de marca privada. Esmalte de gel flash galaxy al por mayor con calidad premium y brillo duradero.<\/p>\n<table border=\"0\" width=\"854\" cellspacing=\"0\" cellpadding=\"0\">\n<tbody>\n<tr>\n<td class=\"et3\" width=\"257\" height=\"44\">Marca<\/td>\n<td class=\"et3\" width=\"597\">YouGel<\/td>\n<\/tr>\n<tr>\n<td class=\"et4\" width=\"257\" height=\"44\">N\u00famero de modelo<\/td>\n<td class=\"et4\" width=\"597\">CG01<\/td>\n<\/tr>\n<tr>\n<td class=\"et4\" width=\"257\" height=\"44\">Tipo de producto<\/td>\n<td class=\"et4\" width=\"597\">Esmalte en gel UV\/LED remojable<\/td>\n<\/tr>\n<tr>\n<td class=\"et4\" width=\"257\" height=\"44\">Material<\/td>\n<td class=\"et4\" width=\"597\">Resina<\/td>\n<\/tr>\n<tr>\n<td class=\"et4\" width=\"257\" height=\"44\">Color<\/td>\n<td class=\"et4\" width=\"597\">14 Colores<\/td>\n<\/tr>\n<tr>\n<td class=\"et4\" width=\"257\" height=\"44\">Volumen<\/td>\n<td class=\"et4\" width=\"597\">15 ml<\/td>\n<\/tr>\n<tr>\n<td class=\"et4\" width=\"257\" height=\"44\">Seguridad<\/td>\n<td class=\"et4\" width=\"597\">Sin HEMA, sin TPO, no t\u00f3xico, MSDS disponible<\/td>\n<\/tr>\n<tr>\n<td class=\"et4\" width=\"257\" height=\"44\">MOQ<\/td>\n<td class=\"et4\" width=\"597\">MOQ bajo<\/td>\n<\/tr>\n<tr>\n<td class=\"et4\" width=\"257\" height=\"44\">Muestra gratuita<\/td>\n<td class=\"et4\" width=\"597\">Disponible<\/td>\n<\/tr>\n<tr>\n<td class=\"et4\" width=\"257\" height=\"82\">Opci\u00f3n personalizada<\/td>\n<td class=\"et4\" width=\"597\">Servicios OEM\/ODM, logotipos, etiquetas y embalajes personalizados<\/td>\n<\/tr>\n<\/tbody>\n<\/table>\n<h2 class=\"brxe-heading\">Del fabricante del esmalte en gel<\/h2>\n<p><a href=\"https:\/\/www.fsyougel.com\/es\/\"><strong>YouGel<\/strong><\/a> es un fabricante de esmaltes de gel de confianza que ofrece bases de gel de alta calidad adecuadas para u\u00f1as UV\/LED. Nuestros productos est\u00e1n dise\u00f1ados para garantizar una aplicaci\u00f3n suave, una larga duraci\u00f3n y un f\u00e1cil secado.<\/p>","protected":false},"featured_media":1088,"comment_status":"closed","ping_status":"closed","template":"","meta":{"_acf_changed":false},"product_brand":[],"product_cat":[19],"product_tag":[],"class_list":{"0":"post-1083","1":"product","2":"type-product","3":"status-publish","4":"has-post-thumbnail","6":"product_cat-gel-polish-color-wholesale","8":"first","9":"instock","10":"shipping-taxable","11":"product-type-simple"},"acf":[],"_links":{"self":[{"href":"https:\/\/www.fsyougel.com\/es\/wp-json\/wp\/v2\/product\/1083","targetHints":{"allow":["GET"]}}],"collection":[{"href":"https:\/\/www.fsyougel.com\/es\/wp-json\/wp\/v2\/product"}],"about":[{"href":"https:\/\/www.fsyougel.com\/es\/wp-json\/wp\/v2\/types\/product"}],"replies":[{"embeddable":true,"href":"https:\/\/www.fsyougel.com\/es\/wp-json\/wp\/v2\/comments?post=1083"}],"wp:featuredmedia":[{"embeddable":true,"href":"https:\/\/www.fsyougel.com\/es\/wp-json\/wp\/v2\/media\/1088"}],"wp:attachment":[{"href":"https:\/\/www.fsyougel.com\/es\/wp-json\/wp\/v2\/media?parent=1083"}],"wp:term":[{"taxonomy":"product_brand","embeddable":true,"href":"https:\/\/www.fsyougel.com\/es\/wp-json\/wp\/v2\/product_brand?post=1083"},{"taxonomy":"product_cat","embeddable":true,"href":"https:\/\/www.fsyougel.com\/es\/wp-json\/wp\/v2\/product_cat?post=1083"},{"taxonomy":"product_tag","embeddable":true,"href":"https:\/\/www.fsyougel.com\/es\/wp-json\/wp\/v2\/product_tag?post=1083"}],"curies":[{"name":"wp","href":"https:\/\/api.w.org\/{rel}","templated":true}]}}