{"id":1096,"date":"2025-09-12T09:34:32","date_gmt":"2025-09-12T09:34:32","guid":{"rendered":"https:\/\/www.fsyougel.com\/"},"modified":"2025-10-24T08:50:22","modified_gmt":"2025-10-24T08:50:22","slug":"disco-diamond-gel-polish-supplier","status":"publish","type":"product","link":"https:\/\/www.fsyougel.com\/es\/producto\/disco-diamond-gel-polish-supplier\/","title":{"rendered":"Disco Diamond Gel Polish Proveedor, 29 Colores Flash Como Diamantes Rotos en las U\u00f1as"},"content":{"rendered":"<div class=\"wp-block-columns is-layout-flex wp-container-core-columns-is-layout-9d6595d7 wp-block-columns-is-layout-flex\">\n<div class=\"wp-block-column is-layout-flow wp-block-column-is-layout-flow\">\n<h2 class=\"wp-block-heading\">Mayorista Disco Diamond Gel Polish Caracter\u00edsticas:<\/h2>\n\n\n\n<ul class=\"wp-block-list\">\n<li><strong>Efecto Diamante Disco:<\/strong> Disco Diamond Gel Polish viene en 29 colores brillantes, que relucen como diamantes rotos en las yemas de los dedos para un look deslumbrante, perfecto para fiestas y eventos.<\/li>\n\n\n\n<li><strong>Suave y brillante:<\/strong> Todos los esmaltes Disco Diamond Gel Polish se aplican con suavidad, proporcionando un elegante acabado de larga duraci\u00f3n y un brillo duradero similar al del diamante.<\/li>\n\n\n\n<li><strong>Brillo \u00fanico:<\/strong> El aspecto de diamantes rotos y los tonos brillantes confieren a la manicura un atractivo visual espectacular que enloquece a las j\u00f3venes fashionistas.<\/li>\n\n\n\n<li><strong>Personalizaci\u00f3n de marcas blancas<\/strong>: Disco Diamond Gel Polish al por mayor est\u00e1 disponible para la personalizaci\u00f3n OEM \/ ODM, donde el embalaje personalizado y la marca de acuerdo a las necesidades del cliente son factibles.<\/li>\n\n\n\n<li><strong>F\u00f3rmula segura e inocua:<\/strong> Formulado con ingredientes ecol\u00f3gicos y no t\u00f3xicos, por lo que no da\u00f1a la superficie de las u\u00f1as al aplicarlo y es seguro para una larga duraci\u00f3n.<\/li>\n\n\n\n<li><strong>Aplicaci\u00f3n vers\u00e1til:<\/strong> Ideal para salones de manicura profesionales y tambi\u00e9n para usuarios de bricolaje, al alcance de cualquier usuario que desee conseguir efectos sorprendentes.<\/li>\n\n\n\n<li>Suministro a granel y env\u00edo internacional: Como fabricante mayorista de esmalte en gel disco diamante, ofrecemos capacidad de producci\u00f3n a granel con env\u00edo r\u00e1pido para satisfacer los pedidos de clientes globales.<\/li>\n<\/ul>\n<\/div>\n\n\n\n<div class=\"wp-block-column is-layout-flow wp-block-column-is-layout-flow\">\n<figure class=\"wp-block-image size-full\"><img decoding=\"async\" width=\"1500\" height=\"1500\" src=\"https:\/\/www.fsyougel.com\/wp-content\/uploads\/2025\/09\/Disco-Diamond-Gel-Polish-Supplier-4.webp\" alt=\"Disco Diamond Gel Polish Proveedor (4)\" class=\"wp-image-1105\" srcset=\"https:\/\/www.fsyougel.com\/wp-content\/uploads\/2025\/09\/Disco-Diamond-Gel-Polish-Supplier-4.webp 1500w, https:\/\/www.fsyougel.com\/wp-content\/uploads\/2025\/09\/Disco-Diamond-Gel-Polish-Supplier-4-300x300.webp 300w, https:\/\/www.fsyougel.com\/wp-content\/uploads\/2025\/09\/Disco-Diamond-Gel-Polish-Supplier-4-150x150.webp 150w, https:\/\/www.fsyougel.com\/wp-content\/uploads\/2025\/09\/Disco-Diamond-Gel-Polish-Supplier-4-768x768.webp 768w, https:\/\/www.fsyougel.com\/wp-content\/uploads\/2025\/09\/Disco-Diamond-Gel-Polish-Supplier-4-12x12.webp 12w, https:\/\/www.fsyougel.com\/wp-content\/uploads\/2025\/09\/Disco-Diamond-Gel-Polish-Supplier-4-1200x1200.webp 1200w, https:\/\/www.fsyougel.com\/wp-content\/uploads\/2025\/09\/Disco-Diamond-Gel-Polish-Supplier-4-600x600.webp 600w, https:\/\/www.fsyougel.com\/wp-content\/uploads\/2025\/09\/Disco-Diamond-Gel-Polish-Supplier-4-100x100.webp 100w\" sizes=\"(max-width: 1500px) 100vw, 1500px\" \/><\/figure>\n<\/div>\n<\/div>\n\n\n\n<div class=\"wp-block-columns is-layout-flex wp-container-core-columns-is-layout-9d6595d7 wp-block-columns-is-layout-flex\">\n<div class=\"wp-block-column is-layout-flow wp-block-column-is-layout-flow\">\n<figure class=\"wp-block-image size-full\"><img decoding=\"async\" width=\"1500\" height=\"900\" src=\"https:\/\/www.fsyougel.com\/wp-content\/uploads\/2025\/09\/Wholesale-Disco-Diamond-Gel-Polish-2.webp\" alt=\"Mayorista Disco Diamond Gel Polish (2)\" class=\"wp-image-1107\" srcset=\"https:\/\/www.fsyougel.com\/wp-content\/uploads\/2025\/09\/Wholesale-Disco-Diamond-Gel-Polish-2.webp 1500w, https:\/\/www.fsyougel.com\/wp-content\/uploads\/2025\/09\/Wholesale-Disco-Diamond-Gel-Polish-2-300x180.webp 300w, https:\/\/www.fsyougel.com\/wp-content\/uploads\/2025\/09\/Wholesale-Disco-Diamond-Gel-Polish-2-768x461.webp 768w, https:\/\/www.fsyougel.com\/wp-content\/uploads\/2025\/09\/Wholesale-Disco-Diamond-Gel-Polish-2-18x12.webp 18w, https:\/\/www.fsyougel.com\/wp-content\/uploads\/2025\/09\/Wholesale-Disco-Diamond-Gel-Polish-2-1200x720.webp 1200w, https:\/\/www.fsyougel.com\/wp-content\/uploads\/2025\/09\/Wholesale-Disco-Diamond-Gel-Polish-2-600x360.webp 600w\" sizes=\"(max-width: 1500px) 100vw, 1500px\" \/><\/figure>\n<\/div>\n<\/div>\n\n\n\n<figure class=\"wp-block-image size-full\"><img decoding=\"async\" width=\"1500\" height=\"540\" src=\"https:\/\/www.fsyougel.com\/wp-content\/uploads\/2025\/09\/Wholesale-Disco-Diamond-Gel-Polish-1.webp\" alt=\"Mayorista Disco Diamond Gel Polish (1)\" class=\"wp-image-1106\" srcset=\"https:\/\/www.fsyougel.com\/wp-content\/uploads\/2025\/09\/Wholesale-Disco-Diamond-Gel-Polish-1.webp 1500w, https:\/\/www.fsyougel.com\/wp-content\/uploads\/2025\/09\/Wholesale-Disco-Diamond-Gel-Polish-1-300x108.webp 300w, https:\/\/www.fsyougel.com\/wp-content\/uploads\/2025\/09\/Wholesale-Disco-Diamond-Gel-Polish-1-768x276.webp 768w, https:\/\/www.fsyougel.com\/wp-content\/uploads\/2025\/09\/Wholesale-Disco-Diamond-Gel-Polish-1-18x6.webp 18w, https:\/\/www.fsyougel.com\/wp-content\/uploads\/2025\/09\/Wholesale-Disco-Diamond-Gel-Polish-1-1200x432.webp 1200w, https:\/\/www.fsyougel.com\/wp-content\/uploads\/2025\/09\/Wholesale-Disco-Diamond-Gel-Polish-1-600x216.webp 600w\" sizes=\"(max-width: 1500px) 100vw, 1500px\" \/><\/figure>\n\n\n\n<p><\/p>","protected":false},"excerpt":{"rendered":"<p data-start=\"398\" data-end=\"682\">Bienvenido a la compra, venta al por mayor disco diamante esmalte de gel fabricante que ofrece 29 colores flash que parecen diamantes rotos en las u\u00f1as. Brillante y llamativo. Perfecto para salones y marcas personalizadas. Mayorista de esmalte en gel disco diamond con brillo duradero y calidad premium.<\/p>\n<table border=\"0\" width=\"854\" cellspacing=\"0\" cellpadding=\"0\">\n<tbody>\n<tr>\n<td class=\"et3\" width=\"257\" height=\"44\">Marca<\/td>\n<td class=\"et3\" width=\"597\">YouGel<\/td>\n<\/tr>\n<tr>\n<td class=\"et4\" width=\"257\" height=\"44\">N\u00famero de modelo<\/td>\n<td class=\"et4\" width=\"597\">DG01<\/td>\n<\/tr>\n<tr>\n<td class=\"et4\" width=\"257\" height=\"44\">Tipo de producto<\/td>\n<td class=\"et4\" width=\"597\">Esmalte en gel UV\/LED remojable<\/td>\n<\/tr>\n<tr>\n<td class=\"et4\" width=\"257\" height=\"44\">Material<\/td>\n<td class=\"et4\" width=\"597\">Resina<\/td>\n<\/tr>\n<tr>\n<td class=\"et4\" width=\"257\" height=\"44\">Color<\/td>\n<td class=\"et4\" width=\"597\">29 Colores<\/td>\n<\/tr>\n<tr>\n<td class=\"et4\" width=\"257\" height=\"44\">Volumen<\/td>\n<td class=\"et4\" width=\"597\">15 ml<\/td>\n<\/tr>\n<tr>\n<td class=\"et4\" width=\"257\" height=\"44\">Seguridad<\/td>\n<td class=\"et4\" width=\"597\">Sin HEMA, sin TPO, no t\u00f3xico, MSDS disponible<\/td>\n<\/tr>\n<tr>\n<td class=\"et4\" width=\"257\" height=\"44\">MOQ<\/td>\n<td class=\"et4\" width=\"597\">MOQ bajo<\/td>\n<\/tr>\n<tr>\n<td class=\"et4\" width=\"257\" height=\"44\">Muestra gratuita<\/td>\n<td class=\"et4\" width=\"597\">Disponible<\/td>\n<\/tr>\n<tr>\n<td class=\"et4\" width=\"257\" height=\"82\">Opci\u00f3n personalizada<\/td>\n<td class=\"et4\" width=\"597\">Servicios OEM\/ODM, logotipos, etiquetas y embalajes personalizados<\/td>\n<\/tr>\n<\/tbody>\n<\/table>\n<h2 class=\"brxe-heading\">Del fabricante del esmalte en gel<\/h2>\n<p><a href=\"https:\/\/www.fsyougel.com\/es\/\"><strong>YouGel<\/strong><\/a> es un fabricante de esmaltes de gel de confianza que ofrece bases de gel de alta calidad adecuadas para u\u00f1as UV\/LED. Nuestros productos est\u00e1n dise\u00f1ados para garantizar una aplicaci\u00f3n suave, una larga duraci\u00f3n y un f\u00e1cil secado.<\/p>","protected":false},"featured_media":1104,"comment_status":"closed","ping_status":"closed","template":"","meta":{"_acf_changed":false},"product_brand":[],"product_cat":[19],"product_tag":[],"class_list":{"0":"post-1096","1":"product","2":"type-product","3":"status-publish","4":"has-post-thumbnail","6":"product_cat-gel-polish-color-wholesale","8":"first","9":"instock","10":"shipping-taxable","11":"product-type-simple"},"acf":[],"_links":{"self":[{"href":"https:\/\/www.fsyougel.com\/es\/wp-json\/wp\/v2\/product\/1096","targetHints":{"allow":["GET"]}}],"collection":[{"href":"https:\/\/www.fsyougel.com\/es\/wp-json\/wp\/v2\/product"}],"about":[{"href":"https:\/\/www.fsyougel.com\/es\/wp-json\/wp\/v2\/types\/product"}],"replies":[{"embeddable":true,"href":"https:\/\/www.fsyougel.com\/es\/wp-json\/wp\/v2\/comments?post=1096"}],"wp:featuredmedia":[{"embeddable":true,"href":"https:\/\/www.fsyougel.com\/es\/wp-json\/wp\/v2\/media\/1104"}],"wp:attachment":[{"href":"https:\/\/www.fsyougel.com\/es\/wp-json\/wp\/v2\/media?parent=1096"}],"wp:term":[{"taxonomy":"product_brand","embeddable":true,"href":"https:\/\/www.fsyougel.com\/es\/wp-json\/wp\/v2\/product_brand?post=1096"},{"taxonomy":"product_cat","embeddable":true,"href":"https:\/\/www.fsyougel.com\/es\/wp-json\/wp\/v2\/product_cat?post=1096"},{"taxonomy":"product_tag","embeddable":true,"href":"https:\/\/www.fsyougel.com\/es\/wp-json\/wp\/v2\/product_tag?post=1096"}],"curies":[{"name":"wp","href":"https:\/\/api.w.org\/{rel}","templated":true}]}}