{"id":1144,"date":"2025-09-26T11:51:54","date_gmt":"2025-09-26T11:29:37","guid":{"rendered":"https:\/\/www.fsyougel.com\/?post_type=product&#038;p=1144"},"modified":"2025-10-16T04:00:24","modified_gmt":"2025-10-16T04:00:24","slug":"wholesale-abstract-gel-polish","status":"publish","type":"product","link":"https:\/\/www.fsyougel.com\/es\/producto\/wholesale-abstract-gel-polish\/","title":{"rendered":"Mayorista Esmalte de Gel Abstracto Proveedor | Esmalte de Gel Personalizado para Nail Art"},"content":{"rendered":"<div class=\"wp-block-columns is-layout-flex wp-container-core-columns-is-layout-9d6595d7 wp-block-columns-is-layout-flex\">\n<div class=\"wp-block-column is-layout-flow wp-block-column-is-layout-flow\">\n<h2 class=\"wp-block-heading\">Mayorista Esmalte de Gel Abstracto Caracter\u00edsticas:<\/h2>\n\n\n\n<ul class=\"wp-block-list\">\n<li><strong>M\u00faltiples opciones de base<\/strong>: Disponible en <strong>Base \/ Negro \/ Blanco<\/strong>que ofrecen fondos vers\u00e1tiles para cualquier nail art abstracto.<\/li>\n\n\n\n<li><strong>F\u00e1cil de aplicar<\/strong>: Aplica gel abstracto y dibuja las letras o dise\u00f1os que desees; no te preocupes si no queda perfecto, el gel se extiende de forma natural para crear efectos impecables.<\/li>\n\n\n\n<li><strong>Seguro y suave<\/strong>: Nuestra <strong>esmalte de gel abstracto al por mayor<\/strong> es <strong>Sin TPO y sin HEMA<\/strong>Apto para u\u00f1as sensibles.<\/li>\n\n\n\n<li><strong>Duradero y resistente<\/strong>: Su f\u00f3rmula resistente a los desconchones y con un brillo intenso garantiza resultados de calidad profesional.<\/li>\n\n\n\n<li><strong>Arte de u\u00f1as creativo<\/strong>: Perfecto para dise\u00f1os de u\u00f1as abstractos \u00fanicos, ideal para salones, artistas y pedidos personalizados al por mayor.<\/li>\n\n\n\n<li><strong>Servicio OEM\/ODM<\/strong>: Logotipo, embalaje y desarrollo de color personalizados disponibles para clientes mayoristas.<\/li>\n<\/ul>\n<\/div>\n\n\n\n<div class=\"wp-block-column is-layout-flow wp-block-column-is-layout-flow\">\n<figure class=\"wp-block-image size-full\"><img decoding=\"async\" width=\"1500\" height=\"1500\" src=\"https:\/\/www.fsyougel.com\/wp-content\/uploads\/2025\/09\/Wholesale-Abstract-Gel-Polish-Supplier-4.webp\" alt=\"Proveedor al por mayor de esmalte de gel abstracto (4)\" class=\"wp-image-1148\" srcset=\"https:\/\/www.fsyougel.com\/wp-content\/uploads\/2025\/09\/Wholesale-Abstract-Gel-Polish-Supplier-4.webp 1500w, https:\/\/www.fsyougel.com\/wp-content\/uploads\/2025\/09\/Wholesale-Abstract-Gel-Polish-Supplier-4-300x300.webp 300w, https:\/\/www.fsyougel.com\/wp-content\/uploads\/2025\/09\/Wholesale-Abstract-Gel-Polish-Supplier-4-150x150.webp 150w, https:\/\/www.fsyougel.com\/wp-content\/uploads\/2025\/09\/Wholesale-Abstract-Gel-Polish-Supplier-4-768x768.webp 768w, https:\/\/www.fsyougel.com\/wp-content\/uploads\/2025\/09\/Wholesale-Abstract-Gel-Polish-Supplier-4-12x12.webp 12w, https:\/\/www.fsyougel.com\/wp-content\/uploads\/2025\/09\/Wholesale-Abstract-Gel-Polish-Supplier-4-1200x1200.webp 1200w, https:\/\/www.fsyougel.com\/wp-content\/uploads\/2025\/09\/Wholesale-Abstract-Gel-Polish-Supplier-4-600x600.webp 600w, https:\/\/www.fsyougel.com\/wp-content\/uploads\/2025\/09\/Wholesale-Abstract-Gel-Polish-Supplier-4-100x100.webp 100w\" sizes=\"(max-width: 1500px) 100vw, 1500px\" \/><\/figure>\n<\/div>\n<\/div>\n\n\n\n<div class=\"wp-block-columns is-layout-flex wp-container-core-columns-is-layout-9d6595d7 wp-block-columns-is-layout-flex\">\n<div class=\"wp-block-column is-layout-flow wp-block-column-is-layout-flow\">\n<figure class=\"wp-block-image size-full\"><img decoding=\"async\" width=\"1500\" height=\"1500\" src=\"https:\/\/www.fsyougel.com\/wp-content\/uploads\/2025\/09\/Wholesale-Abstract-Gel-Polish-Supplier-6.webp\" alt=\"Proveedor al por mayor de esmalte de gel abstracto (6)\" class=\"wp-image-1150\" srcset=\"https:\/\/www.fsyougel.com\/wp-content\/uploads\/2025\/09\/Wholesale-Abstract-Gel-Polish-Supplier-6.webp 1500w, https:\/\/www.fsyougel.com\/wp-content\/uploads\/2025\/09\/Wholesale-Abstract-Gel-Polish-Supplier-6-300x300.webp 300w, https:\/\/www.fsyougel.com\/wp-content\/uploads\/2025\/09\/Wholesale-Abstract-Gel-Polish-Supplier-6-150x150.webp 150w, https:\/\/www.fsyougel.com\/wp-content\/uploads\/2025\/09\/Wholesale-Abstract-Gel-Polish-Supplier-6-768x768.webp 768w, https:\/\/www.fsyougel.com\/wp-content\/uploads\/2025\/09\/Wholesale-Abstract-Gel-Polish-Supplier-6-12x12.webp 12w, https:\/\/www.fsyougel.com\/wp-content\/uploads\/2025\/09\/Wholesale-Abstract-Gel-Polish-Supplier-6-1200x1200.webp 1200w, https:\/\/www.fsyougel.com\/wp-content\/uploads\/2025\/09\/Wholesale-Abstract-Gel-Polish-Supplier-6-600x600.webp 600w, https:\/\/www.fsyougel.com\/wp-content\/uploads\/2025\/09\/Wholesale-Abstract-Gel-Polish-Supplier-6-100x100.webp 100w\" sizes=\"(max-width: 1500px) 100vw, 1500px\" \/><\/figure>\n<\/div>\n\n\n\n<div class=\"wp-block-column is-layout-flow wp-block-column-is-layout-flow\">\n<figure class=\"wp-block-image size-full\"><img decoding=\"async\" width=\"1500\" height=\"1500\" src=\"https:\/\/www.fsyougel.com\/wp-content\/uploads\/2025\/09\/Wholesale-Abstract-Gel-Polish-Supplier-5.webp\" alt=\"Proveedor al por mayor de esmalte de gel abstracto (5)\" class=\"wp-image-1149\" srcset=\"https:\/\/www.fsyougel.com\/wp-content\/uploads\/2025\/09\/Wholesale-Abstract-Gel-Polish-Supplier-5.webp 1500w, https:\/\/www.fsyougel.com\/wp-content\/uploads\/2025\/09\/Wholesale-Abstract-Gel-Polish-Supplier-5-300x300.webp 300w, https:\/\/www.fsyougel.com\/wp-content\/uploads\/2025\/09\/Wholesale-Abstract-Gel-Polish-Supplier-5-150x150.webp 150w, https:\/\/www.fsyougel.com\/wp-content\/uploads\/2025\/09\/Wholesale-Abstract-Gel-Polish-Supplier-5-768x768.webp 768w, https:\/\/www.fsyougel.com\/wp-content\/uploads\/2025\/09\/Wholesale-Abstract-Gel-Polish-Supplier-5-12x12.webp 12w, https:\/\/www.fsyougel.com\/wp-content\/uploads\/2025\/09\/Wholesale-Abstract-Gel-Polish-Supplier-5-1200x1200.webp 1200w, https:\/\/www.fsyougel.com\/wp-content\/uploads\/2025\/09\/Wholesale-Abstract-Gel-Polish-Supplier-5-600x600.webp 600w, https:\/\/www.fsyougel.com\/wp-content\/uploads\/2025\/09\/Wholesale-Abstract-Gel-Polish-Supplier-5-100x100.webp 100w\" sizes=\"(max-width: 1500px) 100vw, 1500px\" \/><\/figure>\n<\/div>\n<\/div>\n\n\n\n<p><\/p>","protected":false},"excerpt":{"rendered":"<p>Bienvenido a nuestra colecci\u00f3n de esmaltes de gel abstractos al por mayor con opciones de Base, Negro y Blanco. Simplemente aplique y dibuje-sus dise\u00f1os se extienden naturalmente en efectos impresionantes. F\u00f3rmula segura sin TPO ni HEMA, perfecta para salones, pedidos al por mayor y marcas personalizadas.<\/p>\n<table border=\"0\" width=\"854\" cellspacing=\"0\" cellpadding=\"0\">\n<tbody>\n<tr>\n<td width=\"257\" height=\"44\">Marca<\/td>\n<td width=\"597\">YouGel<\/td>\n<\/tr>\n<tr>\n<td width=\"257\" height=\"44\">Tipo de producto<\/td>\n<td width=\"597\">Soak-Off UV\/LED<\/td>\n<\/tr>\n<tr>\n<td width=\"257\" height=\"44\">Material<\/td>\n<td width=\"597\">Resina<\/td>\n<\/tr>\n<tr>\n<td width=\"257\" height=\"44\">Color<\/td>\n<td width=\"597\">Base, negro y blanco<\/td>\n<\/tr>\n<tr>\n<td width=\"257\" height=\"44\">Volumen<\/td>\n<td width=\"597\">15 ml<\/td>\n<\/tr>\n<tr>\n<td width=\"257\" height=\"44\">Seguridad<\/td>\n<td width=\"597\"><strong>Sin HEMA<\/strong>, <strong>Sin TPO, <\/strong>No t\u00f3xico, MSDS disponible<\/td>\n<\/tr>\n<tr>\n<td width=\"257\" height=\"44\">MOQ<\/td>\n<td width=\"597\">MOQ bajo<\/td>\n<\/tr>\n<tr>\n<td width=\"257\" height=\"44\">Muestra gratuita<\/td>\n<td width=\"597\">Disponible<\/td>\n<\/tr>\n<tr>\n<td width=\"257\" height=\"82\">Opci\u00f3n personalizada<\/td>\n<td width=\"597\">Servicios OEM\/ODM, logotipos, etiquetas y embalajes personalizados<\/td>\n<\/tr>\n<\/tbody>\n<\/table>\n<h3 class=\"brxe-heading\">Del fabricante de esmalte de gel para u\u00f1as<\/h3>\n<p><a href=\"https:\/\/www.fsyougel.com\/es\/\"><strong>YouGel<\/strong><\/a> es un fabricante de esmaltes de u\u00f1as de gel de alta tecnolog\u00eda que ofrece <a href=\"https:\/\/www.fsyougel.com\/es\/wholesale-gel-polish\/\"><strong>venta al por mayor<\/strong><\/a>, <a href=\"https:\/\/www.fsyougel.com\/es\/private-label-gel-polish\/\"><strong>marca blanca<\/strong><\/a>y<a href=\"https:\/\/www.fsyougel.com\/es\/custom-gel-polish\/\"><strong> Servicios OEM\/ODM<\/strong><\/a>. Elija entre <strong>M\u00e1s de 10.000 colores sin HEMA, sin TPO, veganos y sin crueldad<\/strong> Dise\u00f1ado para una aplicaci\u00f3n suave, larga duraci\u00f3n y f\u00e1cil absorci\u00f3n.<\/p>","protected":false},"featured_media":1147,"comment_status":"closed","ping_status":"closed","template":"","meta":{"_acf_changed":false},"product_brand":[],"product_cat":[24,27],"product_tag":[],"class_list":{"0":"post-1144","1":"product","2":"type-product","3":"status-publish","4":"has-post-thumbnail","6":"product_cat-wholesale-nail-art-gel","7":"product_cat-new-gel-polish-collection","9":"first","10":"instock","11":"shipping-taxable","12":"product-type-simple"},"acf":[],"_links":{"self":[{"href":"https:\/\/www.fsyougel.com\/es\/wp-json\/wp\/v2\/product\/1144","targetHints":{"allow":["GET"]}}],"collection":[{"href":"https:\/\/www.fsyougel.com\/es\/wp-json\/wp\/v2\/product"}],"about":[{"href":"https:\/\/www.fsyougel.com\/es\/wp-json\/wp\/v2\/types\/product"}],"replies":[{"embeddable":true,"href":"https:\/\/www.fsyougel.com\/es\/wp-json\/wp\/v2\/comments?post=1144"}],"wp:featuredmedia":[{"embeddable":true,"href":"https:\/\/www.fsyougel.com\/es\/wp-json\/wp\/v2\/media\/1147"}],"wp:attachment":[{"href":"https:\/\/www.fsyougel.com\/es\/wp-json\/wp\/v2\/media?parent=1144"}],"wp:term":[{"taxonomy":"product_brand","embeddable":true,"href":"https:\/\/www.fsyougel.com\/es\/wp-json\/wp\/v2\/product_brand?post=1144"},{"taxonomy":"product_cat","embeddable":true,"href":"https:\/\/www.fsyougel.com\/es\/wp-json\/wp\/v2\/product_cat?post=1144"},{"taxonomy":"product_tag","embeddable":true,"href":"https:\/\/www.fsyougel.com\/es\/wp-json\/wp\/v2\/product_tag?post=1144"}],"curies":[{"name":"wp","href":"https:\/\/api.w.org\/{rel}","templated":true}]}}