{"id":1155,"date":"2025-09-26T02:47:48","date_gmt":"2025-09-26T02:47:48","guid":{"rendered":"https:\/\/www.fsyougel.com\/?post_type=product&#038;p=1155"},"modified":"2025-10-24T08:49:50","modified_gmt":"2025-10-24T08:49:50","slug":"wholesale-gel-nail-polish-colors-2025","status":"publish","type":"product","link":"https:\/\/www.fsyougel.com\/es\/producto\/wholesale-gel-nail-polish-colors-2025\/","title":{"rendered":"Mayorista Esmalte de U\u00f1as de Gel de Colores 2025, Nueva Serie de Oto\u00f1o Fabricante de Esmalte de Gel"},"content":{"rendered":"<div class=\"wp-block-columns is-layout-flex wp-container-core-columns-is-layout-9d6595d7 wp-block-columns-is-layout-flex\">\n<div class=\"wp-block-column is-layout-flow wp-block-column-is-layout-flow\">\n<h2 class=\"wp-block-heading\">Venta al por mayor de esmalte de u\u00f1as de gel de colores Caracter\u00edsticas:<\/h2>\n\n\n\n<ul class=\"wp-block-list\">\n<li><strong>Nueva colecci\u00f3n de oto\u00f1o Trendy 2025:<\/strong> Est\u00e9 a la \u00faltima con nuestros esmaltes de u\u00f1as de gel al por mayor 2025, en l\u00ednea con las \u00faltimas tendencias en esmaltes de gel de oto\u00f1o. La colecci\u00f3n incluye el elegante Caramel Latte, la juguetona Lavender Series y la rica Indigo Series, creadas en l\u00ednea con la demanda estacional.<\/li>\n\n\n\n<li><strong>Elecci\u00f3n de acabados:<\/strong> El esmalte en gel para mayoristas est\u00e1 disponible en una selecci\u00f3n de acabados brillantes y lisos para que los salones de belleza y los distribuidores puedan satisfacer las necesidades de los distintos clientes y ampliar su gama de productos.<\/li>\n\n\n\n<li><strong>Formulaci\u00f3n profesional<\/strong>: Mezcla de f\u00e1cil aplicaci\u00f3n y larga duraci\u00f3n, con la garant\u00eda de la calidad de un sal\u00f3n de belleza gracias a su alto color y su resistencia al desconchado.<\/li>\n\n\n\n<li><strong>Seguro y respetuoso con el medio ambiente: SIN HEMA ni TPO<\/strong> lo que reduce las reacciones al\u00e9rgicas y la irritaci\u00f3n. Ideal para mercados con leyes de seguridad estrictas y productos ecol\u00f3gicos para las u\u00f1as como m\u00e1xima prioridad.<\/li>\n\n\n\n<li><strong>Personalizaci\u00f3n OEM\/ODM: <\/strong>Asistencia gratuita para el etiquetado privado, el envasado personalizado y el desarrollo de colores a medida para que su empresa destaque dentro del extremadamente competitivo sector del cuidado de las u\u00f1as.<\/li>\n\n\n\n<li><strong>Ventaja a granel y al por mayor: <\/strong>La producci\u00f3n en serie garantiza una calidad uniforme, un suministro asegurado y precios competitivos: la opci\u00f3n ideal para distribuidores globales, mayoristas y cadenas de salones profesionales.<\/li>\n<\/ul>\n<\/div>\n\n\n\n<div class=\"wp-block-column is-layout-flow wp-block-column-is-layout-flow\">\n<figure class=\"wp-block-image size-full\"><img decoding=\"async\" width=\"1500\" height=\"1500\" src=\"https:\/\/www.fsyougel.com\/wp-content\/uploads\/2025\/09\/Wholesale-Gel-Nail-Polish-Colors-2025-2.webp\" alt=\"Mayorista Esmalte de U\u00f1as de Gel 2025 (2)\" class=\"wp-image-1157\" srcset=\"https:\/\/www.fsyougel.com\/wp-content\/uploads\/2025\/09\/Wholesale-Gel-Nail-Polish-Colors-2025-2.webp 1500w, https:\/\/www.fsyougel.com\/wp-content\/uploads\/2025\/09\/Wholesale-Gel-Nail-Polish-Colors-2025-2-300x300.webp 300w, https:\/\/www.fsyougel.com\/wp-content\/uploads\/2025\/09\/Wholesale-Gel-Nail-Polish-Colors-2025-2-150x150.webp 150w, https:\/\/www.fsyougel.com\/wp-content\/uploads\/2025\/09\/Wholesale-Gel-Nail-Polish-Colors-2025-2-768x768.webp 768w, https:\/\/www.fsyougel.com\/wp-content\/uploads\/2025\/09\/Wholesale-Gel-Nail-Polish-Colors-2025-2-12x12.webp 12w, https:\/\/www.fsyougel.com\/wp-content\/uploads\/2025\/09\/Wholesale-Gel-Nail-Polish-Colors-2025-2-1200x1200.webp 1200w, https:\/\/www.fsyougel.com\/wp-content\/uploads\/2025\/09\/Wholesale-Gel-Nail-Polish-Colors-2025-2-600x600.webp 600w, https:\/\/www.fsyougel.com\/wp-content\/uploads\/2025\/09\/Wholesale-Gel-Nail-Polish-Colors-2025-2-100x100.webp 100w\" sizes=\"(max-width: 1500px) 100vw, 1500px\" \/><\/figure>\n<\/div>\n<\/div>","protected":false},"excerpt":{"rendered":"<p>Descubre nuestros esmaltes de u\u00f1as de gel al por mayor 2025 en los \u00faltimos colores de esmalte de gel de oto\u00f1o-Caramel Latte, Lavender e Indigo Series. Disponibles en efecto brillante o mate, su f\u00f3rmula sin HEMA ni TPO garantiza una aplicaci\u00f3n segura. \u00a1Cont\u00e1ctenos ahora para OEM\/ODM y muestras gratuitas!<\/p>\n<table border=\"0\" width=\"854\" cellspacing=\"0\" cellpadding=\"0\">\n<tbody>\n<tr>\n<td width=\"257\" height=\"44\">Marca<\/td>\n<td width=\"597\">YouGel<\/td>\n<\/tr>\n<tr>\n<td width=\"257\" height=\"44\">Tipo de producto<\/td>\n<td width=\"597\">Soak-Off UV\/LED<\/td>\n<\/tr>\n<tr>\n<td width=\"257\" height=\"44\">Material<\/td>\n<td width=\"597\">Resina<\/td>\n<\/tr>\n<tr>\n<td width=\"257\" height=\"44\">Color<\/td>\n<td width=\"597\">Serie Caramel Latte\/Lavanda\/Serie \u00cdndigo<\/td>\n<\/tr>\n<tr>\n<td width=\"257\" height=\"44\">Volumen<\/td>\n<td width=\"597\">15 ml, 1 kg<\/td>\n<\/tr>\n<tr>\n<td width=\"257\" height=\"44\">Seguridad<\/td>\n<td width=\"597\">Sin HEMA, sin TPO, no t\u00f3xico, MSDS disponible<\/td>\n<\/tr>\n<tr>\n<td width=\"257\" height=\"44\">MOQ<\/td>\n<td width=\"597\">MOQ bajo<\/td>\n<\/tr>\n<tr>\n<td width=\"257\" height=\"44\">Muestra gratuita<\/td>\n<td width=\"597\">Disponible<\/td>\n<\/tr>\n<tr>\n<td width=\"257\" height=\"82\">Opci\u00f3n personalizada<\/td>\n<td width=\"597\">Servicios OEM\/ODM, logotipos, etiquetas y embalajes personalizados<\/td>\n<\/tr>\n<\/tbody>\n<\/table>\n<h2 class=\"brxe-heading\">Del fabricante del esmalte en gel<\/h2>\n<p><a href=\"https:\/\/www.fsyougel.com\/es\/\"><strong>YouGel<\/strong><\/a> es un fabricante de esmaltes de gel de confianza que ofrece bases de gel de alta calidad adecuadas para u\u00f1as UV\/LED. Nuestros productos est\u00e1n dise\u00f1ados para garantizar una aplicaci\u00f3n suave, una larga duraci\u00f3n y un f\u00e1cil secado.<\/p>","protected":false},"featured_media":1158,"comment_status":"closed","ping_status":"closed","template":"","meta":{"_acf_changed":false},"product_brand":[],"product_cat":[19,27],"product_tag":[],"class_list":{"0":"post-1155","1":"product","2":"type-product","3":"status-publish","4":"has-post-thumbnail","6":"product_cat-gel-polish-color-wholesale","7":"product_cat-new-gel-polish-collection","9":"first","10":"instock","11":"shipping-taxable","12":"product-type-simple"},"acf":[],"_links":{"self":[{"href":"https:\/\/www.fsyougel.com\/es\/wp-json\/wp\/v2\/product\/1155","targetHints":{"allow":["GET"]}}],"collection":[{"href":"https:\/\/www.fsyougel.com\/es\/wp-json\/wp\/v2\/product"}],"about":[{"href":"https:\/\/www.fsyougel.com\/es\/wp-json\/wp\/v2\/types\/product"}],"replies":[{"embeddable":true,"href":"https:\/\/www.fsyougel.com\/es\/wp-json\/wp\/v2\/comments?post=1155"}],"wp:featuredmedia":[{"embeddable":true,"href":"https:\/\/www.fsyougel.com\/es\/wp-json\/wp\/v2\/media\/1158"}],"wp:attachment":[{"href":"https:\/\/www.fsyougel.com\/es\/wp-json\/wp\/v2\/media?parent=1155"}],"wp:term":[{"taxonomy":"product_brand","embeddable":true,"href":"https:\/\/www.fsyougel.com\/es\/wp-json\/wp\/v2\/product_brand?post=1155"},{"taxonomy":"product_cat","embeddable":true,"href":"https:\/\/www.fsyougel.com\/es\/wp-json\/wp\/v2\/product_cat?post=1155"},{"taxonomy":"product_tag","embeddable":true,"href":"https:\/\/www.fsyougel.com\/es\/wp-json\/wp\/v2\/product_tag?post=1155"}],"curies":[{"name":"wp","href":"https:\/\/api.w.org\/{rel}","templated":true}]}}