{"id":1161,"date":"2025-09-26T06:23:54","date_gmt":"2025-09-26T06:23:54","guid":{"rendered":"https:\/\/www.fsyougel.com\/?post_type=product&#038;p=1161"},"modified":"2025-09-27T06:27:12","modified_gmt":"2025-09-27T06:27:12","slug":"platinum-diamond-gel-nail-polish-bulk","status":"publish","type":"product","link":"https:\/\/www.fsyougel.com\/es\/producto\/platinum-diamond-gel-nail-polish-bulk\/","title":{"rendered":"Esmalte de U\u00f1as de Gel Platino Diamante a Granel, 24 Colores de Esmalte de Gel sin TPO para la Colecci\u00f3n de Navidad"},"content":{"rendered":"<div class=\"wp-block-columns is-layout-flex wp-container-core-columns-is-layout-9d6595d7 wp-block-columns-is-layout-flex\">\n<div class=\"wp-block-column is-layout-flow wp-block-column-is-layout-flow\">\n<h2 class=\"wp-block-heading\">Esmalte de U\u00f1as de Gel Platinum Diamond Caracter\u00edsticas:<\/h2>\n\n\n\n<ul class=\"wp-block-list\">\n<li><strong>Platinum Diamond Gel Esmalte de U\u00f1as a Granel:<\/strong> Este juego de 24 hermosos colores es ideal para salones profesionales y mayoristas.<\/li>\n\n\n\n<li><strong>Festiva elegancia navide\u00f1a:<\/strong> \u00a1Llena tus u\u00f1as de alegr\u00eda navide\u00f1a! Esta temporada, nuestro esmalte de gel de u\u00f1as diamante platino se viste de glamour navide\u00f1o cl\u00e1sico: rojos resplandecientes, verdes bosque profundos y toques de purpurina dorada.<\/li>\n\n\n\n<li><strong>Uso polivalente:<\/strong> Perfectos para rematar tus looks de fiesta, crear manicuras de sal\u00f3n o a\u00f1adir un toque de glamour navide\u00f1o.<\/li>\n\n\n\n<li><strong>F\u00f3rmula suave y segura: <\/strong>Gel diamantado de platino con una formulaci\u00f3n sin HEMA ni TPO, que proporciona un uso m\u00e1s seguro con menor irritaci\u00f3n, ideal para u\u00f1as sensibles.<\/li>\n\n\n\n<li><strong>A granel y servicio OEM\/ODM:<\/strong> Yougel est\u00e1 disponible en envases a granel con marca propia y personalizaci\u00f3n de la colecci\u00f3n estacional.<\/li>\n\n\n\n<li><strong>Acabado profesional<\/strong>: Con un brillo duradero, una aplicaci\u00f3n suave como la seda y resistente al desconchado, es la elecci\u00f3n perfecta para las ofertas navide\u00f1as.<\/li>\n<\/ul>\n<\/div>\n\n\n\n<div class=\"wp-block-column is-layout-flow wp-block-column-is-layout-flow\">\n<figure class=\"wp-block-image size-full\"><img decoding=\"async\" width=\"5500\" height=\"4640\" src=\"https:\/\/www.fsyougel.com\/wp-content\/uploads\/2025\/09\/Platinum-Diamond-Gel-Nail-Polish-Bulk-1.webp\" alt=\"Esmalte de U\u00f1as de Gel Platino Diamante a Granel (1)\" class=\"wp-image-1162\" srcset=\"https:\/\/www.fsyougel.com\/wp-content\/uploads\/2025\/09\/Platinum-Diamond-Gel-Nail-Polish-Bulk-1.webp 5500w, https:\/\/www.fsyougel.com\/wp-content\/uploads\/2025\/09\/Platinum-Diamond-Gel-Nail-Polish-Bulk-1-300x253.webp 300w, https:\/\/www.fsyougel.com\/wp-content\/uploads\/2025\/09\/Platinum-Diamond-Gel-Nail-Polish-Bulk-1-768x648.webp 768w, https:\/\/www.fsyougel.com\/wp-content\/uploads\/2025\/09\/Platinum-Diamond-Gel-Nail-Polish-Bulk-1-14x12.webp 14w, https:\/\/www.fsyougel.com\/wp-content\/uploads\/2025\/09\/Platinum-Diamond-Gel-Nail-Polish-Bulk-1-1200x1012.webp 1200w, https:\/\/www.fsyougel.com\/wp-content\/uploads\/2025\/09\/Platinum-Diamond-Gel-Nail-Polish-Bulk-1-600x506.webp 600w\" sizes=\"(max-width: 5500px) 100vw, 5500px\" \/><\/figure>\n<\/div>\n<\/div>\n\n\n\n<div class=\"wp-block-columns is-layout-flex wp-container-core-columns-is-layout-9d6595d7 wp-block-columns-is-layout-flex\">\n<div class=\"wp-block-column is-layout-flow wp-block-column-is-layout-flow\"><\/div>\n<\/div>\n\n\n\n<figure class=\"wp-block-image size-full\"><img decoding=\"async\" width=\"5500\" height=\"4640\" src=\"https:\/\/www.fsyougel.com\/wp-content\/uploads\/2025\/09\/Platinum-Diamond-Gel-Nail-Polish-Bulk-3.webp\" alt=\"Esmalte de U\u00f1as de Gel Platino Diamante a Granel (3)\" class=\"wp-image-1164\" srcset=\"https:\/\/www.fsyougel.com\/wp-content\/uploads\/2025\/09\/Platinum-Diamond-Gel-Nail-Polish-Bulk-3.webp 5500w, https:\/\/www.fsyougel.com\/wp-content\/uploads\/2025\/09\/Platinum-Diamond-Gel-Nail-Polish-Bulk-3-300x253.webp 300w, https:\/\/www.fsyougel.com\/wp-content\/uploads\/2025\/09\/Platinum-Diamond-Gel-Nail-Polish-Bulk-3-768x648.webp 768w, https:\/\/www.fsyougel.com\/wp-content\/uploads\/2025\/09\/Platinum-Diamond-Gel-Nail-Polish-Bulk-3-14x12.webp 14w, https:\/\/www.fsyougel.com\/wp-content\/uploads\/2025\/09\/Platinum-Diamond-Gel-Nail-Polish-Bulk-3-1200x1012.webp 1200w, https:\/\/www.fsyougel.com\/wp-content\/uploads\/2025\/09\/Platinum-Diamond-Gel-Nail-Polish-Bulk-3-600x506.webp 600w\" sizes=\"(max-width: 5500px) 100vw, 5500px\" \/><\/figure>","protected":false},"excerpt":{"rendered":"<p data-start=\"398\" data-end=\"682\">Celebra la Navidad con nuestro esmalte de u\u00f1as de gel diamante platino a granel, con 24 tonos festivos: rojos brillantes, verdes y purpurina dorada. F\u00f3rmula segura sin HEMA ni TPO. P\u00f3ngase en contacto con nosotros hoy mismo para el servicio OEM\/ODM y solicite sus muestras gratuitas.<\/p>\n<table border=\"0\" width=\"854\" cellspacing=\"0\" cellpadding=\"0\">\n<tbody>\n<tr>\n<td width=\"257\" height=\"44\">Marca<\/td>\n<td width=\"597\">YouGel<\/td>\n<\/tr>\n<tr>\n<td width=\"257\" height=\"44\">Tipo de producto<\/td>\n<td width=\"597\">Soak-Off UV\/LED<\/td>\n<\/tr>\n<tr>\n<td width=\"257\" height=\"44\">Material<\/td>\n<td width=\"597\">Resina<\/td>\n<\/tr>\n<tr>\n<td width=\"257\" height=\"44\">Color<\/td>\n<td width=\"597\">24 Colores<\/td>\n<\/tr>\n<tr>\n<td width=\"257\" height=\"44\">Volumen<\/td>\n<td width=\"597\">15 ml, 1 kg<\/td>\n<\/tr>\n<tr>\n<td width=\"257\" height=\"44\">Seguridad<\/td>\n<td width=\"597\">Sin TPO, sin HEMA, no t\u00f3xico, MSDS disponible<\/td>\n<\/tr>\n<tr>\n<td width=\"257\" height=\"44\">MOQ<\/td>\n<td width=\"597\">MOQ bajo<\/td>\n<\/tr>\n<tr>\n<td width=\"257\" height=\"44\">Muestra gratuita<\/td>\n<td width=\"597\">Disponible<\/td>\n<\/tr>\n<tr>\n<td width=\"257\" height=\"82\">Opci\u00f3n personalizada<\/td>\n<td width=\"597\">Servicios OEM\/ODM, logotipos, etiquetas y embalajes personalizados<\/td>\n<\/tr>\n<\/tbody>\n<\/table>\n<h2 class=\"brxe-heading\">Del fabricante del esmalte en gel<\/h2>\n<p><a href=\"https:\/\/www.fsyougel.com\/es\/\"><strong>YouGel<\/strong><\/a> es un fabricante de esmaltes de gel de confianza que ofrece bases de gel de alta calidad adecuadas para u\u00f1as UV\/LED. Nuestros productos est\u00e1n dise\u00f1ados para garantizar una aplicaci\u00f3n suave, una larga duraci\u00f3n y un f\u00e1cil secado.<\/p>","protected":false},"featured_media":1163,"comment_status":"closed","ping_status":"closed","template":"","meta":{"_acf_changed":false},"product_brand":[],"product_cat":[19,27],"product_tag":[],"class_list":{"0":"post-1161","1":"product","2":"type-product","3":"status-publish","4":"has-post-thumbnail","6":"product_cat-gel-polish-color-wholesale","7":"product_cat-new-gel-polish-collection","9":"first","10":"instock","11":"shipping-taxable","12":"product-type-simple"},"acf":[],"_links":{"self":[{"href":"https:\/\/www.fsyougel.com\/es\/wp-json\/wp\/v2\/product\/1161","targetHints":{"allow":["GET"]}}],"collection":[{"href":"https:\/\/www.fsyougel.com\/es\/wp-json\/wp\/v2\/product"}],"about":[{"href":"https:\/\/www.fsyougel.com\/es\/wp-json\/wp\/v2\/types\/product"}],"replies":[{"embeddable":true,"href":"https:\/\/www.fsyougel.com\/es\/wp-json\/wp\/v2\/comments?post=1161"}],"wp:featuredmedia":[{"embeddable":true,"href":"https:\/\/www.fsyougel.com\/es\/wp-json\/wp\/v2\/media\/1163"}],"wp:attachment":[{"href":"https:\/\/www.fsyougel.com\/es\/wp-json\/wp\/v2\/media?parent=1161"}],"wp:term":[{"taxonomy":"product_brand","embeddable":true,"href":"https:\/\/www.fsyougel.com\/es\/wp-json\/wp\/v2\/product_brand?post=1161"},{"taxonomy":"product_cat","embeddable":true,"href":"https:\/\/www.fsyougel.com\/es\/wp-json\/wp\/v2\/product_cat?post=1161"},{"taxonomy":"product_tag","embeddable":true,"href":"https:\/\/www.fsyougel.com\/es\/wp-json\/wp\/v2\/product_tag?post=1161"}],"curies":[{"name":"wp","href":"https:\/\/api.w.org\/{rel}","templated":true}]}}