{"id":1217,"date":"2025-10-24T08:26:09","date_gmt":"2025-10-24T08:26:09","guid":{"rendered":"https:\/\/www.fsyougel.com\/?post_type=product&#038;p=1217"},"modified":"2025-10-24T08:46:42","modified_gmt":"2025-10-24T08:46:42","slug":"seashell-top-coat-nail-supply","status":"publish","type":"product","link":"https:\/\/www.fsyougel.com\/es\/producto\/seashell-top-coat-nail-supply\/","title":{"rendered":"Seashell Top Coat Nail Supply, HEMA-free, TPO-free Gel Top Coat Factory"},"content":{"rendered":"<div class=\"wp-block-columns is-layout-flex wp-container-core-columns-is-layout-9d6595d7 wp-block-columns-is-layout-flex\">\n<div class=\"wp-block-column is-layout-flow wp-block-column-is-layout-flow\">\n<h2 class=\"wp-block-heading\">Seashell Top Coat Nail Supply Caracter\u00edsticas:<\/h2>\n\n\n\n<ul class=\"wp-block-list\">\n<li><strong>Acabado iridiscente Seashell:<\/strong> Crea un brillo nacarado \u00fanico que realza cualquier color de esmalte de gel, ofreciendo un aspecto lujoso y moderno para manicuras de primera calidad.<\/li>\n\n\n\n<li><strong>F\u00f3rmula sin HEMA ni TPO:<\/strong> Dise\u00f1ada para ofrecer seguridad y comodidad, esta f\u00f3rmula minimiza las reacciones al\u00e9rgicas y es suave incluso con la piel sensible.<\/li>\n\n\n\n<li><strong>Alto brillo y resistencia a los ara\u00f1azos:<\/strong> Proporciona un brillo v\u00edtreo que dura semanas y resiste los ara\u00f1azos, la decoloraci\u00f3n y el amarilleamiento.<\/li>\n\n\n\n<li><strong>Curado r\u00e1pido y aplicaci\u00f3n suave:<\/strong> Funciona a la perfecci\u00f3n con todos los sistemas LED\/UV, proporcionando una textura suave y autonivelante para obtener resultados profesionales r\u00e1pidos.<\/li>\n\n\n\n<li><strong>Capa de protecci\u00f3n duradera:<\/strong> Sella el color, evita que se astille y prolonga la vida de las manicuras, por lo que es ideal para su uso en salones y comercios.<\/li>\n\n\n\n<li><strong>Soporte OEM\/ODM:<\/strong> Como profesional <strong>seashell top coat nail supply<\/strong> ofrecemos personalizaci\u00f3n de marca propia, servicio de dise\u00f1o gratuito y MOQ flexible para que su marca destaque.<\/li>\n<\/ul>\n<\/div>\n\n\n\n<div class=\"wp-block-column is-layout-flow wp-block-column-is-layout-flow\">\n<figure class=\"wp-block-image size-full\"><img decoding=\"async\" width=\"1500\" height=\"1500\" src=\"https:\/\/www.fsyougel.com\/wp-content\/uploads\/2025\/10\/Seashell-Top-Coat-Nail-Supply-1.webp\" alt=\"Seashell Top Coat Nail Supply (1)\" class=\"wp-image-1218\" srcset=\"https:\/\/www.fsyougel.com\/wp-content\/uploads\/2025\/10\/Seashell-Top-Coat-Nail-Supply-1.webp 1500w, https:\/\/www.fsyougel.com\/wp-content\/uploads\/2025\/10\/Seashell-Top-Coat-Nail-Supply-1-300x300.webp 300w, https:\/\/www.fsyougel.com\/wp-content\/uploads\/2025\/10\/Seashell-Top-Coat-Nail-Supply-1-150x150.webp 150w, https:\/\/www.fsyougel.com\/wp-content\/uploads\/2025\/10\/Seashell-Top-Coat-Nail-Supply-1-768x768.webp 768w, https:\/\/www.fsyougel.com\/wp-content\/uploads\/2025\/10\/Seashell-Top-Coat-Nail-Supply-1-12x12.webp 12w, https:\/\/www.fsyougel.com\/wp-content\/uploads\/2025\/10\/Seashell-Top-Coat-Nail-Supply-1-1200x1200.webp 1200w, https:\/\/www.fsyougel.com\/wp-content\/uploads\/2025\/10\/Seashell-Top-Coat-Nail-Supply-1-600x600.webp 600w, https:\/\/www.fsyougel.com\/wp-content\/uploads\/2025\/10\/Seashell-Top-Coat-Nail-Supply-1-100x100.webp 100w\" sizes=\"(max-width: 1500px) 100vw, 1500px\" \/><\/figure>\n<\/div>\n<\/div>\n\n\n\n<figure class=\"wp-block-image size-full\"><img decoding=\"async\" width=\"6960\" height=\"4640\" src=\"https:\/\/www.fsyougel.com\/wp-content\/uploads\/2025\/10\/Seashell-Top-Coat-Nail-Supply-Factory.webp\" alt=\"Seashell Top Coat Nail Supply Factory\" class=\"wp-image-1221\" srcset=\"https:\/\/www.fsyougel.com\/wp-content\/uploads\/2025\/10\/Seashell-Top-Coat-Nail-Supply-Factory.webp 6960w, https:\/\/www.fsyougel.com\/wp-content\/uploads\/2025\/10\/Seashell-Top-Coat-Nail-Supply-Factory-300x200.webp 300w, https:\/\/www.fsyougel.com\/wp-content\/uploads\/2025\/10\/Seashell-Top-Coat-Nail-Supply-Factory-768x512.webp 768w, https:\/\/www.fsyougel.com\/wp-content\/uploads\/2025\/10\/Seashell-Top-Coat-Nail-Supply-Factory-18x12.webp 18w, https:\/\/www.fsyougel.com\/wp-content\/uploads\/2025\/10\/Seashell-Top-Coat-Nail-Supply-Factory-1200x800.webp 1200w, https:\/\/www.fsyougel.com\/wp-content\/uploads\/2025\/10\/Seashell-Top-Coat-Nail-Supply-Factory-600x400.webp 600w\" sizes=\"(max-width: 6960px) 100vw, 6960px\" \/><\/figure>","protected":false},"excerpt":{"rendered":"<p data-start=\"92\" data-end=\"275\">Descubra la brillantez de nuestro <strong data-start=\"225\" data-end=\"258\">seashell top coat nail supply<\/strong>desarrollado especialmente para salones de manicura profesionales y marcas de productos para u\u00f1as OEM. Este top coat proporciona un acabado luminoso, similar al de una concha marina, con una protecci\u00f3n avanzada y un brillo duradero.<\/p>\n<table border=\"0\" width=\"854\" cellspacing=\"0\" cellpadding=\"0\">\n<tbody>\n<tr>\n<td width=\"257\" height=\"44\">Marca<\/td>\n<td width=\"597\">YouGel<\/td>\n<\/tr>\n<tr>\n<td width=\"257\" height=\"44\">Lugar de origen<\/td>\n<td width=\"597\">Guangdong, China<\/td>\n<\/tr>\n<tr>\n<td width=\"257\" height=\"44\">Tipo de producto<\/td>\n<td width=\"597\">Soak-Off UV\/LED<\/td>\n<\/tr>\n<tr>\n<td width=\"257\" height=\"44\">Material<\/td>\n<td width=\"597\">Resina<\/td>\n<\/tr>\n<tr>\n<td width=\"257\" height=\"44\">Color<\/td>\n<td width=\"597\">Blanco, Negro<\/td>\n<\/tr>\n<tr>\n<td width=\"257\" height=\"44\">Volumen<\/td>\n<td width=\"597\">15 ml, 1 kg<\/td>\n<\/tr>\n<tr>\n<td width=\"257\" height=\"44\">Seguridad<\/td>\n<td width=\"597\">Sin HEMA, sin TPO, no t\u00f3xico, MSDS disponible<\/td>\n<\/tr>\n<tr>\n<td width=\"257\" height=\"44\">MOQ<\/td>\n<td width=\"597\">MOQ bajo<\/td>\n<\/tr>\n<tr>\n<td width=\"257\" height=\"44\">Muestra gratuita<\/td>\n<td width=\"597\">Disponible<\/td>\n<\/tr>\n<tr>\n<td width=\"257\" height=\"82\">Opci\u00f3n personalizada<\/td>\n<td width=\"597\">Servicios OEM\/ODM, logotipos, etiquetas y embalajes personalizados<\/td>\n<\/tr>\n<\/tbody>\n<\/table>\n<h2 class=\"brxe-heading\">Del fabricante de Gel Top Coat<\/h2>\n<p>YouGel es un fabricante de esmaltes de gel de confianza que ofrece bases de gel de alta calidad adecuadas para u\u00f1as UV\/LED. Nuestros productos est\u00e1n dise\u00f1ados para garantizar una aplicaci\u00f3n suave, larga duraci\u00f3n y f\u00e1cil absorci\u00f3n.<\/p>","protected":false},"featured_media":1220,"comment_status":"closed","ping_status":"closed","template":"","meta":{"_acf_changed":false},"product_brand":[],"product_cat":[18],"product_tag":[],"class_list":{"0":"post-1217","1":"product","2":"type-product","3":"status-publish","4":"has-post-thumbnail","6":"product_cat-top-coat-wholesale","8":"first","9":"instock","10":"shipping-taxable","11":"product-type-simple"},"acf":[],"_links":{"self":[{"href":"https:\/\/www.fsyougel.com\/es\/wp-json\/wp\/v2\/product\/1217","targetHints":{"allow":["GET"]}}],"collection":[{"href":"https:\/\/www.fsyougel.com\/es\/wp-json\/wp\/v2\/product"}],"about":[{"href":"https:\/\/www.fsyougel.com\/es\/wp-json\/wp\/v2\/types\/product"}],"replies":[{"embeddable":true,"href":"https:\/\/www.fsyougel.com\/es\/wp-json\/wp\/v2\/comments?post=1217"}],"wp:featuredmedia":[{"embeddable":true,"href":"https:\/\/www.fsyougel.com\/es\/wp-json\/wp\/v2\/media\/1220"}],"wp:attachment":[{"href":"https:\/\/www.fsyougel.com\/es\/wp-json\/wp\/v2\/media?parent=1217"}],"wp:term":[{"taxonomy":"product_brand","embeddable":true,"href":"https:\/\/www.fsyougel.com\/es\/wp-json\/wp\/v2\/product_brand?post=1217"},{"taxonomy":"product_cat","embeddable":true,"href":"https:\/\/www.fsyougel.com\/es\/wp-json\/wp\/v2\/product_cat?post=1217"},{"taxonomy":"product_tag","embeddable":true,"href":"https:\/\/www.fsyougel.com\/es\/wp-json\/wp\/v2\/product_tag?post=1217"}],"curies":[{"name":"wp","href":"https:\/\/api.w.org\/{rel}","templated":true}]}}