{"id":1228,"date":"2025-10-24T09:34:32","date_gmt":"2025-10-24T09:34:32","guid":{"rendered":"https:\/\/www.fsyougel.com\/?post_type=product&#038;p=1228"},"modified":"2025-10-24T09:55:37","modified_gmt":"2025-10-24T09:55:37","slug":"non-stick-powder-matte-top-coat-bulk","status":"publish","type":"product","link":"https:\/\/www.fsyougel.com\/es\/producto\/non-stick-powder-matte-top-coat-bulk\/","title":{"rendered":"Capa superior mate en polvo antiadherente a granel, sin TPO, sin necesidad de limpiar, proveedor de gel para u\u00f1as."},"content":{"rendered":"<div class=\"wp-block-columns is-layout-flex wp-container-core-columns-is-layout-9d6595d7 wp-block-columns-is-layout-flex\">\n<div class=\"wp-block-column is-layout-flow wp-block-column-is-layout-flow\">\n<h2 class=\"wp-block-heading\">Caracter\u00edsticas del acabado mate en polvo antiadherente:<\/h2>\n\n\n\n<ul class=\"wp-block-list\">\n<li><strong>Acabado mate premium:<\/strong> Es un acabado mate suave y antiadherente que realza el arte de las u\u00f1as y los colores del esmalte en gel.<\/li>\n\n\n\n<li><strong>F\u00f3rmula sin HEMA ni TPO: <\/strong>Suave con las u\u00f1as sensibles, elimina las reacciones al\u00e9rgicas y mantiene unos resultados profesionales.<\/li>\n\n\n\n<li><strong>Comodidad sin necesidad de limpiar: <\/strong>F\u00e1cil de aplicar sin necesidad de limpiar capas pegajosas, lo que ahorra tiempo a los t\u00e9cnicos de u\u00f1as.<\/li>\n\n\n\n<li><strong>Durabilidad prolongada:<\/strong> Protege las u\u00f1as contra astillamientos, rayones y decoloraci\u00f3n, con una larga duraci\u00f3n.<\/li>\n\n\n\n<li>Nuestro recubrimiento mate en polvo antiadherente a granel es ideal para distribuidores, salones de belleza y empresas de marcas privadas. Soluciones de envasado vers\u00e1tiles, asesoramiento gratuito sobre dise\u00f1o y pedidos m\u00ednimos bajos disponibles.<\/li>\n<\/ul>\n<\/div>\n\n\n\n<div class=\"wp-block-column is-layout-flow wp-block-column-is-layout-flow\">\n<figure class=\"wp-block-image size-full\"><img decoding=\"async\" width=\"1500\" height=\"1500\" src=\"https:\/\/www.fsyougel.com\/wp-content\/uploads\/2025\/10\/Non-Stick-Powder-Matte-Top-Coat-in-Bulk-3.webp\" alt=\"Acabado mate en polvo antiadherente a granel (3)\" class=\"wp-image-1230\" srcset=\"https:\/\/www.fsyougel.com\/wp-content\/uploads\/2025\/10\/Non-Stick-Powder-Matte-Top-Coat-in-Bulk-3.webp 1500w, https:\/\/www.fsyougel.com\/wp-content\/uploads\/2025\/10\/Non-Stick-Powder-Matte-Top-Coat-in-Bulk-3-300x300.webp 300w, https:\/\/www.fsyougel.com\/wp-content\/uploads\/2025\/10\/Non-Stick-Powder-Matte-Top-Coat-in-Bulk-3-150x150.webp 150w, https:\/\/www.fsyougel.com\/wp-content\/uploads\/2025\/10\/Non-Stick-Powder-Matte-Top-Coat-in-Bulk-3-768x768.webp 768w, https:\/\/www.fsyougel.com\/wp-content\/uploads\/2025\/10\/Non-Stick-Powder-Matte-Top-Coat-in-Bulk-3-12x12.webp 12w, https:\/\/www.fsyougel.com\/wp-content\/uploads\/2025\/10\/Non-Stick-Powder-Matte-Top-Coat-in-Bulk-3-1200x1200.webp 1200w, https:\/\/www.fsyougel.com\/wp-content\/uploads\/2025\/10\/Non-Stick-Powder-Matte-Top-Coat-in-Bulk-3-600x600.webp 600w, https:\/\/www.fsyougel.com\/wp-content\/uploads\/2025\/10\/Non-Stick-Powder-Matte-Top-Coat-in-Bulk-3-100x100.webp 100w\" sizes=\"(max-width: 1500px) 100vw, 1500px\" \/><\/figure>\n<\/div>\n<\/div>\n\n\n\n<div class=\"wp-block-columns is-layout-flex wp-container-core-columns-is-layout-9d6595d7 wp-block-columns-is-layout-flex\">\n<div class=\"wp-block-column is-layout-flow wp-block-column-is-layout-flow\">\n<figure class=\"wp-block-image size-full\"><img decoding=\"async\" width=\"1500\" height=\"1500\" src=\"https:\/\/www.fsyougel.com\/wp-content\/uploads\/2025\/10\/Non-Stick-Powder-Matte-Top-Coat-in-Bulk-4.webp\" alt=\"Acabado mate en polvo antiadherente a granel (4)\" class=\"wp-image-1231\" srcset=\"https:\/\/www.fsyougel.com\/wp-content\/uploads\/2025\/10\/Non-Stick-Powder-Matte-Top-Coat-in-Bulk-4.webp 1500w, https:\/\/www.fsyougel.com\/wp-content\/uploads\/2025\/10\/Non-Stick-Powder-Matte-Top-Coat-in-Bulk-4-300x300.webp 300w, https:\/\/www.fsyougel.com\/wp-content\/uploads\/2025\/10\/Non-Stick-Powder-Matte-Top-Coat-in-Bulk-4-150x150.webp 150w, https:\/\/www.fsyougel.com\/wp-content\/uploads\/2025\/10\/Non-Stick-Powder-Matte-Top-Coat-in-Bulk-4-768x768.webp 768w, https:\/\/www.fsyougel.com\/wp-content\/uploads\/2025\/10\/Non-Stick-Powder-Matte-Top-Coat-in-Bulk-4-12x12.webp 12w, https:\/\/www.fsyougel.com\/wp-content\/uploads\/2025\/10\/Non-Stick-Powder-Matte-Top-Coat-in-Bulk-4-1200x1200.webp 1200w, https:\/\/www.fsyougel.com\/wp-content\/uploads\/2025\/10\/Non-Stick-Powder-Matte-Top-Coat-in-Bulk-4-600x600.webp 600w, https:\/\/www.fsyougel.com\/wp-content\/uploads\/2025\/10\/Non-Stick-Powder-Matte-Top-Coat-in-Bulk-4-100x100.webp 100w\" sizes=\"(max-width: 1500px) 100vw, 1500px\" \/><\/figure>\n<\/div>\n\n\n\n<div class=\"wp-block-column is-layout-flow wp-block-column-is-layout-flow\">\n<figure class=\"wp-block-image size-full\"><img decoding=\"async\" width=\"1500\" height=\"1500\" src=\"https:\/\/www.fsyougel.com\/wp-content\/uploads\/2025\/10\/Non-Stick-Powder-Matte-Top-Coat-in-Bulk-8.webp\" alt=\"Acabado mate en polvo antiadherente a granel (8)\" class=\"wp-image-1235\" srcset=\"https:\/\/www.fsyougel.com\/wp-content\/uploads\/2025\/10\/Non-Stick-Powder-Matte-Top-Coat-in-Bulk-8.webp 1500w, https:\/\/www.fsyougel.com\/wp-content\/uploads\/2025\/10\/Non-Stick-Powder-Matte-Top-Coat-in-Bulk-8-300x300.webp 300w, https:\/\/www.fsyougel.com\/wp-content\/uploads\/2025\/10\/Non-Stick-Powder-Matte-Top-Coat-in-Bulk-8-150x150.webp 150w, https:\/\/www.fsyougel.com\/wp-content\/uploads\/2025\/10\/Non-Stick-Powder-Matte-Top-Coat-in-Bulk-8-768x768.webp 768w, https:\/\/www.fsyougel.com\/wp-content\/uploads\/2025\/10\/Non-Stick-Powder-Matte-Top-Coat-in-Bulk-8-12x12.webp 12w, https:\/\/www.fsyougel.com\/wp-content\/uploads\/2025\/10\/Non-Stick-Powder-Matte-Top-Coat-in-Bulk-8-1200x1200.webp 1200w, https:\/\/www.fsyougel.com\/wp-content\/uploads\/2025\/10\/Non-Stick-Powder-Matte-Top-Coat-in-Bulk-8-600x600.webp 600w, https:\/\/www.fsyougel.com\/wp-content\/uploads\/2025\/10\/Non-Stick-Powder-Matte-Top-Coat-in-Bulk-8-100x100.webp 100w\" sizes=\"(max-width: 1500px) 100vw, 1500px\" \/><\/figure>\n<\/div>\n<\/div>","protected":false},"excerpt":{"rendered":"<p data-start=\"92\" data-end=\"275\">Mejora tus servicios de manicura con nuestro esmalte mate en polvo antiadherente sin TPO a granel, especialmente formulado para salones profesionales, distribuidores y marcas OEM. Disfruta de un acabado mate suave y duradero sin residuos pegajosos.<\/p>\n<table border=\"0\" width=\"854\" cellspacing=\"0\" cellpadding=\"0\">\n<tbody>\n<tr>\n<td width=\"257\" height=\"44\">Marca<\/td>\n<td width=\"597\">YouGel<\/td>\n<\/tr>\n<tr>\n<td width=\"257\" height=\"44\">N\u00famero de modelo<\/td>\n<td width=\"597\">MT01<\/td>\n<\/tr>\n<tr>\n<td width=\"257\" height=\"44\">Tipo de producto<\/td>\n<td width=\"597\">Soak-Off UV\/LED<\/td>\n<\/tr>\n<tr>\n<td width=\"257\" height=\"44\">Material<\/td>\n<td width=\"597\">Resina<\/td>\n<\/tr>\n<tr>\n<td width=\"257\" height=\"44\">Color<\/td>\n<td width=\"597\">Claro<\/td>\n<\/tr>\n<tr>\n<td width=\"257\" height=\"44\">Volumen<\/td>\n<td width=\"597\">15 ml<\/td>\n<\/tr>\n<tr>\n<td width=\"257\" height=\"44\">Seguridad<\/td>\n<td width=\"597\">Sin HEMA, sin TPO, no t\u00f3xico, MSDS disponible<\/td>\n<\/tr>\n<tr>\n<td width=\"257\" height=\"44\">MOQ<\/td>\n<td width=\"597\">MOQ bajo<\/td>\n<\/tr>\n<tr>\n<td width=\"257\" height=\"44\">Muestra gratuita<\/td>\n<td width=\"597\">Disponible<\/td>\n<\/tr>\n<tr>\n<td width=\"257\" height=\"82\">Opci\u00f3n personalizada<\/td>\n<td width=\"597\">Servicios OEM\/ODM, logotipos, etiquetas y embalajes personalizados<\/td>\n<\/tr>\n<\/tbody>\n<\/table>\n<h2 class=\"brxe-heading\">Del fabricante de Gel Top Coat<\/h2>\n<p>YouGel es un fabricante de esmaltes de gel de confianza que ofrece bases de gel de alta calidad adecuadas para u\u00f1as UV\/LED. Nuestros productos est\u00e1n dise\u00f1ados para garantizar una aplicaci\u00f3n suave, larga duraci\u00f3n y f\u00e1cil absorci\u00f3n.<\/p>","protected":false},"featured_media":1232,"comment_status":"closed","ping_status":"closed","template":"","meta":{"_acf_changed":false},"product_brand":[],"product_cat":[18],"product_tag":[],"class_list":{"0":"post-1228","1":"product","2":"type-product","3":"status-publish","4":"has-post-thumbnail","6":"product_cat-top-coat-wholesale","8":"first","9":"instock","10":"shipping-taxable","11":"product-type-simple"},"acf":[],"_links":{"self":[{"href":"https:\/\/www.fsyougel.com\/es\/wp-json\/wp\/v2\/product\/1228","targetHints":{"allow":["GET"]}}],"collection":[{"href":"https:\/\/www.fsyougel.com\/es\/wp-json\/wp\/v2\/product"}],"about":[{"href":"https:\/\/www.fsyougel.com\/es\/wp-json\/wp\/v2\/types\/product"}],"replies":[{"embeddable":true,"href":"https:\/\/www.fsyougel.com\/es\/wp-json\/wp\/v2\/comments?post=1228"}],"wp:featuredmedia":[{"embeddable":true,"href":"https:\/\/www.fsyougel.com\/es\/wp-json\/wp\/v2\/media\/1232"}],"wp:attachment":[{"href":"https:\/\/www.fsyougel.com\/es\/wp-json\/wp\/v2\/media?parent=1228"}],"wp:term":[{"taxonomy":"product_brand","embeddable":true,"href":"https:\/\/www.fsyougel.com\/es\/wp-json\/wp\/v2\/product_brand?post=1228"},{"taxonomy":"product_cat","embeddable":true,"href":"https:\/\/www.fsyougel.com\/es\/wp-json\/wp\/v2\/product_cat?post=1228"},{"taxonomy":"product_tag","embeddable":true,"href":"https:\/\/www.fsyougel.com\/es\/wp-json\/wp\/v2\/product_tag?post=1228"}],"curies":[{"name":"wp","href":"https:\/\/api.w.org\/{rel}","templated":true}]}}