{"id":1246,"date":"2025-10-28T08:02:52","date_gmt":"2025-10-28T08:02:52","guid":{"rendered":"https:\/\/www.fsyougel.com\/?post_type=product&#038;p=1246"},"modified":"2025-10-28T08:46:03","modified_gmt":"2025-10-28T08:46:03","slug":"solid-non-stick-hand-extension-gel-bulk","status":"publish","type":"product","link":"https:\/\/www.fsyougel.com\/es\/producto\/solid-non-stick-hand-extension-gel-bulk\/","title":{"rendered":"Gel s\u00f3lido antiadherente para extensi\u00f3n de manos al por mayor, gel constructor tixotr\u00f3pico de 10 colores para extensi\u00f3n de u\u00f1as"},"content":{"rendered":"<div class=\"wp-block-columns is-layout-flex wp-container-core-columns-is-layout-9d6595d7 wp-block-columns-is-layout-flex\">\n<div class=\"wp-block-column is-layout-flow wp-block-column-is-layout-flow\">\n<div class=\"wp-block-columns is-layout-flex wp-container-core-columns-is-layout-9d6595d7 wp-block-columns-is-layout-flex\">\n<div class=\"wp-block-column is-layout-flow wp-block-column-is-layout-flow\">\n<h2 class=\"wp-block-heading\">Caracter\u00edsticas del gel antideslizante s\u00f3lido para manos al por mayor:<\/h2>\n\n\n\n<ul class=\"wp-block-list\">\n<li><strong>F\u00f3rmula no pegajosa<\/strong>: Textura suave con excelente tixotrop\u00eda: f\u00e1cil de moldear sin pegarse a los pinceles ni a las manos, lo que garantiza una aplicaci\u00f3n limpia y eficaz.<\/li>\n\n\n\n<li><strong>Pr\u00e1ctica extensi\u00f3n de mano<\/strong>No se necesita ning\u00fan formulario en papel. El gel se puede presionar y moldear directamente con la mano, lo que hace que la extensi\u00f3n de las u\u00f1as sea m\u00e1s r\u00e1pida y f\u00e1cil para los principiantes.<\/li>\n\n\n\n<li><strong>Alta plasticidad y gran resistencia<\/strong>: Estructura flexible pero duradera que se puede moldear f\u00e1cilmente para dise\u00f1os de u\u00f1as 3D o esculturas, manteniendo una forma perfecta despu\u00e9s del curado.<\/li>\n\n\n\n<li><strong>Gel constructor tixotr\u00f3pico<\/strong>: Se vuelve suave al aplicarlo y se espesa cuando se estabiliza, lo que evita el desbordamiento y permite un control preciso durante la construcci\u00f3n de las u\u00f1as.<\/li>\n\n\n\n<li><strong>Selecci\u00f3n vibrante de 10 colores<\/strong>: Disponible en 10 colores de moda para satisfacer las diversas necesidades de los salones de belleza y de personalizaci\u00f3n, adecuado para crear looks de u\u00f1as naturales o creativos.<\/li>\n\n\n\n<li><strong>Rendimiento de nivel profesional<\/strong>: Ideal para salones de manicura, escuelas de belleza y distribuidores de productos para el arte de las u\u00f1as que buscan geles constructores s\u00f3lidos, antiadherentes y de alta calidad a precios al por mayor.<\/li>\n<\/ul>\n<\/div>\n\n\n\n<div class=\"wp-block-column is-layout-flow wp-block-column-is-layout-flow\">\n<figure class=\"wp-block-image size-full\"><img decoding=\"async\" width=\"1500\" height=\"1500\" src=\"https:\/\/www.fsyougel.com\/wp-content\/uploads\/2025\/10\/10-Colors-Solid-Non-Stick-Hand-Extension-Gel-Wholesale-1.webp\" alt=\"10 colores s\u00f3lidos antiadherentes con extensi\u00f3n de mano, venta al por mayor (1)\" class=\"wp-image-1247\" srcset=\"https:\/\/www.fsyougel.com\/wp-content\/uploads\/2025\/10\/10-Colors-Solid-Non-Stick-Hand-Extension-Gel-Wholesale-1.webp 1500w, https:\/\/www.fsyougel.com\/wp-content\/uploads\/2025\/10\/10-Colors-Solid-Non-Stick-Hand-Extension-Gel-Wholesale-1-300x300.webp 300w, https:\/\/www.fsyougel.com\/wp-content\/uploads\/2025\/10\/10-Colors-Solid-Non-Stick-Hand-Extension-Gel-Wholesale-1-150x150.webp 150w, https:\/\/www.fsyougel.com\/wp-content\/uploads\/2025\/10\/10-Colors-Solid-Non-Stick-Hand-Extension-Gel-Wholesale-1-768x768.webp 768w, https:\/\/www.fsyougel.com\/wp-content\/uploads\/2025\/10\/10-Colors-Solid-Non-Stick-Hand-Extension-Gel-Wholesale-1-12x12.webp 12w, https:\/\/www.fsyougel.com\/wp-content\/uploads\/2025\/10\/10-Colors-Solid-Non-Stick-Hand-Extension-Gel-Wholesale-1-1200x1200.webp 1200w, https:\/\/www.fsyougel.com\/wp-content\/uploads\/2025\/10\/10-Colors-Solid-Non-Stick-Hand-Extension-Gel-Wholesale-1-600x600.webp 600w, https:\/\/www.fsyougel.com\/wp-content\/uploads\/2025\/10\/10-Colors-Solid-Non-Stick-Hand-Extension-Gel-Wholesale-1-100x100.webp 100w\" sizes=\"(max-width: 1500px) 100vw, 1500px\" \/><\/figure>\n<\/div>\n<\/div>\n<\/div>\n<\/div>\n\n\n\n<div class=\"wp-block-columns is-layout-flex wp-container-core-columns-is-layout-9d6595d7 wp-block-columns-is-layout-flex\">\n<div class=\"wp-block-column is-layout-flow wp-block-column-is-layout-flow\">\n<figure class=\"wp-block-image size-full\"><img decoding=\"async\" width=\"1500\" height=\"1500\" src=\"https:\/\/www.fsyougel.com\/wp-content\/uploads\/2025\/10\/Solid-Non-Stick-Hand-Extension-Gel-Wholesale-Supplier-yougel-2.webp\" alt=\"Proveedor mayorista de gel s\u00f3lido antiadherente para manos - yougel (2)\" class=\"wp-image-1251\" srcset=\"https:\/\/www.fsyougel.com\/wp-content\/uploads\/2025\/10\/Solid-Non-Stick-Hand-Extension-Gel-Wholesale-Supplier-yougel-2.webp 1500w, https:\/\/www.fsyougel.com\/wp-content\/uploads\/2025\/10\/Solid-Non-Stick-Hand-Extension-Gel-Wholesale-Supplier-yougel-2-300x300.webp 300w, https:\/\/www.fsyougel.com\/wp-content\/uploads\/2025\/10\/Solid-Non-Stick-Hand-Extension-Gel-Wholesale-Supplier-yougel-2-150x150.webp 150w, https:\/\/www.fsyougel.com\/wp-content\/uploads\/2025\/10\/Solid-Non-Stick-Hand-Extension-Gel-Wholesale-Supplier-yougel-2-768x768.webp 768w, https:\/\/www.fsyougel.com\/wp-content\/uploads\/2025\/10\/Solid-Non-Stick-Hand-Extension-Gel-Wholesale-Supplier-yougel-2-12x12.webp 12w, https:\/\/www.fsyougel.com\/wp-content\/uploads\/2025\/10\/Solid-Non-Stick-Hand-Extension-Gel-Wholesale-Supplier-yougel-2-1200x1200.webp 1200w, https:\/\/www.fsyougel.com\/wp-content\/uploads\/2025\/10\/Solid-Non-Stick-Hand-Extension-Gel-Wholesale-Supplier-yougel-2-600x600.webp 600w, https:\/\/www.fsyougel.com\/wp-content\/uploads\/2025\/10\/Solid-Non-Stick-Hand-Extension-Gel-Wholesale-Supplier-yougel-2-100x100.webp 100w\" sizes=\"(max-width: 1500px) 100vw, 1500px\" \/><\/figure>\n<\/div>\n\n\n\n<div class=\"wp-block-column is-layout-flow wp-block-column-is-layout-flow\">\n<figure class=\"wp-block-image size-full\"><img decoding=\"async\" width=\"1500\" height=\"1500\" src=\"https:\/\/www.fsyougel.com\/wp-content\/uploads\/2025\/10\/Solid-Non-Stick-Hand-Extension-Gel-Wholesale-Supplier-yougel-3.webp\" alt=\"Proveedor mayorista de gel s\u00f3lido antiadherente para extensi\u00f3n de manos - yougel (3)\" class=\"wp-image-1252\" srcset=\"https:\/\/www.fsyougel.com\/wp-content\/uploads\/2025\/10\/Solid-Non-Stick-Hand-Extension-Gel-Wholesale-Supplier-yougel-3.webp 1500w, https:\/\/www.fsyougel.com\/wp-content\/uploads\/2025\/10\/Solid-Non-Stick-Hand-Extension-Gel-Wholesale-Supplier-yougel-3-300x300.webp 300w, https:\/\/www.fsyougel.com\/wp-content\/uploads\/2025\/10\/Solid-Non-Stick-Hand-Extension-Gel-Wholesale-Supplier-yougel-3-150x150.webp 150w, https:\/\/www.fsyougel.com\/wp-content\/uploads\/2025\/10\/Solid-Non-Stick-Hand-Extension-Gel-Wholesale-Supplier-yougel-3-768x768.webp 768w, https:\/\/www.fsyougel.com\/wp-content\/uploads\/2025\/10\/Solid-Non-Stick-Hand-Extension-Gel-Wholesale-Supplier-yougel-3-12x12.webp 12w, https:\/\/www.fsyougel.com\/wp-content\/uploads\/2025\/10\/Solid-Non-Stick-Hand-Extension-Gel-Wholesale-Supplier-yougel-3-1200x1200.webp 1200w, https:\/\/www.fsyougel.com\/wp-content\/uploads\/2025\/10\/Solid-Non-Stick-Hand-Extension-Gel-Wholesale-Supplier-yougel-3-600x600.webp 600w, https:\/\/www.fsyougel.com\/wp-content\/uploads\/2025\/10\/Solid-Non-Stick-Hand-Extension-Gel-Wholesale-Supplier-yougel-3-100x100.webp 100w\" sizes=\"(max-width: 1500px) 100vw, 1500px\" \/><\/figure>\n<\/div>\n<\/div>\n\n\n\n<div class=\"wp-block-columns is-layout-flex wp-container-core-columns-is-layout-9d6595d7 wp-block-columns-is-layout-flex\">\n<div class=\"wp-block-column is-layout-flow wp-block-column-is-layout-flow\" style=\"flex-basis:25%\"><\/div>\n\n\n\n<div class=\"wp-block-column is-layout-flow wp-block-column-is-layout-flow\" style=\"flex-basis:50%\">\n<figure class=\"wp-block-image size-full\"><img decoding=\"async\" width=\"1500\" height=\"2000\" src=\"https:\/\/www.fsyougel.com\/wp-content\/uploads\/2025\/10\/Solid-Non-Stick-Hand-Extension-Gel-Wholesale-Supplier-yougel-7.webp\" alt=\"Proveedor mayorista de gel s\u00f3lido antiadherente para extensi\u00f3n de manos - yougel (7)\" class=\"wp-image-1256\" srcset=\"https:\/\/www.fsyougel.com\/wp-content\/uploads\/2025\/10\/Solid-Non-Stick-Hand-Extension-Gel-Wholesale-Supplier-yougel-7.webp 1500w, https:\/\/www.fsyougel.com\/wp-content\/uploads\/2025\/10\/Solid-Non-Stick-Hand-Extension-Gel-Wholesale-Supplier-yougel-7-225x300.webp 225w, https:\/\/www.fsyougel.com\/wp-content\/uploads\/2025\/10\/Solid-Non-Stick-Hand-Extension-Gel-Wholesale-Supplier-yougel-7-768x1024.webp 768w, https:\/\/www.fsyougel.com\/wp-content\/uploads\/2025\/10\/Solid-Non-Stick-Hand-Extension-Gel-Wholesale-Supplier-yougel-7-9x12.webp 9w, https:\/\/www.fsyougel.com\/wp-content\/uploads\/2025\/10\/Solid-Non-Stick-Hand-Extension-Gel-Wholesale-Supplier-yougel-7-1200x1600.webp 1200w, https:\/\/www.fsyougel.com\/wp-content\/uploads\/2025\/10\/Solid-Non-Stick-Hand-Extension-Gel-Wholesale-Supplier-yougel-7-600x800.webp 600w\" sizes=\"(max-width: 1500px) 100vw, 1500px\" \/><\/figure>\n<\/div>\n\n\n\n<div class=\"wp-block-column is-layout-flow wp-block-column-is-layout-flow\" style=\"flex-basis:25%\"><\/div>\n<\/div>","protected":false},"excerpt":{"rendered":"<p>Bienvenido a comprar al por mayor <strong data-start=\"155\" data-end=\"193\">Gel s\u00f3lido antiadherente para extensi\u00f3n de manos<\/strong>, perfecto para salones de manicura profesionales y distribuidores. Este gel constructor tixotr\u00f3pico permite realizar f\u00e1cilmente extensiones de manos, esculpir u\u00f1as en 3D y ofrece una gran resistencia. No se necesitan formularios en papel, se aplica f\u00e1cilmente y est\u00e1 disponible en 10 colores vivos para dise\u00f1os creativos.<\/p>\n<table border=\"0\" width=\"854\" cellspacing=\"0\" cellpadding=\"0\">\n<tbody>\n<tr>\n<td width=\"257\" height=\"44\">Marca<\/td>\n<td width=\"597\">YouGel<\/td>\n<\/tr>\n<tr>\n<td width=\"257\" height=\"44\">N\u00famero de modelo<\/td>\n<td width=\"597\">BG01<\/td>\n<\/tr>\n<tr>\n<td width=\"257\" height=\"44\">Tipo de producto<\/td>\n<td width=\"597\">Gel UV\/LED remojable<\/td>\n<\/tr>\n<tr>\n<td width=\"257\" height=\"44\">Material<\/td>\n<td width=\"597\">Materia prima de resina<\/td>\n<\/tr>\n<tr>\n<td width=\"257\" height=\"44\">Color<\/td>\n<td width=\"597\">10 colores<\/td>\n<\/tr>\n<tr>\n<td width=\"257\" height=\"44\">Volumen<\/td>\n<td width=\"597\">15 g\/30 g\/50 g<\/td>\n<\/tr>\n<tr>\n<td width=\"257\" height=\"44\">Seguridad<\/td>\n<td width=\"597\">Sin HEMA, sin TPO, no t\u00f3xico, MSDS disponible<\/td>\n<\/tr>\n<tr>\n<td width=\"257\" height=\"44\">MOQ<\/td>\n<td width=\"597\">MOQ bajo<\/td>\n<\/tr>\n<tr>\n<td width=\"257\" height=\"44\">Muestra gratuita<\/td>\n<td width=\"597\">Disponible<\/td>\n<\/tr>\n<tr>\n<td width=\"257\" height=\"82\">Opci\u00f3n personalizada<\/td>\n<td width=\"597\">Servicios OEM\/ODM, logotipos, etiquetas y embalajes personalizados<\/td>\n<\/tr>\n<\/tbody>\n<\/table>\n<h3 class=\"brxe-heading\">Del fabricante de esmalte de gel para u\u00f1as<\/h3>\n<p><a href=\"https:\/\/www.fsyougel.com\/es\/\"><strong>YouGel<\/strong><\/a>\u00a0es un fabricante de esmaltes de gel de u\u00f1as de alta tecnolog\u00eda que ofrece servicios de venta al por mayor, marca blanca y OEM\/ODM. M\u00e1s de 10.000 colores sin HEMA, veganos y sin crueldad, de aplicaci\u00f3n suave, larga duraci\u00f3n y f\u00e1cil remojo.<\/p>","protected":false},"featured_media":1248,"comment_status":"closed","ping_status":"closed","template":"","meta":{"_acf_changed":false},"product_brand":[],"product_cat":[20],"product_tag":[],"class_list":{"0":"post-1246","1":"product","2":"type-product","3":"status-publish","4":"has-post-thumbnail","6":"product_cat-nail-extension-gel-wholesale","8":"first","9":"instock","10":"shipping-taxable","11":"product-type-external"},"acf":[],"_links":{"self":[{"href":"https:\/\/www.fsyougel.com\/es\/wp-json\/wp\/v2\/product\/1246","targetHints":{"allow":["GET"]}}],"collection":[{"href":"https:\/\/www.fsyougel.com\/es\/wp-json\/wp\/v2\/product"}],"about":[{"href":"https:\/\/www.fsyougel.com\/es\/wp-json\/wp\/v2\/types\/product"}],"replies":[{"embeddable":true,"href":"https:\/\/www.fsyougel.com\/es\/wp-json\/wp\/v2\/comments?post=1246"}],"wp:featuredmedia":[{"embeddable":true,"href":"https:\/\/www.fsyougel.com\/es\/wp-json\/wp\/v2\/media\/1248"}],"wp:attachment":[{"href":"https:\/\/www.fsyougel.com\/es\/wp-json\/wp\/v2\/media?parent=1246"}],"wp:term":[{"taxonomy":"product_brand","embeddable":true,"href":"https:\/\/www.fsyougel.com\/es\/wp-json\/wp\/v2\/product_brand?post=1246"},{"taxonomy":"product_cat","embeddable":true,"href":"https:\/\/www.fsyougel.com\/es\/wp-json\/wp\/v2\/product_cat?post=1246"},{"taxonomy":"product_tag","embeddable":true,"href":"https:\/\/www.fsyougel.com\/es\/wp-json\/wp\/v2\/product_tag?post=1246"}],"curies":[{"name":"wp","href":"https:\/\/api.w.org\/{rel}","templated":true}]}}