{"id":1259,"date":"2025-10-28T08:57:31","date_gmt":"2025-10-28T08:57:31","guid":{"rendered":"https:\/\/www.fsyougel.com\/?post_type=product&#038;p=1259"},"modified":"2025-10-28T09:30:52","modified_gmt":"2025-10-28T09:30:52","slug":"5-in-1-multi-functional-gel-supplier","status":"publish","type":"product","link":"https:\/\/www.fsyougel.com\/es\/producto\/5-in-1-multi-functional-gel-supplier\/","title":{"rendered":"Proveedor de gel multifuncional 5 en 1, capa superior dura para dise\u00f1os con pedrer\u00eda\/3D"},"content":{"rendered":"<div class=\"wp-block-columns is-layout-flex wp-container-core-columns-is-layout-9d6595d7 wp-block-columns-is-layout-flex\">\n<div class=\"wp-block-column is-layout-flow wp-block-column-is-layout-flow\">\n<h2 class=\"wp-block-heading\">Caracter\u00edsticas del gel multifuncional 5 en 1 de marca privada:<\/h2>\n\n\n\n<ul class=\"wp-block-list\">\n<li><strong>100% Transparencia y efecto cristal: <\/strong>Este gel multifuncional personalizado 5 en 1 presenta una transparencia ultraclara, similar al cristal, ideal para dise\u00f1os de u\u00f1as con ondas de agua o cristales 3D con un brillo resplandeciente.<\/li>\n\n\n\n<li><strong>Alta viscosidad y fuerte adhesi\u00f3n: <\/strong>Formulado con una gran viscosidad y una fuerte adhesi\u00f3n, mantiene firmemente en su sitio los diamantes de imitaci\u00f3n, las gemas y las joyas para u\u00f1as sin que se caigan.<\/li>\n\n\n\n<li><strong>Funci\u00f3n de fortalecimiento y refuerzo:<\/strong> Funciona como un gel fortalecedor para aumentar el grosor de las u\u00f1as y reforzar el lecho ungueal, d\u00e1ndole una forma arqueada natural y bonita para una mayor durabilidad.<\/li>\n\n\n\n<li><strong>Acabado sin necesidad de limpiar y no pegajoso: <\/strong>Se puede utilizar como capa superior dura sin necesidad de limpiar; m\u00e1s gruesa y dura que las capas superiores normales, ofrece una protecci\u00f3n suave y brillante sin dejar residuos pegajosos.<\/li>\n\n\n\n<li><strong>Uso duradero y vers\u00e1til: <\/strong>Adecuado para moldeado 3D, decoraci\u00f3n con cristales o sellado de dise\u00f1os de u\u00f1as. Proporciona una excelente durabilidad y un brillo duradero bajo l\u00e1mparas UV\/LED.<\/li>\n<\/ul>\n<\/div>\n\n\n\n<div class=\"wp-block-column is-layout-flow wp-block-column-is-layout-flow\">\n<figure class=\"wp-block-image size-full\"><img decoding=\"async\" width=\"1500\" height=\"1500\" src=\"https:\/\/www.fsyougel.com\/wp-content\/uploads\/2025\/10\/5-in-1-Multi-functional-Gel-Supplier-yougel-5.webp\" alt=\"Proveedor de gel multifuncional 5 en 1 - yougel (5)\" class=\"wp-image-1264\" srcset=\"https:\/\/www.fsyougel.com\/wp-content\/uploads\/2025\/10\/5-in-1-Multi-functional-Gel-Supplier-yougel-5.webp 1500w, https:\/\/www.fsyougel.com\/wp-content\/uploads\/2025\/10\/5-in-1-Multi-functional-Gel-Supplier-yougel-5-300x300.webp 300w, https:\/\/www.fsyougel.com\/wp-content\/uploads\/2025\/10\/5-in-1-Multi-functional-Gel-Supplier-yougel-5-150x150.webp 150w, https:\/\/www.fsyougel.com\/wp-content\/uploads\/2025\/10\/5-in-1-Multi-functional-Gel-Supplier-yougel-5-768x768.webp 768w, https:\/\/www.fsyougel.com\/wp-content\/uploads\/2025\/10\/5-in-1-Multi-functional-Gel-Supplier-yougel-5-12x12.webp 12w, https:\/\/www.fsyougel.com\/wp-content\/uploads\/2025\/10\/5-in-1-Multi-functional-Gel-Supplier-yougel-5-1200x1200.webp 1200w, https:\/\/www.fsyougel.com\/wp-content\/uploads\/2025\/10\/5-in-1-Multi-functional-Gel-Supplier-yougel-5-600x600.webp 600w, https:\/\/www.fsyougel.com\/wp-content\/uploads\/2025\/10\/5-in-1-Multi-functional-Gel-Supplier-yougel-5-100x100.webp 100w\" sizes=\"(max-width: 1500px) 100vw, 1500px\" \/><\/figure>\n<\/div>\n<\/div>\n\n\n\n<p>Como profesional <strong>Proveedor de gel multifuncional 5 en 1<\/strong>, Ofrecemos un gel fortalecedor transparente y de alta viscosidad, perfecto para fijar pedrer\u00eda, crear dise\u00f1os art\u00edsticos en 3D y proteger las u\u00f1as de forma duradera.<\/p>\n\n\n\n<div class=\"wp-block-columns is-layout-flex wp-container-core-columns-is-layout-9d6595d7 wp-block-columns-is-layout-flex\">\n<div class=\"wp-block-column is-layout-flow wp-block-column-is-layout-flow\">\n<figure class=\"wp-block-image size-full\"><img decoding=\"async\" width=\"1500\" height=\"1500\" src=\"https:\/\/www.fsyougel.com\/wp-content\/uploads\/2025\/10\/5-in-1-Multi-functional-Gel-Supplier-yougel-6.webp\" alt=\"Proveedor de gel multifuncional 5 en 1 - yougel (6)\" class=\"wp-image-1265\" srcset=\"https:\/\/www.fsyougel.com\/wp-content\/uploads\/2025\/10\/5-in-1-Multi-functional-Gel-Supplier-yougel-6.webp 1500w, https:\/\/www.fsyougel.com\/wp-content\/uploads\/2025\/10\/5-in-1-Multi-functional-Gel-Supplier-yougel-6-300x300.webp 300w, https:\/\/www.fsyougel.com\/wp-content\/uploads\/2025\/10\/5-in-1-Multi-functional-Gel-Supplier-yougel-6-150x150.webp 150w, https:\/\/www.fsyougel.com\/wp-content\/uploads\/2025\/10\/5-in-1-Multi-functional-Gel-Supplier-yougel-6-768x768.webp 768w, https:\/\/www.fsyougel.com\/wp-content\/uploads\/2025\/10\/5-in-1-Multi-functional-Gel-Supplier-yougel-6-12x12.webp 12w, https:\/\/www.fsyougel.com\/wp-content\/uploads\/2025\/10\/5-in-1-Multi-functional-Gel-Supplier-yougel-6-1200x1200.webp 1200w, https:\/\/www.fsyougel.com\/wp-content\/uploads\/2025\/10\/5-in-1-Multi-functional-Gel-Supplier-yougel-6-600x600.webp 600w, https:\/\/www.fsyougel.com\/wp-content\/uploads\/2025\/10\/5-in-1-Multi-functional-Gel-Supplier-yougel-6-100x100.webp 100w\" sizes=\"(max-width: 1500px) 100vw, 1500px\" \/><\/figure>\n<\/div>\n\n\n\n<div class=\"wp-block-column is-layout-flow wp-block-column-is-layout-flow\">\n<figure class=\"wp-block-image size-full\"><img decoding=\"async\" width=\"1500\" height=\"1500\" src=\"https:\/\/www.fsyougel.com\/wp-content\/uploads\/2025\/10\/5-in-1-Multi-functional-Gel-Supplier-yougel-1.webp\" alt=\"Proveedor de gel multifuncional 5 en 1 - yougel (1)\" class=\"wp-image-1260\" srcset=\"https:\/\/www.fsyougel.com\/wp-content\/uploads\/2025\/10\/5-in-1-Multi-functional-Gel-Supplier-yougel-1.webp 1500w, https:\/\/www.fsyougel.com\/wp-content\/uploads\/2025\/10\/5-in-1-Multi-functional-Gel-Supplier-yougel-1-300x300.webp 300w, https:\/\/www.fsyougel.com\/wp-content\/uploads\/2025\/10\/5-in-1-Multi-functional-Gel-Supplier-yougel-1-150x150.webp 150w, https:\/\/www.fsyougel.com\/wp-content\/uploads\/2025\/10\/5-in-1-Multi-functional-Gel-Supplier-yougel-1-768x768.webp 768w, https:\/\/www.fsyougel.com\/wp-content\/uploads\/2025\/10\/5-in-1-Multi-functional-Gel-Supplier-yougel-1-12x12.webp 12w, https:\/\/www.fsyougel.com\/wp-content\/uploads\/2025\/10\/5-in-1-Multi-functional-Gel-Supplier-yougel-1-1200x1200.webp 1200w, https:\/\/www.fsyougel.com\/wp-content\/uploads\/2025\/10\/5-in-1-Multi-functional-Gel-Supplier-yougel-1-600x600.webp 600w, https:\/\/www.fsyougel.com\/wp-content\/uploads\/2025\/10\/5-in-1-Multi-functional-Gel-Supplier-yougel-1-100x100.webp 100w\" sizes=\"(max-width: 1500px) 100vw, 1500px\" \/><\/figure>\n<\/div>\n<\/div>\n\n\n\n<p><\/p>","protected":false},"excerpt":{"rendered":"<p data-start=\"339\" data-end=\"623\">Bienvenido a comprar al por mayor <strong data-start=\"169\" data-end=\"200\">Gel multifuncional 5 en 1<\/strong> de un proveedor de confianza. Este gel fortalecedor cristalino y de alta viscosidad es perfecto para fijar diamantes de imitaci\u00f3n, decoraciones 3D para u\u00f1as y brillo duradero. Disfrute de precios de f\u00e1brica, personalizaci\u00f3n OEM y entrega r\u00e1pida para suministros de u\u00f1as con calidad de sal\u00f3n.<\/p>\n<table border=\"0\" width=\"854\" cellspacing=\"0\" cellpadding=\"0\">\n<tbody>\n<tr>\n<td width=\"257\" height=\"44\">Marca<\/td>\n<td width=\"597\">YouGel<\/td>\n<\/tr>\n<tr>\n<td width=\"257\" height=\"44\">N\u00famero de modelo<\/td>\n<td width=\"597\">TP03<\/td>\n<\/tr>\n<tr>\n<td width=\"257\" height=\"44\">Tipo de producto<\/td>\n<td width=\"597\">Esmalte en gel UV\/LED remojable<\/td>\n<\/tr>\n<tr>\n<td width=\"257\" height=\"44\">Material<\/td>\n<td width=\"597\">Resina<\/td>\n<\/tr>\n<tr>\n<td width=\"257\" height=\"44\">Color<\/td>\n<td width=\"597\">Claro<\/td>\n<\/tr>\n<tr>\n<td width=\"257\" height=\"44\">Volumen<\/td>\n<td width=\"597\">15 ml<\/td>\n<\/tr>\n<tr>\n<td width=\"257\" height=\"44\">Seguridad<\/td>\n<td width=\"597\">Sin HEMA, sin TPO, no t\u00f3xico, MSDS disponible<\/td>\n<\/tr>\n<tr>\n<td width=\"257\" height=\"44\">MOQ<\/td>\n<td width=\"597\">MOQ bajo<\/td>\n<\/tr>\n<tr>\n<td width=\"257\" height=\"44\">Muestra gratuita<\/td>\n<td width=\"597\">Disponible<\/td>\n<\/tr>\n<tr>\n<td width=\"257\" height=\"82\">Opci\u00f3n personalizada<\/td>\n<td width=\"597\">Servicios OEM\/ODM, logotipos, etiquetas y embalajes personalizados<\/td>\n<\/tr>\n<\/tbody>\n<\/table>\n<h3 class=\"brxe-heading\">Del fabricante de esmalte de gel para u\u00f1as<\/h3>\n<p><a href=\"https:\/\/www.fsyougel.com\/es\/\"><strong>YouGel<\/strong><\/a>\u00a0es un fabricante de esmaltes de gel de u\u00f1as de alta tecnolog\u00eda que ofrece servicios de venta al por mayor, marca blanca y OEM\/ODM. M\u00e1s de 10.000 colores sin HEMA, veganos y sin crueldad, de aplicaci\u00f3n suave, larga duraci\u00f3n y f\u00e1cil remojo.<\/p>","protected":false},"featured_media":1261,"comment_status":"closed","ping_status":"closed","template":"","meta":{"_acf_changed":false},"product_brand":[],"product_cat":[25],"product_tag":[],"class_list":{"0":"post-1259","1":"product","2":"type-product","3":"status-publish","4":"has-post-thumbnail","6":"product_cat-wholesale-function-gel","8":"first","9":"instock","10":"shipping-taxable","11":"product-type-simple"},"acf":[],"_links":{"self":[{"href":"https:\/\/www.fsyougel.com\/es\/wp-json\/wp\/v2\/product\/1259","targetHints":{"allow":["GET"]}}],"collection":[{"href":"https:\/\/www.fsyougel.com\/es\/wp-json\/wp\/v2\/product"}],"about":[{"href":"https:\/\/www.fsyougel.com\/es\/wp-json\/wp\/v2\/types\/product"}],"replies":[{"embeddable":true,"href":"https:\/\/www.fsyougel.com\/es\/wp-json\/wp\/v2\/comments?post=1259"}],"wp:featuredmedia":[{"embeddable":true,"href":"https:\/\/www.fsyougel.com\/es\/wp-json\/wp\/v2\/media\/1261"}],"wp:attachment":[{"href":"https:\/\/www.fsyougel.com\/es\/wp-json\/wp\/v2\/media?parent=1259"}],"wp:term":[{"taxonomy":"product_brand","embeddable":true,"href":"https:\/\/www.fsyougel.com\/es\/wp-json\/wp\/v2\/product_brand?post=1259"},{"taxonomy":"product_cat","embeddable":true,"href":"https:\/\/www.fsyougel.com\/es\/wp-json\/wp\/v2\/product_cat?post=1259"},{"taxonomy":"product_tag","embeddable":true,"href":"https:\/\/www.fsyougel.com\/es\/wp-json\/wp\/v2\/product_tag?post=1259"}],"curies":[{"name":"wp","href":"https:\/\/api.w.org\/{rel}","templated":true}]}}