{"id":1266,"date":"2025-10-28T09:37:20","date_gmt":"2025-10-28T09:37:20","guid":{"rendered":"https:\/\/www.fsyougel.com\/?post_type=product&#038;p=1266"},"modified":"2025-10-28T09:53:51","modified_gmt":"2025-10-28T09:53:51","slug":"oem-15ml-acid-free-primer-for-gel-nails","status":"publish","type":"product","link":"https:\/\/www.fsyougel.com\/es\/producto\/oem-15ml-acid-free-primer-for-gel-nails\/","title":{"rendered":"Imprimaci\u00f3n sin \u00e1cido OEM de 15 ml para u\u00f1as de gel, fabricante de esmaltes de u\u00f1as de gel de marca privada"},"content":{"rendered":"<div class=\"wp-block-columns is-layout-flex wp-container-core-columns-is-layout-9d6595d7 wp-block-columns-is-layout-flex\">\n<div class=\"wp-block-column is-layout-flow wp-block-column-is-layout-flow\">\n<h2 class=\"wp-block-heading\">Imprimaci\u00f3n sin \u00e1cido OEM para u\u00f1as de gel Caracter\u00edsticas:<\/h2>\n\n\n\n<ul class=\"wp-block-list\">\n<li><strong>Secado r\u00e1pido al aire, sin necesidad de l\u00e1mpara UV<\/strong>: Nuestra exclusiva base sin \u00e1cido para u\u00f1as de gel se seca al aire en 15-20 segundos, lo que ahorra tiempo y simplifica el flujo de trabajo del sal\u00f3n.<\/li>\n\n\n\n<li><strong>Adhesi\u00f3n mejorada y larga duraci\u00f3n:<\/strong> Une eficazmente la u\u00f1a natural y el gel UV para una mayor duraci\u00f3n, reduciendo el desprendimiento, el levantamiento y la separaci\u00f3n prematura.<\/li>\n\n\n\n<li><strong>Efecto desengrasante y desinfectante: <\/strong>Elimina el aceite y las impurezas de la superficie de la u\u00f1a para crear una capa base perfectamente equilibrada que favorece una mejor adhesi\u00f3n.<\/li>\n\n\n\n<li><strong>F\u00f3rmula suave y no t\u00f3xica: <\/strong>Sin \u00e1cidos, inodoro y suave con las u\u00f1as naturales: proporciona una adhesi\u00f3n duradera sin da\u00f1ar ni irritar el lecho ungueal.<\/li>\n\n\n\n<li><strong>Asistencia profesional para fabricantes de equipos originales (OEM) y marcas privadas: <\/strong>Disponible para venta al por mayor y marca privada, ideal para marcas de esmaltes de u\u00f1as, distribuidores y empresas de suministros para salones de belleza.<\/li>\n<\/ul>\n<\/div>\n\n\n\n<div class=\"wp-block-column is-layout-flow wp-block-column-is-layout-flow\">\n<figure class=\"wp-block-image size-full\"><img decoding=\"async\" width=\"1500\" height=\"1500\" src=\"https:\/\/www.fsyougel.com\/wp-content\/uploads\/2025\/10\/Custom-Acid-Free-Primer-for-Gel-Nails-1.webp\" alt=\"Imprimaci\u00f3n personalizada sin \u00e1cido para u\u00f1as de gel (1)\" class=\"wp-image-1267\" srcset=\"https:\/\/www.fsyougel.com\/wp-content\/uploads\/2025\/10\/Custom-Acid-Free-Primer-for-Gel-Nails-1.webp 1500w, https:\/\/www.fsyougel.com\/wp-content\/uploads\/2025\/10\/Custom-Acid-Free-Primer-for-Gel-Nails-1-300x300.webp 300w, https:\/\/www.fsyougel.com\/wp-content\/uploads\/2025\/10\/Custom-Acid-Free-Primer-for-Gel-Nails-1-150x150.webp 150w, https:\/\/www.fsyougel.com\/wp-content\/uploads\/2025\/10\/Custom-Acid-Free-Primer-for-Gel-Nails-1-768x768.webp 768w, https:\/\/www.fsyougel.com\/wp-content\/uploads\/2025\/10\/Custom-Acid-Free-Primer-for-Gel-Nails-1-12x12.webp 12w, https:\/\/www.fsyougel.com\/wp-content\/uploads\/2025\/10\/Custom-Acid-Free-Primer-for-Gel-Nails-1-1200x1200.webp 1200w, https:\/\/www.fsyougel.com\/wp-content\/uploads\/2025\/10\/Custom-Acid-Free-Primer-for-Gel-Nails-1-600x600.webp 600w, https:\/\/www.fsyougel.com\/wp-content\/uploads\/2025\/10\/Custom-Acid-Free-Primer-for-Gel-Nails-1-100x100.webp 100w\" sizes=\"(max-width: 1500px) 100vw, 1500px\" \/><\/figure>\n<\/div>\n<\/div>\n\n\n\n<div class=\"wp-block-columns is-layout-flex wp-container-core-columns-is-layout-9d6595d7 wp-block-columns-is-layout-flex\">\n<div class=\"wp-block-column is-layout-flow wp-block-column-is-layout-flow\">\n<figure class=\"wp-block-image size-full\"><img decoding=\"async\" width=\"1500\" height=\"4300\" src=\"https:\/\/www.fsyougel.com\/wp-content\/uploads\/2025\/10\/Custom-Acid-Free-Primer-Manufacturer-yougel-2.webp\" alt=\"Fabricante de imprimaciones sin \u00e1cido personalizadas - yougel (2)\" class=\"wp-image-1272\" srcset=\"https:\/\/www.fsyougel.com\/wp-content\/uploads\/2025\/10\/Custom-Acid-Free-Primer-Manufacturer-yougel-2.webp 1500w, https:\/\/www.fsyougel.com\/wp-content\/uploads\/2025\/10\/Custom-Acid-Free-Primer-Manufacturer-yougel-2-105x300.webp 105w, https:\/\/www.fsyougel.com\/wp-content\/uploads\/2025\/10\/Custom-Acid-Free-Primer-Manufacturer-yougel-2-768x2202.webp 768w, https:\/\/www.fsyougel.com\/wp-content\/uploads\/2025\/10\/Custom-Acid-Free-Primer-Manufacturer-yougel-2-4x12.webp 4w, https:\/\/www.fsyougel.com\/wp-content\/uploads\/2025\/10\/Custom-Acid-Free-Primer-Manufacturer-yougel-2-1200x3440.webp 1200w, https:\/\/www.fsyougel.com\/wp-content\/uploads\/2025\/10\/Custom-Acid-Free-Primer-Manufacturer-yougel-2-600x1720.webp 600w\" sizes=\"(max-width: 1500px) 100vw, 1500px\" \/><\/figure>\n<\/div>\n\n\n\n<div class=\"wp-block-column is-layout-flow wp-block-column-is-layout-flow\">\n<figure class=\"wp-block-image size-full\"><img decoding=\"async\" width=\"1500\" height=\"4300\" src=\"https:\/\/www.fsyougel.com\/wp-content\/uploads\/2025\/10\/Custom-Acid-Free-Primer-Manufacturer-yougel-1.webp\" alt=\"Fabricante de imprimaciones sin \u00e1cido personalizadas - yougel (1)\" class=\"wp-image-1271\" srcset=\"https:\/\/www.fsyougel.com\/wp-content\/uploads\/2025\/10\/Custom-Acid-Free-Primer-Manufacturer-yougel-1.webp 1500w, https:\/\/www.fsyougel.com\/wp-content\/uploads\/2025\/10\/Custom-Acid-Free-Primer-Manufacturer-yougel-1-105x300.webp 105w, https:\/\/www.fsyougel.com\/wp-content\/uploads\/2025\/10\/Custom-Acid-Free-Primer-Manufacturer-yougel-1-768x2202.webp 768w, https:\/\/www.fsyougel.com\/wp-content\/uploads\/2025\/10\/Custom-Acid-Free-Primer-Manufacturer-yougel-1-4x12.webp 4w, https:\/\/www.fsyougel.com\/wp-content\/uploads\/2025\/10\/Custom-Acid-Free-Primer-Manufacturer-yougel-1-1200x3440.webp 1200w, https:\/\/www.fsyougel.com\/wp-content\/uploads\/2025\/10\/Custom-Acid-Free-Primer-Manufacturer-yougel-1-600x1720.webp 600w\" sizes=\"(max-width: 1500px) 100vw, 1500px\" \/><\/figure>\n<\/div>\n<\/div>\n\n\n\n<p><\/p>","protected":false},"excerpt":{"rendered":"<p data-start=\"339\" data-end=\"623\">Bienvenido a comprar nuestra imprimaci\u00f3n sin \u00e1cido personalizada al por mayor para u\u00f1as de gel. Esta f\u00f3rmula no t\u00f3xica y de secado r\u00e1pido mejora la adhesi\u00f3n entre las u\u00f1as y los geles UV para obtener resultados duraderos. Se seca al aire en 15-20 segundos, sin necesidad de l\u00e1mpara. Perfecto para proveedores de productos para u\u00f1as OEM y de marca privada.<\/p>\n<table border=\"0\" width=\"854\" cellspacing=\"0\" cellpadding=\"0\">\n<tbody>\n<tr>\n<td width=\"257\" height=\"44\">Marca<\/td>\n<td width=\"597\">YouGel<\/td>\n<\/tr>\n<tr>\n<td width=\"257\" height=\"44\">N\u00famero de modelo<\/td>\n<td width=\"597\">FP01<\/td>\n<\/tr>\n<tr>\n<td width=\"257\" height=\"44\">Tipo de producto<\/td>\n<td width=\"597\">Secar al aire libre<\/td>\n<\/tr>\n<tr>\n<td width=\"257\" height=\"44\">Material<\/td>\n<td width=\"597\">L\u00edquido<\/td>\n<\/tr>\n<tr>\n<td width=\"257\" height=\"44\">Color<\/td>\n<td width=\"597\">Claro<\/td>\n<\/tr>\n<tr>\n<td width=\"257\" height=\"44\">Volumen<\/td>\n<td width=\"597\">15 ml<\/td>\n<\/tr>\n<tr>\n<td width=\"257\" height=\"44\">Seguridad<\/td>\n<td width=\"597\">Sin HEMA, sin TPO, no t\u00f3xico, MSDS disponible<\/td>\n<\/tr>\n<tr>\n<td width=\"257\" height=\"44\">MOQ<\/td>\n<td width=\"597\">MOQ bajo<\/td>\n<\/tr>\n<tr>\n<td width=\"257\" height=\"44\">Muestra gratuita<\/td>\n<td width=\"597\">Disponible<\/td>\n<\/tr>\n<tr>\n<td width=\"257\" height=\"82\">Opci\u00f3n personalizada<\/td>\n<td width=\"597\">Servicios OEM\/ODM, logotipos, etiquetas y embalajes personalizados<\/td>\n<\/tr>\n<\/tbody>\n<\/table>\n<h3 class=\"brxe-heading\">Del fabricante de esmalte de gel para u\u00f1as<\/h3>\n<p><a href=\"https:\/\/www.fsyougel.com\/es\/\"><strong>YouGel<\/strong><\/a>\u00a0es un fabricante de esmaltes de gel de u\u00f1as de alta tecnolog\u00eda que ofrece servicios de venta al por mayor, marca blanca y OEM\/ODM. M\u00e1s de 10.000 colores sin HEMA, veganos y sin crueldad, de aplicaci\u00f3n suave, larga duraci\u00f3n y f\u00e1cil remojo.<\/p>","protected":false},"featured_media":1273,"comment_status":"closed","ping_status":"closed","template":"","meta":{"_acf_changed":false},"product_brand":[],"product_cat":[25],"product_tag":[],"class_list":{"0":"post-1266","1":"product","2":"type-product","3":"status-publish","4":"has-post-thumbnail","6":"product_cat-wholesale-function-gel","8":"first","9":"instock","10":"shipping-taxable","11":"product-type-simple"},"acf":[],"_links":{"self":[{"href":"https:\/\/www.fsyougel.com\/es\/wp-json\/wp\/v2\/product\/1266","targetHints":{"allow":["GET"]}}],"collection":[{"href":"https:\/\/www.fsyougel.com\/es\/wp-json\/wp\/v2\/product"}],"about":[{"href":"https:\/\/www.fsyougel.com\/es\/wp-json\/wp\/v2\/types\/product"}],"replies":[{"embeddable":true,"href":"https:\/\/www.fsyougel.com\/es\/wp-json\/wp\/v2\/comments?post=1266"}],"wp:featuredmedia":[{"embeddable":true,"href":"https:\/\/www.fsyougel.com\/es\/wp-json\/wp\/v2\/media\/1273"}],"wp:attachment":[{"href":"https:\/\/www.fsyougel.com\/es\/wp-json\/wp\/v2\/media?parent=1266"}],"wp:term":[{"taxonomy":"product_brand","embeddable":true,"href":"https:\/\/www.fsyougel.com\/es\/wp-json\/wp\/v2\/product_brand?post=1266"},{"taxonomy":"product_cat","embeddable":true,"href":"https:\/\/www.fsyougel.com\/es\/wp-json\/wp\/v2\/product_cat?post=1266"},{"taxonomy":"product_tag","embeddable":true,"href":"https:\/\/www.fsyougel.com\/es\/wp-json\/wp\/v2\/product_tag?post=1266"}],"curies":[{"name":"wp","href":"https:\/\/api.w.org\/{rel}","templated":true}]}}