{"id":1275,"date":"2025-10-28T10:04:11","date_gmt":"2025-10-28T10:04:11","guid":{"rendered":"https:\/\/www.fsyougel.com\/?post_type=product&#038;p=1275"},"modified":"2025-10-28T10:21:53","modified_gmt":"2025-10-28T10:21:53","slug":"wholesale-chrome-mirror-powder-supplier","status":"publish","type":"product","link":"https:\/\/www.fsyougel.com\/es\/producto\/wholesale-chrome-mirror-powder-supplier\/","title":{"rendered":"Proveedor mayorista de polvo para espejos cromados | Shinny Bright Nail Art para salones de manicura"},"content":{"rendered":"<div class=\"wp-block-columns is-layout-flex wp-container-core-columns-is-layout-9d6595d7 wp-block-columns-is-layout-flex\">\n<div class=\"wp-block-column is-layout-flow wp-block-column-is-layout-flow\">\n<h2 class=\"wp-block-heading\">Caracter\u00edsticas del polvo para espejos cromados al por mayor:<\/h2>\n\n\n\n<ul class=\"wp-block-list\">\n<li><strong>Acabado espejo de alto brillo:<\/strong> Nuestro polvo cromado para espejos al por mayor produce un impresionante brillo met\u00e1lico con un aspecto reflectante suave y sedoso para unas u\u00f1as con un bonito acabado de espejo.<\/li>\n\n\n\n<li><strong>F\u00f3rmula ultrafina: <\/strong>Polvo ultrafino excepcionalmente fino que se aplica f\u00e1cilmente sin formar grumos, perfecto para uso profesional en salones de belleza o en casa.<\/li>\n\n\n\n<li><strong>Acabado de larga duraci\u00f3n: <\/strong>Resistente al desgaste, los ara\u00f1azos y la opacidad, tu nail art mantendr\u00e1 su brillo y acabado espejo durante semanas.<\/li>\n\n\n\n<li><strong>Opciones multicolor: <\/strong>Disponible en colores plata, oro, oro rosa y hologr\u00e1fico para complementar cualquier dise\u00f1o de u\u00f1as o look de temporada.<\/li>\n\n\n\n<li><strong>F\u00e1cil aplicaci\u00f3n: <\/strong>Perfecto para aplicar sobre esmalte en gel o capa superior: simplemente pulir y sellar para obtener un acabado cromado reflectante instant\u00e1neo.<\/li>\n\n\n\n<li><strong>Venta al por mayor y OEM disponibles: <\/strong>Directamente desde la f\u00e1brica, con suministro estable, precios competitivos y embalaje personalizado para distribuidores internacionales.<\/li>\n<\/ul>\n<\/div>\n\n\n\n<div class=\"wp-block-column is-layout-flow wp-block-column-is-layout-flow\">\n<figure class=\"wp-block-image size-full\"><img decoding=\"async\" width=\"1500\" height=\"1500\" src=\"https:\/\/www.fsyougel.com\/wp-content\/uploads\/2025\/10\/Wholesale-Chrome-Mirror-Powder-Supplier-yougel-1.webp\" alt=\"Proveedor mayorista de polvo espejo cromado - yougel (1)\" class=\"wp-image-1280\" srcset=\"https:\/\/www.fsyougel.com\/wp-content\/uploads\/2025\/10\/Wholesale-Chrome-Mirror-Powder-Supplier-yougel-1.webp 1500w, https:\/\/www.fsyougel.com\/wp-content\/uploads\/2025\/10\/Wholesale-Chrome-Mirror-Powder-Supplier-yougel-1-300x300.webp 300w, https:\/\/www.fsyougel.com\/wp-content\/uploads\/2025\/10\/Wholesale-Chrome-Mirror-Powder-Supplier-yougel-1-150x150.webp 150w, https:\/\/www.fsyougel.com\/wp-content\/uploads\/2025\/10\/Wholesale-Chrome-Mirror-Powder-Supplier-yougel-1-768x768.webp 768w, https:\/\/www.fsyougel.com\/wp-content\/uploads\/2025\/10\/Wholesale-Chrome-Mirror-Powder-Supplier-yougel-1-12x12.webp 12w, https:\/\/www.fsyougel.com\/wp-content\/uploads\/2025\/10\/Wholesale-Chrome-Mirror-Powder-Supplier-yougel-1-1200x1200.webp 1200w, https:\/\/www.fsyougel.com\/wp-content\/uploads\/2025\/10\/Wholesale-Chrome-Mirror-Powder-Supplier-yougel-1-600x600.webp 600w, https:\/\/www.fsyougel.com\/wp-content\/uploads\/2025\/10\/Wholesale-Chrome-Mirror-Powder-Supplier-yougel-1-100x100.webp 100w\" sizes=\"(max-width: 1500px) 100vw, 1500px\" \/><\/figure>\n<\/div>\n<\/div>\n\n\n\n<div class=\"wp-block-columns is-layout-flex wp-container-core-columns-is-layout-9d6595d7 wp-block-columns-is-layout-flex\">\n<div class=\"wp-block-column is-layout-flow wp-block-column-is-layout-flow\">\n<figure class=\"wp-block-image size-full\"><img decoding=\"async\" width=\"1500\" height=\"1500\" src=\"https:\/\/www.fsyougel.com\/wp-content\/uploads\/2025\/10\/Custom-Chrome-Mirror-Powder-Supplier-yougel-3.webp\" alt=\"Proveedor de polvo cromado personalizado para espejos - yougel (3)\" class=\"wp-image-1279\" srcset=\"https:\/\/www.fsyougel.com\/wp-content\/uploads\/2025\/10\/Custom-Chrome-Mirror-Powder-Supplier-yougel-3.webp 1500w, https:\/\/www.fsyougel.com\/wp-content\/uploads\/2025\/10\/Custom-Chrome-Mirror-Powder-Supplier-yougel-3-300x300.webp 300w, https:\/\/www.fsyougel.com\/wp-content\/uploads\/2025\/10\/Custom-Chrome-Mirror-Powder-Supplier-yougel-3-150x150.webp 150w, https:\/\/www.fsyougel.com\/wp-content\/uploads\/2025\/10\/Custom-Chrome-Mirror-Powder-Supplier-yougel-3-768x768.webp 768w, https:\/\/www.fsyougel.com\/wp-content\/uploads\/2025\/10\/Custom-Chrome-Mirror-Powder-Supplier-yougel-3-12x12.webp 12w, https:\/\/www.fsyougel.com\/wp-content\/uploads\/2025\/10\/Custom-Chrome-Mirror-Powder-Supplier-yougel-3-1200x1200.webp 1200w, https:\/\/www.fsyougel.com\/wp-content\/uploads\/2025\/10\/Custom-Chrome-Mirror-Powder-Supplier-yougel-3-600x600.webp 600w, https:\/\/www.fsyougel.com\/wp-content\/uploads\/2025\/10\/Custom-Chrome-Mirror-Powder-Supplier-yougel-3-100x100.webp 100w\" sizes=\"(max-width: 1500px) 100vw, 1500px\" \/><\/figure>\n<\/div>\n\n\n\n<div class=\"wp-block-column is-layout-flow wp-block-column-is-layout-flow\">\n<figure class=\"wp-block-image size-full\"><img decoding=\"async\" width=\"1500\" height=\"1500\" src=\"https:\/\/www.fsyougel.com\/wp-content\/uploads\/2025\/10\/Custom-Chrome-Mirror-Powder-Supplier-yougel-2.webp\" alt=\"Proveedor de polvo cromado personalizado para espejos - yougel (2)\" class=\"wp-image-1278\" srcset=\"https:\/\/www.fsyougel.com\/wp-content\/uploads\/2025\/10\/Custom-Chrome-Mirror-Powder-Supplier-yougel-2.webp 1500w, https:\/\/www.fsyougel.com\/wp-content\/uploads\/2025\/10\/Custom-Chrome-Mirror-Powder-Supplier-yougel-2-300x300.webp 300w, https:\/\/www.fsyougel.com\/wp-content\/uploads\/2025\/10\/Custom-Chrome-Mirror-Powder-Supplier-yougel-2-150x150.webp 150w, https:\/\/www.fsyougel.com\/wp-content\/uploads\/2025\/10\/Custom-Chrome-Mirror-Powder-Supplier-yougel-2-768x768.webp 768w, https:\/\/www.fsyougel.com\/wp-content\/uploads\/2025\/10\/Custom-Chrome-Mirror-Powder-Supplier-yougel-2-12x12.webp 12w, https:\/\/www.fsyougel.com\/wp-content\/uploads\/2025\/10\/Custom-Chrome-Mirror-Powder-Supplier-yougel-2-1200x1200.webp 1200w, https:\/\/www.fsyougel.com\/wp-content\/uploads\/2025\/10\/Custom-Chrome-Mirror-Powder-Supplier-yougel-2-600x600.webp 600w, https:\/\/www.fsyougel.com\/wp-content\/uploads\/2025\/10\/Custom-Chrome-Mirror-Powder-Supplier-yougel-2-100x100.webp 100w\" sizes=\"(max-width: 1500px) 100vw, 1500px\" \/><\/figure>\n<\/div>\n\n\n\n<div class=\"wp-block-column is-layout-flow wp-block-column-is-layout-flow\">\n<figure class=\"wp-block-image size-full\"><img decoding=\"async\" width=\"1500\" height=\"1500\" src=\"https:\/\/www.fsyougel.com\/wp-content\/uploads\/2025\/10\/Custom-Chrome-Mirror-Powder-Supplier-yougel-1.webp\" alt=\"Proveedor de polvo cromado personalizado para espejos - yougel (1)\" class=\"wp-image-1277\" srcset=\"https:\/\/www.fsyougel.com\/wp-content\/uploads\/2025\/10\/Custom-Chrome-Mirror-Powder-Supplier-yougel-1.webp 1500w, https:\/\/www.fsyougel.com\/wp-content\/uploads\/2025\/10\/Custom-Chrome-Mirror-Powder-Supplier-yougel-1-300x300.webp 300w, https:\/\/www.fsyougel.com\/wp-content\/uploads\/2025\/10\/Custom-Chrome-Mirror-Powder-Supplier-yougel-1-150x150.webp 150w, https:\/\/www.fsyougel.com\/wp-content\/uploads\/2025\/10\/Custom-Chrome-Mirror-Powder-Supplier-yougel-1-768x768.webp 768w, https:\/\/www.fsyougel.com\/wp-content\/uploads\/2025\/10\/Custom-Chrome-Mirror-Powder-Supplier-yougel-1-12x12.webp 12w, https:\/\/www.fsyougel.com\/wp-content\/uploads\/2025\/10\/Custom-Chrome-Mirror-Powder-Supplier-yougel-1-1200x1200.webp 1200w, https:\/\/www.fsyougel.com\/wp-content\/uploads\/2025\/10\/Custom-Chrome-Mirror-Powder-Supplier-yougel-1-600x600.webp 600w, https:\/\/www.fsyougel.com\/wp-content\/uploads\/2025\/10\/Custom-Chrome-Mirror-Powder-Supplier-yougel-1-100x100.webp 100w\" sizes=\"(max-width: 1500px) 100vw, 1500px\" \/><\/figure>\n<\/div>\n<\/div>\n\n\n\n<p><\/p>","protected":false},"excerpt":{"rendered":"<p>Bienvenido a comprar nuestro polvo cromado para espejos al por mayor personalizado, que ofrece un brillo met\u00e1lico brillante y una textura ultrafina para salones de manicura profesionales. Duradero, f\u00e1cil de aplicar y disponible en m\u00faltiples colores. Disfrute de la personalizaci\u00f3n OEM, la entrega r\u00e1pida y los precios directos de f\u00e1brica para su negocio de arte de u\u00f1as.<\/p>\n<table border=\"0\" width=\"854\" cellspacing=\"0\" cellpadding=\"0\">\n<tbody>\n<tr>\n<td width=\"257\" height=\"44\">Marca<\/td>\n<td width=\"597\">YouGel<\/td>\n<\/tr>\n<tr>\n<td width=\"257\" height=\"44\">N\u00famero de modelo<\/td>\n<td width=\"597\">CHP001<\/td>\n<\/tr>\n<tr>\n<td width=\"257\" height=\"44\">Tipo de producto<\/td>\n<td width=\"597\">Polvo para u\u00f1as<\/td>\n<\/tr>\n<tr>\n<td width=\"257\" height=\"44\">Material<\/td>\n<td width=\"597\">Polvo<\/td>\n<\/tr>\n<tr>\n<td width=\"257\" height=\"44\">Color<\/td>\n<td width=\"597\">6 colores<\/td>\n<\/tr>\n<tr>\n<td width=\"257\" height=\"44\">Volumen<\/td>\n<td width=\"597\">1 g\/3 g\/5 g\/7 g\/10 g\/1 kg<\/td>\n<\/tr>\n<tr>\n<td width=\"257\" height=\"44\">Seguridad<\/td>\n<td width=\"597\">Sin HEMA, sin TPO, no t\u00f3xico, MSDS disponible<\/td>\n<\/tr>\n<tr>\n<td width=\"257\" height=\"44\">MOQ<\/td>\n<td width=\"597\">MOQ bajo<\/td>\n<\/tr>\n<tr>\n<td width=\"257\" height=\"44\">Muestra gratuita<\/td>\n<td width=\"597\">Disponible<\/td>\n<\/tr>\n<tr>\n<td width=\"257\" height=\"82\">Opci\u00f3n personalizada<\/td>\n<td width=\"597\">Servicios OEM\/ODM, logotipos, etiquetas y embalajes personalizados<\/td>\n<\/tr>\n<\/tbody>\n<\/table>\n<h3 class=\"brxe-heading\">Del fabricante de esmalte de gel para u\u00f1as<\/h3>\n<p><a href=\"https:\/\/www.fsyougel.com\/es\/\"><strong>YouGel<\/strong><\/a> es un fabricante de esmaltes de u\u00f1as de gel de alta tecnolog\u00eda que ofrece <a href=\"https:\/\/www.fsyougel.com\/es\/wholesale-gel-polish\/\"><strong>venta al por mayor<\/strong><\/a>, <a href=\"https:\/\/www.fsyougel.com\/es\/private-label-gel-polish\/\"><strong>marca blanca<\/strong><\/a>y<a href=\"https:\/\/www.fsyougel.com\/es\/custom-gel-polish\/\"><strong> Servicios OEM\/ODM<\/strong><\/a>. Elija entre <strong>M\u00e1s de 10.000 colores sin HEMA, sin TPO, veganos y sin crueldad<\/strong> Dise\u00f1ado para una aplicaci\u00f3n suave, larga duraci\u00f3n y f\u00e1cil absorci\u00f3n.<\/p>","protected":false},"featured_media":1281,"comment_status":"closed","ping_status":"closed","template":"","meta":{"_acf_changed":false},"product_brand":[],"product_cat":[24],"product_tag":[],"class_list":{"0":"post-1275","1":"product","2":"type-product","3":"status-publish","4":"has-post-thumbnail","6":"product_cat-wholesale-nail-art-gel","8":"first","9":"instock","10":"shipping-taxable","11":"product-type-simple"},"acf":[],"_links":{"self":[{"href":"https:\/\/www.fsyougel.com\/es\/wp-json\/wp\/v2\/product\/1275","targetHints":{"allow":["GET"]}}],"collection":[{"href":"https:\/\/www.fsyougel.com\/es\/wp-json\/wp\/v2\/product"}],"about":[{"href":"https:\/\/www.fsyougel.com\/es\/wp-json\/wp\/v2\/types\/product"}],"replies":[{"embeddable":true,"href":"https:\/\/www.fsyougel.com\/es\/wp-json\/wp\/v2\/comments?post=1275"}],"wp:featuredmedia":[{"embeddable":true,"href":"https:\/\/www.fsyougel.com\/es\/wp-json\/wp\/v2\/media\/1281"}],"wp:attachment":[{"href":"https:\/\/www.fsyougel.com\/es\/wp-json\/wp\/v2\/media?parent=1275"}],"wp:term":[{"taxonomy":"product_brand","embeddable":true,"href":"https:\/\/www.fsyougel.com\/es\/wp-json\/wp\/v2\/product_brand?post=1275"},{"taxonomy":"product_cat","embeddable":true,"href":"https:\/\/www.fsyougel.com\/es\/wp-json\/wp\/v2\/product_cat?post=1275"},{"taxonomy":"product_tag","embeddable":true,"href":"https:\/\/www.fsyougel.com\/es\/wp-json\/wp\/v2\/product_tag?post=1275"}],"curies":[{"name":"wp","href":"https:\/\/api.w.org\/{rel}","templated":true}]}}