{"id":1282,"date":"2025-10-28T10:31:48","date_gmt":"2025-10-28T10:31:48","guid":{"rendered":"https:\/\/www.fsyougel.com\/?post_type=product&#038;p=1282"},"modified":"2025-10-28T10:58:44","modified_gmt":"2025-10-28T10:58:44","slug":"holographic-chrome-powder-wholesale","status":"publish","type":"product","link":"https:\/\/www.fsyougel.com\/es\/producto\/holographic-chrome-powder-wholesale\/","title":{"rendered":"Venta al por mayor de polvo hologr\u00e1fico cromado OEM, iluminador facial sin crueldad animal de marca privada."},"content":{"rendered":"<div class=\"wp-block-columns is-layout-flex wp-container-core-columns-is-layout-9d6595d7 wp-block-columns-is-layout-flex\">\n<div class=\"wp-block-column is-layout-flow wp-block-column-is-layout-flow\">\n<h2 class=\"wp-block-heading\">Caracter\u00edsticas del polvo cromado hologr\u00e1fico personalizado:<\/h2>\n\n\n\n<ul class=\"wp-block-list\">\n<li><strong>Efecto hologr\u00e1fico deslumbrante:<\/strong> Presenta un incre\u00edble brillo multidimensional que cambia de color con diferentes fuentes de luz, perfecto para salones profesionales y maquilladores profesionales.<\/li>\n\n\n\n<li><strong>Textura ultrafina y suave: <\/strong>Se extiende f\u00e1cilmente para obtener un acabado impecable y brillante, sin rayas ni grumos.<\/li>\n\n\n\n<li><strong>Uso vers\u00e1til:<\/strong> Adecuado para u\u00f1as, ojos y resaltado facial: consigue una belleza hologr\u00e1fica con un solo producto multifunci\u00f3n.<\/li>\n\n\n\n<li><strong>Brillo duradero: <\/strong>A prueba de decoloraci\u00f3n para un acabado espectacular y llamativo que dura todo el d\u00eda.<\/li>\n\n\n\n<li><strong>F\u00f3rmula segura y libre de crueldad animal: <\/strong>Elaborado con ingredientes no t\u00f3xicos y seguros para la piel; apto para todo tipo de pieles.<\/li>\n\n\n\n<li><strong>Venta al por mayor y OEM disponibles: <\/strong>Directamente desde la f\u00e1brica, con suministro estable, precios competitivos y embalaje personalizado para distribuidores internacionales.<\/li>\n<\/ul>\n<\/div>\n\n\n\n<div class=\"wp-block-column is-layout-flow wp-block-column-is-layout-flow\">\n<figure class=\"wp-block-image size-full\"><img decoding=\"async\" width=\"1500\" height=\"1500\" src=\"https:\/\/www.fsyougel.com\/wp-content\/uploads\/2025\/10\/Wholesale-Holographic-Chrome-Powder-Manufacturer-yougel-3.webp\" alt=\"Fabricante mayorista de polvo cromado hologr\u00e1fico - yougel (3)\" class=\"wp-image-1288\" srcset=\"https:\/\/www.fsyougel.com\/wp-content\/uploads\/2025\/10\/Wholesale-Holographic-Chrome-Powder-Manufacturer-yougel-3.webp 1500w, https:\/\/www.fsyougel.com\/wp-content\/uploads\/2025\/10\/Wholesale-Holographic-Chrome-Powder-Manufacturer-yougel-3-300x300.webp 300w, https:\/\/www.fsyougel.com\/wp-content\/uploads\/2025\/10\/Wholesale-Holographic-Chrome-Powder-Manufacturer-yougel-3-150x150.webp 150w, https:\/\/www.fsyougel.com\/wp-content\/uploads\/2025\/10\/Wholesale-Holographic-Chrome-Powder-Manufacturer-yougel-3-768x768.webp 768w, https:\/\/www.fsyougel.com\/wp-content\/uploads\/2025\/10\/Wholesale-Holographic-Chrome-Powder-Manufacturer-yougel-3-12x12.webp 12w, https:\/\/www.fsyougel.com\/wp-content\/uploads\/2025\/10\/Wholesale-Holographic-Chrome-Powder-Manufacturer-yougel-3-1200x1200.webp 1200w, https:\/\/www.fsyougel.com\/wp-content\/uploads\/2025\/10\/Wholesale-Holographic-Chrome-Powder-Manufacturer-yougel-3-600x600.webp 600w, https:\/\/www.fsyougel.com\/wp-content\/uploads\/2025\/10\/Wholesale-Holographic-Chrome-Powder-Manufacturer-yougel-3-100x100.webp 100w\" sizes=\"(max-width: 1500px) 100vw, 1500px\" \/><\/figure>\n<\/div>\n<\/div>\n\n\n\n<div class=\"wp-block-columns is-layout-flex wp-container-core-columns-is-layout-9d6595d7 wp-block-columns-is-layout-flex\">\n<div class=\"wp-block-column is-layout-flow wp-block-column-is-layout-flow\">\n<figure class=\"wp-block-image size-full\"><img decoding=\"async\" width=\"1500\" height=\"1500\" src=\"https:\/\/www.fsyougel.com\/wp-content\/uploads\/2025\/10\/Wholesale-Holographic-Chrome-Powder-Manufacturer-yougel-1.webp\" alt=\"Fabricante mayorista de polvo cromado hologr\u00e1fico - yougel (1)\" class=\"wp-image-1286\" srcset=\"https:\/\/www.fsyougel.com\/wp-content\/uploads\/2025\/10\/Wholesale-Holographic-Chrome-Powder-Manufacturer-yougel-1.webp 1500w, https:\/\/www.fsyougel.com\/wp-content\/uploads\/2025\/10\/Wholesale-Holographic-Chrome-Powder-Manufacturer-yougel-1-300x300.webp 300w, https:\/\/www.fsyougel.com\/wp-content\/uploads\/2025\/10\/Wholesale-Holographic-Chrome-Powder-Manufacturer-yougel-1-150x150.webp 150w, https:\/\/www.fsyougel.com\/wp-content\/uploads\/2025\/10\/Wholesale-Holographic-Chrome-Powder-Manufacturer-yougel-1-768x768.webp 768w, https:\/\/www.fsyougel.com\/wp-content\/uploads\/2025\/10\/Wholesale-Holographic-Chrome-Powder-Manufacturer-yougel-1-12x12.webp 12w, https:\/\/www.fsyougel.com\/wp-content\/uploads\/2025\/10\/Wholesale-Holographic-Chrome-Powder-Manufacturer-yougel-1-1200x1200.webp 1200w, https:\/\/www.fsyougel.com\/wp-content\/uploads\/2025\/10\/Wholesale-Holographic-Chrome-Powder-Manufacturer-yougel-1-600x600.webp 600w, https:\/\/www.fsyougel.com\/wp-content\/uploads\/2025\/10\/Wholesale-Holographic-Chrome-Powder-Manufacturer-yougel-1-100x100.webp 100w\" sizes=\"(max-width: 1500px) 100vw, 1500px\" \/><\/figure>\n<\/div>\n\n\n\n<div class=\"wp-block-column is-layout-flow wp-block-column-is-layout-flow\">\n<figure class=\"wp-block-image size-full\"><img decoding=\"async\" width=\"1500\" height=\"1500\" src=\"https:\/\/www.fsyougel.com\/wp-content\/uploads\/2025\/10\/Wholesale-Holographic-Chrome-Powder-Manufacturer-yougel-6.webp\" alt=\"Fabricante mayorista de polvo cromado hologr\u00e1fico - yougel (6)\" class=\"wp-image-1290\" srcset=\"https:\/\/www.fsyougel.com\/wp-content\/uploads\/2025\/10\/Wholesale-Holographic-Chrome-Powder-Manufacturer-yougel-6.webp 1500w, https:\/\/www.fsyougel.com\/wp-content\/uploads\/2025\/10\/Wholesale-Holographic-Chrome-Powder-Manufacturer-yougel-6-300x300.webp 300w, https:\/\/www.fsyougel.com\/wp-content\/uploads\/2025\/10\/Wholesale-Holographic-Chrome-Powder-Manufacturer-yougel-6-150x150.webp 150w, https:\/\/www.fsyougel.com\/wp-content\/uploads\/2025\/10\/Wholesale-Holographic-Chrome-Powder-Manufacturer-yougel-6-768x768.webp 768w, https:\/\/www.fsyougel.com\/wp-content\/uploads\/2025\/10\/Wholesale-Holographic-Chrome-Powder-Manufacturer-yougel-6-12x12.webp 12w, https:\/\/www.fsyougel.com\/wp-content\/uploads\/2025\/10\/Wholesale-Holographic-Chrome-Powder-Manufacturer-yougel-6-1200x1200.webp 1200w, https:\/\/www.fsyougel.com\/wp-content\/uploads\/2025\/10\/Wholesale-Holographic-Chrome-Powder-Manufacturer-yougel-6-600x600.webp 600w, https:\/\/www.fsyougel.com\/wp-content\/uploads\/2025\/10\/Wholesale-Holographic-Chrome-Powder-Manufacturer-yougel-6-100x100.webp 100w\" sizes=\"(max-width: 1500px) 100vw, 1500px\" \/><\/figure>\n<\/div>\n<\/div>\n\n\n\n<p><\/p>","protected":false},"excerpt":{"rendered":"<p>\u00a1Bienvenido a comprar nuestro polvo cromado hologr\u00e1fico al por mayor! Disfrute de un intenso brillo con cambios de color, una textura ultrafina y un brillo duradero. Perfecto para salones de manicura y marcas de belleza que buscan polvos OEM personalizables y libres de crueldad animal con impresionantes efectos hologr\u00e1ficos.<\/p>\n<table border=\"0\" width=\"854\" cellspacing=\"0\" cellpadding=\"0\">\n<tbody>\n<tr>\n<td width=\"257\" height=\"44\">Marca<\/td>\n<td width=\"597\">YouGel<\/td>\n<\/tr>\n<tr>\n<td width=\"257\" height=\"44\">N\u00famero de modelo<\/td>\n<td width=\"597\">CHP001<\/td>\n<\/tr>\n<tr>\n<td width=\"257\" height=\"44\">Tipo de producto<\/td>\n<td width=\"597\">Polvo para u\u00f1as<\/td>\n<\/tr>\n<tr>\n<td width=\"257\" height=\"44\">Material<\/td>\n<td width=\"597\">Polvo<\/td>\n<\/tr>\n<tr>\n<td width=\"257\" height=\"44\">Color<\/td>\n<td width=\"597\">1 color<\/td>\n<\/tr>\n<tr>\n<td width=\"257\" height=\"44\">Volumen<\/td>\n<td width=\"597\">0,5 g<\/td>\n<\/tr>\n<tr>\n<td width=\"257\" height=\"44\">Seguridad<\/td>\n<td width=\"597\">Sin HEMA, sin TPO, no t\u00f3xico, MSDS disponible<\/td>\n<\/tr>\n<tr>\n<td width=\"257\" height=\"44\">MOQ<\/td>\n<td width=\"597\">MOQ bajo<\/td>\n<\/tr>\n<tr>\n<td width=\"257\" height=\"44\">Muestra gratuita<\/td>\n<td width=\"597\">Disponible<\/td>\n<\/tr>\n<tr>\n<td width=\"257\" height=\"82\">Opci\u00f3n personalizada<\/td>\n<td width=\"597\">Servicios OEM\/ODM, logotipos, etiquetas y embalajes personalizados<\/td>\n<\/tr>\n<\/tbody>\n<\/table>\n<h3 class=\"brxe-heading\">Del fabricante de esmalte de gel para u\u00f1as<\/h3>\n<p><a href=\"https:\/\/www.fsyougel.com\/es\/\"><strong>YouGel<\/strong><\/a> es un fabricante de esmaltes de u\u00f1as de gel de alta tecnolog\u00eda que ofrece <a href=\"https:\/\/www.fsyougel.com\/es\/wholesale-gel-polish\/\"><strong>venta al por mayor<\/strong><\/a>, <a href=\"https:\/\/www.fsyougel.com\/es\/private-label-gel-polish\/\"><strong>marca blanca<\/strong><\/a>y<a href=\"https:\/\/www.fsyougel.com\/es\/custom-gel-polish\/\"><strong> Servicios OEM\/ODM<\/strong><\/a>. Elija entre <strong>M\u00e1s de 10.000 colores sin HEMA, sin TPO, veganos y sin crueldad<\/strong> Dise\u00f1ado para una aplicaci\u00f3n suave, larga duraci\u00f3n y f\u00e1cil absorci\u00f3n.<\/p>","protected":false},"featured_media":1285,"comment_status":"closed","ping_status":"closed","template":"","meta":{"_acf_changed":false},"product_brand":[],"product_cat":[24],"product_tag":[],"class_list":{"0":"post-1282","1":"product","2":"type-product","3":"status-publish","4":"has-post-thumbnail","6":"product_cat-wholesale-nail-art-gel","8":"first","9":"instock","10":"shipping-taxable","11":"product-type-simple"},"acf":[],"_links":{"self":[{"href":"https:\/\/www.fsyougel.com\/es\/wp-json\/wp\/v2\/product\/1282","targetHints":{"allow":["GET"]}}],"collection":[{"href":"https:\/\/www.fsyougel.com\/es\/wp-json\/wp\/v2\/product"}],"about":[{"href":"https:\/\/www.fsyougel.com\/es\/wp-json\/wp\/v2\/types\/product"}],"replies":[{"embeddable":true,"href":"https:\/\/www.fsyougel.com\/es\/wp-json\/wp\/v2\/comments?post=1282"}],"wp:featuredmedia":[{"embeddable":true,"href":"https:\/\/www.fsyougel.com\/es\/wp-json\/wp\/v2\/media\/1285"}],"wp:attachment":[{"href":"https:\/\/www.fsyougel.com\/es\/wp-json\/wp\/v2\/media?parent=1282"}],"wp:term":[{"taxonomy":"product_brand","embeddable":true,"href":"https:\/\/www.fsyougel.com\/es\/wp-json\/wp\/v2\/product_brand?post=1282"},{"taxonomy":"product_cat","embeddable":true,"href":"https:\/\/www.fsyougel.com\/es\/wp-json\/wp\/v2\/product_cat?post=1282"},{"taxonomy":"product_tag","embeddable":true,"href":"https:\/\/www.fsyougel.com\/es\/wp-json\/wp\/v2\/product_tag?post=1282"}],"curies":[{"name":"wp","href":"https:\/\/api.w.org\/{rel}","templated":true}]}}