{"id":1292,"date":"2025-10-28T17:15:12","date_gmt":"2025-10-28T17:15:12","guid":{"rendered":"https:\/\/www.fsyougel.com\/?post_type=product&#038;p=1292"},"modified":"2025-12-31T09:17:55","modified_gmt":"2025-12-31T09:17:55","slug":"moonlight-cat-eye-gel-polish-wholesale","status":"publish","type":"product","link":"https:\/\/www.fsyougel.com\/es\/producto\/moonlight-cat-eye-gel-polish-wholesale\/","title":{"rendered":"Esmalte en gel Moonlight Cat Eye al por mayor, sin TPO, 8 colores, esmalte en gel soak off, marca privada."},"content":{"rendered":"<div class=\"wp-block-columns is-layout-flex wp-container-core-columns-is-layout-9d6595d7 wp-block-columns-is-layout-flex\">\n<div class=\"wp-block-column is-layout-flow wp-block-column-is-layout-flow\">\n<h2 class=\"wp-block-heading\">Esmalte de u\u00f1as gel Moonlight Cat Eye al por mayor Caracter\u00edsticas:<\/h2>\n\n\n\n<ul class=\"wp-block-list\">\n<li><strong>Brillo deslumbrante con m\u00faltiples efectos<\/strong> \u2013 Crear impresionantes <strong>Ancho, curvado y con ojo de gato de gema.<\/strong> efectos bajo la luz magn\u00e9tica, transformando cada \u00e1ngulo en un reflejo hipn\u00f3tico.<\/li>\n\n\n\n<li><strong>Opciones vers\u00e1tiles para el arte de las u\u00f1as<\/strong> \u2013 Perfecto para <strong>patr\u00f3n de concha, estilo franc\u00e9s y ojo de gato sonriente<\/strong> aspecto; consigue f\u00e1cilmente efectos 3D de nivel profesional en casa o en el estudio.<\/li>\n\n\n\n<li><strong>8 tonos vibrantes de luz de luna<\/strong> \u2013 Cada color irradia un <strong>brillo magn\u00e9tico lujoso<\/strong> que cambia seg\u00fan las diferentes condiciones de iluminaci\u00f3n, ofreciendo infinitas posibilidades creativas.<\/li>\n\n\n\n<li><strong>F\u00f3rmula segura y sin TPO<\/strong> \u2013 Nuestro esmalte de gel personalizado \u00abmoonlight cat eye\u00bb est\u00e1 elaborado con <strong>Ingredientes no t\u00f3xicos y libres de crueldad animal.<\/strong>, lo que garantiza una larga duraci\u00f3n y una aplicaci\u00f3n suave sin da\u00f1ar las u\u00f1as.<\/li>\n\n\n\n<li><strong>Fuerte adhesi\u00f3n y f\u00e1cil extracci\u00f3n<\/strong> \u2013 El <strong>gel soak-off<\/strong> La f\u00f3rmula proporciona una excelente adhesi\u00f3n y una f\u00e1cil eliminaci\u00f3n, adecuada para uso profesional y de marca privada.<\/li>\n<\/ul>\n<\/div>\n\n\n\n<div class=\"wp-block-column is-layout-flow wp-block-column-is-layout-flow\">\n<figure class=\"wp-block-image size-full\"><img decoding=\"async\" width=\"1500\" height=\"1500\" src=\"https:\/\/www.fsyougel.com\/wp-content\/uploads\/2025\/10\/Moonlight-Cat-Eye-Gel-Polish-Wholesale-Yougel-2.webp\" alt=\"Esmalte en gel Moonlight Cat Eye al por mayor - Yougel (2)\" class=\"wp-image-1298\" srcset=\"https:\/\/www.fsyougel.com\/wp-content\/uploads\/2025\/10\/Moonlight-Cat-Eye-Gel-Polish-Wholesale-Yougel-2.webp 1500w, https:\/\/www.fsyougel.com\/wp-content\/uploads\/2025\/10\/Moonlight-Cat-Eye-Gel-Polish-Wholesale-Yougel-2-300x300.webp 300w, https:\/\/www.fsyougel.com\/wp-content\/uploads\/2025\/10\/Moonlight-Cat-Eye-Gel-Polish-Wholesale-Yougel-2-150x150.webp 150w, https:\/\/www.fsyougel.com\/wp-content\/uploads\/2025\/10\/Moonlight-Cat-Eye-Gel-Polish-Wholesale-Yougel-2-768x768.webp 768w, https:\/\/www.fsyougel.com\/wp-content\/uploads\/2025\/10\/Moonlight-Cat-Eye-Gel-Polish-Wholesale-Yougel-2-12x12.webp 12w, https:\/\/www.fsyougel.com\/wp-content\/uploads\/2025\/10\/Moonlight-Cat-Eye-Gel-Polish-Wholesale-Yougel-2-1200x1200.webp 1200w, https:\/\/www.fsyougel.com\/wp-content\/uploads\/2025\/10\/Moonlight-Cat-Eye-Gel-Polish-Wholesale-Yougel-2-600x600.webp 600w, https:\/\/www.fsyougel.com\/wp-content\/uploads\/2025\/10\/Moonlight-Cat-Eye-Gel-Polish-Wholesale-Yougel-2-100x100.webp 100w\" sizes=\"(max-width: 1500px) 100vw, 1500px\" \/><\/figure>\n<\/div>\n<\/div>\n\n\n\n<div class=\"wp-block-columns is-layout-flex wp-container-core-columns-is-layout-9d6595d7 wp-block-columns-is-layout-flex\">\n<div class=\"wp-block-column is-layout-flow wp-block-column-is-layout-flow\">\n<figure class=\"wp-block-image size-full\"><img decoding=\"async\" width=\"1500\" height=\"1500\" src=\"https:\/\/www.fsyougel.com\/wp-content\/uploads\/2025\/10\/Custom-Moonlight-Cat-Eye-Gel-Polish-Supplier-yougel-2.webp\" alt=\"Proveedor personalizado de esmaltes en gel Moonlight Cat Eye - yougel (2)\" class=\"wp-image-1294\" srcset=\"https:\/\/www.fsyougel.com\/wp-content\/uploads\/2025\/10\/Custom-Moonlight-Cat-Eye-Gel-Polish-Supplier-yougel-2.webp 1500w, https:\/\/www.fsyougel.com\/wp-content\/uploads\/2025\/10\/Custom-Moonlight-Cat-Eye-Gel-Polish-Supplier-yougel-2-300x300.webp 300w, https:\/\/www.fsyougel.com\/wp-content\/uploads\/2025\/10\/Custom-Moonlight-Cat-Eye-Gel-Polish-Supplier-yougel-2-150x150.webp 150w, https:\/\/www.fsyougel.com\/wp-content\/uploads\/2025\/10\/Custom-Moonlight-Cat-Eye-Gel-Polish-Supplier-yougel-2-768x768.webp 768w, https:\/\/www.fsyougel.com\/wp-content\/uploads\/2025\/10\/Custom-Moonlight-Cat-Eye-Gel-Polish-Supplier-yougel-2-12x12.webp 12w, https:\/\/www.fsyougel.com\/wp-content\/uploads\/2025\/10\/Custom-Moonlight-Cat-Eye-Gel-Polish-Supplier-yougel-2-1200x1200.webp 1200w, https:\/\/www.fsyougel.com\/wp-content\/uploads\/2025\/10\/Custom-Moonlight-Cat-Eye-Gel-Polish-Supplier-yougel-2-600x600.webp 600w, https:\/\/www.fsyougel.com\/wp-content\/uploads\/2025\/10\/Custom-Moonlight-Cat-Eye-Gel-Polish-Supplier-yougel-2-100x100.webp 100w\" sizes=\"(max-width: 1500px) 100vw, 1500px\" \/><\/figure>\n<\/div>\n\n\n\n<div class=\"wp-block-column is-layout-flow wp-block-column-is-layout-flow\">\n<figure class=\"wp-block-image size-full\"><img decoding=\"async\" width=\"1500\" height=\"1500\" src=\"https:\/\/www.fsyougel.com\/wp-content\/uploads\/2025\/10\/Custom-Moonlight-Cat-Eye-Gel-Polish-Supplier-yougel-4.webp\" alt=\"Proveedor de esmaltes de gel personalizados Moonlight Cat Eye - yougel (4)\" class=\"wp-image-1296\" srcset=\"https:\/\/www.fsyougel.com\/wp-content\/uploads\/2025\/10\/Custom-Moonlight-Cat-Eye-Gel-Polish-Supplier-yougel-4.webp 1500w, https:\/\/www.fsyougel.com\/wp-content\/uploads\/2025\/10\/Custom-Moonlight-Cat-Eye-Gel-Polish-Supplier-yougel-4-300x300.webp 300w, https:\/\/www.fsyougel.com\/wp-content\/uploads\/2025\/10\/Custom-Moonlight-Cat-Eye-Gel-Polish-Supplier-yougel-4-150x150.webp 150w, https:\/\/www.fsyougel.com\/wp-content\/uploads\/2025\/10\/Custom-Moonlight-Cat-Eye-Gel-Polish-Supplier-yougel-4-768x768.webp 768w, https:\/\/www.fsyougel.com\/wp-content\/uploads\/2025\/10\/Custom-Moonlight-Cat-Eye-Gel-Polish-Supplier-yougel-4-12x12.webp 12w, https:\/\/www.fsyougel.com\/wp-content\/uploads\/2025\/10\/Custom-Moonlight-Cat-Eye-Gel-Polish-Supplier-yougel-4-1200x1200.webp 1200w, https:\/\/www.fsyougel.com\/wp-content\/uploads\/2025\/10\/Custom-Moonlight-Cat-Eye-Gel-Polish-Supplier-yougel-4-600x600.webp 600w, https:\/\/www.fsyougel.com\/wp-content\/uploads\/2025\/10\/Custom-Moonlight-Cat-Eye-Gel-Polish-Supplier-yougel-4-100x100.webp 100w\" sizes=\"(max-width: 1500px) 100vw, 1500px\" \/><\/figure>\n<\/div>\n<\/div>\n\n\n\n<p><\/p>","protected":false},"excerpt":{"rendered":"<p data-start=\"398\" data-end=\"682\">Bienvenido a comprar nuestro esmalte de gel Moonlight Cat Eye al por mayor, con 8 colores fascinantes con efectos de ojo de gato amplios, curvos y con piedras preciosas. Sin TPO, duradero y f\u00e1cil de aplicar, perfecto para salones y marcas que buscan esmaltes de u\u00f1as magn\u00e9ticos de primera calidad a precios de f\u00e1brica.<\/p>\n<table border=\"0\" width=\"854\" cellspacing=\"0\" cellpadding=\"0\">\n<tbody>\n<tr>\n<td class=\"et3\" width=\"257\" height=\"44\">Marca<\/td>\n<td class=\"et3\" width=\"597\">YouGel<\/td>\n<\/tr>\n<tr>\n<td class=\"et4\" width=\"257\" height=\"44\">N\u00famero de modelo<\/td>\n<td class=\"et4\" width=\"597\">24CG01<\/td>\n<\/tr>\n<tr>\n<td class=\"et4\" width=\"257\" height=\"44\">Tipo de producto<\/td>\n<td class=\"et4\" width=\"597\">Esmalte en gel UV\/LED remojable<\/td>\n<\/tr>\n<tr>\n<td class=\"et4\" width=\"257\" height=\"44\">Material<\/td>\n<td class=\"et4\" width=\"597\">Resina<\/td>\n<\/tr>\n<tr>\n<td class=\"et4\" width=\"257\" height=\"44\">Color<\/td>\n<td class=\"et4\" width=\"597\">8 Colores<\/td>\n<\/tr>\n<tr>\n<td class=\"et4\" width=\"257\" height=\"44\">Volumen<\/td>\n<td class=\"et4\" width=\"597\">8 ml<\/td>\n<\/tr>\n<tr>\n<td class=\"et4\" width=\"257\" height=\"44\">Seguridad<\/td>\n<td class=\"et4\" width=\"597\">Sin HEMA, sin TPO, no t\u00f3xico, MSDS disponible<\/td>\n<\/tr>\n<tr>\n<td class=\"et4\" width=\"257\" height=\"44\">MOQ<\/td>\n<td class=\"et4\" width=\"597\">MOQ bajo<\/td>\n<\/tr>\n<tr>\n<td class=\"et4\" width=\"257\" height=\"44\">Muestra gratuita<\/td>\n<td class=\"et4\" width=\"597\">Disponible<\/td>\n<\/tr>\n<tr>\n<td class=\"et4\" width=\"257\" height=\"82\">Opci\u00f3n personalizada<\/td>\n<td class=\"et4\" width=\"597\">Servicios OEM\/ODM, logotipos, etiquetas y embalajes personalizados<\/td>\n<\/tr>\n<\/tbody>\n<\/table>\n<h2 class=\"brxe-heading\">Del fabricante del esmalte en gel<\/h2>\n<p><a href=\"https:\/\/www.fsyougel.com\/es\/\"><strong>YouGel<\/strong><\/a> es un fabricante de esmaltes de gel de confianza que ofrece bases de gel de alta calidad adecuadas para u\u00f1as UV\/LED. Nuestros productos est\u00e1n dise\u00f1ados para garantizar una aplicaci\u00f3n suave, una larga duraci\u00f3n y un f\u00e1cil secado.<\/p>","protected":false},"featured_media":1299,"comment_status":"closed","ping_status":"closed","template":"","meta":{"_acf_changed":false},"product_brand":[],"product_cat":[19,28],"product_tag":[],"class_list":{"0":"post-1292","1":"product","2":"type-product","3":"status-publish","4":"has-post-thumbnail","6":"product_cat-gel-polish-color-wholesale","7":"product_cat-cat-eye-gel-supplier","9":"first","10":"instock","11":"shipping-taxable","12":"product-type-simple"},"acf":[],"_links":{"self":[{"href":"https:\/\/www.fsyougel.com\/es\/wp-json\/wp\/v2\/product\/1292","targetHints":{"allow":["GET"]}}],"collection":[{"href":"https:\/\/www.fsyougel.com\/es\/wp-json\/wp\/v2\/product"}],"about":[{"href":"https:\/\/www.fsyougel.com\/es\/wp-json\/wp\/v2\/types\/product"}],"replies":[{"embeddable":true,"href":"https:\/\/www.fsyougel.com\/es\/wp-json\/wp\/v2\/comments?post=1292"}],"wp:featuredmedia":[{"embeddable":true,"href":"https:\/\/www.fsyougel.com\/es\/wp-json\/wp\/v2\/media\/1299"}],"wp:attachment":[{"href":"https:\/\/www.fsyougel.com\/es\/wp-json\/wp\/v2\/media?parent=1292"}],"wp:term":[{"taxonomy":"product_brand","embeddable":true,"href":"https:\/\/www.fsyougel.com\/es\/wp-json\/wp\/v2\/product_brand?post=1292"},{"taxonomy":"product_cat","embeddable":true,"href":"https:\/\/www.fsyougel.com\/es\/wp-json\/wp\/v2\/product_cat?post=1292"},{"taxonomy":"product_tag","embeddable":true,"href":"https:\/\/www.fsyougel.com\/es\/wp-json\/wp\/v2\/product_tag?post=1292"}],"curies":[{"name":"wp","href":"https:\/\/api.w.org\/{rel}","templated":true}]}}