{"id":1301,"date":"2025-10-28T18:12:58","date_gmt":"2025-10-28T18:12:58","guid":{"rendered":"https:\/\/www.fsyougel.com\/?post_type=product&#038;p=1301"},"modified":"2025-12-31T09:17:09","modified_gmt":"2025-12-31T09:17:09","slug":"8d-chameleon-cat-eye-gel-polish-factory","status":"publish","type":"product","link":"https:\/\/www.fsyougel.com\/es\/producto\/8d-chameleon-cat-eye-gel-polish-factory\/","title":{"rendered":"Esmalte en gel 8D Chameleon Cat Eye para u\u00f1as, sin TPO, magn\u00e9tico, venta al por mayor de f\u00e1brica."},"content":{"rendered":"<div class=\"wp-block-columns is-layout-flex wp-container-core-columns-is-layout-9d6595d7 wp-block-columns-is-layout-flex\">\n<div class=\"wp-block-column is-layout-flow wp-block-column-is-layout-flow\">\n<h2 class=\"wp-block-heading\">Esmalte de gel 8D Chameleon Cat Eye para venta al por mayor Caracter\u00edsticas:<\/h2>\n\n\n\n<ul class=\"wp-block-list\">\n<li><strong>Impresionante efecto de cambio de color 8D<\/strong> \u2013 Experiencia deslumbrante <strong>reflejos magn\u00e9ticos multidimensionales<\/strong> que cambian de tono seg\u00fan el \u00e1ngulo de la luz, creando un vibrante acabado camale\u00f3nico 8D.<\/li>\n\n\n\n<li><strong>Dise\u00f1o magn\u00e9tico ojo de gato<\/strong> \u2013 F\u00e1cil de moldear y \u00fanico. <strong>l\u00edneas de ojo de gato, efectos galaxia y degradados aurora<\/strong> con un palito magn\u00e9tico para crear dise\u00f1os llamativos en las u\u00f1as.<\/li>\n\n\n\n<li><strong>F\u00f3rmula segura y sin TPO<\/strong> \u2013 Nuestro esmalte en gel 8D camale\u00f3nico con efecto ojo de gato est\u00e1 fabricado con un <strong>F\u00f3rmula libre de TPO, no t\u00f3xica y libre de crueldad animal.<\/strong>, garantizando una aplicaci\u00f3n de calidad profesional sin irritaci\u00f3n ni olor.<\/li>\n\n\n\n<li><strong>Ultrabrillante y duradero<\/strong> \u2013 Ofertas <strong>color intenso, fuerte adherencia y resistencia al desgaste.<\/strong> que dura hasta m\u00e1s de 3 semanas con un brillo perfecto.<\/li>\n\n\n\n<li><strong>Venta al por mayor desde f\u00e1brica y OEM disponible<\/strong> \u2013 Asistencia <strong>personalizaci\u00f3n de marca propia<\/strong>, pedidos al por mayor y precios de f\u00e1brica competitivos: ideal para salones, distribuidores y marcas de esmaltes de u\u00f1as.<\/li>\n<\/ul>\n<\/div>\n\n\n\n<div class=\"wp-block-column is-layout-flow wp-block-column-is-layout-flow\">\n<figure class=\"wp-block-image size-full\"><img decoding=\"async\" width=\"1500\" height=\"1500\" src=\"https:\/\/www.fsyougel.com\/wp-content\/uploads\/2025\/10\/8D-Chameleon-Cat-Eye-Gel-Polish-Wholesale-Factory-yougel-1.webp\" alt=\"F\u00e1brica mayorista de esmaltes en gel 8D Chameleon Cat Eye - yougel (1)\" class=\"wp-image-1305\" srcset=\"https:\/\/www.fsyougel.com\/wp-content\/uploads\/2025\/10\/8D-Chameleon-Cat-Eye-Gel-Polish-Wholesale-Factory-yougel-1.webp 1500w, https:\/\/www.fsyougel.com\/wp-content\/uploads\/2025\/10\/8D-Chameleon-Cat-Eye-Gel-Polish-Wholesale-Factory-yougel-1-300x300.webp 300w, https:\/\/www.fsyougel.com\/wp-content\/uploads\/2025\/10\/8D-Chameleon-Cat-Eye-Gel-Polish-Wholesale-Factory-yougel-1-150x150.webp 150w, https:\/\/www.fsyougel.com\/wp-content\/uploads\/2025\/10\/8D-Chameleon-Cat-Eye-Gel-Polish-Wholesale-Factory-yougel-1-768x768.webp 768w, https:\/\/www.fsyougel.com\/wp-content\/uploads\/2025\/10\/8D-Chameleon-Cat-Eye-Gel-Polish-Wholesale-Factory-yougel-1-12x12.webp 12w, https:\/\/www.fsyougel.com\/wp-content\/uploads\/2025\/10\/8D-Chameleon-Cat-Eye-Gel-Polish-Wholesale-Factory-yougel-1-1200x1200.webp 1200w, https:\/\/www.fsyougel.com\/wp-content\/uploads\/2025\/10\/8D-Chameleon-Cat-Eye-Gel-Polish-Wholesale-Factory-yougel-1-600x600.webp 600w, https:\/\/www.fsyougel.com\/wp-content\/uploads\/2025\/10\/8D-Chameleon-Cat-Eye-Gel-Polish-Wholesale-Factory-yougel-1-100x100.webp 100w\" sizes=\"(max-width: 1500px) 100vw, 1500px\" \/><\/figure>\n<\/div>\n<\/div>\n\n\n\n<div class=\"wp-block-columns is-layout-flex wp-container-core-columns-is-layout-9d6595d7 wp-block-columns-is-layout-flex\">\n<div class=\"wp-block-column is-layout-flow wp-block-column-is-layout-flow\">\n<figure class=\"wp-block-image size-full\"><img decoding=\"async\" width=\"1500\" height=\"1500\" src=\"https:\/\/www.fsyougel.com\/wp-content\/uploads\/2025\/10\/8D-Chameleon-Cat-Eye-Gel-Polish-Wholesale-Factory-yougel-2.webp\" alt=\"F\u00e1brica mayorista de esmaltes en gel 8D Chameleon Cat Eye - yougel (2)\" class=\"wp-image-1306\" srcset=\"https:\/\/www.fsyougel.com\/wp-content\/uploads\/2025\/10\/8D-Chameleon-Cat-Eye-Gel-Polish-Wholesale-Factory-yougel-2.webp 1500w, https:\/\/www.fsyougel.com\/wp-content\/uploads\/2025\/10\/8D-Chameleon-Cat-Eye-Gel-Polish-Wholesale-Factory-yougel-2-300x300.webp 300w, https:\/\/www.fsyougel.com\/wp-content\/uploads\/2025\/10\/8D-Chameleon-Cat-Eye-Gel-Polish-Wholesale-Factory-yougel-2-150x150.webp 150w, https:\/\/www.fsyougel.com\/wp-content\/uploads\/2025\/10\/8D-Chameleon-Cat-Eye-Gel-Polish-Wholesale-Factory-yougel-2-768x768.webp 768w, https:\/\/www.fsyougel.com\/wp-content\/uploads\/2025\/10\/8D-Chameleon-Cat-Eye-Gel-Polish-Wholesale-Factory-yougel-2-12x12.webp 12w, https:\/\/www.fsyougel.com\/wp-content\/uploads\/2025\/10\/8D-Chameleon-Cat-Eye-Gel-Polish-Wholesale-Factory-yougel-2-1200x1200.webp 1200w, https:\/\/www.fsyougel.com\/wp-content\/uploads\/2025\/10\/8D-Chameleon-Cat-Eye-Gel-Polish-Wholesale-Factory-yougel-2-600x600.webp 600w, https:\/\/www.fsyougel.com\/wp-content\/uploads\/2025\/10\/8D-Chameleon-Cat-Eye-Gel-Polish-Wholesale-Factory-yougel-2-100x100.webp 100w\" sizes=\"(max-width: 1500px) 100vw, 1500px\" \/><\/figure>\n<\/div>\n\n\n\n<div class=\"wp-block-column is-layout-flow wp-block-column-is-layout-flow\">\n<figure class=\"wp-block-image size-full\"><img decoding=\"async\" width=\"1500\" height=\"1500\" src=\"https:\/\/www.fsyougel.com\/wp-content\/uploads\/2025\/10\/Wholesale-8D-Chameleon-Cat-Eye-Gel-Polish-Factory.webp\" alt=\"F\u00e1brica mayorista de esmaltes en gel 8D Chameleon Cat Eye\" class=\"wp-image-1309\" srcset=\"https:\/\/www.fsyougel.com\/wp-content\/uploads\/2025\/10\/Wholesale-8D-Chameleon-Cat-Eye-Gel-Polish-Factory.webp 1500w, https:\/\/www.fsyougel.com\/wp-content\/uploads\/2025\/10\/Wholesale-8D-Chameleon-Cat-Eye-Gel-Polish-Factory-300x300.webp 300w, https:\/\/www.fsyougel.com\/wp-content\/uploads\/2025\/10\/Wholesale-8D-Chameleon-Cat-Eye-Gel-Polish-Factory-150x150.webp 150w, https:\/\/www.fsyougel.com\/wp-content\/uploads\/2025\/10\/Wholesale-8D-Chameleon-Cat-Eye-Gel-Polish-Factory-768x768.webp 768w, https:\/\/www.fsyougel.com\/wp-content\/uploads\/2025\/10\/Wholesale-8D-Chameleon-Cat-Eye-Gel-Polish-Factory-12x12.webp 12w, https:\/\/www.fsyougel.com\/wp-content\/uploads\/2025\/10\/Wholesale-8D-Chameleon-Cat-Eye-Gel-Polish-Factory-1200x1200.webp 1200w, https:\/\/www.fsyougel.com\/wp-content\/uploads\/2025\/10\/Wholesale-8D-Chameleon-Cat-Eye-Gel-Polish-Factory-600x600.webp 600w, https:\/\/www.fsyougel.com\/wp-content\/uploads\/2025\/10\/Wholesale-8D-Chameleon-Cat-Eye-Gel-Polish-Factory-100x100.webp 100w\" sizes=\"(max-width: 1500px) 100vw, 1500px\" \/><\/figure>\n<\/div>\n<\/div>\n\n\n\n<figure class=\"wp-block-image size-full\"><img decoding=\"async\" width=\"1500\" height=\"907\" src=\"https:\/\/www.fsyougel.com\/wp-content\/uploads\/2025\/10\/8D-Chameleon-Cat-Eye-Gel-Polish-Manufacturer.webp\" alt=\"Fabricante de esmalte en gel 8D Chameleon Cat Eye\" class=\"wp-image-1303\" srcset=\"https:\/\/www.fsyougel.com\/wp-content\/uploads\/2025\/10\/8D-Chameleon-Cat-Eye-Gel-Polish-Manufacturer.webp 1500w, https:\/\/www.fsyougel.com\/wp-content\/uploads\/2025\/10\/8D-Chameleon-Cat-Eye-Gel-Polish-Manufacturer-300x181.webp 300w, https:\/\/www.fsyougel.com\/wp-content\/uploads\/2025\/10\/8D-Chameleon-Cat-Eye-Gel-Polish-Manufacturer-768x464.webp 768w, https:\/\/www.fsyougel.com\/wp-content\/uploads\/2025\/10\/8D-Chameleon-Cat-Eye-Gel-Polish-Manufacturer-18x12.webp 18w, https:\/\/www.fsyougel.com\/wp-content\/uploads\/2025\/10\/8D-Chameleon-Cat-Eye-Gel-Polish-Manufacturer-1200x726.webp 1200w, https:\/\/www.fsyougel.com\/wp-content\/uploads\/2025\/10\/8D-Chameleon-Cat-Eye-Gel-Polish-Manufacturer-600x363.webp 600w\" sizes=\"(max-width: 1500px) 100vw, 1500px\" \/><\/figure>","protected":false},"excerpt":{"rendered":"<p data-start=\"398\" data-end=\"682\">Bienvenido a comprar nuestro esmalte de gel 8D camale\u00f3nico \u00abojo de gato\u00bb al por mayor, con una f\u00f3rmula sin TPO y de alto brillo que cambia de color bajo la luz para crear impresionantes efectos magn\u00e9ticos. Perfecto para salones de manicura y marcas privadas que buscan geles \u00abojo de gato\u00bb vibrantes y duraderos a precios de f\u00e1brica al por mayor.<\/p>\n<table border=\"0\" width=\"854\" cellspacing=\"0\" cellpadding=\"0\">\n<tbody>\n<tr>\n<td class=\"et3\" width=\"257\" height=\"44\">Marca<\/td>\n<td class=\"et3\" width=\"597\">YouGel<\/td>\n<\/tr>\n<tr>\n<td class=\"et4\" width=\"257\" height=\"44\">N\u00famero de modelo<\/td>\n<td class=\"et4\" width=\"597\">8DCG01<\/td>\n<\/tr>\n<tr>\n<td class=\"et4\" width=\"257\" height=\"44\">Tipo de producto<\/td>\n<td class=\"et4\" width=\"597\">Esmalte en gel UV\/LED remojable<\/td>\n<\/tr>\n<tr>\n<td class=\"et4\" width=\"257\" height=\"44\">Material<\/td>\n<td class=\"et4\" width=\"597\">Resina<\/td>\n<\/tr>\n<tr>\n<td class=\"et4\" width=\"257\" height=\"44\">Color<\/td>\n<td class=\"et4\" width=\"597\">6 colores<\/td>\n<\/tr>\n<tr>\n<td class=\"et4\" width=\"257\" height=\"44\">Volumen<\/td>\n<td class=\"et4\" width=\"597\">8 ml<\/td>\n<\/tr>\n<tr>\n<td class=\"et4\" width=\"257\" height=\"44\">Seguridad<\/td>\n<td class=\"et4\" width=\"597\">Sin HEMA, sin TPO, no t\u00f3xico, MSDS disponible<\/td>\n<\/tr>\n<tr>\n<td class=\"et4\" width=\"257\" height=\"44\">MOQ<\/td>\n<td class=\"et4\" width=\"597\">MOQ bajo<\/td>\n<\/tr>\n<tr>\n<td class=\"et4\" width=\"257\" height=\"44\">Muestra gratuita<\/td>\n<td class=\"et4\" width=\"597\">Disponible<\/td>\n<\/tr>\n<tr>\n<td class=\"et4\" width=\"257\" height=\"82\">Opci\u00f3n personalizada<\/td>\n<td class=\"et4\" width=\"597\">Servicios OEM\/ODM, logotipos, etiquetas y embalajes personalizados<\/td>\n<\/tr>\n<\/tbody>\n<\/table>\n<h2 class=\"brxe-heading\">Del fabricante del esmalte en gel<\/h2>\n<p><a href=\"https:\/\/www.fsyougel.com\/es\/\"><strong>YouGel<\/strong><\/a> es un fabricante de esmaltes de gel de confianza que ofrece bases de gel de alta calidad adecuadas para u\u00f1as UV\/LED. Nuestros productos est\u00e1n dise\u00f1ados para garantizar una aplicaci\u00f3n suave, una larga duraci\u00f3n y un f\u00e1cil secado.<\/p>","protected":false},"featured_media":1302,"comment_status":"closed","ping_status":"closed","template":"","meta":{"_acf_changed":false},"product_brand":[],"product_cat":[19,28],"product_tag":[],"class_list":{"0":"post-1301","1":"product","2":"type-product","3":"status-publish","4":"has-post-thumbnail","6":"product_cat-gel-polish-color-wholesale","7":"product_cat-cat-eye-gel-supplier","9":"first","10":"instock","11":"shipping-taxable","12":"product-type-simple"},"acf":[],"_links":{"self":[{"href":"https:\/\/www.fsyougel.com\/es\/wp-json\/wp\/v2\/product\/1301","targetHints":{"allow":["GET"]}}],"collection":[{"href":"https:\/\/www.fsyougel.com\/es\/wp-json\/wp\/v2\/product"}],"about":[{"href":"https:\/\/www.fsyougel.com\/es\/wp-json\/wp\/v2\/types\/product"}],"replies":[{"embeddable":true,"href":"https:\/\/www.fsyougel.com\/es\/wp-json\/wp\/v2\/comments?post=1301"}],"wp:featuredmedia":[{"embeddable":true,"href":"https:\/\/www.fsyougel.com\/es\/wp-json\/wp\/v2\/media\/1302"}],"wp:attachment":[{"href":"https:\/\/www.fsyougel.com\/es\/wp-json\/wp\/v2\/media?parent=1301"}],"wp:term":[{"taxonomy":"product_brand","embeddable":true,"href":"https:\/\/www.fsyougel.com\/es\/wp-json\/wp\/v2\/product_brand?post=1301"},{"taxonomy":"product_cat","embeddable":true,"href":"https:\/\/www.fsyougel.com\/es\/wp-json\/wp\/v2\/product_cat?post=1301"},{"taxonomy":"product_tag","embeddable":true,"href":"https:\/\/www.fsyougel.com\/es\/wp-json\/wp\/v2\/product_tag?post=1301"}],"curies":[{"name":"wp","href":"https:\/\/api.w.org\/{rel}","templated":true}]}}