{"id":1322,"date":"2025-10-29T09:50:12","date_gmt":"2025-10-29T09:50:12","guid":{"rendered":"https:\/\/www.fsyougel.com\/?post_type=product&#038;p=1322"},"modified":"2025-10-29T10:18:25","modified_gmt":"2025-10-29T10:18:25","slug":"nail-art-liner-gel-supplier","status":"publish","type":"product","link":"https:\/\/www.fsyougel.com\/es\/producto\/nail-art-liner-gel-supplier\/","title":{"rendered":"Proveedor de gel para nail art | Gel para nail art sin TPO de 12 colores de marca privada"},"content":{"rendered":"<div class=\"wp-block-columns is-layout-flex wp-container-core-columns-is-layout-9d6595d7 wp-block-columns-is-layout-flex\">\n<div class=\"wp-block-column is-layout-flow wp-block-column-is-layout-flow\">\n<h2 class=\"wp-block-heading\">Caracter\u00edsticas del gel delineador personalizado para nail art:<\/h2>\n\n\n\n<ul class=\"wp-block-list\">\n<li><strong>Aplicaci\u00f3n suave y f\u00e1cil: <\/strong>Esto <strong>gel delineador personalizado para nail art<\/strong> Tiene una textura sedosa y l\u00edquida. Junto con un pincel fino profesional, proporciona un control preciso, ya sea para delinear, trazar o crear patrones, y permite realizar trazos naturales y suaves.<\/li>\n\n\n\n<li><strong>Colores intensamente saturados con gran cobertura:<\/strong> Con 12 colores de moda cuidadosamente seleccionados, este gel proporciona un color intenso y duradero. Consigue f\u00e1cilmente efectos de dibujo y pintura, ideales para crear dise\u00f1os de u\u00f1as profesionales con detalles muy elaborados.<\/li>\n\n\n\n<li><strong>F\u00f3rmula segura sin TPO:<\/strong> Con una f\u00f3rmula natural sin TPO, este gel no irrita, es inodoro y seguro para el bienestar de las u\u00f1as, adem\u00e1s de ofrecer una adherencia y un brillo fabulosos.<\/li>\n\n\n\n<li><strong>F\u00e1cil de hacer t\u00fa mismo, en varios estilos: <\/strong>Ya sea arte lineal, degradados, patrones geom\u00e9tricos o puntas francesas, este gel delineador personalizado para nail art simplifica la creaci\u00f3n de dise\u00f1os personalizados, permitiendo que tu imaginaci\u00f3n vuele libremente.<\/li>\n\n\n\n<li><strong>Personalizaci\u00f3n profesional OEM\/ODM: <\/strong>Para los requisitos individuales de personalizaci\u00f3n de logotipos de marca, envases y botellas, este gel se adapta a las necesidades generalizadas de salones de belleza, marcas de productos para u\u00f1as y distribuidores, lo que lo convierte en una soluci\u00f3n ideal para clientes B2B profesionales.<\/li>\n<\/ul>\n<\/div>\n\n\n\n<div class=\"wp-block-column is-layout-flow wp-block-column-is-layout-flow\">\n<figure class=\"wp-block-image size-full\"><img decoding=\"async\" width=\"1500\" height=\"1500\" src=\"https:\/\/www.fsyougel.com\/wp-content\/uploads\/2025\/10\/Wholesale-Nail-Art-Liner-Gel-Supplier-yougel-6.webp\" alt=\"Proveedor mayorista de gel para nail art - yougel (6)\" class=\"wp-image-1328\" srcset=\"https:\/\/www.fsyougel.com\/wp-content\/uploads\/2025\/10\/Wholesale-Nail-Art-Liner-Gel-Supplier-yougel-6.webp 1500w, https:\/\/www.fsyougel.com\/wp-content\/uploads\/2025\/10\/Wholesale-Nail-Art-Liner-Gel-Supplier-yougel-6-300x300.webp 300w, https:\/\/www.fsyougel.com\/wp-content\/uploads\/2025\/10\/Wholesale-Nail-Art-Liner-Gel-Supplier-yougel-6-150x150.webp 150w, https:\/\/www.fsyougel.com\/wp-content\/uploads\/2025\/10\/Wholesale-Nail-Art-Liner-Gel-Supplier-yougel-6-768x768.webp 768w, https:\/\/www.fsyougel.com\/wp-content\/uploads\/2025\/10\/Wholesale-Nail-Art-Liner-Gel-Supplier-yougel-6-12x12.webp 12w, https:\/\/www.fsyougel.com\/wp-content\/uploads\/2025\/10\/Wholesale-Nail-Art-Liner-Gel-Supplier-yougel-6-1200x1200.webp 1200w, https:\/\/www.fsyougel.com\/wp-content\/uploads\/2025\/10\/Wholesale-Nail-Art-Liner-Gel-Supplier-yougel-6-600x600.webp 600w, https:\/\/www.fsyougel.com\/wp-content\/uploads\/2025\/10\/Wholesale-Nail-Art-Liner-Gel-Supplier-yougel-6-100x100.webp 100w\" sizes=\"(max-width: 1500px) 100vw, 1500px\" \/><\/figure>\n<\/div>\n<\/div>\n\n\n\n<p><\/p>","protected":false},"excerpt":{"rendered":"<p>Bienvenido a comprar nuestro gel delineador para u\u00f1as al por mayor de un proveedor de confianza. Disponible en 12 colores vibrantes sin TPO, con una textura suave y una cobertura intensa, ideal para pintar l\u00edneas finas, dise\u00f1os de u\u00f1as DIY y personalizaci\u00f3n de marcas privadas OEM\/ODM.<\/p>\n<table border=\"0\" width=\"854\" cellspacing=\"0\" cellpadding=\"0\">\n<tbody>\n<tr>\n<td width=\"257\" height=\"44\">Marca<\/td>\n<td width=\"597\">YouGel<\/td>\n<\/tr>\n<tr>\n<td width=\"257\" height=\"44\">N\u00famero de modelo<\/td>\n<td width=\"597\">LX01<\/td>\n<\/tr>\n<tr>\n<td width=\"257\" height=\"44\">Tipo de producto<\/td>\n<td width=\"597\">Esmalte en gel UV\/LED remojable<\/td>\n<\/tr>\n<tr>\n<td width=\"257\" height=\"44\">Material<\/td>\n<td width=\"597\">Resina<\/td>\n<\/tr>\n<tr>\n<td width=\"257\" height=\"44\">Color<\/td>\n<td width=\"597\">12 colores<\/td>\n<\/tr>\n<tr>\n<td width=\"257\" height=\"44\">Volumen<\/td>\n<td width=\"597\">10 ml<\/td>\n<\/tr>\n<tr>\n<td width=\"257\" height=\"44\">Seguridad<\/td>\n<td width=\"597\">Sin HEMA, sin TPO, no t\u00f3xico, MSDS disponible<\/td>\n<\/tr>\n<tr>\n<td width=\"257\" height=\"44\">MOQ<\/td>\n<td width=\"597\">MOQ bajo<\/td>\n<\/tr>\n<tr>\n<td width=\"257\" height=\"44\">Muestra gratuita<\/td>\n<td width=\"597\">Disponible<\/td>\n<\/tr>\n<tr>\n<td width=\"257\" height=\"82\">Opci\u00f3n personalizada<\/td>\n<td width=\"597\">Servicios OEM\/ODM, logotipos, etiquetas y embalajes personalizados<\/td>\n<\/tr>\n<\/tbody>\n<\/table>\n<h3 class=\"brxe-heading\">Del fabricante de esmalte de gel para u\u00f1as<\/h3>\n<p><a href=\"https:\/\/www.fsyougel.com\/es\/\"><strong>YouGel<\/strong><\/a> es un fabricante de esmaltes de u\u00f1as de gel de alta tecnolog\u00eda que ofrece <a href=\"https:\/\/www.fsyougel.com\/es\/wholesale-gel-polish\/\"><strong>venta al por mayor<\/strong><\/a>, <a href=\"https:\/\/www.fsyougel.com\/es\/private-label-gel-polish\/\"><strong>marca blanca<\/strong><\/a>y<a href=\"https:\/\/www.fsyougel.com\/es\/custom-gel-polish\/\"><strong> Servicios OEM\/ODM<\/strong><\/a>. Elija entre <strong>M\u00e1s de 10.000 colores sin HEMA, sin TPO, veganos y sin crueldad<\/strong> Dise\u00f1ado para una aplicaci\u00f3n suave, larga duraci\u00f3n y f\u00e1cil absorci\u00f3n.<\/p>","protected":false},"featured_media":1327,"comment_status":"closed","ping_status":"closed","template":"","meta":{"_acf_changed":false},"product_brand":[],"product_cat":[24],"product_tag":[],"class_list":{"0":"post-1322","1":"product","2":"type-product","3":"status-publish","4":"has-post-thumbnail","6":"product_cat-wholesale-nail-art-gel","8":"first","9":"instock","10":"shipping-taxable","11":"product-type-simple"},"acf":[],"_links":{"self":[{"href":"https:\/\/www.fsyougel.com\/es\/wp-json\/wp\/v2\/product\/1322","targetHints":{"allow":["GET"]}}],"collection":[{"href":"https:\/\/www.fsyougel.com\/es\/wp-json\/wp\/v2\/product"}],"about":[{"href":"https:\/\/www.fsyougel.com\/es\/wp-json\/wp\/v2\/types\/product"}],"replies":[{"embeddable":true,"href":"https:\/\/www.fsyougel.com\/es\/wp-json\/wp\/v2\/comments?post=1322"}],"wp:featuredmedia":[{"embeddable":true,"href":"https:\/\/www.fsyougel.com\/es\/wp-json\/wp\/v2\/media\/1327"}],"wp:attachment":[{"href":"https:\/\/www.fsyougel.com\/es\/wp-json\/wp\/v2\/media?parent=1322"}],"wp:term":[{"taxonomy":"product_brand","embeddable":true,"href":"https:\/\/www.fsyougel.com\/es\/wp-json\/wp\/v2\/product_brand?post=1322"},{"taxonomy":"product_cat","embeddable":true,"href":"https:\/\/www.fsyougel.com\/es\/wp-json\/wp\/v2\/product_cat?post=1322"},{"taxonomy":"product_tag","embeddable":true,"href":"https:\/\/www.fsyougel.com\/es\/wp-json\/wp\/v2\/product_tag?post=1322"}],"curies":[{"name":"wp","href":"https:\/\/api.w.org\/{rel}","templated":true}]}}