{"id":1331,"date":"2025-11-03T06:51:00","date_gmt":"2025-11-03T06:51:00","guid":{"rendered":"https:\/\/www.fsyougel.com\/?post_type=product&#038;p=1331"},"modified":"2025-11-03T07:34:23","modified_gmt":"2025-11-03T07:34:23","slug":"amber-gel-polish-wholesaler","status":"publish","type":"product","link":"https:\/\/www.fsyougel.com\/es\/producto\/amber-gel-polish-wholesaler\/","title":{"rendered":"12 colores transparentes Esmalte en gel \u00e1mbar Mayorista, color de esmalte en gel para dise\u00f1o de u\u00f1as"},"content":{"rendered":"<div class=\"wp-block-columns is-layout-flex wp-container-core-columns-is-layout-9d6595d7 wp-block-columns-is-layout-flex\">\n<div class=\"wp-block-column is-layout-flow wp-block-column-is-layout-flow\">\n<h2 class=\"wp-block-heading\">Esmalte en gel \u00e1mbar al por mayor Caracter\u00edsticas:<\/h2>\n\n\n\n<p>A\u00f1ade elegancia y brillo a cada manicura con nuestra colecci\u00f3n mayorista de esmaltes en gel \u00e1mbar. Para salones profesionales y marcas de u\u00f1as internacionales, estos tonos \u00e1mbar transparentes aportan profundidad, brillo y lujo en cada capa.<\/p>\n\n\n\n<ul class=\"wp-block-list\">\n<li><strong>Estas son 12 tonalidades \u00e1mbar transparentes:<\/strong> Ofrece una textura gelatinosa cristalina que realza las u\u00f1as naturales con un suave y brillante resplandor \u00e1mbar.<\/li>\n\n\n\n<li><strong>F\u00f3rmula sin HEMA ni TPO: <\/strong>Suave con las u\u00f1as y la piel, garantiza la seguridad incluso para los usuarios m\u00e1s sensibles.<\/li>\n\n\n\n<li><strong>Aplicaci\u00f3n suave y autonivelante: <\/strong>Proporciona un acabado suave y sin burbujas para profesionales con gran control. <\/li>\n\n\n\n<li><strong>Brillo duradero: <\/strong>Resistente a las grietas y a la decoloraci\u00f3n, mantiene las u\u00f1as impecables durante semanas. <\/li>\n\n\n\n<li><strong>Soporte OEM\/ODM:<\/strong> Como mayorista profesional de esmaltes de gel \u00e1mbar, ofrecemos servicios de combinaci\u00f3n de colores, dise\u00f1o de envases y marcas privadas para ayudar a que su marca destaque.<\/li>\n<\/ul>\n<\/div>\n\n\n\n<div class=\"wp-block-column is-layout-flow wp-block-column-is-layout-flow\">\n<figure class=\"wp-block-image size-full\"><img decoding=\"async\" width=\"1500\" height=\"1500\" src=\"https:\/\/www.fsyougel.com\/wp-content\/uploads\/2025\/11\/Amber-Gel-Polish-Wholesaler-yougel-6.webp\" alt=\"Mayorista de esmaltes de gel \u00e1mbar - yougel (6)\" class=\"wp-image-1340\" srcset=\"https:\/\/www.fsyougel.com\/wp-content\/uploads\/2025\/11\/Amber-Gel-Polish-Wholesaler-yougel-6.webp 1500w, https:\/\/www.fsyougel.com\/wp-content\/uploads\/2025\/11\/Amber-Gel-Polish-Wholesaler-yougel-6-300x300.webp 300w, https:\/\/www.fsyougel.com\/wp-content\/uploads\/2025\/11\/Amber-Gel-Polish-Wholesaler-yougel-6-150x150.webp 150w, https:\/\/www.fsyougel.com\/wp-content\/uploads\/2025\/11\/Amber-Gel-Polish-Wholesaler-yougel-6-768x768.webp 768w, https:\/\/www.fsyougel.com\/wp-content\/uploads\/2025\/11\/Amber-Gel-Polish-Wholesaler-yougel-6-12x12.webp 12w, https:\/\/www.fsyougel.com\/wp-content\/uploads\/2025\/11\/Amber-Gel-Polish-Wholesaler-yougel-6-1200x1200.webp 1200w, https:\/\/www.fsyougel.com\/wp-content\/uploads\/2025\/11\/Amber-Gel-Polish-Wholesaler-yougel-6-600x600.webp 600w, https:\/\/www.fsyougel.com\/wp-content\/uploads\/2025\/11\/Amber-Gel-Polish-Wholesaler-yougel-6-100x100.webp 100w\" sizes=\"(max-width: 1500px) 100vw, 1500px\" \/><\/figure>\n<\/div>\n<\/div>\n\n\n\n<div class=\"wp-block-columns is-layout-flex wp-container-core-columns-is-layout-9d6595d7 wp-block-columns-is-layout-flex\">\n<div class=\"wp-block-column is-layout-flow wp-block-column-is-layout-flow\">\n<figure class=\"wp-block-image size-full\"><img decoding=\"async\" width=\"1500\" height=\"1500\" src=\"https:\/\/www.fsyougel.com\/wp-content\/uploads\/2025\/11\/Amber-Gel-Polish-Wholesaler-yougel-5.webp\" alt=\"Mayorista de esmaltes en gel Amber - yougel (5)\" class=\"wp-image-1339\" srcset=\"https:\/\/www.fsyougel.com\/wp-content\/uploads\/2025\/11\/Amber-Gel-Polish-Wholesaler-yougel-5.webp 1500w, https:\/\/www.fsyougel.com\/wp-content\/uploads\/2025\/11\/Amber-Gel-Polish-Wholesaler-yougel-5-300x300.webp 300w, https:\/\/www.fsyougel.com\/wp-content\/uploads\/2025\/11\/Amber-Gel-Polish-Wholesaler-yougel-5-150x150.webp 150w, https:\/\/www.fsyougel.com\/wp-content\/uploads\/2025\/11\/Amber-Gel-Polish-Wholesaler-yougel-5-768x768.webp 768w, https:\/\/www.fsyougel.com\/wp-content\/uploads\/2025\/11\/Amber-Gel-Polish-Wholesaler-yougel-5-12x12.webp 12w, https:\/\/www.fsyougel.com\/wp-content\/uploads\/2025\/11\/Amber-Gel-Polish-Wholesaler-yougel-5-1200x1200.webp 1200w, https:\/\/www.fsyougel.com\/wp-content\/uploads\/2025\/11\/Amber-Gel-Polish-Wholesaler-yougel-5-600x600.webp 600w, https:\/\/www.fsyougel.com\/wp-content\/uploads\/2025\/11\/Amber-Gel-Polish-Wholesaler-yougel-5-100x100.webp 100w\" sizes=\"(max-width: 1500px) 100vw, 1500px\" \/><\/figure>\n<\/div>\n\n\n\n<div class=\"wp-block-column is-layout-flow wp-block-column-is-layout-flow\">\n<figure class=\"wp-block-image size-full\"><img decoding=\"async\" width=\"1500\" height=\"1464\" src=\"https:\/\/www.fsyougel.com\/wp-content\/uploads\/2025\/11\/12-Colors-Glaze-Amber-Gel-Polish-Wholesaler-2.webp\" alt=\"Mayorista de esmaltes de gel Amber Glaze de 12 colores (2)\" class=\"wp-image-1333\" srcset=\"https:\/\/www.fsyougel.com\/wp-content\/uploads\/2025\/11\/12-Colors-Glaze-Amber-Gel-Polish-Wholesaler-2.webp 1500w, https:\/\/www.fsyougel.com\/wp-content\/uploads\/2025\/11\/12-Colors-Glaze-Amber-Gel-Polish-Wholesaler-2-300x293.webp 300w, https:\/\/www.fsyougel.com\/wp-content\/uploads\/2025\/11\/12-Colors-Glaze-Amber-Gel-Polish-Wholesaler-2-768x750.webp 768w, https:\/\/www.fsyougel.com\/wp-content\/uploads\/2025\/11\/12-Colors-Glaze-Amber-Gel-Polish-Wholesaler-2-12x12.webp 12w, https:\/\/www.fsyougel.com\/wp-content\/uploads\/2025\/11\/12-Colors-Glaze-Amber-Gel-Polish-Wholesaler-2-1200x1171.webp 1200w, https:\/\/www.fsyougel.com\/wp-content\/uploads\/2025\/11\/12-Colors-Glaze-Amber-Gel-Polish-Wholesaler-2-600x586.webp 600w\" sizes=\"(max-width: 1500px) 100vw, 1500px\" \/><\/figure>\n<\/div>\n<\/div>\n\n\n\n<p><\/p>","protected":false},"excerpt":{"rendered":"<p data-start=\"398\" data-end=\"682\">Bienvenido a nuestro mayorista de esmaltes de gel \u00e1mbar, que ofrece 12 colores \u00e1mbar transparentes sin HEMA ni TPO con un acabado brillante de larga duraci\u00f3n. \u00a1Disfrute hoy mismo de precios al por mayor de f\u00e1brica, personalizaci\u00f3n OEM\/ODM y muestras gratuitas para su marca de u\u00f1as!<\/p>\n<table border=\"0\" width=\"854\" cellspacing=\"0\" cellpadding=\"0\">\n<tbody>\n<tr>\n<td class=\"et3\" width=\"257\" height=\"44\">Marca<\/td>\n<td class=\"et3\" width=\"597\">YouGel<\/td>\n<\/tr>\n<tr>\n<td class=\"et4\" width=\"257\" height=\"44\">N\u00famero de modelo<\/td>\n<td class=\"et4\" width=\"597\">S202<\/td>\n<\/tr>\n<tr>\n<td class=\"et4\" width=\"257\" height=\"44\">Tipo de producto<\/td>\n<td class=\"et4\" width=\"597\">Esmalte en gel UV\/LED remojable<\/td>\n<\/tr>\n<tr>\n<td class=\"et4\" width=\"257\" height=\"44\">Material<\/td>\n<td class=\"et4\" width=\"597\">Resina<\/td>\n<\/tr>\n<tr>\n<td class=\"et4\" width=\"257\" height=\"44\">Color<\/td>\n<td class=\"et4\" width=\"597\">12 colores<\/td>\n<\/tr>\n<tr>\n<td class=\"et4\" width=\"257\" height=\"44\">Volumen<\/td>\n<td class=\"et4\" width=\"597\">8 ml<\/td>\n<\/tr>\n<tr>\n<td class=\"et4\" width=\"257\" height=\"44\">Seguridad<\/td>\n<td class=\"et4\" width=\"597\">Sin HEMA, sin TPO, no t\u00f3xico, MSDS disponible<\/td>\n<\/tr>\n<tr>\n<td class=\"et4\" width=\"257\" height=\"44\">MOQ<\/td>\n<td class=\"et4\" width=\"597\">MOQ bajo<\/td>\n<\/tr>\n<tr>\n<td class=\"et4\" width=\"257\" height=\"44\">Muestra gratuita<\/td>\n<td class=\"et4\" width=\"597\">Disponible<\/td>\n<\/tr>\n<tr>\n<td class=\"et4\" width=\"257\" height=\"82\">Opci\u00f3n personalizada<\/td>\n<td class=\"et4\" width=\"597\">Servicios OEM\/ODM, logotipos, etiquetas y embalajes personalizados<\/td>\n<\/tr>\n<\/tbody>\n<\/table>\n<h2 class=\"brxe-heading\">Del fabricante del esmalte en gel<\/h2>\n<p><a href=\"https:\/\/www.fsyougel.com\/es\/\"><strong>YouGel<\/strong><\/a> es un fabricante de esmaltes de gel de confianza que ofrece bases de gel de alta calidad adecuadas para u\u00f1as UV\/LED. Nuestros productos est\u00e1n dise\u00f1ados para garantizar una aplicaci\u00f3n suave, una larga duraci\u00f3n y un f\u00e1cil secado.<\/p>","protected":false},"featured_media":1335,"comment_status":"closed","ping_status":"closed","template":"","meta":{"_acf_changed":false},"product_brand":[],"product_cat":[19],"product_tag":[],"class_list":{"0":"post-1331","1":"product","2":"type-product","3":"status-publish","4":"has-post-thumbnail","6":"product_cat-gel-polish-color-wholesale","8":"first","9":"instock","10":"shipping-taxable","11":"product-type-simple"},"acf":[],"_links":{"self":[{"href":"https:\/\/www.fsyougel.com\/es\/wp-json\/wp\/v2\/product\/1331","targetHints":{"allow":["GET"]}}],"collection":[{"href":"https:\/\/www.fsyougel.com\/es\/wp-json\/wp\/v2\/product"}],"about":[{"href":"https:\/\/www.fsyougel.com\/es\/wp-json\/wp\/v2\/types\/product"}],"replies":[{"embeddable":true,"href":"https:\/\/www.fsyougel.com\/es\/wp-json\/wp\/v2\/comments?post=1331"}],"wp:featuredmedia":[{"embeddable":true,"href":"https:\/\/www.fsyougel.com\/es\/wp-json\/wp\/v2\/media\/1335"}],"wp:attachment":[{"href":"https:\/\/www.fsyougel.com\/es\/wp-json\/wp\/v2\/media?parent=1331"}],"wp:term":[{"taxonomy":"product_brand","embeddable":true,"href":"https:\/\/www.fsyougel.com\/es\/wp-json\/wp\/v2\/product_brand?post=1331"},{"taxonomy":"product_cat","embeddable":true,"href":"https:\/\/www.fsyougel.com\/es\/wp-json\/wp\/v2\/product_cat?post=1331"},{"taxonomy":"product_tag","embeddable":true,"href":"https:\/\/www.fsyougel.com\/es\/wp-json\/wp\/v2\/product_tag?post=1331"}],"curies":[{"name":"wp","href":"https:\/\/api.w.org\/{rel}","templated":true}]}}