{"id":1341,"date":"2025-11-03T07:55:56","date_gmt":"2025-11-03T07:55:56","guid":{"rendered":"https:\/\/www.fsyougel.com\/?post_type=product&#038;p=1341"},"modified":"2025-11-03T08:16:38","modified_gmt":"2025-11-03T08:16:38","slug":"wholesale-color-changing-gel-nail-polish","status":"publish","type":"product","link":"https:\/\/www.fsyougel.com\/es\/producto\/wholesale-color-changing-gel-nail-polish\/","title":{"rendered":"Esmalte de u\u00f1as gel con cambio de color al por mayor, esmalte gel termotransformable sin TPO, 24 colores"},"content":{"rendered":"<div class=\"wp-block-columns is-layout-flex wp-container-core-columns-is-layout-9d6595d7 wp-block-columns-is-layout-flex\">\n<div class=\"wp-block-column is-layout-flow wp-block-column-is-layout-flow\">\n<h2 class=\"wp-block-heading\">Esmalte de u\u00f1as gel con cambio de color al por mayor Caracter\u00edsticas:<\/h2>\n\n\n\n<p>Experimenta la transformaci\u00f3n activada por la temperatura con nuestro <strong>Esmalte de u\u00f1as gel con cambio de color al por mayor<\/strong>, dise\u00f1ado para salones profesionales, distribuidores y marcas OEM. Esta innovadora f\u00f3rmula reacciona al calor y al fr\u00edo, ofreciendo una belleza duradera y una protecci\u00f3n superior.<\/p>\n\n\n\n<ul class=\"wp-block-list\">\n<li><strong>F\u00f3rmula termorreactiva:<\/strong> Observa c\u00f3mo cambian de color tus u\u00f1as con los cambios de temperatura.<strong>FR\u00cdO: menos de 28 \u00b0C<\/strong> muestra tonos profundos y ricos; <strong>CALOR: por encima de 28 \u00b0C<\/strong> revela tonos brillantes y transl\u00facidos.<\/li>\n\n\n\n<li><strong>24 colores din\u00e1micos:<\/strong> Una colecci\u00f3n vers\u00e1til para artistas de las u\u00f1as, que ofrece infinitas posibilidades creativas y efectos degradados.<\/li>\n\n\n\n<li><strong>Sin HEMA y sin TPO:<\/strong> Suave, seguro para la piel e ideal para clientes sensibles, garantiza una aplicaci\u00f3n segura y c\u00f3moda.<\/li>\n\n\n\n<li><strong>Larga duraci\u00f3n y alto brillo (m\u00e1s de 30 d\u00edas):<\/strong> La avanzada tecnolog\u00eda de resina garantiza colores vivos y un brillo especular que dura hasta un mes sin desvanecerse.<\/li>\n\n\n\n<li><strong>Protecci\u00f3n triple:<\/strong><br><strong>A prueba de manchas:<\/strong> Mantiene las u\u00f1as limpias y libres de absorci\u00f3n de color.<br><strong>Resistente al aceite:<\/strong> Resistente a bol\u00edgrafos de tinta oleosa y al remojo en aceite.<br><strong>Resistente al agua:<\/strong> Resiste el agua jabonosa y el lavado diario sin perder brillo.<\/li>\n\n\n\n<li><strong>Aplicaci\u00f3n suave y autonivelante:<\/strong> F\u00e1cil de extender, no forma burbujas y es compatible con todas las l\u00e1mparas UV\/LED.<\/li>\n\n\n\n<li><strong>Personalizaci\u00f3n OEM\/ODM:<\/strong> Como profesional <strong>Esmalte de u\u00f1as gel con cambio de color al por mayor<\/strong> Como proveedor, ofrecemos dise\u00f1o de marca privada, personalizaci\u00f3n de envases y cantidades m\u00ednimas de pedido flexibles para el crecimiento de su marca.<\/li>\n<\/ul>\n<\/div>\n\n\n\n<div class=\"wp-block-column is-layout-flow wp-block-column-is-layout-flow\">\n<figure class=\"wp-block-image size-full\"><img decoding=\"async\" width=\"1500\" height=\"1500\" src=\"https:\/\/www.fsyougel.com\/wp-content\/uploads\/2025\/11\/wholeslae-color-changing-gel-nail-polish-24-colors-3.webp\" alt=\"Esmalte de u\u00f1as gel con cambio de color al por mayor - 24 colores (3)\" class=\"wp-image-1345\" srcset=\"https:\/\/www.fsyougel.com\/wp-content\/uploads\/2025\/11\/wholeslae-color-changing-gel-nail-polish-24-colors-3.webp 1500w, https:\/\/www.fsyougel.com\/wp-content\/uploads\/2025\/11\/wholeslae-color-changing-gel-nail-polish-24-colors-3-300x300.webp 300w, https:\/\/www.fsyougel.com\/wp-content\/uploads\/2025\/11\/wholeslae-color-changing-gel-nail-polish-24-colors-3-150x150.webp 150w, https:\/\/www.fsyougel.com\/wp-content\/uploads\/2025\/11\/wholeslae-color-changing-gel-nail-polish-24-colors-3-768x768.webp 768w, https:\/\/www.fsyougel.com\/wp-content\/uploads\/2025\/11\/wholeslae-color-changing-gel-nail-polish-24-colors-3-12x12.webp 12w, https:\/\/www.fsyougel.com\/wp-content\/uploads\/2025\/11\/wholeslae-color-changing-gel-nail-polish-24-colors-3-1200x1200.webp 1200w, https:\/\/www.fsyougel.com\/wp-content\/uploads\/2025\/11\/wholeslae-color-changing-gel-nail-polish-24-colors-3-600x600.webp 600w, https:\/\/www.fsyougel.com\/wp-content\/uploads\/2025\/11\/wholeslae-color-changing-gel-nail-polish-24-colors-3-100x100.webp 100w\" sizes=\"(max-width: 1500px) 100vw, 1500px\" \/><\/figure>\n<\/div>\n<\/div>\n\n\n\n<div class=\"wp-block-columns is-layout-flex wp-container-core-columns-is-layout-9d6595d7 wp-block-columns-is-layout-flex\">\n<div class=\"wp-block-column is-layout-flow wp-block-column-is-layout-flow\">\n<figure class=\"wp-block-image size-full\"><img decoding=\"async\" width=\"1425\" height=\"1900\" src=\"https:\/\/www.fsyougel.com\/wp-content\/uploads\/2025\/11\/color-changing-gel-nail-polish-manufacturer-yougel.webp\" alt=\"Fabricante de esmaltes de u\u00f1as en gel que cambian de color - yougel\" class=\"wp-image-1343\" srcset=\"https:\/\/www.fsyougel.com\/wp-content\/uploads\/2025\/11\/color-changing-gel-nail-polish-manufacturer-yougel.webp 1425w, https:\/\/www.fsyougel.com\/wp-content\/uploads\/2025\/11\/color-changing-gel-nail-polish-manufacturer-yougel-225x300.webp 225w, https:\/\/www.fsyougel.com\/wp-content\/uploads\/2025\/11\/color-changing-gel-nail-polish-manufacturer-yougel-768x1024.webp 768w, https:\/\/www.fsyougel.com\/wp-content\/uploads\/2025\/11\/color-changing-gel-nail-polish-manufacturer-yougel-9x12.webp 9w, https:\/\/www.fsyougel.com\/wp-content\/uploads\/2025\/11\/color-changing-gel-nail-polish-manufacturer-yougel-1200x1600.webp 1200w, https:\/\/www.fsyougel.com\/wp-content\/uploads\/2025\/11\/color-changing-gel-nail-polish-manufacturer-yougel-600x800.webp 600w\" sizes=\"(max-width: 1425px) 100vw, 1425px\" \/><\/figure>\n<\/div>\n\n\n\n<div class=\"wp-block-column is-layout-flow wp-block-column-is-layout-flow\">\n<figure class=\"wp-block-image size-full\"><img decoding=\"async\" width=\"1500\" height=\"2000\" src=\"https:\/\/www.fsyougel.com\/wp-content\/uploads\/2025\/11\/color-changing-gel-nail-polish-manufacturer-yougel-2.webp\" alt=\"Fabricante de esmaltes de u\u00f1as en gel que cambian de color - yougel (2)\" class=\"wp-image-1342\" srcset=\"https:\/\/www.fsyougel.com\/wp-content\/uploads\/2025\/11\/color-changing-gel-nail-polish-manufacturer-yougel-2.webp 1500w, https:\/\/www.fsyougel.com\/wp-content\/uploads\/2025\/11\/color-changing-gel-nail-polish-manufacturer-yougel-2-225x300.webp 225w, https:\/\/www.fsyougel.com\/wp-content\/uploads\/2025\/11\/color-changing-gel-nail-polish-manufacturer-yougel-2-768x1024.webp 768w, https:\/\/www.fsyougel.com\/wp-content\/uploads\/2025\/11\/color-changing-gel-nail-polish-manufacturer-yougel-2-9x12.webp 9w, https:\/\/www.fsyougel.com\/wp-content\/uploads\/2025\/11\/color-changing-gel-nail-polish-manufacturer-yougel-2-1200x1600.webp 1200w, https:\/\/www.fsyougel.com\/wp-content\/uploads\/2025\/11\/color-changing-gel-nail-polish-manufacturer-yougel-2-600x800.webp 600w\" sizes=\"(max-width: 1500px) 100vw, 1500px\" \/><\/figure>\n<\/div>\n<\/div>\n\n\n\n<p><\/p>","protected":false},"excerpt":{"rendered":"<p data-start=\"398\" data-end=\"682\">Bienvenido a nuestro esmalte de u\u00f1as gel con cambio de color al por mayor, una f\u00f3rmula t\u00e9rmica sin HEMA ni TPO que reacciona por debajo y por encima de los 28 \u00b0C. Duraci\u00f3n de m\u00e1s de 30 d\u00edas, resistente a las manchas, al aceite y al agua. Precios de f\u00e1brica, soporte OEM\/ODM y muestras gratuitas disponibles.<\/p>\n<table border=\"0\" width=\"854\" cellspacing=\"0\" cellpadding=\"0\">\n<tbody>\n<tr>\n<td class=\"et3\" width=\"257\" height=\"44\">Marca<\/td>\n<td class=\"et3\" width=\"597\">YouGel<\/td>\n<\/tr>\n<tr>\n<td class=\"et4\" width=\"257\" height=\"44\">N\u00famero de modelo<\/td>\n<td class=\"et4\" width=\"597\">S202<\/td>\n<\/tr>\n<tr>\n<td class=\"et4\" width=\"257\" height=\"44\">Tipo de producto<\/td>\n<td class=\"et4\" width=\"597\">Esmalte en gel UV\/LED remojable<\/td>\n<\/tr>\n<tr>\n<td class=\"et4\" width=\"257\" height=\"44\">Material<\/td>\n<td class=\"et4\" width=\"597\">Resina<\/td>\n<\/tr>\n<tr>\n<td class=\"et4\" width=\"257\" height=\"44\">Color<\/td>\n<td class=\"et4\" width=\"597\">24 Colores<\/td>\n<\/tr>\n<tr>\n<td class=\"et4\" width=\"257\" height=\"44\">Volumen<\/td>\n<td class=\"et4\" width=\"597\">8 ml<\/td>\n<\/tr>\n<tr>\n<td class=\"et4\" width=\"257\" height=\"44\">Seguridad<\/td>\n<td class=\"et4\" width=\"597\">Sin HEMA, sin TPO, no t\u00f3xico, MSDS disponible<\/td>\n<\/tr>\n<tr>\n<td class=\"et4\" width=\"257\" height=\"44\">MOQ<\/td>\n<td class=\"et4\" width=\"597\">MOQ bajo<\/td>\n<\/tr>\n<tr>\n<td class=\"et4\" width=\"257\" height=\"44\">Muestra gratuita<\/td>\n<td class=\"et4\" width=\"597\">Disponible<\/td>\n<\/tr>\n<tr>\n<td class=\"et4\" width=\"257\" height=\"82\">Opci\u00f3n personalizada<\/td>\n<td class=\"et4\" width=\"597\">Servicios OEM\/ODM, logotipos, etiquetas y embalajes personalizados<\/td>\n<\/tr>\n<\/tbody>\n<\/table>\n<h2 class=\"brxe-heading\">Del fabricante del esmalte en gel<\/h2>\n<p><a href=\"https:\/\/www.fsyougel.com\/es\/\"><strong>YouGel<\/strong><\/a> es un fabricante de esmaltes de gel de confianza que ofrece bases de gel de alta calidad adecuadas para u\u00f1as UV\/LED. Nuestros productos est\u00e1n dise\u00f1ados para garantizar una aplicaci\u00f3n suave, una larga duraci\u00f3n y un f\u00e1cil secado.<\/p>","protected":false},"featured_media":1344,"comment_status":"closed","ping_status":"closed","template":"","meta":{"_acf_changed":false},"product_brand":[],"product_cat":[19],"product_tag":[],"class_list":{"0":"post-1341","1":"product","2":"type-product","3":"status-publish","4":"has-post-thumbnail","6":"product_cat-gel-polish-color-wholesale","8":"first","9":"instock","10":"shipping-taxable","11":"product-type-simple"},"acf":[],"_links":{"self":[{"href":"https:\/\/www.fsyougel.com\/es\/wp-json\/wp\/v2\/product\/1341","targetHints":{"allow":["GET"]}}],"collection":[{"href":"https:\/\/www.fsyougel.com\/es\/wp-json\/wp\/v2\/product"}],"about":[{"href":"https:\/\/www.fsyougel.com\/es\/wp-json\/wp\/v2\/types\/product"}],"replies":[{"embeddable":true,"href":"https:\/\/www.fsyougel.com\/es\/wp-json\/wp\/v2\/comments?post=1341"}],"wp:featuredmedia":[{"embeddable":true,"href":"https:\/\/www.fsyougel.com\/es\/wp-json\/wp\/v2\/media\/1344"}],"wp:attachment":[{"href":"https:\/\/www.fsyougel.com\/es\/wp-json\/wp\/v2\/media?parent=1341"}],"wp:term":[{"taxonomy":"product_brand","embeddable":true,"href":"https:\/\/www.fsyougel.com\/es\/wp-json\/wp\/v2\/product_brand?post=1341"},{"taxonomy":"product_cat","embeddable":true,"href":"https:\/\/www.fsyougel.com\/es\/wp-json\/wp\/v2\/product_cat?post=1341"},{"taxonomy":"product_tag","embeddable":true,"href":"https:\/\/www.fsyougel.com\/es\/wp-json\/wp\/v2\/product_tag?post=1341"}],"curies":[{"name":"wp","href":"https:\/\/api.w.org\/{rel}","templated":true}]}}