{"id":1352,"date":"2025-11-03T08:44:58","date_gmt":"2025-11-03T08:44:58","guid":{"rendered":"https:\/\/www.fsyougel.com\/?post_type=product&#038;p=1352"},"modified":"2025-11-03T09:13:39","modified_gmt":"2025-11-03T09:13:39","slug":"china-3d-texture-gel-nail-supplier","status":"publish","type":"product","link":"https:\/\/www.fsyougel.com\/es\/producto\/china-3d-texture-gel-nail-supplier\/","title":{"rendered":"Proveedor chino de gel texturizado 3D para u\u00f1as, gel escultural 3D sin necesidad de limpiar para nail art"},"content":{"rendered":"<div class=\"wp-block-columns is-layout-flex wp-container-core-columns-is-layout-9d6595d7 wp-block-columns-is-layout-flex\">\n<div class=\"wp-block-column is-layout-flow wp-block-column-is-layout-flow\">\n<h2 class=\"wp-block-heading\">Caracter\u00edsticas del gel para u\u00f1as con textura 3D personalizada:<\/h2>\n\n\n\n<ul class=\"wp-block-list\">\n<li><strong>Gran plasticidad para el modelado 3D:<\/strong> Ideal para crear texturas onduladas, efectos en relieve y diversos dise\u00f1os tridimensionales de nail art.<\/li>\n\n\n\n<li><strong>Aplicaci\u00f3n de polvo cromado y frotado:<\/strong> Aplica polvo cromado o polvo m\u00e1gico para espejos despu\u00e9s del curado para obtener un brillo mejorado y un impresionante resplandor met\u00e1lico.<\/li>\n\n\n\n<li><strong>Excelente adhesi\u00f3n del polvo:<\/strong> Dise\u00f1ado para ofrecer una adherencia superior: se adhiere f\u00e1cilmente a polvos, l\u00e1minas y accesorios para u\u00f1as sin despegarse.<\/li>\n\n\n\n<li><strong>F\u00f3rmula duradera y sin necesidad de limpiar:<\/strong> Ahorra tiempo a los t\u00e9cnicos de u\u00f1as y proporciona una cobertura firme y duradera que resiste las grietas y el descascarillado.<\/li>\n\n\n\n<li><strong>Fuerte compatibilidad:<\/strong> Perfecto para aplicar polvos, cristales y piezas decorativas, lo que lo convierte en una opci\u00f3n vers\u00e1til para los salones de manicura profesionales.<\/li>\n\n\n\n<li><strong>Sin HEMA y sin TPO:<\/strong> Seguro para clientes sensibles, garantizando comodidad y fiabilidad para un uso prolongado.<\/li>\n\n\n\n<li><strong>Servicio OEM\/ODM:<\/strong> Como experto <strong>Proveedor chino de geles para u\u00f1as con textura 3D<\/strong>, Ofrecemos personalizaci\u00f3n de colores, envases con marca privada y cantidades m\u00ednimas de pedido flexibles a precios competitivos directos de f\u00e1brica.<\/li>\n<\/ul>\n<\/div>\n\n\n\n<div class=\"wp-block-column is-layout-flow wp-block-column-is-layout-flow\">\n<figure class=\"wp-block-image size-full\"><img decoding=\"async\" width=\"1170\" height=\"1308\" src=\"https:\/\/www.fsyougel.com\/wp-content\/uploads\/2025\/11\/Bulk-No-Wipe-3D-Sculpting-Gel-for-Nail-Art-1.webp\" alt=\"Gel esculpidor 3D sin necesidad de limpiar para nail art (1)\" class=\"wp-image-1353\" srcset=\"https:\/\/www.fsyougel.com\/wp-content\/uploads\/2025\/11\/Bulk-No-Wipe-3D-Sculpting-Gel-for-Nail-Art-1.webp 1170w, https:\/\/www.fsyougel.com\/wp-content\/uploads\/2025\/11\/Bulk-No-Wipe-3D-Sculpting-Gel-for-Nail-Art-1-268x300.webp 268w, https:\/\/www.fsyougel.com\/wp-content\/uploads\/2025\/11\/Bulk-No-Wipe-3D-Sculpting-Gel-for-Nail-Art-1-768x859.webp 768w, https:\/\/www.fsyougel.com\/wp-content\/uploads\/2025\/11\/Bulk-No-Wipe-3D-Sculpting-Gel-for-Nail-Art-1-11x12.webp 11w, https:\/\/www.fsyougel.com\/wp-content\/uploads\/2025\/11\/Bulk-No-Wipe-3D-Sculpting-Gel-for-Nail-Art-1-600x671.webp 600w\" sizes=\"(max-width: 1170px) 100vw, 1170px\" \/><\/figure>\n<\/div>\n<\/div>\n\n\n\n<p>Como profesional <strong>Proveedor chino de geles para u\u00f1as con textura 3D<\/strong>, Ofrecemos geles para esculpir en 3D de primera calidad, dise\u00f1ados para artistas creativos de u\u00f1as y marcas de u\u00f1as OEM\/ODM. Este innovador gel ofrece una excelente plasticidad, una textura suave y una fuerte adhesi\u00f3n al polvo, lo que lo hace perfecto para crear efectos 3D intrincados y acabados espejo.<\/p>\n\n\n\n<div class=\"wp-block-columns is-layout-flex wp-container-core-columns-is-layout-9d6595d7 wp-block-columns-is-layout-flex\">\n<div class=\"wp-block-column is-layout-flow wp-block-column-is-layout-flow\">\n<figure class=\"wp-block-image size-full\"><img decoding=\"async\" width=\"1353\" height=\"1805\" src=\"https:\/\/www.fsyougel.com\/wp-content\/uploads\/2025\/11\/Bulk-No-Wipe-3D-Sculpting-Gel-for-Nail-Art-4.webp\" alt=\"Gel esculpidor 3D sin necesidad de limpiar para nail art (4)\" class=\"wp-image-1356\" srcset=\"https:\/\/www.fsyougel.com\/wp-content\/uploads\/2025\/11\/Bulk-No-Wipe-3D-Sculpting-Gel-for-Nail-Art-4.webp 1353w, https:\/\/www.fsyougel.com\/wp-content\/uploads\/2025\/11\/Bulk-No-Wipe-3D-Sculpting-Gel-for-Nail-Art-4-225x300.webp 225w, https:\/\/www.fsyougel.com\/wp-content\/uploads\/2025\/11\/Bulk-No-Wipe-3D-Sculpting-Gel-for-Nail-Art-4-768x1025.webp 768w, https:\/\/www.fsyougel.com\/wp-content\/uploads\/2025\/11\/Bulk-No-Wipe-3D-Sculpting-Gel-for-Nail-Art-4-9x12.webp 9w, https:\/\/www.fsyougel.com\/wp-content\/uploads\/2025\/11\/Bulk-No-Wipe-3D-Sculpting-Gel-for-Nail-Art-4-1200x1601.webp 1200w, https:\/\/www.fsyougel.com\/wp-content\/uploads\/2025\/11\/Bulk-No-Wipe-3D-Sculpting-Gel-for-Nail-Art-4-600x800.webp 600w\" sizes=\"(max-width: 1353px) 100vw, 1353px\" \/><\/figure>\n<\/div>\n\n\n\n<div class=\"wp-block-column is-layout-flow wp-block-column-is-layout-flow\">\n<figure class=\"wp-block-image size-full\"><img decoding=\"async\" width=\"1390\" height=\"1853\" src=\"https:\/\/www.fsyougel.com\/wp-content\/uploads\/2025\/11\/Bulk-No-Wipe-3D-Sculpting-Gel-for-Nail-Art-5.webp\" alt=\"Gel escult\u00f3rico 3D sin necesidad de limpiar para nail art (5)\" class=\"wp-image-1357\" srcset=\"https:\/\/www.fsyougel.com\/wp-content\/uploads\/2025\/11\/Bulk-No-Wipe-3D-Sculpting-Gel-for-Nail-Art-5.webp 1390w, https:\/\/www.fsyougel.com\/wp-content\/uploads\/2025\/11\/Bulk-No-Wipe-3D-Sculpting-Gel-for-Nail-Art-5-225x300.webp 225w, https:\/\/www.fsyougel.com\/wp-content\/uploads\/2025\/11\/Bulk-No-Wipe-3D-Sculpting-Gel-for-Nail-Art-5-768x1024.webp 768w, https:\/\/www.fsyougel.com\/wp-content\/uploads\/2025\/11\/Bulk-No-Wipe-3D-Sculpting-Gel-for-Nail-Art-5-9x12.webp 9w, https:\/\/www.fsyougel.com\/wp-content\/uploads\/2025\/11\/Bulk-No-Wipe-3D-Sculpting-Gel-for-Nail-Art-5-1200x1600.webp 1200w, https:\/\/www.fsyougel.com\/wp-content\/uploads\/2025\/11\/Bulk-No-Wipe-3D-Sculpting-Gel-for-Nail-Art-5-600x800.webp 600w\" sizes=\"(max-width: 1390px) 100vw, 1390px\" \/><\/figure>\n<\/div>\n<\/div>","protected":false},"excerpt":{"rendered":"<p>Bienvenido a nuestro proveedor chino de geles texturizados 3D para u\u00f1as, que ofrece geles para modelado sin HEMA ni TPO y sin necesidad de limpieza para el arte profesional de u\u00f1as 3D. Disfrute de una fuerte adhesi\u00f3n, efectos de polvo espejo, precios al por mayor de f\u00e1brica, personalizaci\u00f3n OEM y muestras gratuitas.<\/p>\n<table border=\"0\" width=\"854\" cellspacing=\"0\" cellpadding=\"0\">\n<tbody>\n<tr>\n<td width=\"257\" height=\"44\">Marca<\/td>\n<td width=\"597\">YouGel<\/td>\n<\/tr>\n<tr>\n<td width=\"257\" height=\"44\">N\u00famero de modelo<\/td>\n<td width=\"597\">MP01<\/td>\n<\/tr>\n<tr>\n<td width=\"257\" height=\"44\">Tipo de producto<\/td>\n<td width=\"597\">Esmalte en gel UV\/LED remojable<\/td>\n<\/tr>\n<tr>\n<td width=\"257\" height=\"44\">Material<\/td>\n<td width=\"597\">Resina<\/td>\n<\/tr>\n<tr>\n<td width=\"257\" height=\"44\">Color<\/td>\n<td width=\"597\">Claro<\/td>\n<\/tr>\n<tr>\n<td width=\"257\" height=\"44\">Volumen<\/td>\n<td width=\"597\">15 g<\/td>\n<\/tr>\n<tr>\n<td width=\"257\" height=\"44\">Seguridad<\/td>\n<td width=\"597\">Sin HEMA, sin TPO, no t\u00f3xico, MSDS disponible<\/td>\n<\/tr>\n<tr>\n<td width=\"257\" height=\"44\">MOQ<\/td>\n<td width=\"597\">MOQ bajo<\/td>\n<\/tr>\n<tr>\n<td width=\"257\" height=\"44\">Muestra gratuita<\/td>\n<td width=\"597\">Disponible<\/td>\n<\/tr>\n<tr>\n<td width=\"257\" height=\"82\">Opci\u00f3n personalizada<\/td>\n<td width=\"597\">Servicios OEM\/ODM, logotipos, etiquetas y embalajes personalizados<\/td>\n<\/tr>\n<\/tbody>\n<\/table>\n<h3 class=\"brxe-heading\">Del fabricante de esmalte de gel para u\u00f1as<\/h3>\n<p><a href=\"https:\/\/www.fsyougel.com\/es\/\"><strong>YouGel<\/strong><\/a> es un fabricante de esmaltes de u\u00f1as de gel de alta tecnolog\u00eda que ofrece <a href=\"https:\/\/www.fsyougel.com\/es\/wholesale-gel-polish\/\"><strong>venta al por mayor<\/strong><\/a>, <a href=\"https:\/\/www.fsyougel.com\/es\/private-label-gel-polish\/\"><strong>marca blanca<\/strong><\/a>y<a href=\"https:\/\/www.fsyougel.com\/es\/custom-gel-polish\/\"><strong> Servicios OEM\/ODM<\/strong><\/a>. Elija entre <strong>M\u00e1s de 10.000 colores sin HEMA, sin TPO, veganos y sin crueldad<\/strong> Dise\u00f1ado para una aplicaci\u00f3n suave, larga duraci\u00f3n y f\u00e1cil absorci\u00f3n.<\/p>","protected":false},"featured_media":1359,"comment_status":"closed","ping_status":"closed","template":"","meta":{"_acf_changed":false},"product_brand":[],"product_cat":[24],"product_tag":[],"class_list":{"0":"post-1352","1":"product","2":"type-product","3":"status-publish","4":"has-post-thumbnail","6":"product_cat-wholesale-nail-art-gel","8":"first","9":"instock","10":"shipping-taxable","11":"product-type-simple"},"acf":[],"_links":{"self":[{"href":"https:\/\/www.fsyougel.com\/es\/wp-json\/wp\/v2\/product\/1352","targetHints":{"allow":["GET"]}}],"collection":[{"href":"https:\/\/www.fsyougel.com\/es\/wp-json\/wp\/v2\/product"}],"about":[{"href":"https:\/\/www.fsyougel.com\/es\/wp-json\/wp\/v2\/types\/product"}],"replies":[{"embeddable":true,"href":"https:\/\/www.fsyougel.com\/es\/wp-json\/wp\/v2\/comments?post=1352"}],"wp:featuredmedia":[{"embeddable":true,"href":"https:\/\/www.fsyougel.com\/es\/wp-json\/wp\/v2\/media\/1359"}],"wp:attachment":[{"href":"https:\/\/www.fsyougel.com\/es\/wp-json\/wp\/v2\/media?parent=1352"}],"wp:term":[{"taxonomy":"product_brand","embeddable":true,"href":"https:\/\/www.fsyougel.com\/es\/wp-json\/wp\/v2\/product_brand?post=1352"},{"taxonomy":"product_cat","embeddable":true,"href":"https:\/\/www.fsyougel.com\/es\/wp-json\/wp\/v2\/product_cat?post=1352"},{"taxonomy":"product_tag","embeddable":true,"href":"https:\/\/www.fsyougel.com\/es\/wp-json\/wp\/v2\/product_tag?post=1352"}],"curies":[{"name":"wp","href":"https:\/\/api.w.org\/{rel}","templated":true}]}}