{"id":1364,"date":"2025-11-03T09:26:01","date_gmt":"2025-11-03T09:26:01","guid":{"rendered":"https:\/\/www.fsyougel.com\/?post_type=product&#038;p=1364"},"modified":"2025-11-03T09:44:30","modified_gmt":"2025-11-03T09:44:30","slug":"bulk-gel-nail-polish-colors","status":"publish","type":"product","link":"https:\/\/www.fsyougel.com\/es\/producto\/bulk-gel-nail-polish-colors\/","title":{"rendered":"Esmaltes de u\u00f1as en gel a granel, botellas de esmalte en gel sin TPO al por mayor, m\u00e1s de 5000 colores."},"content":{"rendered":"<div class=\"wp-block-columns is-layout-flex wp-container-core-columns-is-layout-9d6595d7 wp-block-columns-is-layout-flex\">\n<div class=\"wp-block-column is-layout-flow wp-block-column-is-layout-flow\">\n<h2 class=\"wp-block-heading\">Esmalte de u\u00f1as en gel a granel al por mayor Caracter\u00edsticas:<\/h2>\n\n\n\n<ul class=\"wp-block-list\">\n<li><strong>F\u00f3rmula UV\/LED Soak-Off<\/strong>: Compatible con todas las l\u00e1mparas UV y LED, f\u00e1cil de retirar con m\u00e9todos de remojo sin da\u00f1ar las u\u00f1as.<\/li>\n\n\n\n<li><strong>Colecci\u00f3n de colores masiva:<\/strong> M\u00e1s de <strong>M\u00e1s de 5000 colores disponibles<\/strong>, ofreciendo infinitas opciones para dise\u00f1os creativos de u\u00f1as y tendencias de temporada.<\/li>\n\n\n\n<li><strong>Embalaje a granel para profesionales:<\/strong> Ideal para distribuidores mayoristas, salones de manicura y personalizaci\u00f3n OEM\/ODM con precios de f\u00e1brica competitivos.<\/li>\n\n\n\n<li><strong>Sin HEMA y sin TPO:<\/strong> Seguro para u\u00f1as y pieles sensibles, garantiza una aplicaci\u00f3n c\u00f3moda y sin irritaciones para los clientes.<\/li>\n\n\n\n<li><strong>Aplicaci\u00f3n suave y brillo duradero:<\/strong> Proporciona una cobertura uniforme, un alto brillo y una durabilidad resistente a las astillas para obtener resultados profesionales.<\/li>\n\n\n\n<li><strong>Personalizaci\u00f3n OEM\/ODM:<\/strong> Como proveedor de confianza de <strong>Colores de esmaltes de u\u00f1as en gel a granel<\/strong>, Ofrecemos envases con marca privada, combinaci\u00f3n de colores y cantidades m\u00ednimas de pedido flexibles para apoyar el crecimiento de su marca.<\/li>\n<\/ul>\n<\/div>\n\n\n\n<div class=\"wp-block-column is-layout-flow wp-block-column-is-layout-flow\">\n<figure class=\"wp-block-image size-full\"><img decoding=\"async\" width=\"1500\" height=\"1500\" src=\"https:\/\/www.fsyougel.com\/wp-content\/uploads\/2025\/11\/Bulk-Gel-Nail-Polish-Colors-TPO-Free-Wholesale-2.webp\" alt=\"Esmaltes de u\u00f1as en gel a granel, sin TPO, venta al por mayor (2)\" class=\"wp-image-1366\" srcset=\"https:\/\/www.fsyougel.com\/wp-content\/uploads\/2025\/11\/Bulk-Gel-Nail-Polish-Colors-TPO-Free-Wholesale-2.webp 1500w, https:\/\/www.fsyougel.com\/wp-content\/uploads\/2025\/11\/Bulk-Gel-Nail-Polish-Colors-TPO-Free-Wholesale-2-300x300.webp 300w, https:\/\/www.fsyougel.com\/wp-content\/uploads\/2025\/11\/Bulk-Gel-Nail-Polish-Colors-TPO-Free-Wholesale-2-150x150.webp 150w, https:\/\/www.fsyougel.com\/wp-content\/uploads\/2025\/11\/Bulk-Gel-Nail-Polish-Colors-TPO-Free-Wholesale-2-768x768.webp 768w, https:\/\/www.fsyougel.com\/wp-content\/uploads\/2025\/11\/Bulk-Gel-Nail-Polish-Colors-TPO-Free-Wholesale-2-12x12.webp 12w, https:\/\/www.fsyougel.com\/wp-content\/uploads\/2025\/11\/Bulk-Gel-Nail-Polish-Colors-TPO-Free-Wholesale-2-1200x1200.webp 1200w, https:\/\/www.fsyougel.com\/wp-content\/uploads\/2025\/11\/Bulk-Gel-Nail-Polish-Colors-TPO-Free-Wholesale-2-600x600.webp 600w, https:\/\/www.fsyougel.com\/wp-content\/uploads\/2025\/11\/Bulk-Gel-Nail-Polish-Colors-TPO-Free-Wholesale-2-100x100.webp 100w\" sizes=\"(max-width: 1500px) 100vw, 1500px\" \/><\/figure>\n<\/div>\n<\/div>\n\n\n\n<p>Ampl\u00ede la oferta de su marca de productos para u\u00f1as con nuestros esmaltes de gel a granel, dise\u00f1ados para salones profesionales, distribuidores y marcas OEM\/ODM. Disponibles en una amplia gama de colores, estos geles de alta calidad se aplican con suavidad, son duraderos y proporcionan un acabado profesional.<\/p>","protected":false},"excerpt":{"rendered":"<p data-start=\"398\" data-end=\"682\">Bienvenido a nuestra gama de esmaltes de u\u00f1as en gel a granel, sin HEMA ni TPO, compatibles con UV\/LED, con m\u00e1s de 5000 tonos vibrantes. Precios al por mayor de f\u00e1brica, asistencia OEM\/ODM y muestras gratuitas disponibles para salones y distribuidores.<\/p>\n<table border=\"0\" width=\"854\" cellspacing=\"0\" cellpadding=\"0\">\n<tbody>\n<tr>\n<td class=\"et3\" width=\"257\" height=\"44\">Marca<\/td>\n<td class=\"et3\" width=\"597\">YouGel<\/td>\n<\/tr>\n<tr>\n<td class=\"et4\" width=\"257\" height=\"44\">N\u00famero de modelo<\/td>\n<td class=\"et4\" width=\"597\">S202<\/td>\n<\/tr>\n<tr>\n<td class=\"et4\" width=\"257\" height=\"44\">Tipo de producto<\/td>\n<td class=\"et4\" width=\"597\">Esmalte en gel UV\/LED remojable<\/td>\n<\/tr>\n<tr>\n<td class=\"et4\" width=\"257\" height=\"44\">Material<\/td>\n<td class=\"et4\" width=\"597\">Resina<\/td>\n<\/tr>\n<tr>\n<td class=\"et4\" width=\"257\" height=\"44\">Color<\/td>\n<td class=\"et4\" width=\"597\">M\u00e1s de 5000 colores<\/td>\n<\/tr>\n<tr>\n<td class=\"et4\" width=\"257\" height=\"44\">Volumen<\/td>\n<td class=\"et4\" width=\"597\">1 kg\/5 kg\/20 kg<\/td>\n<\/tr>\n<tr>\n<td class=\"et4\" width=\"257\" height=\"44\">Seguridad<\/td>\n<td class=\"et4\" width=\"597\">Sin HEMA, sin TPO, no t\u00f3xico, MSDS disponible<\/td>\n<\/tr>\n<tr>\n<td class=\"et4\" width=\"257\" height=\"44\">MOQ<\/td>\n<td class=\"et4\" width=\"597\">MOQ bajo<\/td>\n<\/tr>\n<tr>\n<td class=\"et4\" width=\"257\" height=\"44\">Muestra gratuita<\/td>\n<td class=\"et4\" width=\"597\">Disponible<\/td>\n<\/tr>\n<tr>\n<td class=\"et4\" width=\"257\" height=\"82\">Opci\u00f3n personalizada<\/td>\n<td class=\"et4\" width=\"597\">Servicios OEM\/ODM, logotipos, etiquetas y embalajes personalizados<\/td>\n<\/tr>\n<\/tbody>\n<\/table>\n<h2 class=\"brxe-heading\">Del fabricante del esmalte en gel<\/h2>\n<p><a href=\"https:\/\/www.fsyougel.com\/es\/\"><strong>YouGel<\/strong><\/a> es un fabricante de esmaltes de gel de confianza que ofrece bases de gel de alta calidad adecuadas para u\u00f1as UV\/LED. Nuestros productos est\u00e1n dise\u00f1ados para garantizar una aplicaci\u00f3n suave, una larga duraci\u00f3n y un f\u00e1cil secado.<\/p>","protected":false},"featured_media":1367,"comment_status":"closed","ping_status":"closed","template":"","meta":{"_acf_changed":false},"product_brand":[],"product_cat":[19],"product_tag":[],"class_list":{"0":"post-1364","1":"product","2":"type-product","3":"status-publish","4":"has-post-thumbnail","6":"product_cat-gel-polish-color-wholesale","8":"first","9":"instock","10":"shipping-taxable","11":"product-type-simple"},"acf":[],"_links":{"self":[{"href":"https:\/\/www.fsyougel.com\/es\/wp-json\/wp\/v2\/product\/1364","targetHints":{"allow":["GET"]}}],"collection":[{"href":"https:\/\/www.fsyougel.com\/es\/wp-json\/wp\/v2\/product"}],"about":[{"href":"https:\/\/www.fsyougel.com\/es\/wp-json\/wp\/v2\/types\/product"}],"replies":[{"embeddable":true,"href":"https:\/\/www.fsyougel.com\/es\/wp-json\/wp\/v2\/comments?post=1364"}],"wp:featuredmedia":[{"embeddable":true,"href":"https:\/\/www.fsyougel.com\/es\/wp-json\/wp\/v2\/media\/1367"}],"wp:attachment":[{"href":"https:\/\/www.fsyougel.com\/es\/wp-json\/wp\/v2\/media?parent=1364"}],"wp:term":[{"taxonomy":"product_brand","embeddable":true,"href":"https:\/\/www.fsyougel.com\/es\/wp-json\/wp\/v2\/product_brand?post=1364"},{"taxonomy":"product_cat","embeddable":true,"href":"https:\/\/www.fsyougel.com\/es\/wp-json\/wp\/v2\/product_cat?post=1364"},{"taxonomy":"product_tag","embeddable":true,"href":"https:\/\/www.fsyougel.com\/es\/wp-json\/wp\/v2\/product_tag?post=1364"}],"curies":[{"name":"wp","href":"https:\/\/api.w.org\/{rel}","templated":true}]}}