{"id":1419,"date":"2025-11-21T06:42:21","date_gmt":"2025-11-21T06:42:21","guid":{"rendered":"https:\/\/www.fsyougel.com\/?post_type=product&#038;p=1419"},"modified":"2025-12-05T11:48:12","modified_gmt":"2025-12-05T11:48:12","slug":"bordeaux-diamond-gel-polish-wholesale","status":"publish","type":"product","link":"https:\/\/www.fsyougel.com\/es\/producto\/bordeaux-diamond-gel-polish-wholesale\/","title":{"rendered":"Venta al por mayor de esmaltes de u\u00f1as en gel Bordeaux Diamond, 12 colores. F\u00e1brica de esmaltes de u\u00f1as en gel sin TPO."},"content":{"rendered":"<div class=\"wp-block-columns is-layout-flex wp-container-core-columns-is-layout-9d6595d7 wp-block-columns-is-layout-flex\">\n<div class=\"wp-block-column is-layout-flow wp-block-column-is-layout-flow\">\n<h2 class=\"wp-block-heading\">Caracter\u00edsticas del esmalte de gel Bordeaux Diamond al por mayor:<\/h2>\n\n\n\n<ul class=\"wp-block-list\">\n<li><strong>Colecci\u00f3n Premium Bordeaux Diamond Shimmer:<\/strong> 12 tonos seleccionados inspirados en el vino tinto de Burdeos, con un delicado y lujoso brillo similar al de los diamantes que realza el arte de las u\u00f1as con una elegancia atemporal. Uno de los grupos de colores m\u00e1s populares dentro de la serie de esmaltes en gel Bordeaux Diamond.<\/li>\n\n\n\n<li><strong>F\u00f3rmula segura sin TPO:<\/strong> F\u00f3rmula ecol\u00f3gica sin TPO que reduce los olores molestos y garantiza la buena salud de las u\u00f1as, perfecta para clientes sensibles y para uso prolongado en salones de belleza.<\/li>\n\n\n\n<li><strong>Brillo duradero sin desconchones<\/strong>: Su f\u00f3rmula de alta adherencia y resistente al desgaste garantiza que el brillo del diamante persista durante m\u00e1s tiempo, proporcionando luminosidad y textura duraderas a las yemas de los dedos.<\/li>\n\n\n\n<li><strong>F\u00e1cil aplicaci\u00f3n con acabado suave: <\/strong>Su textura fina y uniforme evita la formaci\u00f3n de grumos y marcas de pincel. Las part\u00edculas de purpurina din\u00e1micas revelan efectos de luz multidimensionales bajo la iluminaci\u00f3n, realzando el dise\u00f1o general del nail art.<\/li>\n\n\n\n<li><strong>Soporte para personalizaci\u00f3n OEM\/ODM: <\/strong>Ofrecemos un servicio integral de personalizaci\u00f3n de logotipos, botellas, envases, etc., para permitir el r\u00e1pido desarrollo de l\u00edneas de productos diferenciadas para las marcas.<\/li>\n\n\n\n<li><strong>Ventaja del precio al por mayor de f\u00e1brica<\/strong>: Al ser propietarios de nuestras instalaciones de producci\u00f3n y contar con un control de costes estable, ofrecemos precios directos de f\u00e1brica a largo plazo para la venta al por mayor con el fin de mejorar la competitividad.<\/li>\n\n\n\n<li><strong>Pruebas gratuitas:<\/strong> Ofrecemos muestras gratuitas para que los compradores puedan realizar pruebas de color y calidad con el fin de realizar sus pedidos con confianza.<\/li>\n\n\n\n<li><strong>Env\u00edo r\u00e1pido y cadena de suministro global: <\/strong>Un inventario estable y plazos de entrega controlables satisfacen las necesidades de compra al por mayor de salones, distribuidores y marcas.<\/li>\n<\/ul>\n<\/div>\n\n\n\n<div class=\"wp-block-column is-layout-flow wp-block-column-is-layout-flow\">\n<figure class=\"wp-block-image size-full\"><img decoding=\"async\" width=\"1500\" height=\"1500\" src=\"https:\/\/www.fsyougel.com\/wp-content\/uploads\/2025\/11\/Bordeaux-Diamond-Gel-Polish-Wholesale-Manufacturer-5.webp\" alt=\"Fabricante mayorista de esmaltes de u\u00f1as Diamond Gel de Burdeos (5)\" class=\"wp-image-1424\" srcset=\"https:\/\/www.fsyougel.com\/wp-content\/uploads\/2025\/11\/Bordeaux-Diamond-Gel-Polish-Wholesale-Manufacturer-5.webp 1500w, https:\/\/www.fsyougel.com\/wp-content\/uploads\/2025\/11\/Bordeaux-Diamond-Gel-Polish-Wholesale-Manufacturer-5-300x300.webp 300w, https:\/\/www.fsyougel.com\/wp-content\/uploads\/2025\/11\/Bordeaux-Diamond-Gel-Polish-Wholesale-Manufacturer-5-150x150.webp 150w, https:\/\/www.fsyougel.com\/wp-content\/uploads\/2025\/11\/Bordeaux-Diamond-Gel-Polish-Wholesale-Manufacturer-5-768x768.webp 768w, https:\/\/www.fsyougel.com\/wp-content\/uploads\/2025\/11\/Bordeaux-Diamond-Gel-Polish-Wholesale-Manufacturer-5-12x12.webp 12w, https:\/\/www.fsyougel.com\/wp-content\/uploads\/2025\/11\/Bordeaux-Diamond-Gel-Polish-Wholesale-Manufacturer-5-1200x1200.webp 1200w, https:\/\/www.fsyougel.com\/wp-content\/uploads\/2025\/11\/Bordeaux-Diamond-Gel-Polish-Wholesale-Manufacturer-5-600x600.webp 600w, https:\/\/www.fsyougel.com\/wp-content\/uploads\/2025\/11\/Bordeaux-Diamond-Gel-Polish-Wholesale-Manufacturer-5-100x100.webp 100w\" sizes=\"(max-width: 1500px) 100vw, 1500px\" \/><\/figure>\n<\/div>\n<\/div>\n\n\n\n<p><\/p>","protected":false},"excerpt":{"rendered":"<p data-start=\"398\" data-end=\"682\">Bienvenido a comprar esmalte de gel diamante burdeos al por mayor con 12 colores, f\u00f3rmula sin TPO, ventajas de precios directos de f\u00e1brica y muestras gratuitas. Perfecto para salones de manicura y marcas privadas, ofrece calidad estable, brillo intenso y entrega r\u00e1pida.<\/p>\n<table border=\"0\" width=\"854\" cellspacing=\"0\" cellpadding=\"0\">\n<tbody>\n<tr>\n<td width=\"257\" height=\"44\">Marca<\/td>\n<td width=\"597\">YouGel<\/td>\n<\/tr>\n<tr>\n<td width=\"257\" height=\"44\">Tipo de producto<\/td>\n<td width=\"597\">Soak-Off UV\/LED<\/td>\n<\/tr>\n<tr>\n<td width=\"257\" height=\"44\">Material<\/td>\n<td width=\"597\">Resina<\/td>\n<\/tr>\n<tr>\n<td width=\"257\" height=\"44\">Color<\/td>\n<td width=\"597\">12 colores<\/td>\n<\/tr>\n<tr>\n<td width=\"257\" height=\"44\">Volumen<\/td>\n<td width=\"597\">15 ml<\/td>\n<\/tr>\n<tr>\n<td width=\"257\" height=\"82\">Seguridad<\/td>\n<td width=\"597\">Sin TPO, sin HEMA, no t\u00f3xico, MSDS disponible<\/td>\n<\/tr>\n<tr>\n<td width=\"257\" height=\"44\">MOQ<\/td>\n<td width=\"597\">MOQ bajo<\/td>\n<\/tr>\n<tr>\n<td width=\"257\" height=\"44\">Muestra gratuita<\/td>\n<td width=\"597\">Disponible<\/td>\n<\/tr>\n<tr>\n<td width=\"257\" height=\"82\">Opci\u00f3n personalizada<\/td>\n<td width=\"597\">Servicios OEM\/ODM, logotipos, etiquetas y embalajes personalizados<\/td>\n<\/tr>\n<\/tbody>\n<\/table>\n<h2 class=\"brxe-heading\">Del fabricante del esmalte en gel<\/h2>\n<p><a href=\"https:\/\/www.fsyougel.com\/es\/\"><strong>YouGel<\/strong><\/a> es un fabricante de esmaltes de gel de confianza que ofrece bases de gel de alta calidad adecuadas para u\u00f1as UV\/LED. Nuestros productos est\u00e1n dise\u00f1ados para garantizar una aplicaci\u00f3n suave, una larga duraci\u00f3n y un f\u00e1cil secado.<\/p>","protected":false},"featured_media":1452,"comment_status":"closed","ping_status":"closed","template":"","meta":{"_acf_changed":false},"product_brand":[],"product_cat":[19,27],"product_tag":[],"class_list":{"0":"post-1419","1":"product","2":"type-product","3":"status-publish","4":"has-post-thumbnail","6":"product_cat-gel-polish-color-wholesale","7":"product_cat-new-gel-polish-collection","9":"first","10":"instock","11":"shipping-taxable","12":"product-type-simple"},"acf":[],"_links":{"self":[{"href":"https:\/\/www.fsyougel.com\/es\/wp-json\/wp\/v2\/product\/1419","targetHints":{"allow":["GET"]}}],"collection":[{"href":"https:\/\/www.fsyougel.com\/es\/wp-json\/wp\/v2\/product"}],"about":[{"href":"https:\/\/www.fsyougel.com\/es\/wp-json\/wp\/v2\/types\/product"}],"replies":[{"embeddable":true,"href":"https:\/\/www.fsyougel.com\/es\/wp-json\/wp\/v2\/comments?post=1419"}],"wp:featuredmedia":[{"embeddable":true,"href":"https:\/\/www.fsyougel.com\/es\/wp-json\/wp\/v2\/media\/1452"}],"wp:attachment":[{"href":"https:\/\/www.fsyougel.com\/es\/wp-json\/wp\/v2\/media?parent=1419"}],"wp:term":[{"taxonomy":"product_brand","embeddable":true,"href":"https:\/\/www.fsyougel.com\/es\/wp-json\/wp\/v2\/product_brand?post=1419"},{"taxonomy":"product_cat","embeddable":true,"href":"https:\/\/www.fsyougel.com\/es\/wp-json\/wp\/v2\/product_cat?post=1419"},{"taxonomy":"product_tag","embeddable":true,"href":"https:\/\/www.fsyougel.com\/es\/wp-json\/wp\/v2\/product_tag?post=1419"}],"curies":[{"name":"wp","href":"https:\/\/api.w.org\/{rel}","templated":true}]}}