{"id":1426,"date":"2025-11-21T06:55:03","date_gmt":"2025-11-21T06:55:03","guid":{"rendered":"https:\/\/www.fsyougel.com\/?post_type=product&#038;p=1426"},"modified":"2025-11-21T07:51:38","modified_gmt":"2025-11-21T07:51:38","slug":"new-base-coat-nail-polish-manufacturer","status":"publish","type":"product","link":"https:\/\/www.fsyougel.com\/es\/producto\/new-base-coat-nail-polish-manufacturer\/","title":{"rendered":"Nuevo fabricante de esmaltes de u\u00f1as con base de dise\u00f1o, proveedor de esmaltes en gel sin TPO a granel."},"content":{"rendered":"<div class=\"wp-block-columns is-layout-flex wp-container-core-columns-is-layout-9d6595d7 wp-block-columns-is-layout-flex\">\n<div class=\"wp-block-column is-layout-flow wp-block-column-is-layout-flow\">\n<h2 class=\"wp-block-heading\">Caracter\u00edsticas del nuevo esmalte de u\u00f1as Base Coat:<\/h2>\n\n\n\n<ul class=\"wp-block-list\">\n<li><strong>Capacidades profesionales de fabricaci\u00f3n<\/strong>Como empresa con amplia experiencia en la fabricaci\u00f3n de esmaltes de u\u00f1as base, utilizamos f\u00f3rmulas estables y seguras sin TPO en la fabricaci\u00f3n de nuestras capas base, lo que garantiza una adhesi\u00f3n, flexibilidad y suavidad superiores. Esto facilita el reconocimiento de las marcas entre los consumidores finales.<\/li>\n\n\n\n<li><strong>Precios al por mayor de f\u00e1brica con mayor competitividad:<\/strong> Gracias a nuestro sistema de producci\u00f3n patentado, podemos ofrecer precios reales directos de f\u00e1brica, lo que permite a los compradores controlar mejor sus presupuestos. Somos un socio de confianza como fabricante de esmaltes de u\u00f1as de capa base.<\/li>\n\n\n\n<li><strong>Pruebas de muestras gratuitas disponibles:<\/strong> Solicite muestras gratuitas antes de realizar el pedido para que pueda comprobar la adherencia, la fluidez y la resistencia al desgaste y asegurarse de que se cumplen los est\u00e1ndares de su marca antes de realizar la compra.<\/li>\n\n\n\n<li><strong>Rendimiento de adhesi\u00f3n superior:<\/strong> Forma una pel\u00edcula uniforme y resistente que fija firmemente el esmalte de color para mejorar la durabilidad y minimizar el levantamiento y el desconchado.<\/li>\n\n\n\n<li><strong>Bajo olor para mayor tranquilidad:<\/strong> Formulado con ingredientes suaves y de bajo olor que proporcionan comodidad durante la aplicaci\u00f3n y reducen los olores fuertes, ideal para todos los salones de manicura y clientes de la marca.<\/li>\n\n\n\n<li><strong>Alta compatibilidad entre sistemas<\/strong>: Funciona a la perfecci\u00f3n con geles de extensi\u00f3n, geles cat-eye, geles con purpurina y geles de color s\u00f3lido para ayudar a una marca a crear un sistema completo de geles de color.<\/li>\n\n\n\n<li><strong>Admite personalizaci\u00f3n OEM\/ODM: <\/strong>Personalice las formas de las botellas, los logotipos, las cartas de colores y los dise\u00f1os de los envases. Se proporciona asistencia durante todo el proceso para mejorar la imagen de su marca.<\/li>\n<\/ul>\n<\/div>\n\n\n\n<div class=\"wp-block-column is-layout-flow wp-block-column-is-layout-flow\">\n<figure class=\"wp-block-image size-full\"><img decoding=\"async\" width=\"1500\" height=\"1500\" src=\"https:\/\/www.fsyougel.com\/wp-content\/uploads\/2025\/11\/New-Design-Base-Coat-Nail-Polish-Manufacturer-4.webp\" alt=\"Nuevo fabricante de esmaltes de u\u00f1as con base de dise\u00f1o (4)\" class=\"wp-image-1430\" srcset=\"https:\/\/www.fsyougel.com\/wp-content\/uploads\/2025\/11\/New-Design-Base-Coat-Nail-Polish-Manufacturer-4.webp 1500w, https:\/\/www.fsyougel.com\/wp-content\/uploads\/2025\/11\/New-Design-Base-Coat-Nail-Polish-Manufacturer-4-300x300.webp 300w, https:\/\/www.fsyougel.com\/wp-content\/uploads\/2025\/11\/New-Design-Base-Coat-Nail-Polish-Manufacturer-4-150x150.webp 150w, https:\/\/www.fsyougel.com\/wp-content\/uploads\/2025\/11\/New-Design-Base-Coat-Nail-Polish-Manufacturer-4-768x768.webp 768w, https:\/\/www.fsyougel.com\/wp-content\/uploads\/2025\/11\/New-Design-Base-Coat-Nail-Polish-Manufacturer-4-12x12.webp 12w, https:\/\/www.fsyougel.com\/wp-content\/uploads\/2025\/11\/New-Design-Base-Coat-Nail-Polish-Manufacturer-4-1200x1200.webp 1200w, https:\/\/www.fsyougel.com\/wp-content\/uploads\/2025\/11\/New-Design-Base-Coat-Nail-Polish-Manufacturer-4-600x600.webp 600w, https:\/\/www.fsyougel.com\/wp-content\/uploads\/2025\/11\/New-Design-Base-Coat-Nail-Polish-Manufacturer-4-100x100.webp 100w\" sizes=\"(max-width: 1500px) 100vw, 1500px\" \/><\/figure>\n<\/div>\n<\/div>\n\n\n\n<div class=\"wp-block-columns is-layout-flex wp-container-core-columns-is-layout-9d6595d7 wp-block-columns-is-layout-flex\">\n<div class=\"wp-block-column is-layout-flow wp-block-column-is-layout-flow\"><\/div>\n\n\n\n<div class=\"wp-block-column is-layout-flow wp-block-column-is-layout-flow\"><\/div>\n\n\n\n<div class=\"wp-block-column is-layout-flow wp-block-column-is-layout-flow\"><\/div>\n\n\n\n<div class=\"wp-block-column is-layout-flow wp-block-column-is-layout-flow\"><\/div>\n<\/div>","protected":false},"excerpt":{"rendered":"<p>Bienvenido a adquirir nuestra nueva capa base sin TPO de un fabricante profesional de esmaltes de u\u00f1as de capa base que ofrece precios al por mayor de f\u00e1brica, calidad estable, entrega r\u00e1pida y muestras gratuitas para distribuidores globales.<\/p>\n<table border=\"0\" width=\"854\" cellspacing=\"0\" cellpadding=\"0\">\n<tbody>\n<tr>\n<td width=\"257\" height=\"44\">Marca<\/td>\n<td width=\"597\">YouGel<\/td>\n<\/tr>\n<tr>\n<td width=\"257\" height=\"44\">N\u00famero de modelo<\/td>\n<td width=\"597\">RC01<\/td>\n<\/tr>\n<tr>\n<td width=\"257\" height=\"44\">Tipo de producto<\/td>\n<td width=\"597\">Soak-Off UV\/LED<\/td>\n<\/tr>\n<tr>\n<td width=\"257\" height=\"44\">Material<\/td>\n<td width=\"597\">Resina<\/td>\n<\/tr>\n<tr>\n<td width=\"257\" height=\"44\">Color<\/td>\n<td width=\"597\">Claro<\/td>\n<\/tr>\n<tr>\n<td width=\"257\" height=\"44\">Volumen<\/td>\n<td width=\"597\">15 ml<\/td>\n<\/tr>\n<tr>\n<td width=\"257\" height=\"44\">Seguridad<\/td>\n<td width=\"597\">Sin HEMA, sin TPO, no t\u00f3xico, MSDS disponible<\/td>\n<\/tr>\n<tr>\n<td width=\"257\" height=\"44\">MOQ<\/td>\n<td width=\"597\">MOQ bajo<\/td>\n<\/tr>\n<tr>\n<td width=\"257\" height=\"44\">Muestra gratuita<\/td>\n<td width=\"597\">Disponible<\/td>\n<\/tr>\n<tr>\n<td width=\"257\" height=\"82\">Opci\u00f3n personalizada<\/td>\n<td width=\"597\">Servicios OEM\/ODM, logotipos, etiquetas y embalajes personalizados<\/td>\n<\/tr>\n<\/tbody>\n<\/table>\n<h2 class=\"brxe-heading\">De Gel <a href=\"https:\/\/www.fsyougel.com\/es\/categoria-producto\/wholesale-base-coat\/\"><strong>Fabricante de capas base<\/strong><\/a><\/h2>\n<p><strong>YouGel<\/strong> es un fabricante de esmaltes base de gel de confianza que ofrece esmaltes base de gel de alta calidad adecuados para u\u00f1as UV\/LED. Nuestros productos est\u00e1n dise\u00f1ados para garantizar una aplicaci\u00f3n suave, una larga duraci\u00f3n y un f\u00e1cil remojo.<\/p>","protected":false},"featured_media":1429,"comment_status":"closed","ping_status":"closed","template":"","meta":{"_acf_changed":false},"product_brand":[],"product_cat":[17,27],"product_tag":[],"class_list":{"0":"post-1426","1":"product","2":"type-product","3":"status-publish","4":"has-post-thumbnail","6":"product_cat-wholesale-base-coat","7":"product_cat-new-gel-polish-collection","9":"first","10":"instock","11":"shipping-taxable","12":"product-type-simple"},"acf":[],"_links":{"self":[{"href":"https:\/\/www.fsyougel.com\/es\/wp-json\/wp\/v2\/product\/1426","targetHints":{"allow":["GET"]}}],"collection":[{"href":"https:\/\/www.fsyougel.com\/es\/wp-json\/wp\/v2\/product"}],"about":[{"href":"https:\/\/www.fsyougel.com\/es\/wp-json\/wp\/v2\/types\/product"}],"replies":[{"embeddable":true,"href":"https:\/\/www.fsyougel.com\/es\/wp-json\/wp\/v2\/comments?post=1426"}],"wp:featuredmedia":[{"embeddable":true,"href":"https:\/\/www.fsyougel.com\/es\/wp-json\/wp\/v2\/media\/1429"}],"wp:attachment":[{"href":"https:\/\/www.fsyougel.com\/es\/wp-json\/wp\/v2\/media?parent=1426"}],"wp:term":[{"taxonomy":"product_brand","embeddable":true,"href":"https:\/\/www.fsyougel.com\/es\/wp-json\/wp\/v2\/product_brand?post=1426"},{"taxonomy":"product_cat","embeddable":true,"href":"https:\/\/www.fsyougel.com\/es\/wp-json\/wp\/v2\/product_cat?post=1426"},{"taxonomy":"product_tag","embeddable":true,"href":"https:\/\/www.fsyougel.com\/es\/wp-json\/wp\/v2\/product_tag?post=1426"}],"curies":[{"name":"wp","href":"https:\/\/api.w.org\/{rel}","templated":true}]}}