{"id":1447,"date":"2025-12-05T11:16:27","date_gmt":"2025-12-05T11:16:27","guid":{"rendered":"https:\/\/www.fsyougel.com\/?post_type=product&#038;p=1447"},"modified":"2025-12-05T12:15:23","modified_gmt":"2025-12-05T12:15:23","slug":"factory-supply-builder-gel-manufacturer","status":"publish","type":"product","link":"https:\/\/www.fsyougel.com\/es\/producto\/factory-supply-builder-gel-manufacturer\/","title":{"rendered":"Fabricante de gel para extensiones de u\u00f1as, sin TPO, 48 colores, venta al por mayor."},"content":{"rendered":"<div class=\"wp-block-columns is-layout-flex wp-container-core-columns-is-layout-9d6595d7 wp-block-columns-is-layout-flex\">\n<div class=\"wp-block-column is-layout-flow wp-block-column-is-layout-flow\">\n<div class=\"wp-block-columns is-layout-flex wp-container-core-columns-is-layout-9d6595d7 wp-block-columns-is-layout-flex\">\n<div class=\"wp-block-column is-layout-flow wp-block-column-is-layout-flow\">\n<h2 class=\"wp-block-heading\">Caracter\u00edsticas del gel constructor Factory Supply:<\/h2>\n\n\n\n<ul class=\"wp-block-list\">\n<li><strong>F\u00e1brica profesional, producci\u00f3n de calidad estable:<\/strong> Como fabricante experimentado de geles para constructores, utilizamos un sistema de resina de alta pureza con gran extensibilidad y excelente dureza, lo que garantiza una aplicaci\u00f3n uniforme sin descuelgues, adecuada para extensiones, reparaciones y refuerzos.<\/li>\n\n\n\n<li><strong>48 colores disponibles para venta al por mayor, que satisfacen diversas necesidades:<\/strong> Ofrecemos una completa carta de colores de gel para extensiones de u\u00f1as al por mayor con 48 tonos, que proporciona una selecci\u00f3n completa desde tonos nude, crema y transl\u00facidos hasta tonos c\u00e1lidos y fr\u00edos de moda, adecuados para crear diversas l\u00edneas de productos.<\/li>\n\n\n\n<li><strong>Precios competitivos al por mayor de f\u00e1brica: <\/strong>Aprovechando nuestro propio sistema de producci\u00f3n automatizado, garantizamos ventajas en cuanto a los costes, lo que permite a los compradores disfrutar de precios realmente directos de f\u00e1brica, lo que nos convierte en un socio de confianza para el suministro de geles para constructores.<\/li>\n\n\n\n<li><strong>Asistencia gratuita para pruebas de muestras:<\/strong> Hay muestras gratuitas disponibles antes de realizar el pedido, lo que permite a los compradores comprobar de antemano la extensibilidad, la velocidad de curado y la durabilidad, y as\u00ed tomar decisiones de compra con mayor confianza.<\/li>\n\n\n\n<li><strong>M\u00e1s seguro sin TPO:<\/strong> Utiliza una f\u00f3rmula segura y no t\u00f3xica sin TPO, lo que reduce los olores irritantes y la hace m\u00e1s adecuada para mercados con normas medioambientales y de seguridad m\u00e1s estrictas.<\/li>\n\n\n\n<li><strong>Combinaci\u00f3n de alta elasticidad y resistencia<\/strong>: Tras la formaci\u00f3n de la pel\u00edcula, esta resulta resistente y dif\u00edcil de romper, lo que facilita su uso para la extensi\u00f3n y el refuerzo de las u\u00f1as, proporcionando a los consumidores finales una mejor experiencia de uso.<\/li>\n\n\n\n<li><strong>No gotea y es f\u00e1cil de usar: <\/strong>Con una viscosidad moderada, es f\u00e1cil de usar para principiantes y no gotea durante la aplicaci\u00f3n, lo que ahorra tiempo a los t\u00e9cnicos de u\u00f1as.<\/li>\n\n\n\n<li><strong>Servicio completo OEM\/ODM:<\/strong> Admite la personalizaci\u00f3n de botellas, la impresi\u00f3n de logotipos exclusivos, el dise\u00f1o de envases, la personalizaci\u00f3n de colores, etc., lo que ayuda a las marcas a ampliar r\u00e1pidamente su alcance en el mercado (gel para extensiones de u\u00f1as de 48 colores al por mayor).<\/li>\n<\/ul>\n<\/div>\n\n\n\n<div class=\"wp-block-column is-layout-flow wp-block-column-is-layout-flow\">\n<figure class=\"wp-block-image size-full\"><img decoding=\"async\" width=\"4640\" height=\"6960\" src=\"https:\/\/www.fsyougel.com\/wp-content\/uploads\/2025\/12\/Factory-Supply-Builder-Gel-Manufacturer-yuogel-3.webp\" alt=\"Fabricante de gel para constructores de u\u00f1as - yuogel (3)\" class=\"wp-image-1450\" srcset=\"https:\/\/www.fsyougel.com\/wp-content\/uploads\/2025\/12\/Factory-Supply-Builder-Gel-Manufacturer-yuogel-3.webp 4640w, https:\/\/www.fsyougel.com\/wp-content\/uploads\/2025\/12\/Factory-Supply-Builder-Gel-Manufacturer-yuogel-3-200x300.webp 200w, https:\/\/www.fsyougel.com\/wp-content\/uploads\/2025\/12\/Factory-Supply-Builder-Gel-Manufacturer-yuogel-3-768x1152.webp 768w, https:\/\/www.fsyougel.com\/wp-content\/uploads\/2025\/12\/Factory-Supply-Builder-Gel-Manufacturer-yuogel-3-8x12.webp 8w, https:\/\/www.fsyougel.com\/wp-content\/uploads\/2025\/12\/Factory-Supply-Builder-Gel-Manufacturer-yuogel-3-1200x1800.webp 1200w, https:\/\/www.fsyougel.com\/wp-content\/uploads\/2025\/12\/Factory-Supply-Builder-Gel-Manufacturer-yuogel-3-600x900.webp 600w\" sizes=\"(max-width: 4640px) 100vw, 4640px\" \/><\/figure>\n<\/div>\n<\/div>\n<\/div>\n<\/div>","protected":false},"excerpt":{"rendered":"<p>Bienvenido a comprar nuestro gel constructor sin TPO de un fabricante de gel constructor de confianza con precios al por mayor directos de f\u00e1brica, entrega r\u00e1pida, muestras gratuitas y soluciones completas de venta al por mayor de gel para extensiones de u\u00f1as en 48 colores para distribuidores globales.<\/p>\n<table border=\"0\" width=\"854\" cellspacing=\"0\" cellpadding=\"0\">\n<tbody>\n<tr>\n<td width=\"257\" height=\"44\">Marca<\/td>\n<td width=\"597\">YouGel<\/td>\n<\/tr>\n<tr>\n<td width=\"257\" height=\"44\">N\u00famero de modelo<\/td>\n<td width=\"597\">BG01<\/td>\n<\/tr>\n<tr>\n<td width=\"257\" height=\"44\">Tipo de producto<\/td>\n<td width=\"597\">Gel UV\/LED remojable<\/td>\n<\/tr>\n<tr>\n<td width=\"257\" height=\"44\">Material<\/td>\n<td width=\"597\">Materia prima de resina<\/td>\n<\/tr>\n<tr>\n<td width=\"257\" height=\"44\">Color<\/td>\n<td width=\"597\">48 Colores<\/td>\n<\/tr>\n<tr>\n<td width=\"257\" height=\"44\">Volumen<\/td>\n<td width=\"597\">15 g\/30 g\/50 g<\/td>\n<\/tr>\n<tr>\n<td width=\"257\" height=\"44\">Seguridad<\/td>\n<td width=\"597\">Sin HEMA, sin TPO, no t\u00f3xico, MSDS disponible<\/td>\n<\/tr>\n<tr>\n<td width=\"257\" height=\"44\">MOQ<\/td>\n<td width=\"597\">MOQ bajo<\/td>\n<\/tr>\n<tr>\n<td width=\"257\" height=\"44\">Muestra gratuita<\/td>\n<td width=\"597\">Disponible<\/td>\n<\/tr>\n<tr>\n<td width=\"257\" height=\"82\">Opci\u00f3n personalizada<\/td>\n<td width=\"597\">Servicios OEM\/ODM, logotipos, etiquetas y embalajes personalizados<\/td>\n<\/tr>\n<\/tbody>\n<\/table>\n<h3 class=\"brxe-heading\">Del fabricante de esmalte de gel para u\u00f1as<\/h3>\n<p><a href=\"https:\/\/www.fsyougel.com\/es\/\"><strong>YouGel<\/strong><\/a>\u00a0es un fabricante de esmaltes de gel de u\u00f1as de alta tecnolog\u00eda que ofrece servicios de venta al por mayor, marca blanca y OEM\/ODM. M\u00e1s de 10.000 colores sin HEMA, veganos y sin crueldad, de aplicaci\u00f3n suave, larga duraci\u00f3n y f\u00e1cil remojo.<\/p>","protected":false},"featured_media":1450,"comment_status":"closed","ping_status":"closed","template":"","meta":{"_acf_changed":false},"product_brand":[],"product_cat":[20,27],"product_tag":[],"class_list":{"0":"post-1447","1":"product","2":"type-product","3":"status-publish","4":"has-post-thumbnail","6":"product_cat-nail-extension-gel-wholesale","7":"product_cat-new-gel-polish-collection","9":"first","10":"instock","11":"shipping-taxable","12":"product-type-external"},"acf":[],"_links":{"self":[{"href":"https:\/\/www.fsyougel.com\/es\/wp-json\/wp\/v2\/product\/1447","targetHints":{"allow":["GET"]}}],"collection":[{"href":"https:\/\/www.fsyougel.com\/es\/wp-json\/wp\/v2\/product"}],"about":[{"href":"https:\/\/www.fsyougel.com\/es\/wp-json\/wp\/v2\/types\/product"}],"replies":[{"embeddable":true,"href":"https:\/\/www.fsyougel.com\/es\/wp-json\/wp\/v2\/comments?post=1447"}],"wp:featuredmedia":[{"embeddable":true,"href":"https:\/\/www.fsyougel.com\/es\/wp-json\/wp\/v2\/media\/1450"}],"wp:attachment":[{"href":"https:\/\/www.fsyougel.com\/es\/wp-json\/wp\/v2\/media?parent=1447"}],"wp:term":[{"taxonomy":"product_brand","embeddable":true,"href":"https:\/\/www.fsyougel.com\/es\/wp-json\/wp\/v2\/product_brand?post=1447"},{"taxonomy":"product_cat","embeddable":true,"href":"https:\/\/www.fsyougel.com\/es\/wp-json\/wp\/v2\/product_cat?post=1447"},{"taxonomy":"product_tag","embeddable":true,"href":"https:\/\/www.fsyougel.com\/es\/wp-json\/wp\/v2\/product_tag?post=1447"}],"curies":[{"name":"wp","href":"https:\/\/api.w.org\/{rel}","templated":true}]}}