{"id":1453,"date":"2025-12-05T11:54:15","date_gmt":"2025-12-05T11:54:15","guid":{"rendered":"https:\/\/www.fsyougel.com\/?post_type=product&#038;p=1453"},"modified":"2025-12-05T12:14:58","modified_gmt":"2025-12-05T12:14:58","slug":"wholesale-gel-polish-color-manufacturer","status":"publish","type":"product","link":"https:\/\/www.fsyougel.com\/es\/producto\/wholesale-gel-polish-color-manufacturer\/","title":{"rendered":"Fabricante mayorista de esmaltes de gel, proveedor de esmaltes de gel para u\u00f1as con 3000 colores nuevos."},"content":{"rendered":"<div class=\"wp-block-columns is-layout-flex wp-container-core-columns-is-layout-9d6595d7 wp-block-columns-is-layout-flex\">\n<div class=\"wp-block-column is-layout-flow wp-block-column-is-layout-flow\">\n<h2 class=\"wp-block-heading\">Caracter\u00edsticas de los colores de esmaltes en gel al por mayor:<\/h2>\n\n\n\n<ul class=\"wp-block-list\">\n<li><strong>Hasta 3000 colores para elegir, un proveedor de cartas de colores a todo color aut\u00e9nticas:<\/strong> Ofrecemos una gama l\u00edder en el sector de 3000 colores de gel y esmalte de u\u00f1as al por mayor, desde colores s\u00f3lidos, brillantes, gelatinosos y cat-eye hasta colores de temporada de tendencia, lo que ayuda a las marcas a crear r\u00e1pidamente l\u00edneas de productos diferenciadas.<\/li>\n\n\n\n<li><strong>Suministro directo de f\u00e1brica, precios m\u00e1s competitivos:<\/strong> Aprovechando nuestro moderno taller de producci\u00f3n y nuestro equipo de llenado automatizado, garantizamos una calidad altamente estable y ofrecemos a los clientes precios al por mayor m\u00e1s ventajosos, lo que reduce los costes de adquisici\u00f3n de la marca.<\/li>\n\n\n\n<li><strong>Muestras gratuitas, asistencia para la verificaci\u00f3n de la calidad: <\/strong>Hay muestras gratuitas disponibles para todos los colores nuevos y m\u00e1s vendidos. Los compradores pueden probar la saturaci\u00f3n del color, la durabilidad y la suavidad del cepillado antes de realizar un pedido, lo que garantiza una mayor confianza.<\/li>\n\n\n\n<li><strong>Color intenso de alta definici\u00f3n y brillo duradero:<\/strong> Gracias al uso de pigmentos altamente saturados y una f\u00f3rmula mejorada, los colores son intensos y el brillo es duradero y no se desvanece, lo que prolonga la experiencia del usuario y genera mayores \u00edndices de recompra para las marcas.<\/li>\n\n\n\n<li><strong>F\u00f3rmula ecol\u00f3gica y segura, con bajo olor para mayor tranquilidad: <\/strong>Utilizando materias primas inocuas y controlando estrictamente los olores, ofrecemos soluciones de productos para u\u00f1as m\u00e1s seguras para mercados de alto nivel y grupos sensibles.<\/li>\n\n\n\n<li><strong>Aplicaci\u00f3n suave y no pegajosa:<\/strong> Su textura uniforme se desliza suavemente sin dejar rayas, lo que lo hace adecuado para salones y mercados de bricolaje, reduciendo la dificultad para los t\u00e9cnicos de u\u00f1as.<\/li>\n\n\n\n<li><strong>Servicio completo OEM\/ODM:<\/strong> Ofrecemos personalizaci\u00f3n de botellas, cajas exteriores, etiquetas y logotipos. Podemos crear muestras de colores m\u00e1s vendidos basadas en las tendencias del mercado, expandi\u00e9ndonos f\u00e1cilmente al mercado mayorista de geles y esmaltes de u\u00f1as de 3000 colores.<\/li>\n\n\n\n<li><strong>Capacidad de suministro s\u00f3lida y estable:<\/strong> Como proveedor s\u00f3lido, contamos con capacidades de producci\u00f3n a gran escala, lo que nos permite satisfacer las necesidades de suministro a largo plazo y estables de nuevas marcas, vendedores transfronterizos y grandes cadenas de salones de belleza.<\/li>\n<\/ul>\n<\/div>\n\n\n\n<div class=\"wp-block-column is-layout-flow wp-block-column-is-layout-flow\">\n<figure class=\"wp-block-image size-full\"><img decoding=\"async\" width=\"1500\" height=\"1500\" src=\"https:\/\/www.fsyougel.com\/wp-content\/uploads\/2025\/12\/Wholesale-Gel-Polish-Colors-Manufacturer-Yogel-2.webp\" alt=\"Fabricante mayorista de esmaltes de gel de colores - Yogel (2)\" class=\"wp-image-1455\" srcset=\"https:\/\/www.fsyougel.com\/wp-content\/uploads\/2025\/12\/Wholesale-Gel-Polish-Colors-Manufacturer-Yogel-2.webp 1500w, https:\/\/www.fsyougel.com\/wp-content\/uploads\/2025\/12\/Wholesale-Gel-Polish-Colors-Manufacturer-Yogel-2-300x300.webp 300w, https:\/\/www.fsyougel.com\/wp-content\/uploads\/2025\/12\/Wholesale-Gel-Polish-Colors-Manufacturer-Yogel-2-150x150.webp 150w, https:\/\/www.fsyougel.com\/wp-content\/uploads\/2025\/12\/Wholesale-Gel-Polish-Colors-Manufacturer-Yogel-2-768x768.webp 768w, https:\/\/www.fsyougel.com\/wp-content\/uploads\/2025\/12\/Wholesale-Gel-Polish-Colors-Manufacturer-Yogel-2-12x12.webp 12w, https:\/\/www.fsyougel.com\/wp-content\/uploads\/2025\/12\/Wholesale-Gel-Polish-Colors-Manufacturer-Yogel-2-1200x1200.webp 1200w, https:\/\/www.fsyougel.com\/wp-content\/uploads\/2025\/12\/Wholesale-Gel-Polish-Colors-Manufacturer-Yogel-2-600x600.webp 600w, https:\/\/www.fsyougel.com\/wp-content\/uploads\/2025\/12\/Wholesale-Gel-Polish-Colors-Manufacturer-Yogel-2-100x100.webp 100w\" sizes=\"(max-width: 1500px) 100vw, 1500px\" \/><\/figure>\n<\/div>\n<\/div>\n\n\n\n<div class=\"wp-block-columns is-layout-flex wp-container-core-columns-is-layout-9d6595d7 wp-block-columns-is-layout-flex\">\n<div class=\"wp-block-column is-layout-flow wp-block-column-is-layout-flow\">\n<figure class=\"wp-block-image size-full\"><img decoding=\"async\" width=\"1500\" height=\"1500\" src=\"https:\/\/www.fsyougel.com\/wp-content\/uploads\/2025\/12\/Wholesale-Gel-Polish-Colors-Manufacturer-Yogel-6.webp\" alt=\"Fabricante mayorista de esmaltes en gel de colores - Yogel (6)\" class=\"wp-image-1457\" srcset=\"https:\/\/www.fsyougel.com\/wp-content\/uploads\/2025\/12\/Wholesale-Gel-Polish-Colors-Manufacturer-Yogel-6.webp 1500w, https:\/\/www.fsyougel.com\/wp-content\/uploads\/2025\/12\/Wholesale-Gel-Polish-Colors-Manufacturer-Yogel-6-300x300.webp 300w, https:\/\/www.fsyougel.com\/wp-content\/uploads\/2025\/12\/Wholesale-Gel-Polish-Colors-Manufacturer-Yogel-6-150x150.webp 150w, https:\/\/www.fsyougel.com\/wp-content\/uploads\/2025\/12\/Wholesale-Gel-Polish-Colors-Manufacturer-Yogel-6-768x768.webp 768w, https:\/\/www.fsyougel.com\/wp-content\/uploads\/2025\/12\/Wholesale-Gel-Polish-Colors-Manufacturer-Yogel-6-12x12.webp 12w, https:\/\/www.fsyougel.com\/wp-content\/uploads\/2025\/12\/Wholesale-Gel-Polish-Colors-Manufacturer-Yogel-6-1200x1200.webp 1200w, https:\/\/www.fsyougel.com\/wp-content\/uploads\/2025\/12\/Wholesale-Gel-Polish-Colors-Manufacturer-Yogel-6-600x600.webp 600w, https:\/\/www.fsyougel.com\/wp-content\/uploads\/2025\/12\/Wholesale-Gel-Polish-Colors-Manufacturer-Yogel-6-100x100.webp 100w\" sizes=\"(max-width: 1500px) 100vw, 1500px\" \/><\/figure>\n<\/div>\n\n\n\n<div class=\"wp-block-column is-layout-flow wp-block-column-is-layout-flow\">\n<figure class=\"wp-block-image size-full\"><img decoding=\"async\" width=\"1500\" height=\"1500\" src=\"https:\/\/www.fsyougel.com\/wp-content\/uploads\/2025\/12\/Wholesale-TPO-Free-Gel-Polish-Colors-Manufacturer-Yogel-5.webp\" alt=\"Fabricante mayorista de esmaltes en gel sin TPO - Yogel (5)\" class=\"wp-image-1459\" srcset=\"https:\/\/www.fsyougel.com\/wp-content\/uploads\/2025\/12\/Wholesale-TPO-Free-Gel-Polish-Colors-Manufacturer-Yogel-5.webp 1500w, https:\/\/www.fsyougel.com\/wp-content\/uploads\/2025\/12\/Wholesale-TPO-Free-Gel-Polish-Colors-Manufacturer-Yogel-5-300x300.webp 300w, https:\/\/www.fsyougel.com\/wp-content\/uploads\/2025\/12\/Wholesale-TPO-Free-Gel-Polish-Colors-Manufacturer-Yogel-5-150x150.webp 150w, https:\/\/www.fsyougel.com\/wp-content\/uploads\/2025\/12\/Wholesale-TPO-Free-Gel-Polish-Colors-Manufacturer-Yogel-5-768x768.webp 768w, https:\/\/www.fsyougel.com\/wp-content\/uploads\/2025\/12\/Wholesale-TPO-Free-Gel-Polish-Colors-Manufacturer-Yogel-5-12x12.webp 12w, https:\/\/www.fsyougel.com\/wp-content\/uploads\/2025\/12\/Wholesale-TPO-Free-Gel-Polish-Colors-Manufacturer-Yogel-5-1200x1200.webp 1200w, https:\/\/www.fsyougel.com\/wp-content\/uploads\/2025\/12\/Wholesale-TPO-Free-Gel-Polish-Colors-Manufacturer-Yogel-5-600x600.webp 600w, https:\/\/www.fsyougel.com\/wp-content\/uploads\/2025\/12\/Wholesale-TPO-Free-Gel-Polish-Colors-Manufacturer-Yogel-5-100x100.webp 100w\" sizes=\"(max-width: 1500px) 100vw, 1500px\" \/><\/figure>\n<\/div>\n<\/div>\n\n\n\n<p><\/p>","protected":false},"excerpt":{"rendered":"<p>Bienvenido a comprar nuestros nuevos colores de esmaltes en gel al por mayor, producidos por una f\u00e1brica l\u00edder con m\u00e1s de 3000 tonos, precios competitivos al por mayor, entrega r\u00e1pida y pruebas de muestras gratuitas para compradores de todo el mundo.<\/p>\n<table border=\"0\" width=\"854\" cellspacing=\"0\" cellpadding=\"0\">\n<tbody>\n<tr>\n<td width=\"257\" height=\"44\">Marca<\/td>\n<td width=\"597\">YouGel<\/td>\n<\/tr>\n<tr>\n<td width=\"257\" height=\"44\">N\u00famero de modelo<\/td>\n<td width=\"597\">S202<\/td>\n<\/tr>\n<tr>\n<td width=\"257\" height=\"44\">Tipo de producto<\/td>\n<td width=\"597\">Soak-Off UV\/LED<\/td>\n<\/tr>\n<tr>\n<td width=\"257\" height=\"44\">Material<\/td>\n<td width=\"597\">Resina<\/td>\n<\/tr>\n<tr>\n<td width=\"257\" height=\"44\">Color<\/td>\n<td width=\"597\">3000 colores opcionales<\/td>\n<\/tr>\n<tr>\n<td width=\"257\" height=\"44\">Volumen<\/td>\n<td width=\"597\">15 ml, 1 kg<\/td>\n<\/tr>\n<tr>\n<td width=\"257\" height=\"44\">\n<p>Seguridad<\/p>\n<\/td>\n<td width=\"597\">\n<p>Sin HEMA, sin TPO, <span style=\"font-family: inherit; font-size: inherit;\">No t\u00f3xico, MSDS disponible<\/span><\/p>\n<\/td>\n<\/tr>\n<tr>\n<td width=\"257\" height=\"44\">MOQ<\/td>\n<td width=\"597\">MOQ bajo<\/td>\n<\/tr>\n<tr>\n<td width=\"257\" height=\"44\">Muestra gratuita<\/td>\n<td width=\"597\">Disponible<\/td>\n<\/tr>\n<tr>\n<td width=\"257\" height=\"82\">Opci\u00f3n personalizada<\/td>\n<td width=\"597\">Servicios OEM\/ODM, logotipos, etiquetas y embalajes personalizados<\/td>\n<\/tr>\n<\/tbody>\n<\/table>\n<h2 class=\"brxe-heading\">Del fabricante del esmalte en gel<\/h2>\n<p><a href=\"https:\/\/www.fsyougel.com\/es\/\"><span style=\"color: #ff99cc;\"><strong>YouGel<\/strong><\/span><\/a> es un fabricante de esmaltes de gel de confianza que ofrece bases de gel de alta calidad adecuadas para u\u00f1as UV\/LED. Nuestros productos est\u00e1n dise\u00f1ados para garantizar una aplicaci\u00f3n suave, una larga duraci\u00f3n y un f\u00e1cil secado.<\/p>","protected":false},"featured_media":1454,"comment_status":"closed","ping_status":"closed","template":"","meta":{"_acf_changed":false},"product_brand":[],"product_cat":[19,27],"product_tag":[],"class_list":{"0":"post-1453","1":"product","2":"type-product","3":"status-publish","4":"has-post-thumbnail","6":"product_cat-gel-polish-color-wholesale","7":"product_cat-new-gel-polish-collection","9":"first","10":"instock","11":"shipping-taxable","12":"product-type-simple"},"acf":[],"_links":{"self":[{"href":"https:\/\/www.fsyougel.com\/es\/wp-json\/wp\/v2\/product\/1453","targetHints":{"allow":["GET"]}}],"collection":[{"href":"https:\/\/www.fsyougel.com\/es\/wp-json\/wp\/v2\/product"}],"about":[{"href":"https:\/\/www.fsyougel.com\/es\/wp-json\/wp\/v2\/types\/product"}],"replies":[{"embeddable":true,"href":"https:\/\/www.fsyougel.com\/es\/wp-json\/wp\/v2\/comments?post=1453"}],"wp:featuredmedia":[{"embeddable":true,"href":"https:\/\/www.fsyougel.com\/es\/wp-json\/wp\/v2\/media\/1454"}],"wp:attachment":[{"href":"https:\/\/www.fsyougel.com\/es\/wp-json\/wp\/v2\/media?parent=1453"}],"wp:term":[{"taxonomy":"product_brand","embeddable":true,"href":"https:\/\/www.fsyougel.com\/es\/wp-json\/wp\/v2\/product_brand?post=1453"},{"taxonomy":"product_cat","embeddable":true,"href":"https:\/\/www.fsyougel.com\/es\/wp-json\/wp\/v2\/product_cat?post=1453"},{"taxonomy":"product_tag","embeddable":true,"href":"https:\/\/www.fsyougel.com\/es\/wp-json\/wp\/v2\/product_tag?post=1453"}],"curies":[{"name":"wp","href":"https:\/\/api.w.org\/{rel}","templated":true}]}}