{"id":1470,"date":"2025-12-19T11:57:53","date_gmt":"2025-12-19T11:57:53","guid":{"rendered":"https:\/\/www.fsyougel.com\/?post_type=product&#038;p=1470"},"modified":"2025-12-20T01:20:55","modified_gmt":"2025-12-20T01:20:55","slug":"bulk-mousse-extension-gel-supplier","status":"publish","type":"product","link":"https:\/\/www.fsyougel.com\/es\/producto\/bulk-mousse-extension-gel-supplier\/","title":{"rendered":"Proveedor de gel para extensiones de mousse a granel, gel para extensiones de u\u00f1as sin TPO en 24 colores al por mayor"},"content":{"rendered":"<div class=\"wp-block-columns is-layout-flex wp-container-core-columns-is-layout-9d6595d7 wp-block-columns-is-layout-flex\">\n<div class=\"wp-block-column is-layout-flow wp-block-column-is-layout-flow\">\n<div class=\"wp-block-columns is-layout-flex wp-container-core-columns-is-layout-9d6595d7 wp-block-columns-is-layout-flex\">\n<div class=\"wp-block-column is-layout-flow wp-block-column-is-layout-flow\">\n<h2 class=\"wp-block-heading\">Gel de Extensi\u00f3n Bulk Mousse Caracter\u00edsticas:<\/h2>\n\n\n\n<ul class=\"wp-block-list\">\n<li><strong>Multifuncional 3 en 1:<\/strong> Un solo producto puede realizar operaciones de extensi\u00f3n, reparaci\u00f3n y construcci\u00f3n, consiguiendo realmente una aplicaci\u00f3n multifuncional, reduciendo el coste de cambiar entre varios geles y mejorando la eficacia operativa de los salones y las marcas.<\/li>\n\n\n\n<li><strong>Textura de crema mousse, suave y sin grumos: <\/strong>Utilizando una f\u00f3rmula de textura crema-mousse, se aplica suave y delicadamente sin grumos ni acumulaciones, proporcionando una extensi\u00f3n m\u00e1s controlable. Tanto los principiantes como los t\u00e9cnicos de u\u00f1as profesionales pueden utilizarlo f\u00e1cilmente.<\/li>\n\n\n\n<li><strong>Sistema mayorista estable de 24 colores:<\/strong> Una completa carta de colores al por mayor de 24 colores de gel de extensi\u00f3n de mousse que cubre los colores nude dominantes y los colores pr\u00e1cticos, satisfaciendo las necesidades del uso de alta frecuencia en salones de belleza y el desarrollo b\u00e1sico del dise\u00f1o de marca.<\/li>\n\n\n\n<li><strong>Dise\u00f1o de envase mejorado, m\u00e1s limpio y a prueba de derrames: <\/strong>La nueva estructura mejorada del frasco evita eficazmente que se derrame el pegamento durante el transporte y el uso, lo que mejora la experiencia general del usuario y la profesionalidad del producto.<\/li>\n\n\n\n<li><strong>Fuerte adherencia, larga duraci\u00f3n y no se levanta<\/strong>: La f\u00f3rmula mejorada cuenta con una fuerte adherencia y alta durabilidad, resolviendo f\u00e1cilmente problemas comunes como el levantamiento y el pelado, extendiendo la vida \u00fatil.<\/li>\n\n\n\n<li><strong>Sin TPO para una mayor tranquilidad:<\/strong> F\u00f3rmula de bajo olor y segura, que reduce la irritaci\u00f3n, lo que la hace m\u00e1s adecuada para su uso a largo plazo y para mercados con elevados requisitos de protecci\u00f3n medioambiental.<\/li>\n\n\n\n<li><strong>Suministro directo de f\u00e1brica, ventaja de precio significativa:<\/strong> Nuestro propio sistema de producci\u00f3n garantiza un suministro estable a granel, proporcionando a los compradores precios al por mayor de f\u00e1brica realmente competitivos.<\/li>\n\n\n\n<li><strong>Pruebas de muestras gratuitas<\/strong>: Se pueden solicitar muestras gratuitas antes de realizar un pedido para verificar la textura, la adherencia y la facilidad de uso, lo que le dar\u00e1 mayor tranquilidad a la hora de comprar.<\/li>\n\n\n\n<li><strong>Personalizaci\u00f3n OEM\/ODM flexible:<\/strong> Admite la personalizaci\u00f3n de la forma del frasco, el logotipo, el envase y las combinaciones de colores, lo que ayuda a las marcas a introducirse r\u00e1pidamente en el mercado mayorista de geles de extensi\u00f3n de mousse de 24 colores.<\/li>\n<\/ul>\n<\/div>\n\n\n\n<div class=\"wp-block-column is-layout-flow wp-block-column-is-layout-flow\">\n<figure class=\"wp-block-image size-full\"><img decoding=\"async\" width=\"1500\" height=\"1500\" src=\"https:\/\/www.fsyougel.com\/wp-content\/uploads\/2025\/12\/Bulk-Mousse-Extension-Gel-Manufacturer-Yougel-1.webp\" alt=\"Granel Mousse Extensi\u00f3n Gel Fabricante - Yougel (1)\" class=\"wp-image-1462\" srcset=\"https:\/\/www.fsyougel.com\/wp-content\/uploads\/2025\/12\/Bulk-Mousse-Extension-Gel-Manufacturer-Yougel-1.webp 1500w, https:\/\/www.fsyougel.com\/wp-content\/uploads\/2025\/12\/Bulk-Mousse-Extension-Gel-Manufacturer-Yougel-1-300x300.webp 300w, https:\/\/www.fsyougel.com\/wp-content\/uploads\/2025\/12\/Bulk-Mousse-Extension-Gel-Manufacturer-Yougel-1-150x150.webp 150w, https:\/\/www.fsyougel.com\/wp-content\/uploads\/2025\/12\/Bulk-Mousse-Extension-Gel-Manufacturer-Yougel-1-768x768.webp 768w, https:\/\/www.fsyougel.com\/wp-content\/uploads\/2025\/12\/Bulk-Mousse-Extension-Gel-Manufacturer-Yougel-1-12x12.webp 12w, https:\/\/www.fsyougel.com\/wp-content\/uploads\/2025\/12\/Bulk-Mousse-Extension-Gel-Manufacturer-Yougel-1-1200x1200.webp 1200w, https:\/\/www.fsyougel.com\/wp-content\/uploads\/2025\/12\/Bulk-Mousse-Extension-Gel-Manufacturer-Yougel-1-600x600.webp 600w, https:\/\/www.fsyougel.com\/wp-content\/uploads\/2025\/12\/Bulk-Mousse-Extension-Gel-Manufacturer-Yougel-1-100x100.webp 100w\" sizes=\"(max-width: 1500px) 100vw, 1500px\" \/><\/figure>\n<\/div>\n<\/div>\n<\/div>\n<\/div>\n\n\n\n<div class=\"wp-block-columns is-layout-flex wp-container-core-columns-is-layout-9d6595d7 wp-block-columns-is-layout-flex\">\n<div class=\"wp-block-column is-layout-flow wp-block-column-is-layout-flow\">\n<figure class=\"wp-block-image size-full\"><img decoding=\"async\" width=\"1500\" height=\"1500\" src=\"https:\/\/www.fsyougel.com\/wp-content\/uploads\/2025\/12\/Wholesale-Mousse-Extension-Gel-Supplier-Yougel-8.webp\" alt=\"Proveedor al por mayor de Gel de Extensi\u00f3n Mousse - Yougel (8)\" class=\"wp-image-1469\" srcset=\"https:\/\/www.fsyougel.com\/wp-content\/uploads\/2025\/12\/Wholesale-Mousse-Extension-Gel-Supplier-Yougel-8.webp 1500w, https:\/\/www.fsyougel.com\/wp-content\/uploads\/2025\/12\/Wholesale-Mousse-Extension-Gel-Supplier-Yougel-8-300x300.webp 300w, https:\/\/www.fsyougel.com\/wp-content\/uploads\/2025\/12\/Wholesale-Mousse-Extension-Gel-Supplier-Yougel-8-150x150.webp 150w, https:\/\/www.fsyougel.com\/wp-content\/uploads\/2025\/12\/Wholesale-Mousse-Extension-Gel-Supplier-Yougel-8-768x768.webp 768w, https:\/\/www.fsyougel.com\/wp-content\/uploads\/2025\/12\/Wholesale-Mousse-Extension-Gel-Supplier-Yougel-8-12x12.webp 12w, https:\/\/www.fsyougel.com\/wp-content\/uploads\/2025\/12\/Wholesale-Mousse-Extension-Gel-Supplier-Yougel-8-1200x1200.webp 1200w, https:\/\/www.fsyougel.com\/wp-content\/uploads\/2025\/12\/Wholesale-Mousse-Extension-Gel-Supplier-Yougel-8-600x600.webp 600w, https:\/\/www.fsyougel.com\/wp-content\/uploads\/2025\/12\/Wholesale-Mousse-Extension-Gel-Supplier-Yougel-8-100x100.webp 100w\" sizes=\"(max-width: 1500px) 100vw, 1500px\" \/><\/figure>\n<\/div>\n\n\n\n<div class=\"wp-block-column is-layout-flow wp-block-column-is-layout-flow\">\n<figure class=\"wp-block-image size-full\"><img decoding=\"async\" width=\"1500\" height=\"1500\" src=\"https:\/\/www.fsyougel.com\/wp-content\/uploads\/2025\/12\/Bulk-Mousse-Extension-Gel-Supplier-Yougel-5.webp\" alt=\"Proveedor de Gel de Extensi\u00f3n Mousse a Granel - Yougel (5)\" class=\"wp-image-1466\" srcset=\"https:\/\/www.fsyougel.com\/wp-content\/uploads\/2025\/12\/Bulk-Mousse-Extension-Gel-Supplier-Yougel-5.webp 1500w, https:\/\/www.fsyougel.com\/wp-content\/uploads\/2025\/12\/Bulk-Mousse-Extension-Gel-Supplier-Yougel-5-300x300.webp 300w, https:\/\/www.fsyougel.com\/wp-content\/uploads\/2025\/12\/Bulk-Mousse-Extension-Gel-Supplier-Yougel-5-150x150.webp 150w, https:\/\/www.fsyougel.com\/wp-content\/uploads\/2025\/12\/Bulk-Mousse-Extension-Gel-Supplier-Yougel-5-768x768.webp 768w, https:\/\/www.fsyougel.com\/wp-content\/uploads\/2025\/12\/Bulk-Mousse-Extension-Gel-Supplier-Yougel-5-12x12.webp 12w, https:\/\/www.fsyougel.com\/wp-content\/uploads\/2025\/12\/Bulk-Mousse-Extension-Gel-Supplier-Yougel-5-1200x1200.webp 1200w, https:\/\/www.fsyougel.com\/wp-content\/uploads\/2025\/12\/Bulk-Mousse-Extension-Gel-Supplier-Yougel-5-600x600.webp 600w, https:\/\/www.fsyougel.com\/wp-content\/uploads\/2025\/12\/Bulk-Mousse-Extension-Gel-Supplier-Yougel-5-100x100.webp 100w\" sizes=\"(max-width: 1500px) 100vw, 1500px\" \/><\/figure>\n<\/div>\n<\/div>","protected":false},"excerpt":{"rendered":"<p>Bienvenido a la compra de gel extensor de mousse a granel con f\u00f3rmula sin TPO, precios al por mayor directos de f\u00e1brica y muestras gratuitas. Dise\u00f1ado para salones y marcas, ofrece una calidad estable, f\u00e1cil control y suministro al por mayor de gel extensor de u\u00f1as en 24 colores.<\/p>\n<table border=\"0\" width=\"908\" cellspacing=\"0\" cellpadding=\"0\">\n<tbody>\n<tr>\n<td width=\"454\" height=\"36\"><strong>Marca<\/strong><\/td>\n<td width=\"454\"><strong>YouGel<\/strong><\/td>\n<\/tr>\n<tr>\n<td width=\"454\" height=\"36\">Tipo de producto<\/td>\n<td width=\"454\">Gel UV\/LED remojable<\/td>\n<\/tr>\n<tr>\n<td width=\"454\" height=\"36\">Material<\/td>\n<td width=\"454\">Materia prima de resina<\/td>\n<\/tr>\n<tr>\n<td width=\"454\" height=\"36\">Color<\/td>\n<td width=\"454\">24 Colores<\/td>\n<\/tr>\n<tr>\n<td width=\"454\" height=\"36\">Volumen<\/td>\n<td width=\"454\">15 g<\/td>\n<\/tr>\n<tr>\n<td width=\"454\" height=\"36\">Seguridad<\/td>\n<td width=\"454\">Sin HEMA, sin TPO, no t\u00f3xico, MSDS disponible<\/td>\n<\/tr>\n<tr>\n<td width=\"454\" height=\"36\">MOQ<\/td>\n<td width=\"454\">MOQ bajo<\/td>\n<\/tr>\n<tr>\n<td width=\"454\" height=\"36\">Muestra gratuita<\/td>\n<td width=\"454\">Disponible<\/td>\n<\/tr>\n<tr>\n<td width=\"454\" height=\"36\">Opci\u00f3n personalizada<\/td>\n<td width=\"454\">Servicios OEM\/ODM, logotipos, etiquetas y embalajes personalizados<\/td>\n<\/tr>\n<\/tbody>\n<\/table>\n<h3 class=\"brxe-heading\">Del fabricante de esmalte de gel para u\u00f1as<\/h3>\n<p><a href=\"https:\/\/www.fsyougel.com\/es\/\"><strong>YouGel<\/strong><\/a>\u00a0es un fabricante de esmaltes de gel de u\u00f1as de alta tecnolog\u00eda que ofrece servicios de venta al por mayor, marca blanca y OEM\/ODM. M\u00e1s de 10.000 colores sin HEMA, veganos y sin crueldad, de aplicaci\u00f3n suave, larga duraci\u00f3n y f\u00e1cil remojo.<\/p>","protected":false},"featured_media":1463,"comment_status":"closed","ping_status":"closed","template":"","meta":{"_acf_changed":false},"product_brand":[],"product_cat":[20,27],"product_tag":[],"class_list":{"0":"post-1470","1":"product","2":"type-product","3":"status-publish","4":"has-post-thumbnail","6":"product_cat-nail-extension-gel-wholesale","7":"product_cat-new-gel-polish-collection","9":"first","10":"instock","11":"shipping-taxable","12":"product-type-external"},"acf":[],"_links":{"self":[{"href":"https:\/\/www.fsyougel.com\/es\/wp-json\/wp\/v2\/product\/1470","targetHints":{"allow":["GET"]}}],"collection":[{"href":"https:\/\/www.fsyougel.com\/es\/wp-json\/wp\/v2\/product"}],"about":[{"href":"https:\/\/www.fsyougel.com\/es\/wp-json\/wp\/v2\/types\/product"}],"replies":[{"embeddable":true,"href":"https:\/\/www.fsyougel.com\/es\/wp-json\/wp\/v2\/comments?post=1470"}],"wp:featuredmedia":[{"embeddable":true,"href":"https:\/\/www.fsyougel.com\/es\/wp-json\/wp\/v2\/media\/1463"}],"wp:attachment":[{"href":"https:\/\/www.fsyougel.com\/es\/wp-json\/wp\/v2\/media?parent=1470"}],"wp:term":[{"taxonomy":"product_brand","embeddable":true,"href":"https:\/\/www.fsyougel.com\/es\/wp-json\/wp\/v2\/product_brand?post=1470"},{"taxonomy":"product_cat","embeddable":true,"href":"https:\/\/www.fsyougel.com\/es\/wp-json\/wp\/v2\/product_cat?post=1470"},{"taxonomy":"product_tag","embeddable":true,"href":"https:\/\/www.fsyougel.com\/es\/wp-json\/wp\/v2\/product_tag?post=1470"}],"curies":[{"name":"wp","href":"https:\/\/api.w.org\/{rel}","templated":true}]}}