{"id":1484,"date":"2025-12-20T02:11:12","date_gmt":"2025-12-20T02:11:12","guid":{"rendered":"https:\/\/www.fsyougel.com\/?post_type=product&#038;p=1484"},"modified":"2025-12-20T02:45:30","modified_gmt":"2025-12-20T02:45:30","slug":"wholesale-ancora-red-gel-polish","status":"publish","type":"product","link":"https:\/\/www.fsyougel.com\/es\/producto\/wholesale-ancora-red-gel-polish\/","title":{"rendered":"Colecci\u00f3n de esmaltes de gel rojos Ancora al por mayor, marca de esmaltes de gel sin TPO en 12 colores: Yougel."},"content":{"rendered":"<div class=\"wp-block-columns is-layout-flex wp-container-core-columns-is-layout-9d6595d7 wp-block-columns-is-layout-flex\">\n<div class=\"wp-block-column is-layout-flow wp-block-column-is-layout-flow\">\n<h2 class=\"wp-block-heading\">Esmalte en gel rojo Ancora al por mayor Caracter\u00edsticas:<\/h2>\n\n\n\n<ul class=\"wp-block-list\">\n<li><strong>Colecci\u00f3n Ancora Red: <\/strong>La serie Ancora Red incluye 12 tonos populares que van desde el burdeos intenso y el rojo vintage hasta el rojo puro altamente saturado, adecuados para su venta durante todo el a\u00f1o y una serie b\u00e1sica de rojos imprescindible para marcas y salones.<\/li>\n\n\n\n<li><strong>Juego de 12 colores para facilitar las ventas<\/strong>Como fabricante profesional de esmaltes de u\u00f1as en gel de 12 colores, ofrecemos muestras de colores completas, lo que permite a las marcas introducir f\u00e1cilmente una l\u00ednea completa de productos rojos de una sola vez, aumentando el valor medio de los pedidos y las tasas de compra repetida.<\/li>\n\n\n\n<li><strong>F\u00f3rmula segura sin TPO: <\/strong>La f\u00f3rmula es suave, de bajo olor y reduce la irritaci\u00f3n, lo que satisface mejor la demanda actual del mercado de productos para u\u00f1as saludables y respetuosos con el medio ambiente.<\/li>\n\n\n\n<li><strong>Color variado y textura suave: <\/strong>Los pigmentos de alta concentraci\u00f3n garantizan una aplicaci\u00f3n uniforme del color, logrando resultados ideales en una o dos capas. Las pinceladas son suaves y no dejan rayas, lo que facilita su uso a los principiantes.<\/li>\n\n\n\n<li><strong>Duradero y resistente, resistente a las astillas: <\/strong>La fuerte adhesi\u00f3n y la formaci\u00f3n de una pel\u00edcula estable tras el curado evitan la decoloraci\u00f3n o el desprendimiento durante el uso diario, lo que mejora la experiencia del usuario final.<\/li>\n\n\n\n<li><strong>Suministro directo de f\u00e1brica, precios m\u00e1s competitivos:<\/strong> Somos un fabricante de esmaltes de u\u00f1as en gel de 12 colores con un sistema de producci\u00f3n maduro, que ofrece a los compradores precios al por mayor de f\u00e1brica realmente competitivos.<\/li>\n\n\n\n<li><strong>Pruebas de muestras gratuitas disponibles: <\/strong>Solicite muestras gratuitas antes de realizar un pedido para confirmar los colores, las texturas y la calidad por adelantado, lo que reducir\u00e1 los riesgos de adquisici\u00f3n.<\/li>\n\n\n\n<li><strong>Soporte para personalizaci\u00f3n OEM\/ODM: <\/strong>Ofrecemos personalizaci\u00f3n de los envases, las etiquetas, el embalaje y las combinaciones de colores, lo que ayuda a las marcas a crear r\u00e1pidamente su propia serie exclusiva de esmaltes en gel Ancora Red al por mayor.<\/li>\n<\/ul>\n<\/div>\n\n\n\n<div class=\"wp-block-column is-layout-flow wp-block-column-is-layout-flow\">\n<figure class=\"wp-block-image size-full\"><img decoding=\"async\" width=\"1500\" height=\"1500\" src=\"https:\/\/www.fsyougel.com\/wp-content\/uploads\/2025\/12\/Wholesale-Ancora-Red-Gel-Polish-Collection-2.webp\" alt=\"Colecci\u00f3n de esmaltes de gel rojos Ancora al por mayor (2)\" class=\"wp-image-1486\" srcset=\"https:\/\/www.fsyougel.com\/wp-content\/uploads\/2025\/12\/Wholesale-Ancora-Red-Gel-Polish-Collection-2.webp 1500w, https:\/\/www.fsyougel.com\/wp-content\/uploads\/2025\/12\/Wholesale-Ancora-Red-Gel-Polish-Collection-2-300x300.webp 300w, https:\/\/www.fsyougel.com\/wp-content\/uploads\/2025\/12\/Wholesale-Ancora-Red-Gel-Polish-Collection-2-150x150.webp 150w, https:\/\/www.fsyougel.com\/wp-content\/uploads\/2025\/12\/Wholesale-Ancora-Red-Gel-Polish-Collection-2-768x768.webp 768w, https:\/\/www.fsyougel.com\/wp-content\/uploads\/2025\/12\/Wholesale-Ancora-Red-Gel-Polish-Collection-2-12x12.webp 12w, https:\/\/www.fsyougel.com\/wp-content\/uploads\/2025\/12\/Wholesale-Ancora-Red-Gel-Polish-Collection-2-1200x1200.webp 1200w, https:\/\/www.fsyougel.com\/wp-content\/uploads\/2025\/12\/Wholesale-Ancora-Red-Gel-Polish-Collection-2-600x600.webp 600w, https:\/\/www.fsyougel.com\/wp-content\/uploads\/2025\/12\/Wholesale-Ancora-Red-Gel-Polish-Collection-2-100x100.webp 100w\" sizes=\"(max-width: 1500px) 100vw, 1500px\" \/><\/figure>\n<\/div>\n<\/div>\n\n\n\n<div class=\"wp-block-columns is-layout-flex wp-container-core-columns-is-layout-9d6595d7 wp-block-columns-is-layout-flex\">\n<div class=\"wp-block-column is-layout-flow wp-block-column-is-layout-flow\">\n<figure class=\"wp-block-image size-full\"><img decoding=\"async\" width=\"1500\" height=\"1500\" src=\"https:\/\/www.fsyougel.com\/wp-content\/uploads\/2025\/12\/Wholesale-Ancora-Red-Gel-Polish-Collection-9.webp\" alt=\"Colecci\u00f3n de esmaltes de gel rojos Ancora al por mayor (9)\" class=\"wp-image-1493\" srcset=\"https:\/\/www.fsyougel.com\/wp-content\/uploads\/2025\/12\/Wholesale-Ancora-Red-Gel-Polish-Collection-9.webp 1500w, https:\/\/www.fsyougel.com\/wp-content\/uploads\/2025\/12\/Wholesale-Ancora-Red-Gel-Polish-Collection-9-300x300.webp 300w, https:\/\/www.fsyougel.com\/wp-content\/uploads\/2025\/12\/Wholesale-Ancora-Red-Gel-Polish-Collection-9-150x150.webp 150w, https:\/\/www.fsyougel.com\/wp-content\/uploads\/2025\/12\/Wholesale-Ancora-Red-Gel-Polish-Collection-9-768x768.webp 768w, https:\/\/www.fsyougel.com\/wp-content\/uploads\/2025\/12\/Wholesale-Ancora-Red-Gel-Polish-Collection-9-12x12.webp 12w, https:\/\/www.fsyougel.com\/wp-content\/uploads\/2025\/12\/Wholesale-Ancora-Red-Gel-Polish-Collection-9-1200x1200.webp 1200w, https:\/\/www.fsyougel.com\/wp-content\/uploads\/2025\/12\/Wholesale-Ancora-Red-Gel-Polish-Collection-9-600x600.webp 600w, https:\/\/www.fsyougel.com\/wp-content\/uploads\/2025\/12\/Wholesale-Ancora-Red-Gel-Polish-Collection-9-100x100.webp 100w\" sizes=\"(max-width: 1500px) 100vw, 1500px\" \/><\/figure>\n<\/div>\n\n\n\n<div class=\"wp-block-column is-layout-flow wp-block-column-is-layout-flow\">\n<figure class=\"wp-block-image size-full\"><img decoding=\"async\" width=\"1500\" height=\"1500\" src=\"https:\/\/www.fsyougel.com\/wp-content\/uploads\/2025\/12\/Wholesale-Ancora-Red-Gel-Polish-Collection-5.webp\" alt=\"Colecci\u00f3n de esmaltes de gel rojos Ancora al por mayor (5)\" class=\"wp-image-1489\" srcset=\"https:\/\/www.fsyougel.com\/wp-content\/uploads\/2025\/12\/Wholesale-Ancora-Red-Gel-Polish-Collection-5.webp 1500w, https:\/\/www.fsyougel.com\/wp-content\/uploads\/2025\/12\/Wholesale-Ancora-Red-Gel-Polish-Collection-5-300x300.webp 300w, https:\/\/www.fsyougel.com\/wp-content\/uploads\/2025\/12\/Wholesale-Ancora-Red-Gel-Polish-Collection-5-150x150.webp 150w, https:\/\/www.fsyougel.com\/wp-content\/uploads\/2025\/12\/Wholesale-Ancora-Red-Gel-Polish-Collection-5-768x768.webp 768w, https:\/\/www.fsyougel.com\/wp-content\/uploads\/2025\/12\/Wholesale-Ancora-Red-Gel-Polish-Collection-5-12x12.webp 12w, https:\/\/www.fsyougel.com\/wp-content\/uploads\/2025\/12\/Wholesale-Ancora-Red-Gel-Polish-Collection-5-1200x1200.webp 1200w, https:\/\/www.fsyougel.com\/wp-content\/uploads\/2025\/12\/Wholesale-Ancora-Red-Gel-Polish-Collection-5-600x600.webp 600w, https:\/\/www.fsyougel.com\/wp-content\/uploads\/2025\/12\/Wholesale-Ancora-Red-Gel-Polish-Collection-5-100x100.webp 100w\" sizes=\"(max-width: 1500px) 100vw, 1500px\" \/><\/figure>\n<\/div>\n<\/div>\n\n\n\n<p><\/p>","protected":false},"excerpt":{"rendered":"<p>Bienvenido a la compra al por mayor de la colecci\u00f3n de esmaltes en gel rojos Ancora, con f\u00f3rmula sin TPO y 12 elegantes tonos rojos. Suministro directo de f\u00e1brica con precios competitivos al por mayor, calidad estable y muestras gratuitas para compradores de todo el mundo.<\/p>\n<table border=\"0\" width=\"854\" cellspacing=\"0\" cellpadding=\"0\">\n<tbody>\n<tr>\n<td width=\"257\" height=\"44\">Marca<\/td>\n<td width=\"597\">YouGel<\/td>\n<\/tr>\n<tr>\n<td width=\"257\" height=\"44\">N\u00famero de modelo<\/td>\n<td width=\"597\">S202<\/td>\n<\/tr>\n<tr>\n<td width=\"257\" height=\"44\">Tipo de producto<\/td>\n<td width=\"597\">Soak-Off UV\/LED<\/td>\n<\/tr>\n<tr>\n<td width=\"257\" height=\"44\">Material<\/td>\n<td width=\"597\">Resina<\/td>\n<\/tr>\n<tr>\n<td width=\"257\" height=\"44\">Color<\/td>\n<td width=\"597\">12 colores\u00a0<\/td>\n<\/tr>\n<tr>\n<td width=\"257\" height=\"44\">Volumen<\/td>\n<td width=\"597\">15 ml<\/td>\n<\/tr>\n<tr>\n<td width=\"257\" height=\"44\">\n<p>Seguridad<\/p>\n<\/td>\n<td width=\"597\">\n<p>Sin HEMA, sin TPO, <span style=\"font-family: inherit; font-size: inherit;\">No t\u00f3xico, MSDS disponible<\/span><\/p>\n<\/td>\n<\/tr>\n<tr>\n<td width=\"257\" height=\"44\">MOQ<\/td>\n<td width=\"597\">MOQ bajo<\/td>\n<\/tr>\n<tr>\n<td width=\"257\" height=\"44\">Muestra gratuita<\/td>\n<td width=\"597\">Disponible<\/td>\n<\/tr>\n<tr>\n<td width=\"257\" height=\"82\">Opci\u00f3n personalizada<\/td>\n<td width=\"597\">Servicios OEM\/ODM, logotipos, etiquetas y embalajes personalizados<\/td>\n<\/tr>\n<\/tbody>\n<\/table>\n<h2 class=\"brxe-heading\">Del fabricante del esmalte en gel<\/h2>\n<p><a href=\"https:\/\/www.fsyougel.com\/es\/\"><span style=\"color: #ff99cc;\"><strong>YouGel<\/strong><\/span><\/a> es un fabricante de esmaltes de gel de confianza que ofrece bases de gel de alta calidad adecuadas para u\u00f1as UV\/LED. Nuestros productos est\u00e1n dise\u00f1ados para garantizar una aplicaci\u00f3n suave, una larga duraci\u00f3n y un f\u00e1cil secado.<\/p>","protected":false},"featured_media":1487,"comment_status":"closed","ping_status":"closed","template":"","meta":{"_acf_changed":false},"product_brand":[],"product_cat":[19,27],"product_tag":[],"class_list":{"0":"post-1484","1":"product","2":"type-product","3":"status-publish","4":"has-post-thumbnail","6":"product_cat-gel-polish-color-wholesale","7":"product_cat-new-gel-polish-collection","9":"first","10":"instock","11":"shipping-taxable","12":"product-type-simple"},"acf":[],"_links":{"self":[{"href":"https:\/\/www.fsyougel.com\/es\/wp-json\/wp\/v2\/product\/1484","targetHints":{"allow":["GET"]}}],"collection":[{"href":"https:\/\/www.fsyougel.com\/es\/wp-json\/wp\/v2\/product"}],"about":[{"href":"https:\/\/www.fsyougel.com\/es\/wp-json\/wp\/v2\/types\/product"}],"replies":[{"embeddable":true,"href":"https:\/\/www.fsyougel.com\/es\/wp-json\/wp\/v2\/comments?post=1484"}],"wp:featuredmedia":[{"embeddable":true,"href":"https:\/\/www.fsyougel.com\/es\/wp-json\/wp\/v2\/media\/1487"}],"wp:attachment":[{"href":"https:\/\/www.fsyougel.com\/es\/wp-json\/wp\/v2\/media?parent=1484"}],"wp:term":[{"taxonomy":"product_brand","embeddable":true,"href":"https:\/\/www.fsyougel.com\/es\/wp-json\/wp\/v2\/product_brand?post=1484"},{"taxonomy":"product_cat","embeddable":true,"href":"https:\/\/www.fsyougel.com\/es\/wp-json\/wp\/v2\/product_cat?post=1484"},{"taxonomy":"product_tag","embeddable":true,"href":"https:\/\/www.fsyougel.com\/es\/wp-json\/wp\/v2\/product_tag?post=1484"}],"curies":[{"name":"wp","href":"https:\/\/api.w.org\/{rel}","templated":true}]}}