{"id":1494,"date":"2025-12-20T02:52:26","date_gmt":"2025-12-20T02:52:26","guid":{"rendered":"https:\/\/www.fsyougel.com\/?post_type=product&#038;p=1494"},"modified":"2025-12-20T03:06:40","modified_gmt":"2025-12-20T03:06:40","slug":"christmas-gel-nail-polish-wholesale","status":"publish","type":"product","link":"https:\/\/www.fsyougel.com\/es\/producto\/christmas-gel-nail-polish-wholesale\/","title":{"rendered":"Mayorista de esmaltes de u\u00f1as en gel navide\u00f1os, sin TPO, nuevos colores de invierno, muestra gratuita."},"content":{"rendered":"<div class=\"wp-block-columns is-layout-flex wp-container-core-columns-is-layout-9d6595d7 wp-block-columns-is-layout-flex\">\n<div class=\"wp-block-column is-layout-flow wp-block-column-is-layout-flow\">\n<h2 class=\"wp-block-heading\">Esmalte en gel rojo Ancora al por mayor Caracter\u00edsticas:<\/h2>\n\n\n\n<ul class=\"wp-block-list\">\n<li><strong>Colores navide\u00f1os e invernales<\/strong>: Nuevos colores de invierno especialmente dise\u00f1ados para el mercado navide\u00f1o, que abarcan tonos de moda como el rojo Navidad, el blanco fr\u00edo, el verde pino y el plateado nieve, ayudando a las marcas a capitalizar r\u00e1pidamente el pico de ventas navide\u00f1o.<\/li>\n\n\n\n<li><strong>Combinaciones m\u00e1s f\u00e1ciles de promocionar en vacaciones:<\/strong> La serie de esmaltes de u\u00f1as de gel de Navidad al por mayor es perfecta para promociones navide\u00f1as, lotes de regalo y desarrollo de ediciones limitadas, aumentando el atractivo de los terminales y las tasas de conversi\u00f3n de pedidos.<\/li>\n\n\n\n<li><strong>F\u00f3rmula segura sin TPO: <\/strong>Utiliza una f\u00f3rmula suave y de bajo olor que reduce la irritaci\u00f3n y satisface mejor las demandas actuales del mercado internacional de productos seguros para las u\u00f1as.<\/li>\n\n\n\n<li><strong>Alto rendimiento del color y brillo: <\/strong>Un sistema de pigmentos de alta calidad proporciona una gran intensidad de color para unos resultados listos para las fiestas en s\u00f3lo una o dos capas, con un brillo duradero sin opacar.<\/li>\n\n\n\n<li><strong>Suave y f\u00e1cil de aplicar, apto para uso frecuente: <\/strong>La textura fina y uniforme del gel es menos propensa a las marcas del cepillo o a la formaci\u00f3n de grumos, por lo que resulta adecuado para su uso frecuente en salones de belleza durante las fiestas navide\u00f1as.<\/li>\n\n\n\n<li><strong>Duradero y resistente, resistente al rizado: <\/strong>La fuerte adherencia y la formaci\u00f3n de una pel\u00edcula estable tras el curado garantizan que su manicura navide\u00f1a se mantenga perfecta durante las fiestas y vacaciones.<\/li>\n\n\n\n<li><strong>Suministro directo de f\u00e1brica, importante ventaja de precio al por mayor:<\/strong> Ofrecemos una capacidad de producci\u00f3n estable y aut\u00e9nticos precios al por mayor de f\u00e1brica, lo que ayuda a los compradores a controlar eficazmente los costes.<\/li>\n\n\n\n<li><strong>Pruebas de muestras gratuitas disponibles:<\/strong> Disponemos de muestras gratuitas para nuestras colecciones navide\u00f1as, lo que le permite confirmar los colores y la calidad por adelantado y reducir los riesgos de adquisici\u00f3n.<\/li>\n\n\n\n<li><strong>Personalizaci\u00f3n OEM\/ODM flexible<\/strong>: Admitimos envases, logotipos y muestras de color personalizados para las fiestas, lo que ayuda a los clientes a crear sus propias series de productos exclusivos de esmalte de u\u00f1as de gel navide\u00f1o al por mayor.<\/li>\n<\/ul>\n<\/div>\n\n\n\n<div class=\"wp-block-column is-layout-flow wp-block-column-is-layout-flow\">\n<figure class=\"wp-block-image size-full\"><img decoding=\"async\" width=\"1500\" height=\"1500\" src=\"https:\/\/www.fsyougel.com\/wp-content\/uploads\/2025\/12\/Christmas-Gel-Nail-Polish-Wholesale-Manufacturer-yougel-4.webp\" alt=\"Fabricante mayorista de esmaltes de u\u00f1as gel navide\u00f1os yougel (4)\" class=\"wp-image-1498\" srcset=\"https:\/\/www.fsyougel.com\/wp-content\/uploads\/2025\/12\/Christmas-Gel-Nail-Polish-Wholesale-Manufacturer-yougel-4.webp 1500w, https:\/\/www.fsyougel.com\/wp-content\/uploads\/2025\/12\/Christmas-Gel-Nail-Polish-Wholesale-Manufacturer-yougel-4-300x300.webp 300w, https:\/\/www.fsyougel.com\/wp-content\/uploads\/2025\/12\/Christmas-Gel-Nail-Polish-Wholesale-Manufacturer-yougel-4-150x150.webp 150w, https:\/\/www.fsyougel.com\/wp-content\/uploads\/2025\/12\/Christmas-Gel-Nail-Polish-Wholesale-Manufacturer-yougel-4-768x768.webp 768w, https:\/\/www.fsyougel.com\/wp-content\/uploads\/2025\/12\/Christmas-Gel-Nail-Polish-Wholesale-Manufacturer-yougel-4-12x12.webp 12w, https:\/\/www.fsyougel.com\/wp-content\/uploads\/2025\/12\/Christmas-Gel-Nail-Polish-Wholesale-Manufacturer-yougel-4-1200x1200.webp 1200w, https:\/\/www.fsyougel.com\/wp-content\/uploads\/2025\/12\/Christmas-Gel-Nail-Polish-Wholesale-Manufacturer-yougel-4-600x600.webp 600w, https:\/\/www.fsyougel.com\/wp-content\/uploads\/2025\/12\/Christmas-Gel-Nail-Polish-Wholesale-Manufacturer-yougel-4-100x100.webp 100w\" sizes=\"(max-width: 1500px) 100vw, 1500px\" \/><\/figure>\n<\/div>\n<\/div>\n\n\n\n<p><\/p>","protected":false},"excerpt":{"rendered":"<p data-start=\"334\" data-end=\"582\">Bienvenido a la compra al por mayor de esmaltes de u\u00f1as gel navide\u00f1os con nuevos colores invernales sin TPO inspirados en las tendencias festivas. Suministro directo de f\u00e1brica con precios competitivos al por mayor, calidad estable, entrega r\u00e1pida y muestras gratuitas para compradores de todo el mundo.<\/p>\n<table border=\"0\" width=\"854\" cellspacing=\"0\" cellpadding=\"0\">\n<tbody>\n<tr>\n<td width=\"257\" height=\"44\">Marca<\/td>\n<td width=\"597\">YouGel<\/td>\n<\/tr>\n<tr>\n<td width=\"257\" height=\"44\">N\u00famero de modelo<\/td>\n<td width=\"597\">S202<\/td>\n<\/tr>\n<tr>\n<td width=\"257\" height=\"44\">Tipo de producto<\/td>\n<td width=\"597\">Soak-Off UV\/LED<\/td>\n<\/tr>\n<tr>\n<td width=\"257\" height=\"44\">Material<\/td>\n<td width=\"597\">Resina<\/td>\n<\/tr>\n<tr>\n<td width=\"257\" height=\"44\">Color<\/td>\n<td width=\"597\">12 colores\u00a0<\/td>\n<\/tr>\n<tr>\n<td width=\"257\" height=\"44\">Volumen<\/td>\n<td width=\"597\">15 ml<\/td>\n<\/tr>\n<tr>\n<td width=\"257\" height=\"44\">\n<p>Seguridad<\/p>\n<\/td>\n<td width=\"597\">\n<p>Sin HEMA, sin TPO, <span style=\"font-family: inherit; font-size: inherit;\">No t\u00f3xico, MSDS disponible<\/span><\/p>\n<\/td>\n<\/tr>\n<tr>\n<td width=\"257\" height=\"44\">MOQ<\/td>\n<td width=\"597\">MOQ bajo<\/td>\n<\/tr>\n<tr>\n<td width=\"257\" height=\"44\">Muestra gratuita<\/td>\n<td width=\"597\">Disponible<\/td>\n<\/tr>\n<tr>\n<td width=\"257\" height=\"82\">Opci\u00f3n personalizada<\/td>\n<td width=\"597\">Servicios OEM\/ODM, logotipos, etiquetas y embalajes personalizados<\/td>\n<\/tr>\n<\/tbody>\n<\/table>\n<h2 class=\"brxe-heading\">Del fabricante del esmalte en gel<\/h2>\n<p><a href=\"https:\/\/www.fsyougel.com\/es\/\"><span style=\"color: #ff99cc;\"><strong>YouGel<\/strong><\/span><\/a> es un fabricante de esmaltes de gel de confianza que ofrece bases de gel de alta calidad adecuadas para u\u00f1as UV\/LED. Nuestros productos est\u00e1n dise\u00f1ados para garantizar una aplicaci\u00f3n suave, una larga duraci\u00f3n y un f\u00e1cil secado.<\/p>","protected":false},"featured_media":1497,"comment_status":"closed","ping_status":"closed","template":"","meta":{"_acf_changed":false},"product_brand":[],"product_cat":[19,27],"product_tag":[],"class_list":{"0":"post-1494","1":"product","2":"type-product","3":"status-publish","4":"has-post-thumbnail","6":"product_cat-gel-polish-color-wholesale","7":"product_cat-new-gel-polish-collection","9":"first","10":"instock","11":"shipping-taxable","12":"product-type-simple"},"acf":[],"_links":{"self":[{"href":"https:\/\/www.fsyougel.com\/es\/wp-json\/wp\/v2\/product\/1494","targetHints":{"allow":["GET"]}}],"collection":[{"href":"https:\/\/www.fsyougel.com\/es\/wp-json\/wp\/v2\/product"}],"about":[{"href":"https:\/\/www.fsyougel.com\/es\/wp-json\/wp\/v2\/types\/product"}],"replies":[{"embeddable":true,"href":"https:\/\/www.fsyougel.com\/es\/wp-json\/wp\/v2\/comments?post=1494"}],"wp:featuredmedia":[{"embeddable":true,"href":"https:\/\/www.fsyougel.com\/es\/wp-json\/wp\/v2\/media\/1497"}],"wp:attachment":[{"href":"https:\/\/www.fsyougel.com\/es\/wp-json\/wp\/v2\/media?parent=1494"}],"wp:term":[{"taxonomy":"product_brand","embeddable":true,"href":"https:\/\/www.fsyougel.com\/es\/wp-json\/wp\/v2\/product_brand?post=1494"},{"taxonomy":"product_cat","embeddable":true,"href":"https:\/\/www.fsyougel.com\/es\/wp-json\/wp\/v2\/product_cat?post=1494"},{"taxonomy":"product_tag","embeddable":true,"href":"https:\/\/www.fsyougel.com\/es\/wp-json\/wp\/v2\/product_tag?post=1494"}],"curies":[{"name":"wp","href":"https:\/\/api.w.org\/{rel}","templated":true}]}}