{"id":1526,"date":"2026-01-09T09:34:03","date_gmt":"2026-01-09T09:34:03","guid":{"rendered":"https:\/\/www.fsyougel.com\/?post_type=product&#038;p=1526"},"modified":"2026-01-09T10:00:29","modified_gmt":"2026-01-09T10:00:29","slug":"custom-acryl-gel-bulk-supplier","status":"publish","type":"product","link":"https:\/\/www.fsyougel.com\/es\/producto\/custom-acryl-gel-bulk-supplier\/","title":{"rendered":"Proveedor de gel acr\u00edlico a granel a medida, clavos de gel polivin\u00edlico sin TPO"},"content":{"rendered":"<div class=\"wp-block-columns is-layout-flex wp-container-core-columns-is-layout-9d6595d7 wp-block-columns-is-layout-flex\">\n<div class=\"wp-block-column is-layout-flow wp-block-column-is-layout-flow\">\n<h2 class=\"wp-block-heading\">Gel acr\u00edlico personalizado Caracter\u00edsticas:<\/h2>\n\n\n\n<ul class=\"wp-block-list\">\n<li><strong>Gel acr\u00edlico profesional personalizado: <\/strong>Admite la personalizaci\u00f3n del color, la viscosidad, el envase y el logotipo de la marca, lo que satisface las diversas necesidades de posicionamiento en el mercado y de los clientes, ideal para crear l\u00edneas de productos diferenciadas.<\/li>\n\n\n\n<li><strong>F\u00f3rmula segura sin TPO:<\/strong> Utiliza un sistema de f\u00f3rmula de u\u00f1as de poligel sin TPO, lo que se traduce en un menor olor y una f\u00f3rmula m\u00e1s suave, en consonancia con las tendencias actuales del mercado internacional de productos seguros para las u\u00f1as.<\/li>\n\n\n\n<li><strong>Flexibilidad y fuerza equilibradas:<\/strong> Combina la resistencia del acr\u00edlico con la flexibilidad del gel, ofreciendo una aplicaci\u00f3n suave y un moldeado estable, adecuado tanto para principiantes como para t\u00e9cnicos de u\u00f1as profesionales.<\/li>\n\n\n\n<li><strong>Aplicaci\u00f3n no fluida, m\u00e1s controlable: <\/strong>La f\u00f3rmula estable del gel evita el descolgamiento, facilitando diversas operaciones de u\u00f1as como extensiones, fortalecimiento y reparaciones, mejorando la eficacia del sal\u00f3n.<\/li>\n\n\n\n<li><strong>Alta adherencia, larga duraci\u00f3n y resistencia al astillado:<\/strong> La estructura curada es fuerte, resistente al desgaste y duradera, lo que reduce los problemas posventa, como astillamientos y roturas.<\/li>\n\n\n\n<li><strong>Ventaja de la venta al por mayor directa de f\u00e1brica:<\/strong> Como proveedor maduro de gel acr\u00edlico, tenemos una capacidad de producci\u00f3n estable y un sistema de producci\u00f3n maduro, lo que garantiza un suministro a largo plazo y precios al por mayor competitivos.<\/li>\n\n\n\n<li><strong>Estricto control de calidad: <\/strong>Desde la dosificaci\u00f3n de la materia prima hasta el llenado y el env\u00edo, realizamos pruebas de calidad en todo el proceso para garantizar una calidad constante en cada lote de gel acr\u00edlico personalizado.<\/li>\n\n\n\n<li><strong>Pruebas de muestras gratuitas disponibles: <\/strong>Se pueden solicitar muestras antes de realizar un pedido para comprobar el color, la textura y la adherencia, lo que reduce los riesgos de adquisici\u00f3n.<\/li>\n\n\n\n<li><strong>Servicio integral OEM\/ODM:<\/strong> Desde el desarrollo del producto hasta el lanzamiento de la marca, como proveedor profesional de gel acr\u00edlico, ayudamos a nuestros clientes a introducirse r\u00e1pidamente en el mercado de las u\u00f1as de poligel sin TPO.<\/li>\n<\/ul>\n<\/div>\n\n\n\n<div class=\"wp-block-column is-layout-flow wp-block-column-is-layout-flow\">\n<figure class=\"wp-block-image size-full\"><img decoding=\"async\" width=\"1500\" height=\"1500\" src=\"https:\/\/www.fsyougel.com\/wp-content\/uploads\/2026\/01\/Custom-Acryl-Gel-Bulk-Supplier-Yougel-2.webp\" alt=\"Proveedor de gel acr\u00edlico a granel - Yougel (2)\" class=\"wp-image-1528\" srcset=\"https:\/\/www.fsyougel.com\/wp-content\/uploads\/2026\/01\/Custom-Acryl-Gel-Bulk-Supplier-Yougel-2.webp 1500w, https:\/\/www.fsyougel.com\/wp-content\/uploads\/2026\/01\/Custom-Acryl-Gel-Bulk-Supplier-Yougel-2-300x300.webp 300w, https:\/\/www.fsyougel.com\/wp-content\/uploads\/2026\/01\/Custom-Acryl-Gel-Bulk-Supplier-Yougel-2-150x150.webp 150w, https:\/\/www.fsyougel.com\/wp-content\/uploads\/2026\/01\/Custom-Acryl-Gel-Bulk-Supplier-Yougel-2-768x768.webp 768w, https:\/\/www.fsyougel.com\/wp-content\/uploads\/2026\/01\/Custom-Acryl-Gel-Bulk-Supplier-Yougel-2-12x12.webp 12w, https:\/\/www.fsyougel.com\/wp-content\/uploads\/2026\/01\/Custom-Acryl-Gel-Bulk-Supplier-Yougel-2-1200x1200.webp 1200w, https:\/\/www.fsyougel.com\/wp-content\/uploads\/2026\/01\/Custom-Acryl-Gel-Bulk-Supplier-Yougel-2-600x600.webp 600w, https:\/\/www.fsyougel.com\/wp-content\/uploads\/2026\/01\/Custom-Acryl-Gel-Bulk-Supplier-Yougel-2-100x100.webp 100w\" sizes=\"(max-width: 1500px) 100vw, 1500px\" \/><\/figure>\n<\/div>\n<\/div>","protected":false},"excerpt":{"rendered":"<p>Bienvenido a comprar gel acr\u00edlico personalizado dise\u00f1ado para marcas y salones de belleza, con la f\u00f3rmula de u\u00f1as de gel polivin\u00edlico sin TPO. Como proveedor de gel acr\u00edlico fiable, ofrecemos precios al por mayor directos de f\u00e1brica, control de calidad constante, producci\u00f3n r\u00e1pida y muestras gratuitas para pedidos al por mayor.<\/p>\n<table border=\"0\" width=\"854\" cellspacing=\"0\" cellpadding=\"0\">\n<tbody>\n<tr>\n<td width=\"257\" height=\"44\">Marca<\/td>\n<td width=\"597\">YouGel<\/td>\n<\/tr>\n<tr>\n<td width=\"257\" height=\"44\">N\u00famero de modelo<\/td>\n<td width=\"597\">AG01<\/td>\n<\/tr>\n<tr>\n<td width=\"257\" height=\"44\">Tipo de producto<\/td>\n<td width=\"597\">Soak-Off UV\/LED<\/td>\n<\/tr>\n<tr>\n<td width=\"257\" height=\"44\">Material<\/td>\n<td width=\"597\">Resina<\/td>\n<\/tr>\n<tr>\n<td width=\"257\" height=\"44\">Color<\/td>\n<td width=\"597\">36 Colores<\/td>\n<\/tr>\n<tr>\n<td width=\"257\" height=\"44\">Volumen<\/td>\n<td width=\"597\">30 ml\/60 ml<\/td>\n<\/tr>\n<tr>\n<td width=\"257\" height=\"44\">Seguridad<\/td>\n<td width=\"597\">Sin HEMA, sin TPO, no t\u00f3xico, MSDS disponible<\/td>\n<\/tr>\n<tr>\n<td width=\"257\" height=\"44\">MOQ<\/td>\n<td width=\"597\">MOQ bajo<\/td>\n<\/tr>\n<tr>\n<td width=\"257\" height=\"44\">Muestra gratuita<\/td>\n<td width=\"597\">Disponible<\/td>\n<\/tr>\n<tr>\n<td width=\"257\" height=\"82\">Opci\u00f3n personalizada<\/td>\n<td width=\"597\">Servicios OEM\/ODM, logotipos, etiquetas y embalajes personalizados<\/td>\n<\/tr>\n<\/tbody>\n<\/table>\n<h3 class=\"brxe-heading\">Del fabricante de esmalte de gel para u\u00f1as<\/h3>\n<p><a href=\"https:\/\/www.fsyougel.com\/es\/\"><strong>YouGel<\/strong><\/a>\u00a0es un fabricante de esmaltes de gel de u\u00f1as de alta tecnolog\u00eda que ofrece servicios de venta al por mayor, marca blanca y OEM\/ODM. M\u00e1s de 10.000 colores sin HEMA, veganos y sin crueldad, de aplicaci\u00f3n suave, larga duraci\u00f3n y f\u00e1cil remojo.<\/p>","protected":false},"featured_media":1532,"comment_status":"closed","ping_status":"closed","template":"","meta":{"_acf_changed":false},"product_brand":[],"product_cat":[21],"product_tag":[],"class_list":{"0":"post-1526","1":"product","2":"type-product","3":"status-publish","4":"has-post-thumbnail","6":"product_cat-wholesale-acryl-gel","8":"first","9":"instock","10":"shipping-taxable","11":"product-type-simple"},"acf":[],"_links":{"self":[{"href":"https:\/\/www.fsyougel.com\/es\/wp-json\/wp\/v2\/product\/1526","targetHints":{"allow":["GET"]}}],"collection":[{"href":"https:\/\/www.fsyougel.com\/es\/wp-json\/wp\/v2\/product"}],"about":[{"href":"https:\/\/www.fsyougel.com\/es\/wp-json\/wp\/v2\/types\/product"}],"replies":[{"embeddable":true,"href":"https:\/\/www.fsyougel.com\/es\/wp-json\/wp\/v2\/comments?post=1526"}],"wp:featuredmedia":[{"embeddable":true,"href":"https:\/\/www.fsyougel.com\/es\/wp-json\/wp\/v2\/media\/1532"}],"wp:attachment":[{"href":"https:\/\/www.fsyougel.com\/es\/wp-json\/wp\/v2\/media?parent=1526"}],"wp:term":[{"taxonomy":"product_brand","embeddable":true,"href":"https:\/\/www.fsyougel.com\/es\/wp-json\/wp\/v2\/product_brand?post=1526"},{"taxonomy":"product_cat","embeddable":true,"href":"https:\/\/www.fsyougel.com\/es\/wp-json\/wp\/v2\/product_cat?post=1526"},{"taxonomy":"product_tag","embeddable":true,"href":"https:\/\/www.fsyougel.com\/es\/wp-json\/wp\/v2\/product_tag?post=1526"}],"curies":[{"name":"wp","href":"https:\/\/api.w.org\/{rel}","templated":true}]}}