{"id":1563,"date":"2026-01-17T06:29:07","date_gmt":"2026-01-17T06:29:07","guid":{"rendered":"https:\/\/www.fsyougel.com\/?post_type=product&#038;p=1563"},"modified":"2026-01-17T09:59:21","modified_gmt":"2026-01-17T09:59:21","slug":"custom-hot-flame-cat-eye-gel-nail-polish","status":"publish","type":"product","link":"https:\/\/www.fsyougel.com\/es\/producto\/custom-hot-flame-cat-eye-gel-nail-polish\/","title":{"rendered":"Esmalte de u\u00f1as de gel de ojos de gato de llama caliente personalizado, TPO-Free Magnetic Nail Gel Polish Factory"},"content":{"rendered":"<div class=\"wp-block-columns is-layout-flex wp-container-core-columns-is-layout-9d6595d7 wp-block-columns-is-layout-flex\">\n<div class=\"wp-block-column is-layout-flow wp-block-column-is-layout-flow\">\n<h2 class=\"wp-block-heading\">Custom Hot Flame Cat Eye Gel Nail Polish Caracter\u00edsticas:<\/h2>\n\n\n\n<ul class=\"wp-block-list\">\n<li><strong>El efecto Flame Cat Eye ofrece un fuerte impacto visual:<\/strong> Con polvo magn\u00e9tico de alto brillo cuidadosamente seleccionado, crea un efecto de ojo de gato tridimensional y fluido que recuerda a las llamas. Las distintas capas son visibles tanto con luz artificial como natural, lo que refuerza el atractivo comercial de la serie de geles personalizados de ojos de gato de llama caliente.<\/li>\n\n\n\n<li><strong>Respuesta magn\u00e9tica sensible y f\u00e1cil manejo:<\/strong> Forma r\u00e1pidamente el efecto deseado con un im\u00e1n, dando como resultado l\u00edneas de ojos de gato concentradas y claras. Esto garantiza una aplicaci\u00f3n suave para los t\u00e9cnicos de u\u00f1as y resultados consistentes.<\/li>\n\n\n\n<li><strong>F\u00f3rmula saludable sin TPO:<\/strong> F\u00f3rmula de bajo olor y m\u00e1s suave, que cumple las normas de adquisici\u00f3n del mercado internacional de productos seguros para las u\u00f1as, adecuados para uso comercial a largo plazo.<\/li>\n\n\n\n<li><strong>Alta adherencia y durabilidad: <\/strong>Tras el curado, resiste el desconchado y la decoloraci\u00f3n, manteniendo un brillo duradero y reduciendo los problemas posventa y de retrabajo.<\/li>\n\n\n\n<li><strong>Suministro directo de f\u00e1brica con importantes ventajas de precios al por mayor:<\/strong> Nuestras propias instalaciones de fabricaci\u00f3n permiten la personalizaci\u00f3n a granel y el suministro estable de gel de ojos de gato de llama caliente personalizado, lo que ayuda a los compradores a controlar eficazmente los costes.<\/li>\n\n\n\n<li><strong>Pruebas de muestras gratuitas disponibles:<\/strong> Se pueden solicitar muestras antes de hacer un pedido para comprobar directamente el efecto magn\u00e9tico, el color y la textura, reduciendo as\u00ed los riesgos de adquisici\u00f3n.<\/li>\n\n\n\n<li><strong>Gran capacidad de personalizaci\u00f3n OEM\/ODM:<\/strong> Admite una personalizaci\u00f3n completa del color, el tipo de botella, el logotipo y el envase, lo que ayuda a las marcas a crear r\u00e1pidamente series magn\u00e9ticas de ojos de gato diferenciadas.<\/li>\n\n\n\n<li><strong>Adecuado para ventas multicanal: <\/strong>Ampliamente aplicable a salones de manicura, mayoristas de marca, comercio electr\u00f3nico y mercados transfronterizos, con un excelente potencial de recompra.<\/li>\n<\/ul>\n<\/div>\n\n\n\n<div class=\"wp-block-column is-layout-flow wp-block-column-is-layout-flow\">\n<figure class=\"wp-block-image size-full\"><img decoding=\"async\" width=\"1500\" height=\"1500\" src=\"https:\/\/www.fsyougel.com\/wp-content\/uploads\/2026\/01\/Custom-Hot-Flame-Cat-Eye-Gel-Nail-Polish-Factory-5.webp\" alt=\"Esmalte de u\u00f1as de gel de ojo de gato de llama caliente personalizada f\u00e1brica (5)\" class=\"wp-image-1574\" srcset=\"https:\/\/www.fsyougel.com\/wp-content\/uploads\/2026\/01\/Custom-Hot-Flame-Cat-Eye-Gel-Nail-Polish-Factory-5.webp 1500w, https:\/\/www.fsyougel.com\/wp-content\/uploads\/2026\/01\/Custom-Hot-Flame-Cat-Eye-Gel-Nail-Polish-Factory-5-300x300.webp 300w, https:\/\/www.fsyougel.com\/wp-content\/uploads\/2026\/01\/Custom-Hot-Flame-Cat-Eye-Gel-Nail-Polish-Factory-5-150x150.webp 150w, https:\/\/www.fsyougel.com\/wp-content\/uploads\/2026\/01\/Custom-Hot-Flame-Cat-Eye-Gel-Nail-Polish-Factory-5-768x768.webp 768w, https:\/\/www.fsyougel.com\/wp-content\/uploads\/2026\/01\/Custom-Hot-Flame-Cat-Eye-Gel-Nail-Polish-Factory-5-12x12.webp 12w, https:\/\/www.fsyougel.com\/wp-content\/uploads\/2026\/01\/Custom-Hot-Flame-Cat-Eye-Gel-Nail-Polish-Factory-5-1200x1200.webp 1200w, https:\/\/www.fsyougel.com\/wp-content\/uploads\/2026\/01\/Custom-Hot-Flame-Cat-Eye-Gel-Nail-Polish-Factory-5-600x600.webp 600w, https:\/\/www.fsyougel.com\/wp-content\/uploads\/2026\/01\/Custom-Hot-Flame-Cat-Eye-Gel-Nail-Polish-Factory-5-100x100.webp 100w\" sizes=\"(max-width: 1500px) 100vw, 1500px\" \/><\/figure>\n<\/div>\n<\/div>\n\n\n\n<div class=\"wp-block-columns is-layout-flex wp-container-core-columns-is-layout-9d6595d7 wp-block-columns-is-layout-flex\">\n<div class=\"wp-block-column is-layout-flow wp-block-column-is-layout-flow\">\n<figure class=\"wp-block-image size-full\"><img decoding=\"async\" width=\"1500\" height=\"1125\" src=\"https:\/\/www.fsyougel.com\/wp-content\/uploads\/2026\/01\/Custom-Hot-Flame-Cat-Eye-Gel-Nail-Polish-Factory-2.webp\" alt=\"Esmalte de u\u00f1as de gel de ojo de gato de llama caliente personalizado de f\u00e1brica (2)\" class=\"wp-image-1573\" srcset=\"https:\/\/www.fsyougel.com\/wp-content\/uploads\/2026\/01\/Custom-Hot-Flame-Cat-Eye-Gel-Nail-Polish-Factory-2.webp 1500w, https:\/\/www.fsyougel.com\/wp-content\/uploads\/2026\/01\/Custom-Hot-Flame-Cat-Eye-Gel-Nail-Polish-Factory-2-300x225.webp 300w, https:\/\/www.fsyougel.com\/wp-content\/uploads\/2026\/01\/Custom-Hot-Flame-Cat-Eye-Gel-Nail-Polish-Factory-2-768x576.webp 768w, https:\/\/www.fsyougel.com\/wp-content\/uploads\/2026\/01\/Custom-Hot-Flame-Cat-Eye-Gel-Nail-Polish-Factory-2-16x12.webp 16w, https:\/\/www.fsyougel.com\/wp-content\/uploads\/2026\/01\/Custom-Hot-Flame-Cat-Eye-Gel-Nail-Polish-Factory-2-1200x900.webp 1200w, https:\/\/www.fsyougel.com\/wp-content\/uploads\/2026\/01\/Custom-Hot-Flame-Cat-Eye-Gel-Nail-Polish-Factory-2-600x450.webp 600w\" sizes=\"(max-width: 1500px) 100vw, 1500px\" \/><\/figure>\n<\/div>\n\n\n\n<div class=\"wp-block-column is-layout-flow wp-block-column-is-layout-flow\">\n<figure class=\"wp-block-image size-full\"><img decoding=\"async\" width=\"1374\" height=\"1026\" src=\"https:\/\/www.fsyougel.com\/wp-content\/uploads\/2026\/01\/Custom-Hot-Flame-Cat-Eye-Gel-Nail-Polish-2.webp\" alt=\"Esmalte de u\u00f1as de gel personalizado Hot Flame Cat Eye (2)\" class=\"wp-image-1577\" srcset=\"https:\/\/www.fsyougel.com\/wp-content\/uploads\/2026\/01\/Custom-Hot-Flame-Cat-Eye-Gel-Nail-Polish-2.webp 1374w, https:\/\/www.fsyougel.com\/wp-content\/uploads\/2026\/01\/Custom-Hot-Flame-Cat-Eye-Gel-Nail-Polish-2-300x224.webp 300w, https:\/\/www.fsyougel.com\/wp-content\/uploads\/2026\/01\/Custom-Hot-Flame-Cat-Eye-Gel-Nail-Polish-2-768x573.webp 768w, https:\/\/www.fsyougel.com\/wp-content\/uploads\/2026\/01\/Custom-Hot-Flame-Cat-Eye-Gel-Nail-Polish-2-16x12.webp 16w, https:\/\/www.fsyougel.com\/wp-content\/uploads\/2026\/01\/Custom-Hot-Flame-Cat-Eye-Gel-Nail-Polish-2-1200x896.webp 1200w, https:\/\/www.fsyougel.com\/wp-content\/uploads\/2026\/01\/Custom-Hot-Flame-Cat-Eye-Gel-Nail-Polish-2-600x448.webp 600w\" sizes=\"(max-width: 1374px) 100vw, 1374px\" \/><\/figure>\n<\/div>\n<\/div>","protected":false},"excerpt":{"rendered":"<p data-start=\"398\" data-end=\"682\">Bienvenido a comprar nuestro gel de ojos de gato de llama caliente personalizado con una f\u00f3rmula magn\u00e9tica sin TPO y un v\u00edvido efecto de ojos de gato de llama. Suministro directo de f\u00e1brica con precios al por mayor competitivos, muestras gratuitas, calidad estable y servicios OEM fiables para marcas de u\u00f1as y salones globales.<\/p>\n<table border=\"0\" width=\"854\" cellspacing=\"0\" cellpadding=\"0\">\n<tbody>\n<tr>\n<td class=\"et3\" width=\"257\" height=\"44\">Marca<\/td>\n<td class=\"et3\" width=\"597\">YouGel<\/td>\n<\/tr>\n<tr>\n<td class=\"et4\" width=\"257\" height=\"44\">N\u00famero de modelo<\/td>\n<td class=\"et4\" width=\"597\">25CG01<\/td>\n<\/tr>\n<tr>\n<td class=\"et4\" width=\"257\" height=\"44\">Tipo de producto<\/td>\n<td class=\"et4\" width=\"597\">Esmalte en gel UV\/LED remojable<\/td>\n<\/tr>\n<tr>\n<td class=\"et4\" width=\"257\" height=\"44\">Material<\/td>\n<td class=\"et4\" width=\"597\">Resina<\/td>\n<\/tr>\n<tr>\n<td class=\"et4\" width=\"257\" height=\"44\">Color<\/td>\n<td class=\"et4\" width=\"597\">12 colores<\/td>\n<\/tr>\n<tr>\n<td class=\"et4\" width=\"257\" height=\"44\">Volumen<\/td>\n<td class=\"et4\" width=\"597\">15 ml<\/td>\n<\/tr>\n<tr>\n<td class=\"et4\" width=\"257\" height=\"44\">Seguridad<\/td>\n<td class=\"et4\" width=\"597\">Sin HEMA, sin TPO, no t\u00f3xico, MSDS disponible<\/td>\n<\/tr>\n<tr>\n<td class=\"et4\" width=\"257\" height=\"44\">MOQ<\/td>\n<td class=\"et4\" width=\"597\">MOQ bajo<\/td>\n<\/tr>\n<tr>\n<td class=\"et4\" width=\"257\" height=\"44\">Muestra gratuita<\/td>\n<td class=\"et4\" width=\"597\">Disponible<\/td>\n<\/tr>\n<tr>\n<td class=\"et4\" width=\"257\" height=\"82\">Opci\u00f3n personalizada<\/td>\n<td class=\"et4\" width=\"597\">Servicios OEM\/ODM, logotipos, etiquetas y embalajes personalizados<\/td>\n<\/tr>\n<\/tbody>\n<\/table>\n<h2 class=\"brxe-heading\">Del fabricante del esmalte en gel<\/h2>\n<p><a href=\"https:\/\/www.fsyougel.com\/es\/\"><strong>YouGel<\/strong><\/a> es un fabricante de esmaltes de gel de confianza que ofrece bases de gel de alta calidad adecuadas para u\u00f1as UV\/LED. Nuestros productos est\u00e1n dise\u00f1ados para garantizar una aplicaci\u00f3n suave, una larga duraci\u00f3n y un f\u00e1cil secado.<\/p>","protected":false},"featured_media":1575,"comment_status":"closed","ping_status":"closed","template":"","meta":{"_acf_changed":false},"product_brand":[],"product_cat":[19,28,27],"product_tag":[],"class_list":{"0":"post-1563","1":"product","2":"type-product","3":"status-publish","4":"has-post-thumbnail","6":"product_cat-gel-polish-color-wholesale","7":"product_cat-cat-eye-gel-supplier","8":"product_cat-new-gel-polish-collection","10":"first","11":"instock","12":"shipping-taxable","13":"product-type-simple"},"acf":[],"_links":{"self":[{"href":"https:\/\/www.fsyougel.com\/es\/wp-json\/wp\/v2\/product\/1563","targetHints":{"allow":["GET"]}}],"collection":[{"href":"https:\/\/www.fsyougel.com\/es\/wp-json\/wp\/v2\/product"}],"about":[{"href":"https:\/\/www.fsyougel.com\/es\/wp-json\/wp\/v2\/types\/product"}],"replies":[{"embeddable":true,"href":"https:\/\/www.fsyougel.com\/es\/wp-json\/wp\/v2\/comments?post=1563"}],"wp:featuredmedia":[{"embeddable":true,"href":"https:\/\/www.fsyougel.com\/es\/wp-json\/wp\/v2\/media\/1575"}],"wp:attachment":[{"href":"https:\/\/www.fsyougel.com\/es\/wp-json\/wp\/v2\/media?parent=1563"}],"wp:term":[{"taxonomy":"product_brand","embeddable":true,"href":"https:\/\/www.fsyougel.com\/es\/wp-json\/wp\/v2\/product_brand?post=1563"},{"taxonomy":"product_cat","embeddable":true,"href":"https:\/\/www.fsyougel.com\/es\/wp-json\/wp\/v2\/product_cat?post=1563"},{"taxonomy":"product_tag","embeddable":true,"href":"https:\/\/www.fsyougel.com\/es\/wp-json\/wp\/v2\/product_tag?post=1563"}],"curies":[{"name":"wp","href":"https:\/\/api.w.org\/{rel}","templated":true}]}}