{"id":1578,"date":"2026-01-17T08:12:33","date_gmt":"2026-01-17T08:12:33","guid":{"rendered":"https:\/\/www.fsyougel.com\/?post_type=product&#038;p=1578"},"modified":"2026-01-17T09:36:56","modified_gmt":"2026-01-17T09:36:56","slug":"custom-porcelain-ice-fairy-gel-polish","status":"publish","type":"product","link":"https:\/\/www.fsyougel.com\/es\/producto\/custom-porcelain-ice-fairy-gel-polish\/","title":{"rendered":"Esmalte de Gel de Porcelana Hada de Hielo 8 Colores No T\u00f3xico Esmalte de U\u00f1as de Gel Ojos de Gato"},"content":{"rendered":"<div class=\"wp-block-columns is-layout-flex wp-container-core-columns-is-layout-9d6595d7 wp-block-columns-is-layout-flex\">\n<div class=\"wp-block-column is-layout-flow wp-block-column-is-layout-flow\">\n<h2 class=\"wp-block-heading\">Custom Porcelana Hada de Hielo Gel Polish Caracter\u00edsticas:<\/h2>\n\n\n\n<ul class=\"wp-block-list\">\n<li><strong>Hada de Hielo de Porcelana con Ojos de Gato: <\/strong>8 tonos suaves y transl\u00facidos, con un delicado brillo de porcelana y un efecto de ojos de gato. El aspecto general es sofisticado, adecuado para crear una l\u00ednea de esmaltes de gel de hadas de porcelana personalizada y diferenciada.<\/li>\n\n\n\n<li><strong>Efecto magn\u00e9tico de ojos de gato con delicado brillo suave:<\/strong> Polvo magn\u00e9tico seleccionado de alta calidad con respuesta magn\u00e9tica sensible, que crea f\u00e1cilmente l\u00edneas de ojos de gato concentradas y suaves, ahorrando tiempo a los t\u00e9cnicos de u\u00f1as.<\/li>\n\n\n\n<li><strong>F\u00f3rmula segura no t\u00f3xica:<\/strong> Bajo olor, m\u00e1s suave, en l\u00ednea con las tendencias del mercado internacional de productos sanos y seguros para las u\u00f1as, adecuados para el uso comercial a largo plazo.<\/li>\n\n\n\n<li><strong>Alta adherencia, estabilidad duradera:<\/strong> Tras el curado, no es propenso a descascarillarse ni deste\u00f1irse, manteniendo un brillo duradero y reduciendo los problemas de repaso y posventa.<\/li>\n\n\n\n<li><strong>Suministro directo de f\u00e1brica, ventaja significativa del precio al por mayor:<\/strong> F\u00e1brica de producci\u00f3n propia, que admite la personalizaci\u00f3n a granel y el suministro estable de esmalte de gel de hadas de hielo de porcelana personalizado, lo que ayuda a los compradores a controlar eficazmente los costes.<\/li>\n\n\n\n<li><strong>Pruebas de muestras gratuitas disponibles: <\/strong>Se pueden solicitar muestras antes de realizar el pedido para confirmar directamente el color, el efecto magn\u00e9tico y el tacto, lo que permite tomar decisiones de compra con mayor conocimiento de causa.<\/li>\n\n\n\n<li><strong>Personalizaci\u00f3n OEM\/ODM flexible: <\/strong>Admite la personalizaci\u00f3n de combinaciones de colores, formas de botella, logotipos y envases, lo que ayuda a las marcas a lanzar r\u00e1pidamente su serie exclusiva Ice Porcelain Fairy.<\/li>\n\n\n\n<li><strong>Gran aplicabilidad multicanal:<\/strong> Adecuado para salones de manicura, mayoristas de marcas, comercio electr\u00f3nico y mercados transfronterizos, posee un excelente potencial para las compras repetidas y la expansi\u00f3n del mercado.<\/li>\n<\/ul>\n<\/div>\n\n\n\n<div class=\"wp-block-column is-layout-flow wp-block-column-is-layout-flow\">\n<figure class=\"wp-block-image size-full\"><img decoding=\"async\" width=\"1500\" height=\"1500\" src=\"https:\/\/www.fsyougel.com\/wp-content\/uploads\/2026\/01\/Custom-Porcelain-Ice-Fairy-Gel-Polish-8-Colors-2.webp\" alt=\"Esmalte de Gel Hada de Hielo de Porcelana Personalizado 8 Colores (2)\" class=\"wp-image-1595\" srcset=\"https:\/\/www.fsyougel.com\/wp-content\/uploads\/2026\/01\/Custom-Porcelain-Ice-Fairy-Gel-Polish-8-Colors-2.webp 1500w, https:\/\/www.fsyougel.com\/wp-content\/uploads\/2026\/01\/Custom-Porcelain-Ice-Fairy-Gel-Polish-8-Colors-2-300x300.webp 300w, https:\/\/www.fsyougel.com\/wp-content\/uploads\/2026\/01\/Custom-Porcelain-Ice-Fairy-Gel-Polish-8-Colors-2-150x150.webp 150w, https:\/\/www.fsyougel.com\/wp-content\/uploads\/2026\/01\/Custom-Porcelain-Ice-Fairy-Gel-Polish-8-Colors-2-768x768.webp 768w, https:\/\/www.fsyougel.com\/wp-content\/uploads\/2026\/01\/Custom-Porcelain-Ice-Fairy-Gel-Polish-8-Colors-2-12x12.webp 12w, https:\/\/www.fsyougel.com\/wp-content\/uploads\/2026\/01\/Custom-Porcelain-Ice-Fairy-Gel-Polish-8-Colors-2-1200x1200.webp 1200w, https:\/\/www.fsyougel.com\/wp-content\/uploads\/2026\/01\/Custom-Porcelain-Ice-Fairy-Gel-Polish-8-Colors-2-600x600.webp 600w, https:\/\/www.fsyougel.com\/wp-content\/uploads\/2026\/01\/Custom-Porcelain-Ice-Fairy-Gel-Polish-8-Colors-2-100x100.webp 100w\" sizes=\"(max-width: 1500px) 100vw, 1500px\" \/><\/figure>\n<\/div>\n<\/div>\n\n\n\n<div class=\"wp-block-columns is-layout-flex wp-container-core-columns-is-layout-9d6595d7 wp-block-columns-is-layout-flex\">\n<div class=\"wp-block-column is-layout-flow wp-block-column-is-layout-flow\">\n<figure class=\"wp-block-image size-full\"><img decoding=\"async\" width=\"1500\" height=\"1500\" src=\"https:\/\/www.fsyougel.com\/wp-content\/uploads\/2026\/01\/8-Colors-Fairy-Cat-Eye-Gel-Wholesale-Factory-Yougel-3.webp\" alt=\"8 colores de hadas de ojos de gato de gel al por mayor de f\u00e1brica - Yougel (3)\" class=\"wp-image-1581\" srcset=\"https:\/\/www.fsyougel.com\/wp-content\/uploads\/2026\/01\/8-Colors-Fairy-Cat-Eye-Gel-Wholesale-Factory-Yougel-3.webp 1500w, https:\/\/www.fsyougel.com\/wp-content\/uploads\/2026\/01\/8-Colors-Fairy-Cat-Eye-Gel-Wholesale-Factory-Yougel-3-300x300.webp 300w, https:\/\/www.fsyougel.com\/wp-content\/uploads\/2026\/01\/8-Colors-Fairy-Cat-Eye-Gel-Wholesale-Factory-Yougel-3-150x150.webp 150w, https:\/\/www.fsyougel.com\/wp-content\/uploads\/2026\/01\/8-Colors-Fairy-Cat-Eye-Gel-Wholesale-Factory-Yougel-3-768x768.webp 768w, https:\/\/www.fsyougel.com\/wp-content\/uploads\/2026\/01\/8-Colors-Fairy-Cat-Eye-Gel-Wholesale-Factory-Yougel-3-12x12.webp 12w, https:\/\/www.fsyougel.com\/wp-content\/uploads\/2026\/01\/8-Colors-Fairy-Cat-Eye-Gel-Wholesale-Factory-Yougel-3-1200x1200.webp 1200w, https:\/\/www.fsyougel.com\/wp-content\/uploads\/2026\/01\/8-Colors-Fairy-Cat-Eye-Gel-Wholesale-Factory-Yougel-3-600x600.webp 600w, https:\/\/www.fsyougel.com\/wp-content\/uploads\/2026\/01\/8-Colors-Fairy-Cat-Eye-Gel-Wholesale-Factory-Yougel-3-100x100.webp 100w\" sizes=\"(max-width: 1500px) 100vw, 1500px\" \/><\/figure>\n<\/div>\n\n\n\n<div class=\"wp-block-column is-layout-flow wp-block-column-is-layout-flow\">\n<figure class=\"wp-block-image size-full\"><img decoding=\"async\" width=\"1500\" height=\"1500\" src=\"https:\/\/www.fsyougel.com\/wp-content\/uploads\/2026\/01\/Custom-Porcelain-Ice-Fairy-Gel-Polish-Wholesaler-7.webp\" alt=\"Hada de Hielo de Porcelana Personalizada Gel Polish Mayorista (7)\" class=\"wp-image-1600\" srcset=\"https:\/\/www.fsyougel.com\/wp-content\/uploads\/2026\/01\/Custom-Porcelain-Ice-Fairy-Gel-Polish-Wholesaler-7.webp 1500w, https:\/\/www.fsyougel.com\/wp-content\/uploads\/2026\/01\/Custom-Porcelain-Ice-Fairy-Gel-Polish-Wholesaler-7-300x300.webp 300w, https:\/\/www.fsyougel.com\/wp-content\/uploads\/2026\/01\/Custom-Porcelain-Ice-Fairy-Gel-Polish-Wholesaler-7-150x150.webp 150w, https:\/\/www.fsyougel.com\/wp-content\/uploads\/2026\/01\/Custom-Porcelain-Ice-Fairy-Gel-Polish-Wholesaler-7-768x768.webp 768w, https:\/\/www.fsyougel.com\/wp-content\/uploads\/2026\/01\/Custom-Porcelain-Ice-Fairy-Gel-Polish-Wholesaler-7-12x12.webp 12w, https:\/\/www.fsyougel.com\/wp-content\/uploads\/2026\/01\/Custom-Porcelain-Ice-Fairy-Gel-Polish-Wholesaler-7-1200x1200.webp 1200w, https:\/\/www.fsyougel.com\/wp-content\/uploads\/2026\/01\/Custom-Porcelain-Ice-Fairy-Gel-Polish-Wholesaler-7-600x600.webp 600w, https:\/\/www.fsyougel.com\/wp-content\/uploads\/2026\/01\/Custom-Porcelain-Ice-Fairy-Gel-Polish-Wholesaler-7-100x100.webp 100w\" sizes=\"(max-width: 1500px) 100vw, 1500px\" \/><\/figure>\n<\/div>\n<\/div>\n\n\n\n<p><\/p>","protected":false},"excerpt":{"rendered":"<p data-start=\"398\" data-end=\"682\">Bienvenido a comprar nuestro esmalte de gel de porcelana ice fairy personalizado con 8 elegantes colores cat eye y una f\u00f3rmula segura no t\u00f3xica. Suministro directo de f\u00e1brica ofrece precios competitivos al por mayor, muestras gratuitas, calidad constante, y el apoyo de OEM para las marcas de u\u00f1as y salones globales.<\/p>\n<table border=\"0\" width=\"854\" cellspacing=\"0\" cellpadding=\"0\">\n<tbody>\n<tr>\n<td class=\"et3\" width=\"257\" height=\"44\">Marca<\/td>\n<td class=\"et3\" width=\"597\">YouGel<\/td>\n<\/tr>\n<tr>\n<td class=\"et4\" width=\"257\" height=\"44\">N\u00famero de modelo<\/td>\n<td class=\"et4\" width=\"597\">25CG01<\/td>\n<\/tr>\n<tr>\n<td class=\"et4\" width=\"257\" height=\"44\">Tipo de producto<\/td>\n<td class=\"et4\" width=\"597\">Esmalte en gel UV\/LED remojable<\/td>\n<\/tr>\n<tr>\n<td class=\"et4\" width=\"257\" height=\"44\">Material<\/td>\n<td class=\"et4\" width=\"597\">Resina<\/td>\n<\/tr>\n<tr>\n<td class=\"et4\" width=\"257\" height=\"44\">Color<\/td>\n<td class=\"et4\" width=\"597\">8 Colores<\/td>\n<\/tr>\n<tr>\n<td class=\"et4\" width=\"257\" height=\"44\">Volumen<\/td>\n<td class=\"et4\" width=\"597\">15 ml<\/td>\n<\/tr>\n<tr>\n<td class=\"et4\" width=\"257\" height=\"44\">Seguridad<\/td>\n<td class=\"et4\" width=\"597\">Sin HEMA, sin TPO, no t\u00f3xico, MSDS disponible<\/td>\n<\/tr>\n<tr>\n<td class=\"et4\" width=\"257\" height=\"44\">MOQ<\/td>\n<td class=\"et4\" width=\"597\">MOQ bajo<\/td>\n<\/tr>\n<tr>\n<td class=\"et4\" width=\"257\" height=\"44\">Muestra gratuita<\/td>\n<td class=\"et4\" width=\"597\">Disponible<\/td>\n<\/tr>\n<tr>\n<td class=\"et4\" width=\"257\" height=\"82\">Opci\u00f3n personalizada<\/td>\n<td class=\"et4\" width=\"597\">Servicios OEM\/ODM, logotipos, etiquetas y embalajes personalizados<\/td>\n<\/tr>\n<\/tbody>\n<\/table>\n<h2 class=\"brxe-heading\">Del fabricante del esmalte en gel<\/h2>\n<p><a href=\"https:\/\/www.fsyougel.com\/es\/\"><strong>YouGel<\/strong><\/a> es un fabricante de esmaltes de gel de confianza que ofrece bases de gel de alta calidad adecuadas para u\u00f1as UV\/LED. Nuestros productos est\u00e1n dise\u00f1ados para garantizar una aplicaci\u00f3n suave, una larga duraci\u00f3n y un f\u00e1cil secado.<\/p>","protected":false},"featured_media":1597,"comment_status":"closed","ping_status":"closed","template":"","meta":{"_acf_changed":false},"product_brand":[],"product_cat":[19,28,27],"product_tag":[],"class_list":{"0":"post-1578","1":"product","2":"type-product","3":"status-publish","4":"has-post-thumbnail","6":"product_cat-gel-polish-color-wholesale","7":"product_cat-cat-eye-gel-supplier","8":"product_cat-new-gel-polish-collection","10":"first","11":"instock","12":"shipping-taxable","13":"product-type-simple"},"acf":[],"_links":{"self":[{"href":"https:\/\/www.fsyougel.com\/es\/wp-json\/wp\/v2\/product\/1578","targetHints":{"allow":["GET"]}}],"collection":[{"href":"https:\/\/www.fsyougel.com\/es\/wp-json\/wp\/v2\/product"}],"about":[{"href":"https:\/\/www.fsyougel.com\/es\/wp-json\/wp\/v2\/types\/product"}],"replies":[{"embeddable":true,"href":"https:\/\/www.fsyougel.com\/es\/wp-json\/wp\/v2\/comments?post=1578"}],"wp:featuredmedia":[{"embeddable":true,"href":"https:\/\/www.fsyougel.com\/es\/wp-json\/wp\/v2\/media\/1597"}],"wp:attachment":[{"href":"https:\/\/www.fsyougel.com\/es\/wp-json\/wp\/v2\/media?parent=1578"}],"wp:term":[{"taxonomy":"product_brand","embeddable":true,"href":"https:\/\/www.fsyougel.com\/es\/wp-json\/wp\/v2\/product_brand?post=1578"},{"taxonomy":"product_cat","embeddable":true,"href":"https:\/\/www.fsyougel.com\/es\/wp-json\/wp\/v2\/product_cat?post=1578"},{"taxonomy":"product_tag","embeddable":true,"href":"https:\/\/www.fsyougel.com\/es\/wp-json\/wp\/v2\/product_tag?post=1578"}],"curies":[{"name":"wp","href":"https:\/\/api.w.org\/{rel}","templated":true}]}}