{"id":1602,"date":"2026-01-17T09:37:43","date_gmt":"2026-01-17T09:37:43","guid":{"rendered":"https:\/\/www.fsyougel.com\/?post_type=product&#038;p=1602"},"modified":"2026-01-17T09:58:18","modified_gmt":"2026-01-17T09:58:18","slug":"8-colors-fairy-cat-eye-gel-wholesale","status":"publish","type":"product","link":"https:\/\/www.fsyougel.com\/es\/producto\/8-colors-fairy-cat-eye-gel-wholesale\/","title":{"rendered":"8 Colors Fairy Cat Eye Gel Wholesale, TPO-Free Nail Gel Polish Supplier | YOUGEL"},"content":{"rendered":"<div class=\"wp-block-columns is-layout-flex wp-container-core-columns-is-layout-9d6595d7 wp-block-columns-is-layout-flex\">\n<div class=\"wp-block-column is-layout-flow wp-block-column-is-layout-flow\">\n<h2 class=\"wp-block-heading\">8 Colores Fairy Cat Eye Gel al por mayor Caracter\u00edsticas:<\/h2>\n\n\n\n<ul class=\"wp-block-list\">\n<li><strong>Serie de Ojos de Gato de Hada de 8 Colores:<\/strong> Con colores suaves y de ensue\u00f1o cuidadosamente seleccionados, esta serie presenta un delicado y transl\u00facido efecto de ojos de gato. El estilo general es ligero y sofisticado, por lo que es muy popular entre compradores mayoristas y clientes de salones de belleza.<\/li>\n\n\n\n<li><strong>Efecto magn\u00e9tico delicado y din\u00e1mico:<\/strong> El polvo magn\u00e9tico de alta calidad se distribuye uniformemente, creando f\u00e1cilmente l\u00edneas de ojos de gato definidas y suaves. Garantiza un manejo sencillo y una alta consistencia del producto.<\/li>\n\n\n\n<li><strong>F\u00f3rmula segura sin TPO:<\/strong> Poco oloroso y m\u00e1s suave, cumple las normas de adquisici\u00f3n de productos para u\u00f1as sanas en muchos mercados internacionales, apto para uso comercial a largo plazo.<\/li>\n\n\n\n<li><strong>Fuerte adherencia, larga duraci\u00f3n y no se levanta:<\/strong> Estable y resistente al desgaste tras el curado, no es propenso a la decoloraci\u00f3n ni al agrietamiento, lo que reduce los \u00edndices de repetici\u00f3n de trabajos y los problemas posventa.<\/li>\n\n\n\n<li><strong>Suministro directo de f\u00e1brica, precios al por mayor m\u00e1s competitivos:<\/strong> Nuestra propia l\u00ednea de producci\u00f3n soporta un suministro estable para los compradores al por mayor de 8 colores de gel de ojos de gato de hadas, ayudando a los clientes a reducir eficazmente los costes de adquisici\u00f3n.<\/li>\n\n\n\n<li><strong>Asistencia gratuita para pruebas de muestras:<\/strong> Se pueden solicitar muestras antes de hacer pedidos al por mayor para confirmar de antemano los colores, efectos magn\u00e9ticos y texturas, lo que garantiza una experiencia de compra m\u00e1s despreocupada.<\/li>\n\n\n\n<li><strong>Servicios flexibles de OEM\/personalizaci\u00f3n<\/strong>: Permite personalizar la forma de la botella, el logotipo, el envase y las combinaciones de colores, lo que ayuda a las marcas a crear una serie Fairy Cat Eye diferenciada.<\/li>\n\n\n\n<li><strong>Aplicabilidad multicanal:<\/strong> Adecuado para salones de manicura, venta al por mayor de marcas, comercio electr\u00f3nico y ventas transfronterizas, con un gran potencial de repetici\u00f3n de compra.<\/li>\n<\/ul>\n<\/div>\n\n\n\n<div class=\"wp-block-column is-layout-flow wp-block-column-is-layout-flow\">\n<figure class=\"wp-block-image size-full\"><img decoding=\"async\" width=\"1500\" height=\"1500\" src=\"https:\/\/www.fsyougel.com\/wp-content\/uploads\/2026\/01\/8-Colors-Fairy-Cat-Eye-Gel-Wholesale-Factory-Yougel-5.webp\" alt=\"8 colores de hadas de ojos de gato de gel al por mayor de f\u00e1brica - Yougel (5)\" class=\"wp-image-1583\" srcset=\"https:\/\/www.fsyougel.com\/wp-content\/uploads\/2026\/01\/8-Colors-Fairy-Cat-Eye-Gel-Wholesale-Factory-Yougel-5.webp 1500w, https:\/\/www.fsyougel.com\/wp-content\/uploads\/2026\/01\/8-Colors-Fairy-Cat-Eye-Gel-Wholesale-Factory-Yougel-5-300x300.webp 300w, https:\/\/www.fsyougel.com\/wp-content\/uploads\/2026\/01\/8-Colors-Fairy-Cat-Eye-Gel-Wholesale-Factory-Yougel-5-150x150.webp 150w, https:\/\/www.fsyougel.com\/wp-content\/uploads\/2026\/01\/8-Colors-Fairy-Cat-Eye-Gel-Wholesale-Factory-Yougel-5-768x768.webp 768w, https:\/\/www.fsyougel.com\/wp-content\/uploads\/2026\/01\/8-Colors-Fairy-Cat-Eye-Gel-Wholesale-Factory-Yougel-5-12x12.webp 12w, https:\/\/www.fsyougel.com\/wp-content\/uploads\/2026\/01\/8-Colors-Fairy-Cat-Eye-Gel-Wholesale-Factory-Yougel-5-1200x1200.webp 1200w, https:\/\/www.fsyougel.com\/wp-content\/uploads\/2026\/01\/8-Colors-Fairy-Cat-Eye-Gel-Wholesale-Factory-Yougel-5-600x600.webp 600w, https:\/\/www.fsyougel.com\/wp-content\/uploads\/2026\/01\/8-Colors-Fairy-Cat-Eye-Gel-Wholesale-Factory-Yougel-5-100x100.webp 100w\" sizes=\"(max-width: 1500px) 100vw, 1500px\" \/><\/figure>\n<\/div>\n<\/div>\n\n\n\n<div class=\"wp-block-columns is-layout-flex wp-container-core-columns-is-layout-9d6595d7 wp-block-columns-is-layout-flex\">\n<div class=\"wp-block-column is-layout-flow wp-block-column-is-layout-flow\">\n<figure class=\"wp-block-image size-full\"><img decoding=\"async\" width=\"1500\" height=\"1500\" src=\"https:\/\/www.fsyougel.com\/wp-content\/uploads\/2026\/01\/8-Colors-Fairy-Cat-Eye-Gel-Wholesale-Factory-Yougel-3.webp\" alt=\"8 colores de hadas de ojos de gato de gel al por mayor de f\u00e1brica - Yougel (3)\" class=\"wp-image-1581\" srcset=\"https:\/\/www.fsyougel.com\/wp-content\/uploads\/2026\/01\/8-Colors-Fairy-Cat-Eye-Gel-Wholesale-Factory-Yougel-3.webp 1500w, https:\/\/www.fsyougel.com\/wp-content\/uploads\/2026\/01\/8-Colors-Fairy-Cat-Eye-Gel-Wholesale-Factory-Yougel-3-300x300.webp 300w, https:\/\/www.fsyougel.com\/wp-content\/uploads\/2026\/01\/8-Colors-Fairy-Cat-Eye-Gel-Wholesale-Factory-Yougel-3-150x150.webp 150w, https:\/\/www.fsyougel.com\/wp-content\/uploads\/2026\/01\/8-Colors-Fairy-Cat-Eye-Gel-Wholesale-Factory-Yougel-3-768x768.webp 768w, https:\/\/www.fsyougel.com\/wp-content\/uploads\/2026\/01\/8-Colors-Fairy-Cat-Eye-Gel-Wholesale-Factory-Yougel-3-12x12.webp 12w, https:\/\/www.fsyougel.com\/wp-content\/uploads\/2026\/01\/8-Colors-Fairy-Cat-Eye-Gel-Wholesale-Factory-Yougel-3-1200x1200.webp 1200w, https:\/\/www.fsyougel.com\/wp-content\/uploads\/2026\/01\/8-Colors-Fairy-Cat-Eye-Gel-Wholesale-Factory-Yougel-3-600x600.webp 600w, https:\/\/www.fsyougel.com\/wp-content\/uploads\/2026\/01\/8-Colors-Fairy-Cat-Eye-Gel-Wholesale-Factory-Yougel-3-100x100.webp 100w\" sizes=\"(max-width: 1500px) 100vw, 1500px\" \/><\/figure>\n<\/div>\n\n\n\n<div class=\"wp-block-column is-layout-flow wp-block-column-is-layout-flow\">\n<figure class=\"wp-block-image size-full\"><img decoding=\"async\" width=\"1500\" height=\"1500\" src=\"https:\/\/www.fsyougel.com\/wp-content\/uploads\/2026\/01\/8-Colors-Fairy-Cat-Eye-Gel-Wholesale-Factory-Yougel-2.webp\" alt=\"8 colores de hadas de ojos de gato de gel al por mayor de f\u00e1brica - Yougel (2)\" class=\"wp-image-1580\" srcset=\"https:\/\/www.fsyougel.com\/wp-content\/uploads\/2026\/01\/8-Colors-Fairy-Cat-Eye-Gel-Wholesale-Factory-Yougel-2.webp 1500w, https:\/\/www.fsyougel.com\/wp-content\/uploads\/2026\/01\/8-Colors-Fairy-Cat-Eye-Gel-Wholesale-Factory-Yougel-2-300x300.webp 300w, https:\/\/www.fsyougel.com\/wp-content\/uploads\/2026\/01\/8-Colors-Fairy-Cat-Eye-Gel-Wholesale-Factory-Yougel-2-150x150.webp 150w, https:\/\/www.fsyougel.com\/wp-content\/uploads\/2026\/01\/8-Colors-Fairy-Cat-Eye-Gel-Wholesale-Factory-Yougel-2-768x768.webp 768w, https:\/\/www.fsyougel.com\/wp-content\/uploads\/2026\/01\/8-Colors-Fairy-Cat-Eye-Gel-Wholesale-Factory-Yougel-2-12x12.webp 12w, https:\/\/www.fsyougel.com\/wp-content\/uploads\/2026\/01\/8-Colors-Fairy-Cat-Eye-Gel-Wholesale-Factory-Yougel-2-1200x1200.webp 1200w, https:\/\/www.fsyougel.com\/wp-content\/uploads\/2026\/01\/8-Colors-Fairy-Cat-Eye-Gel-Wholesale-Factory-Yougel-2-600x600.webp 600w, https:\/\/www.fsyougel.com\/wp-content\/uploads\/2026\/01\/8-Colors-Fairy-Cat-Eye-Gel-Wholesale-Factory-Yougel-2-100x100.webp 100w\" sizes=\"(max-width: 1500px) 100vw, 1500px\" \/><\/figure>\n<\/div>\n<\/div>\n\n\n\n<p><\/p>","protected":false},"excerpt":{"rendered":"<p data-start=\"398\" data-end=\"682\">Bienvenido a comprar nuestro gel de ojos de gato de 8 colores al por mayor con un brillo magn\u00e9tico de ensue\u00f1o y una f\u00f3rmula segura sin TPO. Precios al por mayor directos de f\u00e1brica, muestras gratuitas, calidad constante y soporte OEM para salones y marcas de u\u00f1as de todo el mundo.<\/p>\n<table border=\"0\" width=\"854\" cellspacing=\"0\" cellpadding=\"0\">\n<tbody>\n<tr>\n<td class=\"et3\" width=\"257\" height=\"44\">Marca<\/td>\n<td class=\"et3\" width=\"597\">YouGel<\/td>\n<\/tr>\n<tr>\n<td class=\"et4\" width=\"257\" height=\"44\">N\u00famero de modelo<\/td>\n<td class=\"et4\" width=\"597\">25CG01<\/td>\n<\/tr>\n<tr>\n<td class=\"et4\" width=\"257\" height=\"44\">Tipo de producto<\/td>\n<td class=\"et4\" width=\"597\">Esmalte en gel UV\/LED remojable<\/td>\n<\/tr>\n<tr>\n<td class=\"et4\" width=\"257\" height=\"44\">Material<\/td>\n<td class=\"et4\" width=\"597\">Resina<\/td>\n<\/tr>\n<tr>\n<td class=\"et4\" width=\"257\" height=\"44\">Color<\/td>\n<td class=\"et4\" width=\"597\">8 Colores<\/td>\n<\/tr>\n<tr>\n<td class=\"et4\" width=\"257\" height=\"44\">Volumen<\/td>\n<td class=\"et4\" width=\"597\">15 ml<\/td>\n<\/tr>\n<tr>\n<td class=\"et4\" width=\"257\" height=\"44\">Seguridad<\/td>\n<td class=\"et4\" width=\"597\">Sin HEMA, sin TPO, no t\u00f3xico, MSDS disponible<\/td>\n<\/tr>\n<tr>\n<td class=\"et4\" width=\"257\" height=\"44\">MOQ<\/td>\n<td class=\"et4\" width=\"597\">MOQ bajo<\/td>\n<\/tr>\n<tr>\n<td class=\"et4\" width=\"257\" height=\"44\">Muestra gratuita<\/td>\n<td class=\"et4\" width=\"597\">Disponible<\/td>\n<\/tr>\n<tr>\n<td class=\"et4\" width=\"257\" height=\"82\">Opci\u00f3n personalizada<\/td>\n<td class=\"et4\" width=\"597\">Servicios OEM\/ODM, logotipos, etiquetas y embalajes personalizados<\/td>\n<\/tr>\n<\/tbody>\n<\/table>\n<h2 class=\"brxe-heading\">Del fabricante del esmalte en gel<\/h2>\n<p><a href=\"https:\/\/www.fsyougel.com\/es\/\"><strong>YouGel<\/strong><\/a> es un fabricante de esmaltes de gel de confianza que ofrece bases de gel de alta calidad adecuadas para u\u00f1as UV\/LED. Nuestros productos est\u00e1n dise\u00f1ados para garantizar una aplicaci\u00f3n suave, una larga duraci\u00f3n y un f\u00e1cil secado.<\/p>","protected":false},"featured_media":1581,"comment_status":"closed","ping_status":"closed","template":"","meta":{"_acf_changed":false},"product_brand":[],"product_cat":[19,28,27],"product_tag":[],"class_list":{"0":"post-1602","1":"product","2":"type-product","3":"status-publish","4":"has-post-thumbnail","6":"product_cat-gel-polish-color-wholesale","7":"product_cat-cat-eye-gel-supplier","8":"product_cat-new-gel-polish-collection","10":"first","11":"instock","12":"shipping-taxable","13":"product-type-simple"},"acf":[],"_links":{"self":[{"href":"https:\/\/www.fsyougel.com\/es\/wp-json\/wp\/v2\/product\/1602","targetHints":{"allow":["GET"]}}],"collection":[{"href":"https:\/\/www.fsyougel.com\/es\/wp-json\/wp\/v2\/product"}],"about":[{"href":"https:\/\/www.fsyougel.com\/es\/wp-json\/wp\/v2\/types\/product"}],"replies":[{"embeddable":true,"href":"https:\/\/www.fsyougel.com\/es\/wp-json\/wp\/v2\/comments?post=1602"}],"wp:featuredmedia":[{"embeddable":true,"href":"https:\/\/www.fsyougel.com\/es\/wp-json\/wp\/v2\/media\/1581"}],"wp:attachment":[{"href":"https:\/\/www.fsyougel.com\/es\/wp-json\/wp\/v2\/media?parent=1602"}],"wp:term":[{"taxonomy":"product_brand","embeddable":true,"href":"https:\/\/www.fsyougel.com\/es\/wp-json\/wp\/v2\/product_brand?post=1602"},{"taxonomy":"product_cat","embeddable":true,"href":"https:\/\/www.fsyougel.com\/es\/wp-json\/wp\/v2\/product_cat?post=1602"},{"taxonomy":"product_tag","embeddable":true,"href":"https:\/\/www.fsyougel.com\/es\/wp-json\/wp\/v2\/product_tag?post=1602"}],"curies":[{"name":"wp","href":"https:\/\/api.w.org\/{rel}","templated":true}]}}