{"id":1654,"date":"2026-03-13T11:19:50","date_gmt":"2026-03-13T11:19:50","guid":{"rendered":"https:\/\/www.fsyougel.com\/?post_type=product&#038;p=1654"},"modified":"2026-03-13T11:30:57","modified_gmt":"2026-03-13T11:30:57","slug":"custom-15ml-gel-polish-colors","status":"publish","type":"product","link":"https:\/\/www.fsyougel.com\/es\/producto\/custom-15ml-gel-polish-colors\/","title":{"rendered":"Custom 15ml Gel Polish Colors Proveedor, New Arrivals 36 Colors Gel Nail Polish Factory"},"content":{"rendered":"<div class=\"wp-block-columns is-layout-flex wp-container-core-columns-is-layout-9d6595d7 wp-block-columns-is-layout-flex\">\n<div class=\"wp-block-column is-layout-flow wp-block-column-is-layout-flow\">\n<h2 class=\"wp-block-heading\">Caracter\u00edsticas de los colores de esmaltes en gel al por mayor:<\/h2>\n\n\n\n<ul class=\"wp-block-list\">\n<li><strong>Nueva colecci\u00f3n de 36 colores:<\/strong> Cada frasco contiene 15 ml de esmalte en gel de pigmentaci\u00f3n rica y uniforme, con tonos populares como desnudos, rosas, colores gelatinosos y tonos brillantes para satisfacer las diversas necesidades de los salones y clientes de marca que buscan un proveedor de colores de esmalte en gel de 15 ml personalizados.<\/li>\n\n\n\n<li><strong>Suave y f\u00e1cil de aplicar:<\/strong> Con una textura fina y suave, el esmalte se desliza sin formar grumos ni bolitas, por lo que es ideal para que tanto los principiantes como los t\u00e9cnicos de u\u00f1as profesionales trabajen de forma r\u00e1pida y eficaz.<\/li>\n\n\n\n<li><strong>Alta adherencia y durabilidad:<\/strong> Una vez curado, el acabado es estable y resistente al levantamiento, el agrietamiento o la decoloraci\u00f3n, lo que garantiza un brillo duradero y reduce al m\u00ednimo la necesidad de retoques o problemas posventa.<\/li>\n\n\n\n<li><strong>F\u00f3rmula segura sin TPO<\/strong>: F\u00f3rmula suave y de bajo olor que cumple las normas internacionales para el cuidado saludable de las u\u00f1as, garantizando la ausencia de irritaci\u00f3n incluso con un uso prolongado.<\/li>\n\n\n\n<li><strong>Suministro directo de f\u00e1brica con importantes ventajas de precio:<\/strong> Con nuestras propias l\u00edneas de producci\u00f3n, apoyamos el suministro a granel de colores de esmalte en gel de 15 ml personalizados, ayudando a los compradores a controlar los costes y aumentar los m\u00e1rgenes de beneficio.<\/li>\n\n\n\n<li><strong>Muestras gratuitas disponibles:<\/strong> Solicite muestras antes de realizar un pedido para verificar el color, la textura y la adherencia, y asegurarse una experiencia de compra sin preocupaciones.<\/li>\n\n\n\n<li><strong>Gran capacidad de personalizaci\u00f3n OEM\/ODM:<\/strong> Admitimos la personalizaci\u00f3n de formas de botellas, logotipos, envases y combinaciones de colores, lo que ayuda a las marcas a lanzar r\u00e1pidamente colecciones exclusivas.<\/li>\n\n\n\n<li><strong>Apto para varios canales:<\/strong> Ideal para salones de manicura, mayoristas de marcas, comercio electr\u00f3nico y ventas transfronterizas. Con altas tasas de recompra, facilita la expansi\u00f3n a mercados globales.<\/li>\n<\/ul>\n<\/div>\n\n\n\n<div class=\"wp-block-column is-layout-flow wp-block-column-is-layout-flow\">\n<figure class=\"wp-block-image size-full\"><img decoding=\"async\" width=\"1500\" height=\"1500\" src=\"https:\/\/www.fsyougel.com\/wp-content\/uploads\/2026\/03\/Custom-15ml-Gel-Polish-Colors-Supplier-36-colors-6.webp\" alt=\"Custom 15ml Gel Polish Colores Proveedor - 36-colores (6)\" class=\"wp-image-1660\" srcset=\"https:\/\/www.fsyougel.com\/wp-content\/uploads\/2026\/03\/Custom-15ml-Gel-Polish-Colors-Supplier-36-colors-6.webp 1500w, https:\/\/www.fsyougel.com\/wp-content\/uploads\/2026\/03\/Custom-15ml-Gel-Polish-Colors-Supplier-36-colors-6-300x300.webp 300w, https:\/\/www.fsyougel.com\/wp-content\/uploads\/2026\/03\/Custom-15ml-Gel-Polish-Colors-Supplier-36-colors-6-150x150.webp 150w, https:\/\/www.fsyougel.com\/wp-content\/uploads\/2026\/03\/Custom-15ml-Gel-Polish-Colors-Supplier-36-colors-6-768x768.webp 768w, https:\/\/www.fsyougel.com\/wp-content\/uploads\/2026\/03\/Custom-15ml-Gel-Polish-Colors-Supplier-36-colors-6-12x12.webp 12w, https:\/\/www.fsyougel.com\/wp-content\/uploads\/2026\/03\/Custom-15ml-Gel-Polish-Colors-Supplier-36-colors-6-1200x1200.webp 1200w, https:\/\/www.fsyougel.com\/wp-content\/uploads\/2026\/03\/Custom-15ml-Gel-Polish-Colors-Supplier-36-colors-6-600x600.webp 600w, https:\/\/www.fsyougel.com\/wp-content\/uploads\/2026\/03\/Custom-15ml-Gel-Polish-Colors-Supplier-36-colors-6-100x100.webp 100w\" sizes=\"(max-width: 1500px) 100vw, 1500px\" \/><\/figure>\n<\/div>\n<\/div>\n\n\n\n<div class=\"wp-block-columns is-layout-flex wp-container-core-columns-is-layout-9d6595d7 wp-block-columns-is-layout-flex\">\n<div class=\"wp-block-column is-layout-flow wp-block-column-is-layout-flow\">\n<figure class=\"wp-block-image size-full\"><img decoding=\"async\" width=\"2048\" height=\"2048\" src=\"https:\/\/www.fsyougel.com\/wp-content\/uploads\/2026\/03\/Custom-15ml-Gel-Polish-Colors-Supplier-36-colors-4.webp\" alt=\"Custom 15ml Gel Polish Colores Proveedor - 36-colores (4)\" class=\"wp-image-1658\" srcset=\"https:\/\/www.fsyougel.com\/wp-content\/uploads\/2026\/03\/Custom-15ml-Gel-Polish-Colors-Supplier-36-colors-4.webp 2048w, https:\/\/www.fsyougel.com\/wp-content\/uploads\/2026\/03\/Custom-15ml-Gel-Polish-Colors-Supplier-36-colors-4-300x300.webp 300w, https:\/\/www.fsyougel.com\/wp-content\/uploads\/2026\/03\/Custom-15ml-Gel-Polish-Colors-Supplier-36-colors-4-150x150.webp 150w, https:\/\/www.fsyougel.com\/wp-content\/uploads\/2026\/03\/Custom-15ml-Gel-Polish-Colors-Supplier-36-colors-4-768x768.webp 768w, https:\/\/www.fsyougel.com\/wp-content\/uploads\/2026\/03\/Custom-15ml-Gel-Polish-Colors-Supplier-36-colors-4-12x12.webp 12w, https:\/\/www.fsyougel.com\/wp-content\/uploads\/2026\/03\/Custom-15ml-Gel-Polish-Colors-Supplier-36-colors-4-1200x1200.webp 1200w, https:\/\/www.fsyougel.com\/wp-content\/uploads\/2026\/03\/Custom-15ml-Gel-Polish-Colors-Supplier-36-colors-4-600x600.webp 600w, https:\/\/www.fsyougel.com\/wp-content\/uploads\/2026\/03\/Custom-15ml-Gel-Polish-Colors-Supplier-36-colors-4-100x100.webp 100w\" sizes=\"(max-width: 2048px) 100vw, 2048px\" \/><\/figure>\n<\/div>\n\n\n\n<div class=\"wp-block-column is-layout-flow wp-block-column-is-layout-flow\">\n<figure class=\"wp-block-image size-full\"><img decoding=\"async\" width=\"2048\" height=\"2048\" src=\"https:\/\/www.fsyougel.com\/wp-content\/uploads\/2026\/03\/Custom-15ml-Gel-Polish-Colors-Supplier-36-colors-2.webp\" alt=\"Custom 15ml Gel Polish Colores Proveedor - 36-colores (2)\" class=\"wp-image-1656\" srcset=\"https:\/\/www.fsyougel.com\/wp-content\/uploads\/2026\/03\/Custom-15ml-Gel-Polish-Colors-Supplier-36-colors-2.webp 2048w, https:\/\/www.fsyougel.com\/wp-content\/uploads\/2026\/03\/Custom-15ml-Gel-Polish-Colors-Supplier-36-colors-2-300x300.webp 300w, https:\/\/www.fsyougel.com\/wp-content\/uploads\/2026\/03\/Custom-15ml-Gel-Polish-Colors-Supplier-36-colors-2-150x150.webp 150w, https:\/\/www.fsyougel.com\/wp-content\/uploads\/2026\/03\/Custom-15ml-Gel-Polish-Colors-Supplier-36-colors-2-768x768.webp 768w, https:\/\/www.fsyougel.com\/wp-content\/uploads\/2026\/03\/Custom-15ml-Gel-Polish-Colors-Supplier-36-colors-2-12x12.webp 12w, https:\/\/www.fsyougel.com\/wp-content\/uploads\/2026\/03\/Custom-15ml-Gel-Polish-Colors-Supplier-36-colors-2-1200x1200.webp 1200w, https:\/\/www.fsyougel.com\/wp-content\/uploads\/2026\/03\/Custom-15ml-Gel-Polish-Colors-Supplier-36-colors-2-600x600.webp 600w, https:\/\/www.fsyougel.com\/wp-content\/uploads\/2026\/03\/Custom-15ml-Gel-Polish-Colors-Supplier-36-colors-2-100x100.webp 100w\" sizes=\"(max-width: 2048px) 100vw, 2048px\" \/><\/figure>\n<\/div>\n<\/div>\n\n\n\n<p><\/p>","protected":false},"excerpt":{"rendered":"<p>Bienvenido a comprar nuestra costumbre 15ml esmalte de gel de colores proveedor con 36 nuevos tonos con f\u00f3rmula suave y de larga duraci\u00f3n. Suministro directo de f\u00e1brica con precios al por mayor competitivos, muestras gratuitas y soporte OEM profesional para salones de manicura y marcas globales.<\/p>\n<table border=\"0\" width=\"854\" cellspacing=\"0\" cellpadding=\"0\">\n<tbody>\n<tr>\n<td width=\"257\" height=\"44\">Marca<\/td>\n<td width=\"597\">YouGel<\/td>\n<\/tr>\n<tr>\n<td width=\"257\" height=\"44\">N\u00famero de modelo<\/td>\n<td width=\"597\">S202<\/td>\n<\/tr>\n<tr>\n<td width=\"257\" height=\"44\">Tipo de producto<\/td>\n<td width=\"597\">Soak-Off UV\/LED<\/td>\n<\/tr>\n<tr>\n<td width=\"257\" height=\"44\">Material<\/td>\n<td width=\"597\">Resina<\/td>\n<\/tr>\n<tr>\n<td width=\"257\" height=\"44\">Color<\/td>\n<td width=\"597\">\u00a036 colores opcionales<\/td>\n<\/tr>\n<tr>\n<td width=\"257\" height=\"44\">Volumen<\/td>\n<td width=\"597\">15 ml<\/td>\n<\/tr>\n<tr>\n<td width=\"257\" height=\"44\">\n<p>Seguridad<\/p>\n<\/td>\n<td width=\"597\">\n<p>Sin HEMA, sin TPO, <span style=\"font-family: inherit; font-size: inherit;\">No t\u00f3xico, MSDS disponible<\/span><\/p>\n<\/td>\n<\/tr>\n<tr>\n<td width=\"257\" height=\"44\">MOQ<\/td>\n<td width=\"597\">MOQ bajo<\/td>\n<\/tr>\n<tr>\n<td width=\"257\" height=\"44\">Muestra gratuita<\/td>\n<td width=\"597\">Disponible<\/td>\n<\/tr>\n<tr>\n<td width=\"257\" height=\"82\">Opci\u00f3n personalizada<\/td>\n<td width=\"597\">Servicios OEM\/ODM, logotipos, etiquetas y embalajes personalizados<\/td>\n<\/tr>\n<\/tbody>\n<\/table>\n<h2 class=\"brxe-heading\">Del fabricante del esmalte en gel<\/h2>\n<p><a href=\"https:\/\/www.fsyougel.com\/es\/\"><span style=\"color: #ff99cc;\"><strong>YouGel<\/strong><\/span><\/a> es un fabricante de esmaltes de gel de confianza que ofrece bases de gel de alta calidad adecuadas para u\u00f1as UV\/LED. Nuestros productos est\u00e1n dise\u00f1ados para garantizar una aplicaci\u00f3n suave, una larga duraci\u00f3n y un f\u00e1cil secado.<\/p>","protected":false},"featured_media":1655,"comment_status":"closed","ping_status":"closed","template":"","meta":{"_acf_changed":false},"product_brand":[],"product_cat":[19,27],"product_tag":[],"class_list":{"0":"post-1654","1":"product","2":"type-product","3":"status-publish","4":"has-post-thumbnail","6":"product_cat-gel-polish-color-wholesale","7":"product_cat-new-gel-polish-collection","9":"first","10":"instock","11":"shipping-taxable","12":"product-type-simple"},"acf":[],"_links":{"self":[{"href":"https:\/\/www.fsyougel.com\/es\/wp-json\/wp\/v2\/product\/1654","targetHints":{"allow":["GET"]}}],"collection":[{"href":"https:\/\/www.fsyougel.com\/es\/wp-json\/wp\/v2\/product"}],"about":[{"href":"https:\/\/www.fsyougel.com\/es\/wp-json\/wp\/v2\/types\/product"}],"replies":[{"embeddable":true,"href":"https:\/\/www.fsyougel.com\/es\/wp-json\/wp\/v2\/comments?post=1654"}],"wp:featuredmedia":[{"embeddable":true,"href":"https:\/\/www.fsyougel.com\/es\/wp-json\/wp\/v2\/media\/1655"}],"wp:attachment":[{"href":"https:\/\/www.fsyougel.com\/es\/wp-json\/wp\/v2\/media?parent=1654"}],"wp:term":[{"taxonomy":"product_brand","embeddable":true,"href":"https:\/\/www.fsyougel.com\/es\/wp-json\/wp\/v2\/product_brand?post=1654"},{"taxonomy":"product_cat","embeddable":true,"href":"https:\/\/www.fsyougel.com\/es\/wp-json\/wp\/v2\/product_cat?post=1654"},{"taxonomy":"product_tag","embeddable":true,"href":"https:\/\/www.fsyougel.com\/es\/wp-json\/wp\/v2\/product_tag?post=1654"}],"curies":[{"name":"wp","href":"https:\/\/api.w.org\/{rel}","templated":true}]}}