{"id":1661,"date":"2026-03-14T01:12:42","date_gmt":"2026-03-14T01:12:42","guid":{"rendered":"https:\/\/www.fsyougel.com\/?post_type=product&#038;p=1661"},"modified":"2026-03-14T01:58:18","modified_gmt":"2026-03-14T01:58:18","slug":"yougel-gel-nail-polish-colors-for-fall","status":"publish","type":"product","link":"https:\/\/www.fsyougel.com\/es\/producto\/yougel-gel-nail-polish-colors-for-fall\/","title":{"rendered":"Yougel Gel Nail Polish Colors for Fall, 15ml New Arrivals 36 Colors Gel Polish Factory"},"content":{"rendered":"<div class=\"wp-block-columns is-layout-flex wp-container-core-columns-is-layout-9d6595d7 wp-block-columns-is-layout-flex\">\n<div class=\"wp-block-column is-layout-flow wp-block-column-is-layout-flow\">\n<h2 class=\"wp-block-heading\">Yougel Gel Nail Polish Colors for Fall Caracter\u00edsticas:<\/h2>\n\n\n\n<ul class=\"wp-block-list\">\n<li><strong>Colecci\u00f3n de tendencias de oto\u00f1o de 36 colores:<\/strong> Con una cuidada selecci\u00f3n de tendencias de oto\u00f1o e invierno como el marr\u00f3n caramelo, el burdeos, el naranja calabaza y los tonos t\u00e9 con leche, esta colecci\u00f3n ofrece una paleta de colores c\u00e1lida y sofisticada que resulta perfecta para crear la serie de colores de esmalte de u\u00f1as de gel Yougel para la temporada de oto\u00f1o.<\/li>\n\n\n\n<li><strong>Dise\u00f1o de gran capacidad de 15 ml:<\/strong> Cada frasco contiene 15 ml, por lo que es ideal para el uso frecuente en salones y ventas al por mayor. Ofrece una excelente relaci\u00f3n calidad-precio, realzando el valor de compra.<\/li>\n\n\n\n<li><strong>F\u00f3rmula suave y f\u00e1cil de aplicar: <\/strong>El gel tiene una textura fina y suave que se aplica uniformemente sin apelmazar, proporcionando una alta intensidad de color para ayudar a los t\u00e9cnicos de u\u00f1as a crear dise\u00f1os de alta calidad sin esfuerzo.<\/li>\n\n\n\n<li><strong>Duradero y resistente a las astillas: <\/strong>Una vez curado, se adhiere con fuerza, manteniendo un brillo duradero sin decolorarse ni agrietarse, lo que reduce la necesidad de retoques.<\/li>\n\n\n\n<li><strong>Ventaja de precios directos de f\u00e1brica: <\/strong>Como fabricante profesional, ofrecemos una capacidad de producci\u00f3n estable y precios al por mayor competitivos, ideales para la compra al por mayor de esmaltes de u\u00f1as de gel Yougel de colores para oto\u00f1o.<\/li>\n\n\n\n<li><strong>Pruebas de muestras gratuitas disponibles: <\/strong>Solicite muestras antes de realizar un pedido para comprobar el color, la textura y la pigmentaci\u00f3n de antemano, lo que le garantizar\u00e1 una experiencia de compra sin preocupaciones.<\/li>\n\n\n\n<li><strong>Servicios de personalizaci\u00f3n OEM\/ODM:<\/strong> Admitimos la personalizaci\u00f3n de las formas de los frascos, logotipos, envases y combinaciones de colores para ayudar a los clientes a crear sus propias colecciones exclusivas de esmaltes de u\u00f1as de oto\u00f1o.<\/li>\n\n\n\n<li><strong>Compatibilidad con ventas multicanal: <\/strong>Ideal para salones de manicura, mayoristas de marcas, plataformas de comercio electr\u00f3nico y mercados transfronterizos, con un alto potencial de ventas durante las temporadas de oto\u00f1o e invierno.<\/li>\n<\/ul>\n<\/div>\n\n\n\n<div class=\"wp-block-column is-layout-flow wp-block-column-is-layout-flow\">\n<figure class=\"wp-block-image size-full\"><img decoding=\"async\" width=\"2048\" height=\"2048\" src=\"https:\/\/www.fsyougel.com\/wp-content\/uploads\/2026\/03\/Yougel-Gel-Nail-Polish-Colors-for-Fall.webp\" alt=\"Colores de esmalte de u\u00f1as de gel Yougel para el oto\u00f1o\" class=\"wp-image-1666\" srcset=\"https:\/\/www.fsyougel.com\/wp-content\/uploads\/2026\/03\/Yougel-Gel-Nail-Polish-Colors-for-Fall.webp 2048w, https:\/\/www.fsyougel.com\/wp-content\/uploads\/2026\/03\/Yougel-Gel-Nail-Polish-Colors-for-Fall-300x300.webp 300w, https:\/\/www.fsyougel.com\/wp-content\/uploads\/2026\/03\/Yougel-Gel-Nail-Polish-Colors-for-Fall-150x150.webp 150w, https:\/\/www.fsyougel.com\/wp-content\/uploads\/2026\/03\/Yougel-Gel-Nail-Polish-Colors-for-Fall-768x768.webp 768w, https:\/\/www.fsyougel.com\/wp-content\/uploads\/2026\/03\/Yougel-Gel-Nail-Polish-Colors-for-Fall-12x12.webp 12w, https:\/\/www.fsyougel.com\/wp-content\/uploads\/2026\/03\/Yougel-Gel-Nail-Polish-Colors-for-Fall-1200x1200.webp 1200w, https:\/\/www.fsyougel.com\/wp-content\/uploads\/2026\/03\/Yougel-Gel-Nail-Polish-Colors-for-Fall-600x600.webp 600w, https:\/\/www.fsyougel.com\/wp-content\/uploads\/2026\/03\/Yougel-Gel-Nail-Polish-Colors-for-Fall-100x100.webp 100w\" sizes=\"(max-width: 2048px) 100vw, 2048px\" \/><\/figure>\n<\/div>\n<\/div>\n\n\n\n<div class=\"wp-block-columns is-layout-flex wp-container-core-columns-is-layout-9d6595d7 wp-block-columns-is-layout-flex\">\n<div class=\"wp-block-column is-layout-flow wp-block-column-is-layout-flow\">\n<figure class=\"wp-block-image size-full\"><img decoding=\"async\" width=\"1500\" height=\"1500\" src=\"https:\/\/www.fsyougel.com\/wp-content\/uploads\/2026\/03\/Yougel-Gel-Nail-Polish-Colors-for-Fall-2.webp\" alt=\"Colores de esmalte de u\u00f1as permanente Yougel para oto\u00f1o (2)\" class=\"wp-image-1662\" srcset=\"https:\/\/www.fsyougel.com\/wp-content\/uploads\/2026\/03\/Yougel-Gel-Nail-Polish-Colors-for-Fall-2.webp 1500w, https:\/\/www.fsyougel.com\/wp-content\/uploads\/2026\/03\/Yougel-Gel-Nail-Polish-Colors-for-Fall-2-300x300.webp 300w, https:\/\/www.fsyougel.com\/wp-content\/uploads\/2026\/03\/Yougel-Gel-Nail-Polish-Colors-for-Fall-2-150x150.webp 150w, https:\/\/www.fsyougel.com\/wp-content\/uploads\/2026\/03\/Yougel-Gel-Nail-Polish-Colors-for-Fall-2-768x768.webp 768w, https:\/\/www.fsyougel.com\/wp-content\/uploads\/2026\/03\/Yougel-Gel-Nail-Polish-Colors-for-Fall-2-12x12.webp 12w, https:\/\/www.fsyougel.com\/wp-content\/uploads\/2026\/03\/Yougel-Gel-Nail-Polish-Colors-for-Fall-2-1200x1200.webp 1200w, https:\/\/www.fsyougel.com\/wp-content\/uploads\/2026\/03\/Yougel-Gel-Nail-Polish-Colors-for-Fall-2-600x600.webp 600w, https:\/\/www.fsyougel.com\/wp-content\/uploads\/2026\/03\/Yougel-Gel-Nail-Polish-Colors-for-Fall-2-100x100.webp 100w\" sizes=\"(max-width: 1500px) 100vw, 1500px\" \/><\/figure>\n<\/div>\n\n\n\n<div class=\"wp-block-column is-layout-flow wp-block-column-is-layout-flow\">\n<figure class=\"wp-block-image size-full\"><img decoding=\"async\" width=\"1500\" height=\"1500\" src=\"https:\/\/www.fsyougel.com\/wp-content\/uploads\/2026\/03\/Yougel-Gel-Nail-Polish-Colors-for-Fall-3.webp\" alt=\"Colores de esmalte de u\u00f1as permanente Yougel para oto\u00f1o (3)\" class=\"wp-image-1663\" srcset=\"https:\/\/www.fsyougel.com\/wp-content\/uploads\/2026\/03\/Yougel-Gel-Nail-Polish-Colors-for-Fall-3.webp 1500w, https:\/\/www.fsyougel.com\/wp-content\/uploads\/2026\/03\/Yougel-Gel-Nail-Polish-Colors-for-Fall-3-300x300.webp 300w, https:\/\/www.fsyougel.com\/wp-content\/uploads\/2026\/03\/Yougel-Gel-Nail-Polish-Colors-for-Fall-3-150x150.webp 150w, https:\/\/www.fsyougel.com\/wp-content\/uploads\/2026\/03\/Yougel-Gel-Nail-Polish-Colors-for-Fall-3-768x768.webp 768w, https:\/\/www.fsyougel.com\/wp-content\/uploads\/2026\/03\/Yougel-Gel-Nail-Polish-Colors-for-Fall-3-12x12.webp 12w, https:\/\/www.fsyougel.com\/wp-content\/uploads\/2026\/03\/Yougel-Gel-Nail-Polish-Colors-for-Fall-3-1200x1200.webp 1200w, https:\/\/www.fsyougel.com\/wp-content\/uploads\/2026\/03\/Yougel-Gel-Nail-Polish-Colors-for-Fall-3-600x600.webp 600w, https:\/\/www.fsyougel.com\/wp-content\/uploads\/2026\/03\/Yougel-Gel-Nail-Polish-Colors-for-Fall-3-100x100.webp 100w\" sizes=\"(max-width: 1500px) 100vw, 1500px\" \/><\/figure>\n<\/div>\n<\/div>\n\n\n\n<p><\/p>","protected":false},"excerpt":{"rendered":"<p>Bienvenido a comprar nuestros colores de esmalte de u\u00f1as de gel Yougel para el oto\u00f1o con 36 tonos de temporada de moda en botellas de 15 ml. El suministro directo de f\u00e1brica ofrece precios al por mayor competitivos, muestras gratuitas, calidad constante y soporte OEM para salones y marcas de u\u00f1as de todo el mundo.<\/p>\n<table border=\"0\" width=\"854\" cellspacing=\"0\" cellpadding=\"0\">\n<tbody>\n<tr>\n<td width=\"257\" height=\"44\">Marca<\/td>\n<td width=\"597\">YouGel<\/td>\n<\/tr>\n<tr>\n<td width=\"257\" height=\"44\">N\u00famero de modelo<\/td>\n<td width=\"597\">S202<\/td>\n<\/tr>\n<tr>\n<td width=\"257\" height=\"44\">Tipo de producto<\/td>\n<td width=\"597\">Soak-Off UV\/LED<\/td>\n<\/tr>\n<tr>\n<td width=\"257\" height=\"44\">Material<\/td>\n<td width=\"597\">Resina<\/td>\n<\/tr>\n<tr>\n<td width=\"257\" height=\"44\">Color<\/td>\n<td width=\"597\">\u00a036 colores opcionales<\/td>\n<\/tr>\n<tr>\n<td width=\"257\" height=\"44\">Volumen<\/td>\n<td width=\"597\">15 ml<\/td>\n<\/tr>\n<tr>\n<td width=\"257\" height=\"44\">\n<p>Seguridad<\/p>\n<\/td>\n<td width=\"597\">\n<p>Sin HEMA, sin TPO, <span style=\"font-family: inherit; font-size: inherit;\">No t\u00f3xico, MSDS disponible<\/span><\/p>\n<\/td>\n<\/tr>\n<tr>\n<td width=\"257\" height=\"44\">MOQ<\/td>\n<td width=\"597\">MOQ bajo<\/td>\n<\/tr>\n<tr>\n<td width=\"257\" height=\"44\">Muestra gratuita<\/td>\n<td width=\"597\">Disponible<\/td>\n<\/tr>\n<tr>\n<td width=\"257\" height=\"82\">Opci\u00f3n personalizada<\/td>\n<td width=\"597\">Servicios OEM\/ODM, logotipos, etiquetas y embalajes personalizados<\/td>\n<\/tr>\n<\/tbody>\n<\/table>\n<h2 class=\"brxe-heading\">Del fabricante del esmalte en gel<\/h2>\n<p><a href=\"https:\/\/www.fsyougel.com\/es\/\"><span style=\"color: #ff99cc;\"><strong>YouGel<\/strong><\/span><\/a> es un fabricante de esmaltes de gel de confianza que ofrece bases de gel de alta calidad adecuadas para u\u00f1as UV\/LED. Nuestros productos est\u00e1n dise\u00f1ados para garantizar una aplicaci\u00f3n suave, una larga duraci\u00f3n y un f\u00e1cil secado.<\/p>","protected":false},"featured_media":1667,"comment_status":"closed","ping_status":"closed","template":"","meta":{"_acf_changed":false},"product_brand":[],"product_cat":[19,27],"product_tag":[],"class_list":{"0":"post-1661","1":"product","2":"type-product","3":"status-publish","4":"has-post-thumbnail","6":"product_cat-gel-polish-color-wholesale","7":"product_cat-new-gel-polish-collection","9":"first","10":"instock","11":"shipping-taxable","12":"product-type-simple"},"acf":[],"_links":{"self":[{"href":"https:\/\/www.fsyougel.com\/es\/wp-json\/wp\/v2\/product\/1661","targetHints":{"allow":["GET"]}}],"collection":[{"href":"https:\/\/www.fsyougel.com\/es\/wp-json\/wp\/v2\/product"}],"about":[{"href":"https:\/\/www.fsyougel.com\/es\/wp-json\/wp\/v2\/types\/product"}],"replies":[{"embeddable":true,"href":"https:\/\/www.fsyougel.com\/es\/wp-json\/wp\/v2\/comments?post=1661"}],"wp:featuredmedia":[{"embeddable":true,"href":"https:\/\/www.fsyougel.com\/es\/wp-json\/wp\/v2\/media\/1667"}],"wp:attachment":[{"href":"https:\/\/www.fsyougel.com\/es\/wp-json\/wp\/v2\/media?parent=1661"}],"wp:term":[{"taxonomy":"product_brand","embeddable":true,"href":"https:\/\/www.fsyougel.com\/es\/wp-json\/wp\/v2\/product_brand?post=1661"},{"taxonomy":"product_cat","embeddable":true,"href":"https:\/\/www.fsyougel.com\/es\/wp-json\/wp\/v2\/product_cat?post=1661"},{"taxonomy":"product_tag","embeddable":true,"href":"https:\/\/www.fsyougel.com\/es\/wp-json\/wp\/v2\/product_tag?post=1661"}],"curies":[{"name":"wp","href":"https:\/\/api.w.org\/{rel}","templated":true}]}}