{"id":1675,"date":"2026-02-10T01:54:15","date_gmt":"2026-02-10T01:54:15","guid":{"rendered":"https:\/\/www.fsyougel.com\/?post_type=product&#038;p=1675"},"modified":"2026-03-16T08:34:43","modified_gmt":"2026-03-16T08:34:43","slug":"tpo-free-bulk-gel-polish-3000-colors","status":"publish","type":"product","link":"https:\/\/www.fsyougel.com\/es\/producto\/tpo-free-bulk-gel-polish-3000-colors\/","title":{"rendered":"Esmalte de Gel a Granel Libre de TPO, 3000+ Colores Etiqueta Privada Suministro OEM\/ODM Gel para U\u00f1as (1kg\/5kg\/Bulto)"},"content":{"rendered":"<div class=\"wp-block-columns is-layout-flex wp-container-core-columns-is-layout-9d6595d7 wp-block-columns-is-layout-flex\">\n<div class=\"wp-block-column is-layout-flow wp-block-column-is-layout-flow\">\n<h2 class=\"wp-block-heading\">Esmalte de gel a granel sin TPO Caracter\u00edsticas:<\/h2>\n\n\n\n<ul class=\"wp-block-list\">\n<li><strong>M\u00e1s de 3.000 opciones de color:<\/strong> Ofrecemos m\u00e1s de 3.000 tonos de colores de moda que pueden combinarse de forma flexible en funci\u00f3n de las tendencias del mercado, lo que ayuda a los clientes a crear l\u00edneas de productos de esmalte en gel a granel sin TPO \u00fanicas.<\/li>\n\n\n\n<li><strong>Suministro de materias primas de gran volumen:<\/strong> Admitimos suministros de 1 kg, 5 kg y a granel, adecuados para la producci\u00f3n de marca, el llenado y las necesidades de procesamiento OEM, lo que hace que el aprovisionamiento sea m\u00e1s flexible y eficaz.<\/li>\n\n\n\n<li><strong>Formulaci\u00f3n segura sin TPO<\/strong>: Utiliza un sistema de formulaci\u00f3n m\u00e1s seguro, con menos olor y propiedades m\u00e1s suaves, que satisface la demanda del mercado mundial de productos saludables para el cuidado de las u\u00f1as.<\/li>\n\n\n\n<li><strong>Aplicaci\u00f3n suave y uniforme<\/strong>: El gel tiene una textura estable y uniforme con un alto rendimiento del color. Se aplica suavemente sin apelmazar, por lo que es ideal para salones profesionales y desarrollo de productos de marca.<\/li>\n\n\n\n<li><strong>Precios directos de f\u00e1brica<\/strong>: Como fabricante profesional, ofrecemos precios directos de f\u00e1brica para el esmalte en gel a granel sin TPO, lo que supone un importante ahorro en las compras al por mayor.<\/li>\n\n\n\n<li><strong>Soporte de muestras gratuito:<\/strong> Ofrecemos pruebas de muestras para que los clientes puedan verificar el color, la textura y la calidad antes de hacer pedidos al por mayor, reduciendo as\u00ed los riesgos de adquisici\u00f3n.<\/li>\n\n\n\n<li><strong>Gran capacidad de personalizaci\u00f3n OEM\/ODM:<\/strong> Apoyamos los ajustes de f\u00f3rmulas, el desarrollo de colores, el dise\u00f1o de envases y la personalizaci\u00f3n de marcas para ayudar a los clientes a lanzar r\u00e1pidamente sus propias l\u00edneas de productos.<\/li>\n\n\n\n<li><strong>Adecuado para m\u00faltiples canales de mercado<\/strong>: Ampliamente aplicable para la fabricaci\u00f3n de marcas blancas, el desarrollo de productos de sal\u00f3n, las ventas de comercio electr\u00f3nico y el comercio transfronterizo, con un fuerte potencial de mercado.<\/li>\n<\/ul>\n<\/div>\n\n\n\n<div class=\"wp-block-column is-layout-flow wp-block-column-is-layout-flow\">\n<figure class=\"wp-block-image size-full\"><img decoding=\"async\" width=\"1500\" height=\"1500\" src=\"https:\/\/www.fsyougel.com\/wp-content\/uploads\/2026\/03\/TPO-Free-Bulk-Gel-Polish-5.webp\" alt=\"Esmalte en gel a granel sin TPO (5)\" class=\"wp-image-1680\" srcset=\"https:\/\/www.fsyougel.com\/wp-content\/uploads\/2026\/03\/TPO-Free-Bulk-Gel-Polish-5.webp 1500w, https:\/\/www.fsyougel.com\/wp-content\/uploads\/2026\/03\/TPO-Free-Bulk-Gel-Polish-5-300x300.webp 300w, https:\/\/www.fsyougel.com\/wp-content\/uploads\/2026\/03\/TPO-Free-Bulk-Gel-Polish-5-150x150.webp 150w, https:\/\/www.fsyougel.com\/wp-content\/uploads\/2026\/03\/TPO-Free-Bulk-Gel-Polish-5-768x768.webp 768w, https:\/\/www.fsyougel.com\/wp-content\/uploads\/2026\/03\/TPO-Free-Bulk-Gel-Polish-5-12x12.webp 12w, https:\/\/www.fsyougel.com\/wp-content\/uploads\/2026\/03\/TPO-Free-Bulk-Gel-Polish-5-1200x1200.webp 1200w, https:\/\/www.fsyougel.com\/wp-content\/uploads\/2026\/03\/TPO-Free-Bulk-Gel-Polish-5-600x600.webp 600w, https:\/\/www.fsyougel.com\/wp-content\/uploads\/2026\/03\/TPO-Free-Bulk-Gel-Polish-5-100x100.webp 100w\" sizes=\"(max-width: 1500px) 100vw, 1500px\" \/><\/figure>\n<\/div>\n<\/div>","protected":false},"excerpt":{"rendered":"<p data-start=\"398\" data-end=\"682\">Bienvenido a comprar nuestro esmalte en gel sin TPO a granel, con m\u00e1s de 3000 opciones de color y gran volumen de suministro (1kg\/5kg\/bulk). Precios al por mayor directos de f\u00e1brica, muestras gratuitas y servicios profesionales OEM\/ODM para marcas y salones de manicura de todo el mundo.<\/p>\n<table border=\"0\" width=\"854\" cellspacing=\"0\" cellpadding=\"0\">\n<tbody>\n<tr>\n<td class=\"et3\" width=\"257\" height=\"44\">Marca<\/td>\n<td class=\"et3\" width=\"597\">YouGel<\/td>\n<\/tr>\n<tr>\n<td class=\"et4\" width=\"257\" height=\"44\">N\u00famero de modelo<\/td>\n<td class=\"et4\" width=\"597\">S202<\/td>\n<\/tr>\n<tr>\n<td class=\"et4\" width=\"257\" height=\"44\">Tipo de producto<\/td>\n<td class=\"et4\" width=\"597\">Esmalte en gel UV\/LED remojable<\/td>\n<\/tr>\n<tr>\n<td class=\"et4\" width=\"257\" height=\"44\">Material<\/td>\n<td class=\"et4\" width=\"597\">Resina<\/td>\n<\/tr>\n<tr>\n<td class=\"et4\" width=\"257\" height=\"44\">Color<\/td>\n<td class=\"et4\" width=\"597\">3000+ colores<\/td>\n<\/tr>\n<tr>\n<td class=\"et4\" width=\"257\" height=\"44\">Volumen<\/td>\n<td class=\"et4\" width=\"597\">1 kg\/5 kg\/20 kg<\/td>\n<\/tr>\n<tr>\n<td class=\"et4\" width=\"257\" height=\"44\">Seguridad<\/td>\n<td class=\"et4\" width=\"597\">Sin HEMA, sin TPO, no t\u00f3xico, MSDS disponible<\/td>\n<\/tr>\n<tr>\n<td class=\"et4\" width=\"257\" height=\"44\">MOQ<\/td>\n<td class=\"et4\" width=\"597\">MOQ bajo<\/td>\n<\/tr>\n<tr>\n<td class=\"et4\" width=\"257\" height=\"44\">Muestra gratuita<\/td>\n<td class=\"et4\" width=\"597\">Disponible<\/td>\n<\/tr>\n<tr>\n<td class=\"et4\" width=\"257\" height=\"82\">Opci\u00f3n personalizada<\/td>\n<td class=\"et4\" width=\"597\">Servicios OEM\/ODM, logotipos, etiquetas y embalajes personalizados<\/td>\n<\/tr>\n<\/tbody>\n<\/table>\n<h2 class=\"brxe-heading\">Del fabricante del esmalte en gel<\/h2>\n<p><a href=\"https:\/\/www.fsyougel.com\/es\/\"><strong>YouGel<\/strong><\/a> es un fabricante de esmaltes de gel de confianza que ofrece bases de gel de alta calidad adecuadas para u\u00f1as UV\/LED. Nuestros productos est\u00e1n dise\u00f1ados para garantizar una aplicaci\u00f3n suave, una larga duraci\u00f3n y un f\u00e1cil secado.<\/p>","protected":false},"featured_media":1677,"comment_status":"closed","ping_status":"closed","template":"","meta":{"_acf_changed":false},"product_brand":[],"product_cat":[19],"product_tag":[],"class_list":{"0":"post-1675","1":"product","2":"type-product","3":"status-publish","4":"has-post-thumbnail","6":"product_cat-gel-polish-color-wholesale","8":"first","9":"instock","10":"shipping-taxable","11":"product-type-simple"},"acf":[],"_links":{"self":[{"href":"https:\/\/www.fsyougel.com\/es\/wp-json\/wp\/v2\/product\/1675","targetHints":{"allow":["GET"]}}],"collection":[{"href":"https:\/\/www.fsyougel.com\/es\/wp-json\/wp\/v2\/product"}],"about":[{"href":"https:\/\/www.fsyougel.com\/es\/wp-json\/wp\/v2\/types\/product"}],"replies":[{"embeddable":true,"href":"https:\/\/www.fsyougel.com\/es\/wp-json\/wp\/v2\/comments?post=1675"}],"wp:featuredmedia":[{"embeddable":true,"href":"https:\/\/www.fsyougel.com\/es\/wp-json\/wp\/v2\/media\/1677"}],"wp:attachment":[{"href":"https:\/\/www.fsyougel.com\/es\/wp-json\/wp\/v2\/media?parent=1675"}],"wp:term":[{"taxonomy":"product_brand","embeddable":true,"href":"https:\/\/www.fsyougel.com\/es\/wp-json\/wp\/v2\/product_brand?post=1675"},{"taxonomy":"product_cat","embeddable":true,"href":"https:\/\/www.fsyougel.com\/es\/wp-json\/wp\/v2\/product_cat?post=1675"},{"taxonomy":"product_tag","embeddable":true,"href":"https:\/\/www.fsyougel.com\/es\/wp-json\/wp\/v2\/product_tag?post=1675"}],"curies":[{"name":"wp","href":"https:\/\/api.w.org\/{rel}","templated":true}]}}