{"id":1696,"date":"2026-02-06T03:08:30","date_gmt":"2026-02-06T03:08:30","guid":{"rendered":"https:\/\/www.fsyougel.com\/?post_type=product&#038;p=1696"},"modified":"2026-03-16T08:34:10","modified_gmt":"2026-03-16T08:34:10","slug":"15ml-vegan-gel-nail-polish-wholesale","status":"publish","type":"product","link":"https:\/\/www.fsyougel.com\/es\/producto\/15ml-vegan-gel-nail-polish-wholesale\/","title":{"rendered":"15ML Vegan Gel Nail Polish Wholesale, TPO-Free Formula UV\/LED Esmalte Permanente Proveedor"},"content":{"rendered":"<div class=\"wp-block-columns is-layout-flex wp-container-core-columns-is-layout-9d6595d7 wp-block-columns-is-layout-flex\">\n<div class=\"wp-block-column is-layout-flow wp-block-column-is-layout-flow\">\n<h2 class=\"wp-block-heading\">15ML Vegan Gel Nail Polish Wholesale Caracter\u00edsticas:<\/h2>\n\n\n\n<ul class=\"wp-block-list\">\n<li><strong>F\u00f3rmula vegana con gran aceptaci\u00f3n en el mercado<\/strong>: Nuestra l\u00ednea de esmaltes de u\u00f1as de gel veganos de 15 ml al por mayor presenta un sistema de formulaci\u00f3n vegano sin ingredientes de origen animal, en l\u00ednea con las tendencias actuales de consumo en los mercados europeo y estadounidense de productos de belleza ecol\u00f3gicos y sostenibles.<\/li>\n\n\n\n<li><strong>F\u00f3rmula segura sin TPO: <\/strong>El producto est\u00e1 formulado con un dise\u00f1o m\u00e1s seguro libre de TPO, lo que resulta en un menor olor y una experiencia de usuario m\u00e1s c\u00f3moda, por lo que es ideal para crear una serie de esmaltes de u\u00f1as de gel veganos de 15 ml de alta calidad al por mayor.<\/li>\n\n\n\n<li><strong>Envase rentable de gran capacidad de 15 ml:<\/strong> El dise\u00f1o est\u00e1ndar del frasco de 15 ml satisface las exigencias de uso frecuente de los salones de manicura profesionales, al tiempo que resulta adecuado para los canales de venta al por mayor y de comercio electr\u00f3nico, lo que mejora la relaci\u00f3n calidad-precio del producto.<\/li>\n\n\n\n<li><strong>Curado estable con l\u00e1mparas UV\/LED:<\/strong> Compatible con l\u00e1mparas de u\u00f1as UV y LED para un curado r\u00e1pido, ofrece un acabado uniforme y una fuerte adherencia, proporcionando resultados duraderos y brillantes para nuestro esmalte de u\u00f1as de gel vegano de 15 ml al por mayor.<\/li>\n\n\n\n<li><strong>Color intenso y aplicaci\u00f3n suave: <\/strong>La f\u00f3rmula en gel es fina y suave, con una alta saturaci\u00f3n del color. Se aplica uniformemente sin correrse, por lo que es ideal para salones profesionales y desarrollo de productos a nivel de marca.<\/li>\n\n\n\n<li><strong>Precios al por mayor directos de f\u00e1brica: <\/strong>Como fabricante original, ofrecemos una capacidad de suministro estable para el esmalte de u\u00f1as de gel vegano de 15 ml al por mayor y proporcionamos precios al por mayor directos de f\u00e1brica competitivos.<\/li>\n\n\n\n<li><strong>Muestras gratuitas para pruebas: <\/strong>Para ayudar a los clientes a comprar con confianza, ofrecemos servicios gratuitos de prueba de muestras. Los clientes pueden verificar el color, la textura y la calidad antes de hacer pedidos al por mayor.<\/li>\n\n\n\n<li><strong>Adecuado para ventas multicanal: <\/strong>Nuestro esmalte de u\u00f1as de gel vegano de 15 ml es ideal para propietarios de marcas, mayoristas, cadenas de salones de manicura y plataformas de comercio electr\u00f3nico transfronterizo, ya que ofrece un gran potencial de crecimiento del mercado.<\/li>\n<\/ul>\n<\/div>\n\n\n\n<div class=\"wp-block-column is-layout-flow wp-block-column-is-layout-flow\">\n<figure class=\"wp-block-image size-full\"><img decoding=\"async\" width=\"1500\" height=\"1500\" src=\"https:\/\/www.fsyougel.com\/wp-content\/uploads\/2026\/03\/15ML-Vegan-Gel-Nail-Polish-Wholesale-6.webp\" alt=\"15ML Esmalte de U\u00f1as de Gel Vegano al por mayor (6)\" class=\"wp-image-1702\" srcset=\"https:\/\/www.fsyougel.com\/wp-content\/uploads\/2026\/03\/15ML-Vegan-Gel-Nail-Polish-Wholesale-6.webp 1500w, https:\/\/www.fsyougel.com\/wp-content\/uploads\/2026\/03\/15ML-Vegan-Gel-Nail-Polish-Wholesale-6-300x300.webp 300w, https:\/\/www.fsyougel.com\/wp-content\/uploads\/2026\/03\/15ML-Vegan-Gel-Nail-Polish-Wholesale-6-150x150.webp 150w, https:\/\/www.fsyougel.com\/wp-content\/uploads\/2026\/03\/15ML-Vegan-Gel-Nail-Polish-Wholesale-6-768x768.webp 768w, https:\/\/www.fsyougel.com\/wp-content\/uploads\/2026\/03\/15ML-Vegan-Gel-Nail-Polish-Wholesale-6-12x12.webp 12w, https:\/\/www.fsyougel.com\/wp-content\/uploads\/2026\/03\/15ML-Vegan-Gel-Nail-Polish-Wholesale-6-1200x1200.webp 1200w, https:\/\/www.fsyougel.com\/wp-content\/uploads\/2026\/03\/15ML-Vegan-Gel-Nail-Polish-Wholesale-6-600x600.webp 600w, https:\/\/www.fsyougel.com\/wp-content\/uploads\/2026\/03\/15ML-Vegan-Gel-Nail-Polish-Wholesale-6-100x100.webp 100w\" sizes=\"(max-width: 1500px) 100vw, 1500px\" \/><\/figure>\n<\/div>\n<\/div>","protected":false},"excerpt":{"rendered":"<p data-start=\"398\" data-end=\"682\">Bienvenido a comprar nuestro esmalte de u\u00f1as de gel vegano 15ML al por mayor con una f\u00f3rmula libre de TPO y un suave rendimiento de curado UV\/LED. Precios al por mayor directos de f\u00e1brica, muestras gratuitas y suministro fiable para marcas, distribuidores y salones de manicura de todo el mundo.<\/p>\n<table border=\"0\" width=\"854\" cellspacing=\"0\" cellpadding=\"0\">\n<tbody>\n<tr>\n<td class=\"et3\" width=\"257\" height=\"44\">Marca<\/td>\n<td class=\"et3\" width=\"597\">YouGel<\/td>\n<\/tr>\n<tr>\n<td class=\"et4\" width=\"257\" height=\"44\">N\u00famero de modelo<\/td>\n<td class=\"et4\" width=\"597\">S202<\/td>\n<\/tr>\n<tr>\n<td class=\"et4\" width=\"257\" height=\"44\">Tipo de producto<\/td>\n<td class=\"et4\" width=\"597\">Esmalte en gel UV\/LED remojable<\/td>\n<\/tr>\n<tr>\n<td class=\"et4\" width=\"257\" height=\"44\">Material<\/td>\n<td class=\"et4\" width=\"597\">Resina<\/td>\n<\/tr>\n<tr>\n<td class=\"et4\" width=\"257\" height=\"44\">Color<\/td>\n<td class=\"et4\" width=\"597\">3000+ colores<\/td>\n<\/tr>\n<tr>\n<td class=\"et4\" width=\"257\" height=\"44\">Volumen<\/td>\n<td class=\"et4\" width=\"597\">15 ml<\/td>\n<\/tr>\n<tr>\n<td class=\"et4\" width=\"257\" height=\"44\">Seguridad<\/td>\n<td class=\"et4\" width=\"597\">Sin HEMA, sin TPO, no t\u00f3xico, MSDS disponible<\/td>\n<\/tr>\n<tr>\n<td class=\"et4\" width=\"257\" height=\"44\">MOQ<\/td>\n<td class=\"et4\" width=\"597\">MOQ bajo<\/td>\n<\/tr>\n<tr>\n<td class=\"et4\" width=\"257\" height=\"44\">Muestra gratuita<\/td>\n<td class=\"et4\" width=\"597\">Disponible<\/td>\n<\/tr>\n<tr>\n<td class=\"et4\" width=\"257\" height=\"82\">Opci\u00f3n personalizada<\/td>\n<td class=\"et4\" width=\"597\">Servicios OEM\/ODM, logotipos, etiquetas y embalajes personalizados<\/td>\n<\/tr>\n<\/tbody>\n<\/table>\n<h2 class=\"brxe-heading\">Del fabricante del esmalte en gel<\/h2>\n<p><a href=\"https:\/\/www.fsyougel.com\/es\/\"><strong>YouGel<\/strong><\/a> es un fabricante de esmaltes de gel de confianza que ofrece bases de gel de alta calidad adecuadas para u\u00f1as UV\/LED. Nuestros productos est\u00e1n dise\u00f1ados para garantizar una aplicaci\u00f3n suave, una larga duraci\u00f3n y un f\u00e1cil secado.<\/p>","protected":false},"featured_media":1699,"comment_status":"closed","ping_status":"closed","template":"","meta":{"_acf_changed":false},"product_brand":[],"product_cat":[19],"product_tag":[],"class_list":{"0":"post-1696","1":"product","2":"type-product","3":"status-publish","4":"has-post-thumbnail","6":"product_cat-gel-polish-color-wholesale","8":"first","9":"instock","10":"shipping-taxable","11":"product-type-simple"},"acf":[],"_links":{"self":[{"href":"https:\/\/www.fsyougel.com\/es\/wp-json\/wp\/v2\/product\/1696","targetHints":{"allow":["GET"]}}],"collection":[{"href":"https:\/\/www.fsyougel.com\/es\/wp-json\/wp\/v2\/product"}],"about":[{"href":"https:\/\/www.fsyougel.com\/es\/wp-json\/wp\/v2\/types\/product"}],"replies":[{"embeddable":true,"href":"https:\/\/www.fsyougel.com\/es\/wp-json\/wp\/v2\/comments?post=1696"}],"wp:featuredmedia":[{"embeddable":true,"href":"https:\/\/www.fsyougel.com\/es\/wp-json\/wp\/v2\/media\/1699"}],"wp:attachment":[{"href":"https:\/\/www.fsyougel.com\/es\/wp-json\/wp\/v2\/media?parent=1696"}],"wp:term":[{"taxonomy":"product_brand","embeddable":true,"href":"https:\/\/www.fsyougel.com\/es\/wp-json\/wp\/v2\/product_brand?post=1696"},{"taxonomy":"product_cat","embeddable":true,"href":"https:\/\/www.fsyougel.com\/es\/wp-json\/wp\/v2\/product_cat?post=1696"},{"taxonomy":"product_tag","embeddable":true,"href":"https:\/\/www.fsyougel.com\/es\/wp-json\/wp\/v2\/product_tag?post=1696"}],"curies":[{"name":"wp","href":"https:\/\/api.w.org\/{rel}","templated":true}]}}