{"id":1722,"date":"2026-03-16T18:32:33","date_gmt":"2026-03-16T18:32:33","guid":{"rendered":"https:\/\/www.fsyougel.com\/?post_type=product&#038;p=1722"},"modified":"2026-03-16T18:48:24","modified_gmt":"2026-03-16T18:48:24","slug":"bulk-fruit-cat-eye-gel-polish","status":"publish","type":"product","link":"https:\/\/www.fsyougel.com\/es\/producto\/bulk-fruit-cat-eye-gel-polish\/","title":{"rendered":"Esmalte de Gel de Ojos de Gato de Fruta a Granel, Nuevo Esmalte de U\u00f1as Magn\u00e9tico Profesional ODM Proveedor de U\u00f1as Personalizado"},"content":{"rendered":"<div class=\"wp-block-columns is-layout-flex wp-container-core-columns-is-layout-9d6595d7 wp-block-columns-is-layout-flex\">\n<div class=\"wp-block-column is-layout-flow wp-block-column-is-layout-flow\">\n<h2 class=\"wp-block-heading\">Fruta a granel Cat Eye Gel Polish Caracter\u00edsticas:<\/h2>\n\n\n\n<ul class=\"wp-block-list\">\n<li><strong>Efectos de ojos de gato inspirados en frutas con un toque moderno:<\/strong> Nuestro esmalte en gel Bulk Fruit Cat Eye presenta colores vibrantes inspirados en frutas combinados con un efecto magn\u00e9tico de ojos de gato, creando cambios dimensionales de luces y sombras que hacen que tus dise\u00f1os de u\u00f1as sean m\u00e1s modernos y llamativos.<\/li>\n\n\n\n<li><strong>Efectos visuales de fuerte ojo de gato magn\u00e9tico<\/strong>: Como fabricante profesional, nuestro esmalte en gel para ojos de gato con frutas a granel contiene part\u00edculas magn\u00e9ticas distintivas que, al ser activadas por un im\u00e1n, forman f\u00e1cilmente una variedad de patrones de ojos de gato, tales como galaxias y efectos de luz que fluyen.<\/li>\n\n\n\n<li><strong>Curado r\u00e1pido con luz dual UV\/LED: <\/strong>Compatible con l\u00e1mparas UV y LED, este producto cura r\u00e1pidamente y ofrece una fuerte adherencia, garantizando un rendimiento eficaz y fiable en los salones de manicura profesionales.<\/li>\n\n\n\n<li><strong>Gel suave y de textura fina para una f\u00e1cil aplicaci\u00f3n:<\/strong> El gel tiene una textura fina y suave con excelentes propiedades autonivelantes. Se aplica uniformemente sin descolgarse, lo que ayuda a los t\u00e9cnicos de u\u00f1as a crear sin esfuerzo exquisitos dise\u00f1os de ojos de gato.<\/li>\n\n\n\n<li><strong>Soporte de personalizaci\u00f3n de marca ODM:<\/strong> Ofrecemos servicios completos de ODM de esmalte de gel de ojos de gato con frutas a granel, incluido el desarrollo de colores, la selecci\u00f3n de frascos, la impresi\u00f3n de logotipos y el dise\u00f1o de envases, para ayudar a los clientes a crear sus propias marcas de u\u00f1as independientes.<\/li>\n\n\n\n<li><strong>Precios al por mayor directos de f\u00e1brica: <\/strong>Como fabricante directo, garantizamos un suministro estable de Gel de Ojos de Gato de Frutas a Granel y ofrecemos precios al por mayor directos de f\u00e1brica altamente competitivos.<\/li>\n\n\n\n<li><strong>Muestras gratuitas para pruebas<\/strong>: Para ayudar a los compradores a minimizar los riesgos de adquisici\u00f3n, ofrecemos servicios gratuitos de prueba de muestras. Los clientes pueden verificar el rendimiento y la calidad del producto antes de realizar pedidos al por mayor.<\/li>\n<\/ul>\n<\/div>\n\n\n\n<div class=\"wp-block-column is-layout-flow wp-block-column-is-layout-flow\">\n<figure class=\"wp-block-image size-full\"><img decoding=\"async\" width=\"1500\" height=\"1789\" src=\"https:\/\/www.fsyougel.com\/wp-content\/uploads\/2026\/03\/Bulk-Fruit-Cat-Eye-Gel-Polish-Supplier-3.webp\" alt=\"Frutas a granel Cat Eye Gel Polish Proveedor (3)\" class=\"wp-image-1725\" srcset=\"https:\/\/www.fsyougel.com\/wp-content\/uploads\/2026\/03\/Bulk-Fruit-Cat-Eye-Gel-Polish-Supplier-3.webp 1500w, https:\/\/www.fsyougel.com\/wp-content\/uploads\/2026\/03\/Bulk-Fruit-Cat-Eye-Gel-Polish-Supplier-3-252x300.webp 252w, https:\/\/www.fsyougel.com\/wp-content\/uploads\/2026\/03\/Bulk-Fruit-Cat-Eye-Gel-Polish-Supplier-3-768x916.webp 768w, https:\/\/www.fsyougel.com\/wp-content\/uploads\/2026\/03\/Bulk-Fruit-Cat-Eye-Gel-Polish-Supplier-3-10x12.webp 10w, https:\/\/www.fsyougel.com\/wp-content\/uploads\/2026\/03\/Bulk-Fruit-Cat-Eye-Gel-Polish-Supplier-3-1200x1431.webp 1200w, https:\/\/www.fsyougel.com\/wp-content\/uploads\/2026\/03\/Bulk-Fruit-Cat-Eye-Gel-Polish-Supplier-3-600x716.webp 600w\" sizes=\"(max-width: 1500px) 100vw, 1500px\" \/><\/figure>\n<\/div>\n<\/div>","protected":false},"excerpt":{"rendered":"<p>Bienvenido a comprar nuestro Esmalte de Gel de Ojos de Gato de Frutas a Granel, con vibrantes colores inspirados en frutas y fuertes efectos magn\u00e9ticos. Precios al por mayor directos de f\u00e1brica, muestras gratuitas y personalizaci\u00f3n profesional ODM para marcas y distribuidores de u\u00f1as.<\/p>\n<table border=\"0\" width=\"854\" cellspacing=\"0\" cellpadding=\"0\">\n<tbody>\n<tr>\n<td class=\"et3\" width=\"257\" height=\"44\">Marca<\/td>\n<td class=\"et3\" width=\"597\">YouGel<\/td>\n<\/tr>\n<tr>\n<td class=\"et4\" width=\"257\" height=\"44\">N\u00famero de modelo<\/td>\n<td class=\"et4\" width=\"597\">25CG01<\/td>\n<\/tr>\n<tr>\n<td class=\"et4\" width=\"257\" height=\"44\">Tipo de producto<\/td>\n<td class=\"et4\" width=\"597\">Esmalte en gel UV\/LED remojable<\/td>\n<\/tr>\n<tr>\n<td class=\"et4\" width=\"257\" height=\"44\">Material<\/td>\n<td class=\"et4\" width=\"597\">Resina<\/td>\n<\/tr>\n<tr>\n<td class=\"et4\" width=\"257\" height=\"44\">Color<\/td>\n<td class=\"et4\" width=\"597\">16 Colores<\/td>\n<\/tr>\n<tr>\n<td class=\"et4\" width=\"257\" height=\"44\">Volumen<\/td>\n<td class=\"et4\" width=\"597\">8 ml<\/td>\n<\/tr>\n<tr>\n<td class=\"et4\" width=\"257\" height=\"44\">Seguridad<\/td>\n<td class=\"et4\" width=\"597\">Sin HEMA, sin TPO, no t\u00f3xico, MSDS disponible<\/td>\n<\/tr>\n<tr>\n<td class=\"et4\" width=\"257\" height=\"44\">MOQ<\/td>\n<td class=\"et4\" width=\"597\">MOQ bajo<\/td>\n<\/tr>\n<tr>\n<td class=\"et4\" width=\"257\" height=\"44\">Muestra gratuita<\/td>\n<td class=\"et4\" width=\"597\">Disponible<\/td>\n<\/tr>\n<tr>\n<td class=\"et4\" width=\"257\" height=\"82\">Opci\u00f3n personalizada<\/td>\n<td class=\"et4\" width=\"597\">Servicios OEM\/ODM, logotipos, etiquetas y embalajes personalizados<\/td>\n<\/tr>\n<\/tbody>\n<\/table>\n<h2 class=\"brxe-heading\">Del fabricante del esmalte en gel<\/h2>\n<p><a href=\"https:\/\/www.fsyougel.com\/es\/\"><strong>YouGel<\/strong><\/a> es un fabricante de esmaltes de gel de confianza que ofrece bases de gel de alta calidad adecuadas para u\u00f1as UV\/LED. Nuestros productos est\u00e1n dise\u00f1ados para garantizar una aplicaci\u00f3n suave, una larga duraci\u00f3n y un f\u00e1cil secado.<\/p>","protected":false},"featured_media":1726,"comment_status":"closed","ping_status":"closed","template":"","meta":{"_acf_changed":false},"product_brand":[],"product_cat":[19,28],"product_tag":[],"class_list":{"0":"post-1722","1":"product","2":"type-product","3":"status-publish","4":"has-post-thumbnail","6":"product_cat-gel-polish-color-wholesale","7":"product_cat-cat-eye-gel-supplier","9":"first","10":"instock","11":"shipping-taxable","12":"product-type-simple"},"acf":[],"_links":{"self":[{"href":"https:\/\/www.fsyougel.com\/es\/wp-json\/wp\/v2\/product\/1722","targetHints":{"allow":["GET"]}}],"collection":[{"href":"https:\/\/www.fsyougel.com\/es\/wp-json\/wp\/v2\/product"}],"about":[{"href":"https:\/\/www.fsyougel.com\/es\/wp-json\/wp\/v2\/types\/product"}],"replies":[{"embeddable":true,"href":"https:\/\/www.fsyougel.com\/es\/wp-json\/wp\/v2\/comments?post=1722"}],"wp:featuredmedia":[{"embeddable":true,"href":"https:\/\/www.fsyougel.com\/es\/wp-json\/wp\/v2\/media\/1726"}],"wp:attachment":[{"href":"https:\/\/www.fsyougel.com\/es\/wp-json\/wp\/v2\/media?parent=1722"}],"wp:term":[{"taxonomy":"product_brand","embeddable":true,"href":"https:\/\/www.fsyougel.com\/es\/wp-json\/wp\/v2\/product_brand?post=1722"},{"taxonomy":"product_cat","embeddable":true,"href":"https:\/\/www.fsyougel.com\/es\/wp-json\/wp\/v2\/product_cat?post=1722"},{"taxonomy":"product_tag","embeddable":true,"href":"https:\/\/www.fsyougel.com\/es\/wp-json\/wp\/v2\/product_tag?post=1722"}],"curies":[{"name":"wp","href":"https:\/\/api.w.org\/{rel}","templated":true}]}}