{"id":1730,"date":"2026-03-17T06:56:57","date_gmt":"2026-03-17T06:56:57","guid":{"rendered":"https:\/\/www.fsyougel.com\/?post_type=product&#038;p=1730"},"modified":"2026-03-17T08:25:12","modified_gmt":"2026-03-17T08:25:12","slug":"oem-fruit-cat-eye-gel-polish-supplier","status":"publish","type":"product","link":"https:\/\/www.fsyougel.com\/es\/producto\/oem-fruit-cat-eye-gel-polish-supplier\/","title":{"rendered":"OEM Fruit Cat Eye Gel Polish Proveedor, Esmalte de U\u00f1as Magn\u00e9tico UV\/LED Personalizado"},"content":{"rendered":"<div class=\"wp-block-columns is-layout-flex wp-container-core-columns-is-layout-9d6595d7 wp-block-columns-is-layout-flex\">\n<div class=\"wp-block-column is-layout-flow wp-block-column-is-layout-flow\">\n<h2 class=\"wp-block-heading\">OEM Fruit Cat Eye Gel Polish Caracter\u00edsticas:<\/h2>\n\n\n\n<ul class=\"wp-block-list\">\n<li><strong>La combinaci\u00f3n de colores inspirados en la fruta y efectos de ojos de gato crea un fuerte atractivo en el mercado: <\/strong>Como proveedor profesional de esmaltes de gel de ojos de gato de frutas OEM, combinamos colores frescos inspirados en frutas con efectos magn\u00e9ticos de ojos de gato para crear productos visualmente impactantes que se ajustan a las tendencias actuales.<\/li>\n\n\n\n<li><strong>Pigmentaci\u00f3n magn\u00e9tica fuerte para efectos sin esfuerzo<\/strong>: Nuestros productos OEM de esmalte en gel para ojos de gato de frutas contienen part\u00edculas magn\u00e9ticas de alta calidad que, al ser activadas por un im\u00e1n, producen una gran variedad de efectos -incluidos los acabados ojo de gato, iridiscente y galaxia- que aumentan el valor del producto.<\/li>\n\n\n\n<li><strong>Curado r\u00e1pido con doble luz UV\/LED<\/strong>: Compatibles con sistemas de curado UV y LED, nuestros productos ofrecen un curado estable y una fuerte adherencia, lo que los hace ideales para un uso profesional de alta frecuencia.<\/li>\n\n\n\n<li><strong>Gel suave y de textura fina para una f\u00e1cil aplicaci\u00f3n<\/strong>: El gel presenta una textura suave y fina con excelentes propiedades autonivelantes. Se aplica uniformemente sin descolgarse, lo que ayuda a los t\u00e9cnicos de u\u00f1as a completar eficazmente dise\u00f1os complejos.<\/li>\n\n\n\n<li><strong>Servicios integrales de personalizaci\u00f3n OEM<\/strong>: Ofrecemos un servicio completo de personalizaci\u00f3n OEM, que incluye desarrollo de colores, dise\u00f1o de botellas, impresi\u00f3n de logotipos y soluciones de envasado, lo que permite a los clientes crear sus propias marcas independientes.<\/li>\n\n\n\n<li><strong>Importante ventaja de precio gracias al suministro directo de f\u00e1brica<\/strong>: Como fabricante directo, poseemos una capacidad de producci\u00f3n estable y una cadena de suministro madura, lo que nos permite ofrecer precios al por mayor muy competitivos y ayudar a los clientes a reducir los costes de adquisici\u00f3n.<\/li>\n\n\n\n<li><strong>Muestras gratuitas para pruebas: <\/strong>Proporcionamos muestras gratuitas para que los clientes puedan probar a fondo el rendimiento y la calidad del producto antes de comprarlo al por mayor, reduciendo as\u00ed los riesgos de colaboraci\u00f3n.<\/li>\n\n\n\n<li><strong>Adecuado para ventas multicanal y expansi\u00f3n de marca<\/strong>: Nuestros productos son adecuados para propietarios de marcas, mayoristas, salones de manicura y canales de comercio electr\u00f3nico transfronterizos, y ofrecen un gran potencial de mercado y oportunidades de venta.<\/li>\n<\/ul>\n<\/div>\n\n\n\n<div class=\"wp-block-column is-layout-flow wp-block-column-is-layout-flow\">\n<figure class=\"wp-block-image size-full\"><img decoding=\"async\" width=\"1500\" height=\"1789\" src=\"https:\/\/www.fsyougel.com\/wp-content\/uploads\/2026\/03\/OEM-Fruit-Cat-Eye-Gel-Polish-Supplier-4.webp\" alt=\"OEM Fruit Cat Eye Gel Polish Proveedor (4)\" class=\"wp-image-1734\" srcset=\"https:\/\/www.fsyougel.com\/wp-content\/uploads\/2026\/03\/OEM-Fruit-Cat-Eye-Gel-Polish-Supplier-4.webp 1500w, https:\/\/www.fsyougel.com\/wp-content\/uploads\/2026\/03\/OEM-Fruit-Cat-Eye-Gel-Polish-Supplier-4-252x300.webp 252w, https:\/\/www.fsyougel.com\/wp-content\/uploads\/2026\/03\/OEM-Fruit-Cat-Eye-Gel-Polish-Supplier-4-768x916.webp 768w, https:\/\/www.fsyougel.com\/wp-content\/uploads\/2026\/03\/OEM-Fruit-Cat-Eye-Gel-Polish-Supplier-4-10x12.webp 10w, https:\/\/www.fsyougel.com\/wp-content\/uploads\/2026\/03\/OEM-Fruit-Cat-Eye-Gel-Polish-Supplier-4-1200x1431.webp 1200w, https:\/\/www.fsyougel.com\/wp-content\/uploads\/2026\/03\/OEM-Fruit-Cat-Eye-Gel-Polish-Supplier-4-600x716.webp 600w\" sizes=\"(max-width: 1500px) 100vw, 1500px\" \/><\/figure>\n<\/div>\n<\/div>\n\n\n\n<div class=\"wp-block-columns is-layout-flex wp-container-core-columns-is-layout-9d6595d7 wp-block-columns-is-layout-flex\">\n<div class=\"wp-block-column is-layout-flow wp-block-column-is-layout-flow\">\n<figure class=\"wp-block-image size-full\"><img decoding=\"async\" width=\"1500\" height=\"1789\" src=\"https:\/\/www.fsyougel.com\/wp-content\/uploads\/2026\/03\/OEM-Fruit-Cat-Eye-Gel-Polish-Supplier-2.webp\" alt=\"OEM Fruit Cat Eye Gel Polish Proveedor (2)\" class=\"wp-image-1732\" srcset=\"https:\/\/www.fsyougel.com\/wp-content\/uploads\/2026\/03\/OEM-Fruit-Cat-Eye-Gel-Polish-Supplier-2.webp 1500w, https:\/\/www.fsyougel.com\/wp-content\/uploads\/2026\/03\/OEM-Fruit-Cat-Eye-Gel-Polish-Supplier-2-252x300.webp 252w, https:\/\/www.fsyougel.com\/wp-content\/uploads\/2026\/03\/OEM-Fruit-Cat-Eye-Gel-Polish-Supplier-2-768x916.webp 768w, https:\/\/www.fsyougel.com\/wp-content\/uploads\/2026\/03\/OEM-Fruit-Cat-Eye-Gel-Polish-Supplier-2-10x12.webp 10w, https:\/\/www.fsyougel.com\/wp-content\/uploads\/2026\/03\/OEM-Fruit-Cat-Eye-Gel-Polish-Supplier-2-1200x1431.webp 1200w, https:\/\/www.fsyougel.com\/wp-content\/uploads\/2026\/03\/OEM-Fruit-Cat-Eye-Gel-Polish-Supplier-2-600x716.webp 600w\" sizes=\"(max-width: 1500px) 100vw, 1500px\" \/><\/figure>\n<\/div>\n\n\n\n<div class=\"wp-block-column is-layout-flow wp-block-column-is-layout-flow\">\n<figure class=\"wp-block-image size-full\"><img decoding=\"async\" width=\"1500\" height=\"1500\" src=\"https:\/\/www.fsyougel.com\/wp-content\/uploads\/2026\/03\/OEM-Fruit-Cat-Eye-Gel-Polish-Supplier-3.webp\" alt=\"OEM Fruit Cat Eye Gel Polish Proveedor (3)\" class=\"wp-image-1733\" srcset=\"https:\/\/www.fsyougel.com\/wp-content\/uploads\/2026\/03\/OEM-Fruit-Cat-Eye-Gel-Polish-Supplier-3.webp 1500w, https:\/\/www.fsyougel.com\/wp-content\/uploads\/2026\/03\/OEM-Fruit-Cat-Eye-Gel-Polish-Supplier-3-300x300.webp 300w, https:\/\/www.fsyougel.com\/wp-content\/uploads\/2026\/03\/OEM-Fruit-Cat-Eye-Gel-Polish-Supplier-3-150x150.webp 150w, https:\/\/www.fsyougel.com\/wp-content\/uploads\/2026\/03\/OEM-Fruit-Cat-Eye-Gel-Polish-Supplier-3-768x768.webp 768w, https:\/\/www.fsyougel.com\/wp-content\/uploads\/2026\/03\/OEM-Fruit-Cat-Eye-Gel-Polish-Supplier-3-12x12.webp 12w, https:\/\/www.fsyougel.com\/wp-content\/uploads\/2026\/03\/OEM-Fruit-Cat-Eye-Gel-Polish-Supplier-3-1200x1200.webp 1200w, https:\/\/www.fsyougel.com\/wp-content\/uploads\/2026\/03\/OEM-Fruit-Cat-Eye-Gel-Polish-Supplier-3-600x600.webp 600w, https:\/\/www.fsyougel.com\/wp-content\/uploads\/2026\/03\/OEM-Fruit-Cat-Eye-Gel-Polish-Supplier-3-100x100.webp 100w\" sizes=\"(max-width: 1500px) 100vw, 1500px\" \/><\/figure>\n<\/div>\n<\/div>","protected":false},"excerpt":{"rendered":"<p>Bienvenido a comprar nuestros productos OEM de esmalte de gel de ojos de gato de frutas con vibrantes colores inspirados en frutas y fuertes efectos magn\u00e9ticos. Precios al por mayor directos de f\u00e1brica, muestras gratuitas y personalizaci\u00f3n OEM completa para marcas de u\u00f1as.<\/p>\n<table border=\"0\" width=\"854\" cellspacing=\"0\" cellpadding=\"0\">\n<tbody>\n<tr>\n<td class=\"et3\" width=\"257\" height=\"44\">Marca<\/td>\n<td class=\"et3\" width=\"597\">YouGel<\/td>\n<\/tr>\n<tr>\n<td class=\"et4\" width=\"257\" height=\"44\">N\u00famero de modelo<\/td>\n<td class=\"et4\" width=\"597\">25CG01<\/td>\n<\/tr>\n<tr>\n<td class=\"et4\" width=\"257\" height=\"44\">Tipo de producto<\/td>\n<td class=\"et4\" width=\"597\">Esmalte en gel UV\/LED remojable<\/td>\n<\/tr>\n<tr>\n<td class=\"et4\" width=\"257\" height=\"44\">Material<\/td>\n<td class=\"et4\" width=\"597\">Resina<\/td>\n<\/tr>\n<tr>\n<td class=\"et4\" width=\"257\" height=\"44\">Color<\/td>\n<td class=\"et4\" width=\"597\">16 Colores<\/td>\n<\/tr>\n<tr>\n<td class=\"et4\" width=\"257\" height=\"44\">Volumen<\/td>\n<td class=\"et4\" width=\"597\">8 ml<\/td>\n<\/tr>\n<tr>\n<td class=\"et4\" width=\"257\" height=\"44\">Seguridad<\/td>\n<td class=\"et4\" width=\"597\">Sin HEMA, sin TPO, no t\u00f3xico, MSDS disponible<\/td>\n<\/tr>\n<tr>\n<td class=\"et4\" width=\"257\" height=\"44\">MOQ<\/td>\n<td class=\"et4\" width=\"597\">MOQ bajo<\/td>\n<\/tr>\n<tr>\n<td class=\"et4\" width=\"257\" height=\"44\">Muestra gratuita<\/td>\n<td class=\"et4\" width=\"597\">Disponible<\/td>\n<\/tr>\n<tr>\n<td class=\"et4\" width=\"257\" height=\"82\">Opci\u00f3n personalizada<\/td>\n<td class=\"et4\" width=\"597\">Servicios OEM\/ODM, logotipos, etiquetas y embalajes personalizados<\/td>\n<\/tr>\n<\/tbody>\n<\/table>\n<h2 class=\"brxe-heading\">Del fabricante del esmalte en gel<\/h2>\n<p><a href=\"https:\/\/www.fsyougel.com\/es\/\"><strong>YouGel<\/strong><\/a> es un fabricante de esmaltes de gel de confianza que ofrece bases de gel de alta calidad adecuadas para u\u00f1as UV\/LED. Nuestros productos est\u00e1n dise\u00f1ados para garantizar una aplicaci\u00f3n suave, una larga duraci\u00f3n y un f\u00e1cil secado.<\/p>","protected":false},"featured_media":1731,"comment_status":"closed","ping_status":"closed","template":"","meta":{"_acf_changed":false},"product_brand":[],"product_cat":[19,28],"product_tag":[],"class_list":{"0":"post-1730","1":"product","2":"type-product","3":"status-publish","4":"has-post-thumbnail","6":"product_cat-gel-polish-color-wholesale","7":"product_cat-cat-eye-gel-supplier","9":"first","10":"instock","11":"shipping-taxable","12":"product-type-simple"},"acf":[],"_links":{"self":[{"href":"https:\/\/www.fsyougel.com\/es\/wp-json\/wp\/v2\/product\/1730","targetHints":{"allow":["GET"]}}],"collection":[{"href":"https:\/\/www.fsyougel.com\/es\/wp-json\/wp\/v2\/product"}],"about":[{"href":"https:\/\/www.fsyougel.com\/es\/wp-json\/wp\/v2\/types\/product"}],"replies":[{"embeddable":true,"href":"https:\/\/www.fsyougel.com\/es\/wp-json\/wp\/v2\/comments?post=1730"}],"wp:featuredmedia":[{"embeddable":true,"href":"https:\/\/www.fsyougel.com\/es\/wp-json\/wp\/v2\/media\/1731"}],"wp:attachment":[{"href":"https:\/\/www.fsyougel.com\/es\/wp-json\/wp\/v2\/media?parent=1730"}],"wp:term":[{"taxonomy":"product_brand","embeddable":true,"href":"https:\/\/www.fsyougel.com\/es\/wp-json\/wp\/v2\/product_brand?post=1730"},{"taxonomy":"product_cat","embeddable":true,"href":"https:\/\/www.fsyougel.com\/es\/wp-json\/wp\/v2\/product_cat?post=1730"},{"taxonomy":"product_tag","embeddable":true,"href":"https:\/\/www.fsyougel.com\/es\/wp-json\/wp\/v2\/product_tag?post=1730"}],"curies":[{"name":"wp","href":"https:\/\/api.w.org\/{rel}","templated":true}]}}