{"id":1737,"date":"2026-03-17T08:31:00","date_gmt":"2026-03-17T08:31:00","guid":{"rendered":"https:\/\/www.fsyougel.com\/?post_type=product&#038;p=1737"},"modified":"2026-03-17T08:42:36","modified_gmt":"2026-03-17T08:42:36","slug":"custom-disco-diamond-gel-for-nail-art","status":"publish","type":"product","link":"https:\/\/www.fsyougel.com\/es\/producto\/custom-disco-diamond-gel-for-nail-art\/","title":{"rendered":"Gel Diamante Disco Personalizado para U\u00f1as con Efecto Reflectante Etiqueta Privada Sin TPO"},"content":{"rendered":"<div class=\"wp-block-columns is-layout-flex wp-container-core-columns-is-layout-9d6595d7 wp-block-columns-is-layout-flex\">\n<div class=\"wp-block-column is-layout-flow wp-block-column-is-layout-flow\">\n<h2 class=\"wp-block-heading\">Custom Disco Diamond Gel Caracter\u00edsticas:<\/h2>\n\n\n\n<ul class=\"wp-block-list\">\n<li><strong>Efecto de destello de diamante altamente reflectante con un impactante efecto visual: <\/strong>Nuestro gel diamante disco personalizado presenta part\u00edculas reflectantes de alto brillo que producen un intenso efecto resplandeciente bajo las luces o el flash, creando un deslumbrante aspecto de manicura \u201cdiamante disco\u201d muy atractivo para el mercado.<\/li>\n\n\n\n<li><strong>F\u00f3rmula sin TPO, m\u00e1s segura y ecol\u00f3gica:<\/strong> Este gel de diamante con disco personalizado utiliza una formulaci\u00f3n sin TPO, lo que se traduce en un menor olor y un tratamiento m\u00e1s suave para las u\u00f1as, en l\u00ednea con las tendencias actuales de los mercados europeo y estadounidense de productos para u\u00f1as sanos y ecol\u00f3gicos.<\/li>\n\n\n\n<li><strong>Textura de gel suave y fina, f\u00e1cil de aplicar:<\/strong> El gel tiene una textura uniforme y suave con una excelente capacidad de extensi\u00f3n y propiedades autonivelantes. La purpurina se distribuye uniformemente sin apelmazar ni amontonarse, por lo que es ideal para una aplicaci\u00f3n eficaz por parte de t\u00e9cnicos de u\u00f1as profesionales.<\/li>\n\n\n\n<li><strong>Curado r\u00e1pido con luz dual UV\/LED:<\/strong> Compatible con sistemas de curado UV y LED, este producto ofrece un curado r\u00e1pido y una fuerte adherencia, lo que hace que el gel de diamante disco personalizado sea adecuado para salones de manicura de gran volumen.<\/li>\n\n\n\n<li><strong>Apoyo a la personalizaci\u00f3n de marcas blancas: <\/strong>Ofrecemos servicios integrales de personalizaci\u00f3n para el Gel Diamante Disco Personalizado, incluyendo ajustes de color, desarrollo de efectos de brillo, dise\u00f1o de botellas e impresi\u00f3n de logotipos, ayudando a los clientes a crear marcas distintivas.<\/li>\n\n\n\n<li><strong>Precios al por mayor directos de f\u00e1brica<\/strong>: Como fabricante directo, poseemos una capacidad de producci\u00f3n estable y una cadena de suministro madura, lo que nos permite ofrecer a los clientes precios al por mayor de f\u00e1brica m\u00e1s competitivos y reducir los costes de adquisici\u00f3n.<\/li>\n\n\n\n<li><strong>Adecuado para ventas y promociones multicanal: <\/strong>Custom Disco Diamond Gel es ideal para la creaci\u00f3n de marcas, plataformas de comercio electr\u00f3nico, promociones virales en redes sociales y su uso en salones de manicura, lo que demuestra un fuerte potencial de crecimiento del mercado.<\/li>\n<\/ul>\n<\/div>\n\n\n\n<div class=\"wp-block-column is-layout-flow wp-block-column-is-layout-flow\">\n<figure class=\"wp-block-image size-full\"><img decoding=\"async\" width=\"1500\" height=\"1500\" src=\"https:\/\/www.fsyougel.com\/wp-content\/uploads\/2026\/03\/Custom-Disco-Diamond-Gel-for-Nail-Art-11.webp\" alt=\"Disco Diamond Gel Personalizado para Nail Art (11)\" class=\"wp-image-1748\" srcset=\"https:\/\/www.fsyougel.com\/wp-content\/uploads\/2026\/03\/Custom-Disco-Diamond-Gel-for-Nail-Art-11.webp 1500w, https:\/\/www.fsyougel.com\/wp-content\/uploads\/2026\/03\/Custom-Disco-Diamond-Gel-for-Nail-Art-11-300x300.webp 300w, https:\/\/www.fsyougel.com\/wp-content\/uploads\/2026\/03\/Custom-Disco-Diamond-Gel-for-Nail-Art-11-150x150.webp 150w, https:\/\/www.fsyougel.com\/wp-content\/uploads\/2026\/03\/Custom-Disco-Diamond-Gel-for-Nail-Art-11-768x768.webp 768w, https:\/\/www.fsyougel.com\/wp-content\/uploads\/2026\/03\/Custom-Disco-Diamond-Gel-for-Nail-Art-11-12x12.webp 12w, https:\/\/www.fsyougel.com\/wp-content\/uploads\/2026\/03\/Custom-Disco-Diamond-Gel-for-Nail-Art-11-1200x1200.webp 1200w, https:\/\/www.fsyougel.com\/wp-content\/uploads\/2026\/03\/Custom-Disco-Diamond-Gel-for-Nail-Art-11-600x600.webp 600w, https:\/\/www.fsyougel.com\/wp-content\/uploads\/2026\/03\/Custom-Disco-Diamond-Gel-for-Nail-Art-11-100x100.webp 100w\" sizes=\"(max-width: 1500px) 100vw, 1500px\" \/><\/figure>\n<\/div>\n<\/div>\n\n\n\n<div class=\"wp-block-columns is-layout-flex wp-container-core-columns-is-layout-9d6595d7 wp-block-columns-is-layout-flex\">\n<div class=\"wp-block-column is-layout-flow wp-block-column-is-layout-flow\">\n<figure class=\"wp-block-image size-full\"><img decoding=\"async\" width=\"1500\" height=\"992\" src=\"https:\/\/www.fsyougel.com\/wp-content\/uploads\/2026\/03\/Custom-Disco-Diamond-Gel-for-Nail-Art-1.webp\" alt=\"Disco Diamond Gel Personalizado para Nail Art (1)\" class=\"wp-image-1738\" srcset=\"https:\/\/www.fsyougel.com\/wp-content\/uploads\/2026\/03\/Custom-Disco-Diamond-Gel-for-Nail-Art-1.webp 1500w, https:\/\/www.fsyougel.com\/wp-content\/uploads\/2026\/03\/Custom-Disco-Diamond-Gel-for-Nail-Art-1-300x198.webp 300w, https:\/\/www.fsyougel.com\/wp-content\/uploads\/2026\/03\/Custom-Disco-Diamond-Gel-for-Nail-Art-1-768x508.webp 768w, https:\/\/www.fsyougel.com\/wp-content\/uploads\/2026\/03\/Custom-Disco-Diamond-Gel-for-Nail-Art-1-18x12.webp 18w, https:\/\/www.fsyougel.com\/wp-content\/uploads\/2026\/03\/Custom-Disco-Diamond-Gel-for-Nail-Art-1-1200x794.webp 1200w, https:\/\/www.fsyougel.com\/wp-content\/uploads\/2026\/03\/Custom-Disco-Diamond-Gel-for-Nail-Art-1-600x397.webp 600w\" sizes=\"(max-width: 1500px) 100vw, 1500px\" \/><\/figure>\n<\/div>\n<\/div>\n\n\n\n<p><\/p>","protected":false},"excerpt":{"rendered":"<p data-start=\"398\" data-end=\"682\">Bienvenido a comprar nuestro gel de diamante de discoteca personalizado con fuerte efecto de brillo reflectante y f\u00f3rmula sin TPO. Precios al por mayor directos de f\u00e1brica, muestras gratuitas y personalizaci\u00f3n de etiqueta privada para marcas de u\u00f1as.<\/p>\n<table border=\"0\" width=\"854\" cellspacing=\"0\" cellpadding=\"0\">\n<tbody>\n<tr>\n<td class=\"et3\" width=\"257\" height=\"44\">Marca<\/td>\n<td class=\"et3\" width=\"597\">YouGel<\/td>\n<\/tr>\n<tr>\n<td class=\"et4\" width=\"257\" height=\"44\">N\u00famero de modelo<\/td>\n<td class=\"et4\" width=\"597\">DG01<\/td>\n<\/tr>\n<tr>\n<td class=\"et4\" width=\"257\" height=\"44\">Tipo de producto<\/td>\n<td class=\"et4\" width=\"597\">Esmalte en gel UV\/LED remojable<\/td>\n<\/tr>\n<tr>\n<td class=\"et4\" width=\"257\" height=\"44\">Material<\/td>\n<td class=\"et4\" width=\"597\">Resina<\/td>\n<\/tr>\n<tr>\n<td class=\"et4\" width=\"257\" height=\"44\">Color<\/td>\n<td class=\"et4\" width=\"597\">29 Colores<\/td>\n<\/tr>\n<tr>\n<td class=\"et4\" width=\"257\" height=\"44\">Volumen<\/td>\n<td class=\"et4\" width=\"597\">15 ml<\/td>\n<\/tr>\n<tr>\n<td class=\"et4\" width=\"257\" height=\"44\">Seguridad<\/td>\n<td class=\"et4\" width=\"597\">Sin HEMA, sin TPO, no t\u00f3xico, MSDS disponible<\/td>\n<\/tr>\n<tr>\n<td class=\"et4\" width=\"257\" height=\"44\">MOQ<\/td>\n<td class=\"et4\" width=\"597\">MOQ bajo<\/td>\n<\/tr>\n<tr>\n<td class=\"et4\" width=\"257\" height=\"44\">Muestra gratuita<\/td>\n<td class=\"et4\" width=\"597\">Disponible<\/td>\n<\/tr>\n<tr>\n<td class=\"et4\" width=\"257\" height=\"82\">Opci\u00f3n personalizada<\/td>\n<td class=\"et4\" width=\"597\">Servicios OEM\/ODM, logotipos, etiquetas y embalajes personalizados<\/td>\n<\/tr>\n<\/tbody>\n<\/table>\n<h2 class=\"brxe-heading\">Del fabricante del esmalte en gel<\/h2>\n<p><a href=\"https:\/\/www.fsyougel.com\/es\/\"><strong>YouGel<\/strong><\/a> es un fabricante de esmaltes de gel de confianza que ofrece bases de gel de alta calidad adecuadas para u\u00f1as UV\/LED. Nuestros productos est\u00e1n dise\u00f1ados para garantizar una aplicaci\u00f3n suave, una larga duraci\u00f3n y un f\u00e1cil secado.<\/p>","protected":false},"featured_media":1741,"comment_status":"closed","ping_status":"closed","template":"","meta":{"_acf_changed":false},"product_brand":[],"product_cat":[19],"product_tag":[],"class_list":{"0":"post-1737","1":"product","2":"type-product","3":"status-publish","4":"has-post-thumbnail","6":"product_cat-gel-polish-color-wholesale","8":"first","9":"instock","10":"shipping-taxable","11":"product-type-simple"},"acf":[],"_links":{"self":[{"href":"https:\/\/www.fsyougel.com\/es\/wp-json\/wp\/v2\/product\/1737","targetHints":{"allow":["GET"]}}],"collection":[{"href":"https:\/\/www.fsyougel.com\/es\/wp-json\/wp\/v2\/product"}],"about":[{"href":"https:\/\/www.fsyougel.com\/es\/wp-json\/wp\/v2\/types\/product"}],"replies":[{"embeddable":true,"href":"https:\/\/www.fsyougel.com\/es\/wp-json\/wp\/v2\/comments?post=1737"}],"wp:featuredmedia":[{"embeddable":true,"href":"https:\/\/www.fsyougel.com\/es\/wp-json\/wp\/v2\/media\/1741"}],"wp:attachment":[{"href":"https:\/\/www.fsyougel.com\/es\/wp-json\/wp\/v2\/media?parent=1737"}],"wp:term":[{"taxonomy":"product_brand","embeddable":true,"href":"https:\/\/www.fsyougel.com\/es\/wp-json\/wp\/v2\/product_brand?post=1737"},{"taxonomy":"product_cat","embeddable":true,"href":"https:\/\/www.fsyougel.com\/es\/wp-json\/wp\/v2\/product_cat?post=1737"},{"taxonomy":"product_tag","embeddable":true,"href":"https:\/\/www.fsyougel.com\/es\/wp-json\/wp\/v2\/product_tag?post=1737"}],"curies":[{"name":"wp","href":"https:\/\/api.w.org\/{rel}","templated":true}]}}