{"id":1887,"date":"2026-04-26T03:45:39","date_gmt":"2026-04-26T03:45:39","guid":{"rendered":"https:\/\/www.fsyougel.com\/?post_type=product&#038;p=1887"},"modified":"2026-04-26T04:03:53","modified_gmt":"2026-04-26T04:03:53","slug":"oem-8d-galaxy-cat-eyes-gel-polish-factory","status":"publish","type":"product","link":"https:\/\/www.fsyougel.com\/es\/producto\/oem-8d-galaxy-cat-eyes-gel-polish-factory\/","title":{"rendered":"OEM 8D Galaxy Cat Eyes Gel Polish Factory Wholesale Cat Eyes Magnetic Nail Gel Polish Set"},"content":{"rendered":"<div class=\"wp-block-columns is-layout-flex wp-container-core-columns-is-layout-9d6595d7 wp-block-columns-is-layout-flex\">\n<div class=\"wp-block-column is-layout-flow wp-block-column-is-layout-flow\">\n<h2 class=\"wp-block-heading\">Wholesale 8D Galaxy Cat Eyes Gel Polish Features:<\/h2>\n\n\n\n<ul class=\"wp-block-list\">\n<li><strong>8D Galaxy Cat-Eye Effect with Stunning Visual Impact: <\/strong>Our 8D Galaxy Cat-Eye Gel Polish Factory products utilize high-density magnetic particles to create 8D effects such as three-dimensional galaxies and shimmering light transitions, making them highly appealing and ideal for creating best-selling products.<\/li>\n\n\n\n<li><strong>Strong Magnetic Coloration for Effortless Styling: <\/strong>Under the influence of a magnet, this 8D Galaxy Cat Eyes Gel Polish series forms crisp cat-eye lines and dynamic light-and-shadow effects, meeting diverse nail art design needs.<\/li>\n\n\n\n<li><strong>Smooth, Fine Texture for Simpler Application: <\/strong>The gel has a uniform, fine texture with excellent self-leveling properties. It applies smoothly without clumping, helping nail technicians improve efficiency and achieve superior results.<\/li>\n\n\n\n<li><strong>Stable Curing Under UV\/LED Lamps:<\/strong> Compatible with both UV and LED lamps for rapid curing, it offers strong adhesion and resists fading or cracking, ensuring a long-lasting, glossy finish.<\/li>\n\n\n\n<li><strong>OEM Customization Support for Brand Differentiation: <\/strong>As a professional 8D Galaxy Cat Eyes Gel Polish manufacturer, we provide OEM services including color development, packaging design, and logo printing to help brands launch quickly.<\/li>\n\n\n\n<li><strong>Factory-direct Wholesale Pricing Advantage<\/strong>: With mature production lines and stable supply capabilities, we offer competitive wholesale prices for 8D Galaxy Cat Eyes Gel Polish, helping customers reduce procurement costs.<\/li>\n<\/ul>\n<\/div>\n\n\n\n<div class=\"wp-block-column is-layout-flow wp-block-column-is-layout-flow\">\n<figure class=\"wp-block-image size-full\"><img decoding=\"async\" width=\"1500\" height=\"1500\" src=\"https:\/\/www.fsyougel.com\/wp-content\/uploads\/2026\/04\/OEM-8D-Galaxy-Cat-Eyes-Gel-Polish-Factory-1.webp\" alt=\"OEM 8D Galaxy Cat Eyes Gel Polish Factory (1)\" class=\"wp-image-1888\" srcset=\"https:\/\/www.fsyougel.com\/wp-content\/uploads\/2026\/04\/OEM-8D-Galaxy-Cat-Eyes-Gel-Polish-Factory-1.webp 1500w, https:\/\/www.fsyougel.com\/wp-content\/uploads\/2026\/04\/OEM-8D-Galaxy-Cat-Eyes-Gel-Polish-Factory-1-300x300.webp 300w, https:\/\/www.fsyougel.com\/wp-content\/uploads\/2026\/04\/OEM-8D-Galaxy-Cat-Eyes-Gel-Polish-Factory-1-150x150.webp 150w, https:\/\/www.fsyougel.com\/wp-content\/uploads\/2026\/04\/OEM-8D-Galaxy-Cat-Eyes-Gel-Polish-Factory-1-768x768.webp 768w, https:\/\/www.fsyougel.com\/wp-content\/uploads\/2026\/04\/OEM-8D-Galaxy-Cat-Eyes-Gel-Polish-Factory-1-12x12.webp 12w, https:\/\/www.fsyougel.com\/wp-content\/uploads\/2026\/04\/OEM-8D-Galaxy-Cat-Eyes-Gel-Polish-Factory-1-1200x1200.webp 1200w, https:\/\/www.fsyougel.com\/wp-content\/uploads\/2026\/04\/OEM-8D-Galaxy-Cat-Eyes-Gel-Polish-Factory-1-600x600.webp 600w, https:\/\/www.fsyougel.com\/wp-content\/uploads\/2026\/04\/OEM-8D-Galaxy-Cat-Eyes-Gel-Polish-Factory-1-100x100.webp 100w\" sizes=\"(max-width: 1500px) 100vw, 1500px\" \/><\/figure>\n<\/div>\n<\/div>\n\n\n\n<div class=\"wp-block-columns is-layout-flex wp-container-core-columns-is-layout-9d6595d7 wp-block-columns-is-layout-flex\">\n<div class=\"wp-block-column is-layout-flow wp-block-column-is-layout-flow\">\n<figure class=\"wp-block-image size-full\"><img decoding=\"async\" width=\"1500\" height=\"1500\" src=\"https:\/\/www.fsyougel.com\/wp-content\/uploads\/2026\/04\/OEM-8D-Galaxy-Cat-Eyes-Gel-Polish-Factory-6.webp\" alt=\"OEM 8D Galaxy Cat Eyes Gel Polish Factory (6)\" class=\"wp-image-1893\" srcset=\"https:\/\/www.fsyougel.com\/wp-content\/uploads\/2026\/04\/OEM-8D-Galaxy-Cat-Eyes-Gel-Polish-Factory-6.webp 1500w, https:\/\/www.fsyougel.com\/wp-content\/uploads\/2026\/04\/OEM-8D-Galaxy-Cat-Eyes-Gel-Polish-Factory-6-300x300.webp 300w, https:\/\/www.fsyougel.com\/wp-content\/uploads\/2026\/04\/OEM-8D-Galaxy-Cat-Eyes-Gel-Polish-Factory-6-150x150.webp 150w, https:\/\/www.fsyougel.com\/wp-content\/uploads\/2026\/04\/OEM-8D-Galaxy-Cat-Eyes-Gel-Polish-Factory-6-768x768.webp 768w, https:\/\/www.fsyougel.com\/wp-content\/uploads\/2026\/04\/OEM-8D-Galaxy-Cat-Eyes-Gel-Polish-Factory-6-12x12.webp 12w, https:\/\/www.fsyougel.com\/wp-content\/uploads\/2026\/04\/OEM-8D-Galaxy-Cat-Eyes-Gel-Polish-Factory-6-1200x1200.webp 1200w, https:\/\/www.fsyougel.com\/wp-content\/uploads\/2026\/04\/OEM-8D-Galaxy-Cat-Eyes-Gel-Polish-Factory-6-600x600.webp 600w, https:\/\/www.fsyougel.com\/wp-content\/uploads\/2026\/04\/OEM-8D-Galaxy-Cat-Eyes-Gel-Polish-Factory-6-100x100.webp 100w\" sizes=\"(max-width: 1500px) 100vw, 1500px\" \/><\/figure>\n<\/div>\n\n\n\n<div class=\"wp-block-column is-layout-flow wp-block-column-is-layout-flow\">\n<figure class=\"wp-block-image size-full\"><img decoding=\"async\" width=\"1500\" height=\"1500\" src=\"https:\/\/www.fsyougel.com\/wp-content\/uploads\/2026\/04\/OEM-8D-Galaxy-Cat-Eyes-Gel-Polish-Factory-2.webp\" alt=\"OEM 8D Galaxy Cat Eyes Gel Polish Factory (2)\" class=\"wp-image-1889\" srcset=\"https:\/\/www.fsyougel.com\/wp-content\/uploads\/2026\/04\/OEM-8D-Galaxy-Cat-Eyes-Gel-Polish-Factory-2.webp 1500w, https:\/\/www.fsyougel.com\/wp-content\/uploads\/2026\/04\/OEM-8D-Galaxy-Cat-Eyes-Gel-Polish-Factory-2-300x300.webp 300w, https:\/\/www.fsyougel.com\/wp-content\/uploads\/2026\/04\/OEM-8D-Galaxy-Cat-Eyes-Gel-Polish-Factory-2-150x150.webp 150w, https:\/\/www.fsyougel.com\/wp-content\/uploads\/2026\/04\/OEM-8D-Galaxy-Cat-Eyes-Gel-Polish-Factory-2-768x768.webp 768w, https:\/\/www.fsyougel.com\/wp-content\/uploads\/2026\/04\/OEM-8D-Galaxy-Cat-Eyes-Gel-Polish-Factory-2-12x12.webp 12w, https:\/\/www.fsyougel.com\/wp-content\/uploads\/2026\/04\/OEM-8D-Galaxy-Cat-Eyes-Gel-Polish-Factory-2-1200x1200.webp 1200w, https:\/\/www.fsyougel.com\/wp-content\/uploads\/2026\/04\/OEM-8D-Galaxy-Cat-Eyes-Gel-Polish-Factory-2-600x600.webp 600w, https:\/\/www.fsyougel.com\/wp-content\/uploads\/2026\/04\/OEM-8D-Galaxy-Cat-Eyes-Gel-Polish-Factory-2-100x100.webp 100w\" sizes=\"(max-width: 1500px) 100vw, 1500px\" \/><\/figure>\n<\/div>\n<\/div>\n\n\n\n<figure class=\"wp-block-image size-full\"><img decoding=\"async\" width=\"1500\" height=\"907\" src=\"https:\/\/www.fsyougel.com\/wp-content\/uploads\/2025\/10\/8D-Chameleon-Cat-Eye-Gel-Polish-Manufacturer.webp\" alt=\"Fabricante de esmalte en gel 8D Chameleon Cat Eye\" class=\"wp-image-1303\" srcset=\"https:\/\/www.fsyougel.com\/wp-content\/uploads\/2025\/10\/8D-Chameleon-Cat-Eye-Gel-Polish-Manufacturer.webp 1500w, https:\/\/www.fsyougel.com\/wp-content\/uploads\/2025\/10\/8D-Chameleon-Cat-Eye-Gel-Polish-Manufacturer-300x181.webp 300w, https:\/\/www.fsyougel.com\/wp-content\/uploads\/2025\/10\/8D-Chameleon-Cat-Eye-Gel-Polish-Manufacturer-768x464.webp 768w, https:\/\/www.fsyougel.com\/wp-content\/uploads\/2025\/10\/8D-Chameleon-Cat-Eye-Gel-Polish-Manufacturer-18x12.webp 18w, https:\/\/www.fsyougel.com\/wp-content\/uploads\/2025\/10\/8D-Chameleon-Cat-Eye-Gel-Polish-Manufacturer-1200x726.webp 1200w, https:\/\/www.fsyougel.com\/wp-content\/uploads\/2025\/10\/8D-Chameleon-Cat-Eye-Gel-Polish-Manufacturer-600x363.webp 600w\" sizes=\"(max-width: 1500px) 100vw, 1500px\" \/><\/figure>","protected":false},"excerpt":{"rendered":"<p data-start=\"398\" data-end=\"682\">Welcome to purchase our 8D galaxy cat eyes gel polish factory products featuring 8D magnetic effects and galaxy shine. Factory-direct wholesale prices, free samples, and OEM customization for nail brands.<\/p>\n<table border=\"0\" width=\"854\" cellspacing=\"0\" cellpadding=\"0\">\n<tbody>\n<tr>\n<td class=\"et3\" width=\"257\" height=\"44\">Marca<\/td>\n<td class=\"et3\" width=\"597\">YouGel<\/td>\n<\/tr>\n<tr>\n<td class=\"et4\" width=\"257\" height=\"44\">N\u00famero de modelo<\/td>\n<td class=\"et4\" width=\"597\">8DCG01<\/td>\n<\/tr>\n<tr>\n<td class=\"et4\" width=\"257\" height=\"44\">Tipo de producto<\/td>\n<td class=\"et4\" width=\"597\">Esmalte en gel UV\/LED remojable<\/td>\n<\/tr>\n<tr>\n<td class=\"et4\" width=\"257\" height=\"44\">Material<\/td>\n<td class=\"et4\" width=\"597\">Resina<\/td>\n<\/tr>\n<tr>\n<td class=\"et4\" width=\"257\" height=\"44\">Color<\/td>\n<td class=\"et4\" width=\"597\">6 colores<\/td>\n<\/tr>\n<tr>\n<td class=\"et4\" width=\"257\" height=\"44\">Volumen<\/td>\n<td class=\"et4\" width=\"597\">8 ml<\/td>\n<\/tr>\n<tr>\n<td class=\"et4\" width=\"257\" height=\"44\">Seguridad<\/td>\n<td class=\"et4\" width=\"597\">Sin HEMA, sin TPO, no t\u00f3xico, MSDS disponible<\/td>\n<\/tr>\n<tr>\n<td class=\"et4\" width=\"257\" height=\"44\">MOQ<\/td>\n<td class=\"et4\" width=\"597\">MOQ bajo<\/td>\n<\/tr>\n<tr>\n<td class=\"et4\" width=\"257\" height=\"44\">Muestra gratuita<\/td>\n<td class=\"et4\" width=\"597\">Disponible<\/td>\n<\/tr>\n<tr>\n<td class=\"et4\" width=\"257\" height=\"82\">Opci\u00f3n personalizada<\/td>\n<td class=\"et4\" width=\"597\">Servicios OEM\/ODM, logotipos, etiquetas y embalajes personalizados<\/td>\n<\/tr>\n<\/tbody>\n<\/table>\n<h2 class=\"brxe-heading\">Del fabricante del esmalte en gel<\/h2>\n<p><a href=\"https:\/\/www.fsyougel.com\/es\/\"><strong>YouGel<\/strong><\/a> es un fabricante de esmaltes de gel de confianza que ofrece bases de gel de alta calidad adecuadas para u\u00f1as UV\/LED. Nuestros productos est\u00e1n dise\u00f1ados para garantizar una aplicaci\u00f3n suave, una larga duraci\u00f3n y un f\u00e1cil secado.<\/p>","protected":false},"featured_media":1894,"comment_status":"closed","ping_status":"closed","template":"","meta":{"_acf_changed":false},"product_brand":[],"product_cat":[19,28],"product_tag":[],"class_list":{"0":"post-1887","1":"product","2":"type-product","3":"status-publish","4":"has-post-thumbnail","6":"product_cat-gel-polish-color-wholesale","7":"product_cat-cat-eye-gel-supplier","9":"first","10":"instock","11":"shipping-taxable","12":"product-type-simple"},"acf":[],"_links":{"self":[{"href":"https:\/\/www.fsyougel.com\/es\/wp-json\/wp\/v2\/product\/1887","targetHints":{"allow":["GET"]}}],"collection":[{"href":"https:\/\/www.fsyougel.com\/es\/wp-json\/wp\/v2\/product"}],"about":[{"href":"https:\/\/www.fsyougel.com\/es\/wp-json\/wp\/v2\/types\/product"}],"replies":[{"embeddable":true,"href":"https:\/\/www.fsyougel.com\/es\/wp-json\/wp\/v2\/comments?post=1887"}],"wp:featuredmedia":[{"embeddable":true,"href":"https:\/\/www.fsyougel.com\/es\/wp-json\/wp\/v2\/media\/1894"}],"wp:attachment":[{"href":"https:\/\/www.fsyougel.com\/es\/wp-json\/wp\/v2\/media?parent=1887"}],"wp:term":[{"taxonomy":"product_brand","embeddable":true,"href":"https:\/\/www.fsyougel.com\/es\/wp-json\/wp\/v2\/product_brand?post=1887"},{"taxonomy":"product_cat","embeddable":true,"href":"https:\/\/www.fsyougel.com\/es\/wp-json\/wp\/v2\/product_cat?post=1887"},{"taxonomy":"product_tag","embeddable":true,"href":"https:\/\/www.fsyougel.com\/es\/wp-json\/wp\/v2\/product_tag?post=1887"}],"curies":[{"name":"wp","href":"https:\/\/api.w.org\/{rel}","templated":true}]}}